{"id":1002,"date":"2016-04-23T16:19:39","date_gmt":"2016-04-23T14:19:39","guid":{"rendered":"http:\/\/guidelaval.fr\/eva\/?page_id=1002"},"modified":"2016-04-23T16:19:39","modified_gmt":"2016-04-23T14:19:39","slug":"contacter-festiguide53","status":"publish","type":"page","link":"http:\/\/guidelaval.fr\/eva\/contacter-festiguide53\/","title":{"rendered":"Contacter Festiguide53"},"content":{"rendered":"<p>&nbsp;<\/p>\n[contact-form-7 id=\u00a0\u00bb796&Prime; title=\u00a0\u00bbContacter\u00a0 festiguide\u00a0\u00bb]\n","protected":false},"excerpt":{"rendered":"<p>&nbsp; [contact-form-7 id=\u00a0\u00bb796&Prime; title=\u00a0\u00bbContacter\u00a0 festiguide\u00a0\u00bb]<\/p>\n","protected":false},"author":1,"featured_media":0,"parent":0,"menu_order":0,"comment_status":"closed","ping_status":"closed","template":"","meta":{"kt_blocks_editor_width":"","jetpack_post_was_ever_published":false},"jetpack_sharing_enabled":true,"jetpack_shortlink":"https:\/\/wp.me\/P7cFdd-ga","jetpack-related-posts":[{"id":512,"url":"http:\/\/guidelaval.fr\/eva\/page-invitation\/","url_meta":{"origin":1002,"position":0},"title":"Page-Invitation","date":"17 novembre 2015","format":false,"excerpt":"Demande d'envoi d'une invitation aux membres des associations adh\u00e9rentes \u00e0 festiguide53 [contact-form-7 id=\"798\" title=\"Contact-invitation\"]","rel":"","context":"Article similaire","img":{"alt_text":"","src":"","width":0,"height":0},"classes":[]},{"id":140,"url":"http:\/\/guidelaval.fr\/eva\/page-contact\/","url_meta":{"origin":1002,"position":1},"title":"page-cr\u00e9ation-\u00e9v\u00e8nement","date":"27 octobre 2015","format":false,"excerpt":"Formulaire de d\u00e9claration d'un \u00e9v\u00e8nement organis\u00e9 par un club membre de Festiguide53 [contact-form-7 id=\"1013\" title=\"Contact-cr\u00e9ation-evenement\"]","rel":"","context":"Article similaire","img":{"alt_text":"","src":"","width":0,"height":0},"classes":[]},{"id":1014,"url":"http:\/\/guidelaval.fr\/eva\/essai-creation-evenement\/","url_meta":{"origin":1002,"position":2},"title":"essai cr\u00e9ation-\u00e9v\u00e8nement","date":"25 avril 2016","format":false,"excerpt":"[contact-form-7 id=\"1013\" title=\"Contact-cr\u00e9ation-evenement\"]","rel":"","context":"Article similaire","img":{"alt_text":"","src":"","width":0,"height":0},"classes":[]},{"id":979,"url":"http:\/\/guidelaval.fr\/eva\/modifier-supprimer-un-evenement\/","url_meta":{"origin":1002,"position":3},"title":"Modifier Supprimer un \u00e9v\u00e8nement","date":"20 avril 2016","format":false,"excerpt":"Vous pouvez modifier ou supprimer un \u00e9v\u00e8nement positionn\u00e9 sur le calendrier par un membre de votre association [contact-form-7 id=\"984\" title=\"Modifie-supprime \u00e9v\u00e8nement\"]","rel":"","context":"Article similaire","img":{"alt_text":"","src":"","width":0,"height":0},"classes":[]},{"id":1029,"url":"http:\/\/guidelaval.fr\/eva\/nouvelle-creation\/","url_meta":{"origin":1002,"position":4},"title":"nouvelle cr\u00e9ation","date":"26 avril 2016","format":false,"excerpt":"De : lE GRAND Sujet : nouvelle cr\u00e9ation Corps du message : nouvelle cr\u00e9ation \u00c9v\u00e8nement positionn\u00e9 le : 25\/04\/2016 19h 27mn Par le Club : Lions Club Guy de Laval essai de la nouvelle formule date d\u00e9but:25\/04\/2016 date-fin :25\/04\/2016 Cet email a \u00e9t\u00e9 envoy\u00e9 via le formulaire de contact de\u2026","rel":"","context":"Dans &quot;Non class\u00e9&quot;","img":{"alt_text":"","src":"","width":0,"height":0},"classes":[]},{"id":1033,"url":"http:\/\/guidelaval.fr\/eva\/nouvelle-creation-2\/","url_meta":{"origin":1002,"position":5},"title":"nouvelle cr\u00e9ation","date":"26 avril 2016","format":false,"excerpt":"De : lE GRAND Sujet : nouvelle cr\u00e9ation Corps du message : nouvelle cr\u00e9ation \u00c9v\u00e8nement positionn\u00e9 le : 25\/04\/2016 19h 27mn Par le Club : Lions Club Guy de Laval essai de la nouvelle formule Ci-dessous lien vers le carton d'invitation date d\u00e9but:25\/04\/2016 date-fin :25\/04\/2016 Cet email a \u00e9t\u00e9 envoy\u00e9\u2026","rel":"","context":"Dans &quot;Non class\u00e9&quot;","img":{"alt_text":"","src":"","width":0,"height":0},"classes":[]}],"_links":{"self":[{"href":"http:\/\/guidelaval.fr\/eva\/wp-json\/wp\/v2\/pages\/1002"}],"collection":[{"href":"http:\/\/guidelaval.fr\/eva\/wp-json\/wp\/v2\/pages"}],"about":[{"href":"http:\/\/guidelaval.fr\/eva\/wp-json\/wp\/v2\/types\/page"}],"author":[{"embeddable":true,"href":"http:\/\/guidelaval.fr\/eva\/wp-json\/wp\/v2\/users\/1"}],"replies":[{"embeddable":true,"href":"http:\/\/guidelaval.fr\/eva\/wp-json\/wp\/v2\/comments?post=1002"}],"version-history":[{"count":1,"href":"http:\/\/guidelaval.fr\/eva\/wp-json\/wp\/v2\/pages\/1002\/revisions"}],"predecessor-version":[{"id":1003,"href":"http:\/\/guidelaval.fr\/eva\/wp-json\/wp\/v2\/pages\/1002\/revisions\/1003"}],"wp:attachment":[{"href":"http:\/\/guidelaval.fr\/eva\/wp-json\/wp\/v2\/media?parent=1002"}],"curies":[{"name":"wp","href":"https:\/\/api.w.org\/{rel}","templated":true}]}}