{"id":1040,"date":"2016-04-28T22:37:59","date_gmt":"2016-04-28T20:37:59","guid":{"rendered":"http:\/\/guidelaval.fr\/eva\/?p=1040"},"modified":"2016-04-29T08:02:23","modified_gmt":"2016-04-29T06:02:23","slug":"nouvelle-creation-3","status":"publish","type":"page","link":"http:\/\/guidelaval.fr\/eva\/nouvelle-creation-3\/","title":{"rendered":"nouvelle cr\u00e9ation"},"content":{"rendered":"<p>De : LE GRAND  Sujet : nouvelle cr\u00e9ation Corps du message : nouvelle cr\u00e9ation \u00c9v\u00e8nement positionn\u00e9 le : 25\/04\/2016 19h 27mn Par le Club : Lions Club Guy de Laval essai de la nouvelle formule Jeudi soir 22h37 le seul fichier joint est un fichier pdf  date d\u00e9but:25\/04\/2016 date-fin :25\/04\/2016   <a href=\"http:\/\/guidelaval.fr\/eva\/wp-content\/uploads\/2016\/04\/festiguide53-ovale-2.pdf\"><img src='https:\/\/i0.wp.com\/guidelaval.fr\/eva\/wp-content\/plugins\/postie\/icons\/silver\/pdf-48.png?w=1140' alt='pdf icon' data-recalc-dims=\"1\" \/> festiguide53-ovale.pdf<\/a><\/p>\n","protected":false},"excerpt":{"rendered":"<p>De : LE GRAND Sujet : nouvelle cr\u00e9ation Corps du message : nouvelle cr\u00e9ation \u00c9v\u00e8nement positionn\u00e9 le : 25\/04\/2016 19h 27mn Par le Club : Lions Club Guy de Laval essai de la nouvelle formule Jeudi soir 22h37 le seul &hellip; <a href=\"http:\/\/guidelaval.fr\/eva\/nouvelle-creation-3\/\">Lire la suite\u00ad\u00ad<\/a><\/p>\n","protected":false},"author":6,"featured_media":0,"parent":0,"menu_order":0,"comment_status":"closed","ping_status":"closed","template":"","meta":{"kt_blocks_editor_width":"","jetpack_post_was_ever_published":false},"jetpack_sharing_enabled":true,"jetpack_shortlink":"https:\/\/wp.me\/P7cFdd-gM","jetpack-related-posts":[{"id":1044,"url":"http:\/\/guidelaval.fr\/eva\/nouvelle-creation-4\/","url_meta":{"origin":1040,"position":0},"title":"nouvelle cr\u00e9ation","date":"1 mai 2016","format":false,"excerpt":"De : lE GRAND Sujet : nouvelle cr\u00e9ation Corps du message : j'ai tout vid\u00e9 mais je rajoute une image avec ovale et un lien vers un fichier pdf avec \u00e9galement un ovale date d\u00e9but:25\/04\/2016 date-fin :25\/04\/2016 festiguide53-ovale.pdf","rel":"","context":"Dans &quot;Non class\u00e9&quot;","img":{"alt_text":"","src":"","width":0,"height":0},"classes":[]},{"id":1066,"url":"http:\/\/guidelaval.fr\/eva\/nouvelle-creation-7\/","url_meta":{"origin":1040,"position":1},"title":"nouvelle cr\u00e9ation","date":"2 mai 2016","format":false,"excerpt":"De : lE GRAND Nom de l'\u00e9v\u00e8nement : nouvelle cr\u00e9ation date-d\u00e9but:25\/04\/2016 date-fin :25\/04\/2016 Corps du message : nouvelle cr\u00e9ation \u00c9v\u00e8nement positionn\u00e9 le : 25\/04\/2016 19h 27mn Par le Club : Lions Club Guy de Laval essai de la nouvelle formule","rel":"","context":"Dans &quot;Non class\u00e9&quot;","img":{"alt_text":"","src":"","width":0,"height":0},"classes":[]},{"id":1048,"url":"http:\/\/guidelaval.fr\/eva\/nouvelle-creation-5\/","url_meta":{"origin":1040,"position":2},"title":"nouvelle cr\u00e9ation","date":"2 mai 2016","format":false,"excerpt":"De : lE GRAND Sujet : nouvelle cr\u00e9ation Corps du message : nouvelle cr\u00e9ation \u00c9v\u00e8nement positionn\u00e9 le : 25\/04\/2016 19h 27mn Par le Club : Lions Club Guy de Laval essai de la nouvelle formule je tente de comprendre date d\u00e9but:25\/04\/2016 date-fin :25\/04\/2016","rel":"","context":"Dans &quot;Non class\u00e9&quot;","img":{"alt_text":"","src":"","width":0,"height":0},"classes":[]},{"id":1050,"url":"http:\/\/guidelaval.fr\/eva\/nouvelle-creation-6\/","url_meta":{"origin":1040,"position":3},"title":"nouvelle cr\u00e9ation","date":"2 mai 2016","format":false,"excerpt":"De : lE GRAND Sujet : nouvelle cr\u00e9ation Corps du message : nouvelle cr\u00e9ation \u00c9v\u00e8nement positionn\u00e9 le : 25\/04\/2016 19h 27mn Par le Club : Lions Club Guy de Laval essai de la nouvelle formule je ne cmprends rien date d\u00e9but:25\/04\/2016 date-fin :25\/04\/2016","rel":"","context":"Dans &quot;Non class\u00e9&quot;","img":{"alt_text":"","src":"","width":0,"height":0},"classes":[]},{"id":1029,"url":"http:\/\/guidelaval.fr\/eva\/nouvelle-creation\/","url_meta":{"origin":1040,"position":4},"title":"nouvelle cr\u00e9ation","date":"26 avril 2016","format":false,"excerpt":"De : lE GRAND Sujet : nouvelle cr\u00e9ation Corps du message : nouvelle cr\u00e9ation \u00c9v\u00e8nement positionn\u00e9 le : 25\/04\/2016 19h 27mn Par le Club : Lions Club Guy de Laval essai de la nouvelle formule date d\u00e9but:25\/04\/2016 date-fin :25\/04\/2016 Cet email a \u00e9t\u00e9 envoy\u00e9 via le formulaire de contact de\u2026","rel":"","context":"Dans &quot;Non class\u00e9&quot;","img":{"alt_text":"","src":"","width":0,"height":0},"classes":[]},{"id":1033,"url":"http:\/\/guidelaval.fr\/eva\/nouvelle-creation-2\/","url_meta":{"origin":1040,"position":5},"title":"nouvelle cr\u00e9ation","date":"26 avril 2016","format":false,"excerpt":"De : lE GRAND Sujet : nouvelle cr\u00e9ation Corps du message : nouvelle cr\u00e9ation \u00c9v\u00e8nement positionn\u00e9 le : 25\/04\/2016 19h 27mn Par le Club : Lions Club Guy de Laval essai de la nouvelle formule Ci-dessous lien vers le carton d'invitation date d\u00e9but:25\/04\/2016 date-fin :25\/04\/2016 Cet email a \u00e9t\u00e9 envoy\u00e9\u2026","rel":"","context":"Dans &quot;Non class\u00e9&quot;","img":{"alt_text":"","src":"","width":0,"height":0},"classes":[]}],"_links":{"self":[{"href":"http:\/\/guidelaval.fr\/eva\/wp-json\/wp\/v2\/pages\/1040"}],"collection":[{"href":"http:\/\/guidelaval.fr\/eva\/wp-json\/wp\/v2\/pages"}],"about":[{"href":"http:\/\/guidelaval.fr\/eva\/wp-json\/wp\/v2\/types\/page"}],"author":[{"embeddable":true,"href":"http:\/\/guidelaval.fr\/eva\/wp-json\/wp\/v2\/users\/6"}],"replies":[{"embeddable":true,"href":"http:\/\/guidelaval.fr\/eva\/wp-json\/wp\/v2\/comments?post=1040"}],"version-history":[{"count":1,"href":"http:\/\/guidelaval.fr\/eva\/wp-json\/wp\/v2\/pages\/1040\/revisions"}],"predecessor-version":[{"id":1042,"href":"http:\/\/guidelaval.fr\/eva\/wp-json\/wp\/v2\/pages\/1040\/revisions\/1042"}],"wp:attachment":[{"href":"http:\/\/guidelaval.fr\/eva\/wp-json\/wp\/v2\/media?parent=1040"}],"curies":[{"name":"wp","href":"https:\/\/api.w.org\/{rel}","templated":true}]}}