{"id":1048,"date":"2016-05-02T09:46:41","date_gmt":"2016-05-02T07:46:41","guid":{"rendered":"http:\/\/guidelaval.fr\/eva\/?p=1048"},"modified":"2016-05-02T09:51:29","modified_gmt":"2016-05-02T07:51:29","slug":"nouvelle-creation-5","status":"publish","type":"page","link":"http:\/\/guidelaval.fr\/eva\/nouvelle-creation-5\/","title":{"rendered":"nouvelle cr\u00e9ation"},"content":{"rendered":"<p>De : lE GRAND  Sujet : nouvelle cr\u00e9ation Corps du message : nouvelle cr\u00e9ation \u00c9v\u00e8nement positionn\u00e9 le : 25\/04\/2016 19h 27mn Par le Club : Lions Club Guy de Laval essai de la nouvelle formule je tente de comprendre  date d\u00e9but:25\/04\/2016 date-fin :25\/04\/2016   <\/p>\n","protected":false},"excerpt":{"rendered":"<p>De : lE GRAND Sujet : nouvelle cr\u00e9ation Corps du message : nouvelle cr\u00e9ation \u00c9v\u00e8nement positionn\u00e9 le : 25\/04\/2016 19h 27mn Par le Club : Lions Club Guy de Laval essai de la nouvelle formule je tente de comprendre date &hellip; <a href=\"http:\/\/guidelaval.fr\/eva\/nouvelle-creation-5\/\">Lire la suite\u00ad\u00ad<\/a><\/p>\n","protected":false},"author":6,"featured_media":0,"parent":0,"menu_order":0,"comment_status":"closed","ping_status":"closed","template":"","meta":{"kt_blocks_editor_width":"","jetpack_post_was_ever_published":false},"jetpack_sharing_enabled":true,"jetpack_shortlink":"https:\/\/wp.me\/P7cFdd-gU","jetpack-related-posts":[{"id":1066,"url":"http:\/\/guidelaval.fr\/eva\/nouvelle-creation-7\/","url_meta":{"origin":1048,"position":0},"title":"nouvelle cr\u00e9ation","date":"2 mai 2016","format":false,"excerpt":"De : lE GRAND Nom de l'\u00e9v\u00e8nement : nouvelle cr\u00e9ation date-d\u00e9but:25\/04\/2016 date-fin :25\/04\/2016 Corps du message : nouvelle cr\u00e9ation \u00c9v\u00e8nement positionn\u00e9 le : 25\/04\/2016 19h 27mn Par le Club : Lions Club Guy de Laval essai de la nouvelle formule","rel":"","context":"Dans &quot;Non class\u00e9&quot;","img":{"alt_text":"","src":"","width":0,"height":0},"classes":[]},{"id":1050,"url":"http:\/\/guidelaval.fr\/eva\/nouvelle-creation-6\/","url_meta":{"origin":1048,"position":1},"title":"nouvelle cr\u00e9ation","date":"2 mai 2016","format":false,"excerpt":"De : lE GRAND Sujet : nouvelle cr\u00e9ation Corps du message : nouvelle cr\u00e9ation \u00c9v\u00e8nement positionn\u00e9 le : 25\/04\/2016 19h 27mn Par le Club : Lions Club Guy de Laval essai de la nouvelle formule je ne cmprends rien date d\u00e9but:25\/04\/2016 date-fin :25\/04\/2016","rel":"","context":"Dans &quot;Non class\u00e9&quot;","img":{"alt_text":"","src":"","width":0,"height":0},"classes":[]},{"id":1029,"url":"http:\/\/guidelaval.fr\/eva\/nouvelle-creation\/","url_meta":{"origin":1048,"position":2},"title":"nouvelle cr\u00e9ation","date":"26 avril 2016","format":false,"excerpt":"De : lE GRAND Sujet : nouvelle cr\u00e9ation Corps du message : nouvelle cr\u00e9ation \u00c9v\u00e8nement positionn\u00e9 le : 25\/04\/2016 19h 27mn Par le Club : Lions Club Guy de Laval essai de la nouvelle formule date d\u00e9but:25\/04\/2016 date-fin :25\/04\/2016 Cet email a \u00e9t\u00e9 envoy\u00e9 via le formulaire de contact de\u2026","rel":"","context":"Dans &quot;Non class\u00e9&quot;","img":{"alt_text":"","src":"","width":0,"height":0},"classes":[]},{"id":1040,"url":"http:\/\/guidelaval.fr\/eva\/nouvelle-creation-3\/","url_meta":{"origin":1048,"position":3},"title":"nouvelle cr\u00e9ation","date":"28 avril 2016","format":false,"excerpt":"De : LE GRAND Sujet : nouvelle cr\u00e9ation Corps du message : nouvelle cr\u00e9ation \u00c9v\u00e8nement positionn\u00e9 le : 25\/04\/2016 19h 27mn Par le Club : Lions Club Guy de Laval essai de la nouvelle formule Jeudi soir 22h37 le seul fichier joint est un fichier pdf date d\u00e9but:25\/04\/2016 date-fin :25\/04\/2016\u2026","rel":"","context":"Dans &quot;Non class\u00e9&quot;","img":{"alt_text":"","src":"","width":0,"height":0},"classes":[]},{"id":1033,"url":"http:\/\/guidelaval.fr\/eva\/nouvelle-creation-2\/","url_meta":{"origin":1048,"position":4},"title":"nouvelle cr\u00e9ation","date":"26 avril 2016","format":false,"excerpt":"De : lE GRAND Sujet : nouvelle cr\u00e9ation Corps du message : nouvelle cr\u00e9ation \u00c9v\u00e8nement positionn\u00e9 le : 25\/04\/2016 19h 27mn Par le Club : Lions Club Guy de Laval essai de la nouvelle formule Ci-dessous lien vers le carton d'invitation date d\u00e9but:25\/04\/2016 date-fin :25\/04\/2016 Cet email a \u00e9t\u00e9 envoy\u00e9\u2026","rel":"","context":"Dans &quot;Non class\u00e9&quot;","img":{"alt_text":"","src":"","width":0,"height":0},"classes":[]},{"id":1086,"url":"http:\/\/guidelaval.fr\/eva\/nouvelle-creation-8\/","url_meta":{"origin":1048,"position":5},"title":"nouvelle cr\u00e9ation","date":"3 mai 2016","format":false,"excerpt":"Invitation envoy\u00e9e par : lE GRAND legrand.jt@orange.fr date-d\u00e9but:25\/04\/2016 date-fin :25\/04\/2016 Corps du message : nouvelle cr\u00e9ation \u00c9v\u00e8nement positionn\u00e9 le : 25\/04\/2016 19h 27mn Par le Club : Lions Club Guy de Laval essai de la nouvelle formule normalement seulement le lien vers l'image festiguide53-ovale.jpg chapitre-magistral-2016-programme.pdf","rel":"","context":"Dans &quot;Non class\u00e9&quot;","img":{"alt_text":"","src":"","width":0,"height":0},"classes":[]}],"_links":{"self":[{"href":"http:\/\/guidelaval.fr\/eva\/wp-json\/wp\/v2\/pages\/1048"}],"collection":[{"href":"http:\/\/guidelaval.fr\/eva\/wp-json\/wp\/v2\/pages"}],"about":[{"href":"http:\/\/guidelaval.fr\/eva\/wp-json\/wp\/v2\/types\/page"}],"author":[{"embeddable":true,"href":"http:\/\/guidelaval.fr\/eva\/wp-json\/wp\/v2\/users\/6"}],"replies":[{"embeddable":true,"href":"http:\/\/guidelaval.fr\/eva\/wp-json\/wp\/v2\/comments?post=1048"}],"version-history":[{"count":1,"href":"http:\/\/guidelaval.fr\/eva\/wp-json\/wp\/v2\/pages\/1048\/revisions"}],"predecessor-version":[{"id":1049,"href":"http:\/\/guidelaval.fr\/eva\/wp-json\/wp\/v2\/pages\/1048\/revisions\/1049"}],"wp:attachment":[{"href":"http:\/\/guidelaval.fr\/eva\/wp-json\/wp\/v2\/media?parent=1048"}],"curies":[{"name":"wp","href":"https:\/\/api.w.org\/{rel}","templated":true}]}}