{"id":1056,"date":"2016-05-02T15:38:06","date_gmt":"2016-05-02T13:38:06","guid":{"rendered":"http:\/\/guidelaval.fr\/eva\/?p=1056"},"modified":"2016-05-02T15:42:21","modified_gmt":"2016-05-02T13:42:21","slug":"live-from-the-field-2","status":"publish","type":"page","link":"http:\/\/guidelaval.fr\/eva\/live-from-the-field-2\/","title":{"rendered":"Live From The Field"},"content":{"rendered":"<p>De : lE GRAND  Corps du message :   <\/p>\n","protected":false},"excerpt":{"rendered":"<p>De : lE GRAND Corps du message :<\/p>\n","protected":false},"author":6,"featured_media":0,"parent":0,"menu_order":0,"comment_status":"closed","ping_status":"closed","template":"","meta":{"kt_blocks_editor_width":"","jetpack_post_was_ever_published":false},"jetpack_sharing_enabled":true,"jetpack_shortlink":"https:\/\/wp.me\/P7cFdd-h2","jetpack-related-posts":[{"id":1054,"url":"http:\/\/guidelaval.fr\/eva\/mise-en-route-2\/","url_meta":{"origin":1056,"position":0},"title":"Mise en route","date":"2 mai 2016","format":false,"excerpt":"De : lE GRAND Nom de l'\u00e9v\u00e8nement : Mise en route date-d\u00e9but:26\/04\/2016 date-fin :27\/04\/2016 Corps du message : Normalement les dates devraient \u00eatre avant le message. Merci de votre venue","rel":"","context":"Dans &quot;Non class\u00e9&quot;","img":{"alt_text":"","src":"","width":0,"height":0},"classes":[]},{"id":1102,"url":"http:\/\/guidelaval.fr\/eva\/soiree-pas-folle-3\/","url_meta":{"origin":1056,"position":1},"title":"soir\u00e9e pas folle","date":"4 mai 2016","format":false,"excerpt":"Invitation envoy\u00e9e par : lE GRAND legrand.jt@orange.fr date-d\u00e9but:02\/04\/2016 date-fin :02\/04\/2016 Corps du message : soir\u00e9e pas folle \u00c9v\u00e8nement Modifi\u00e9 le : 23\/04\/2016 18h 44mn par le grand du Club : Lions Club Guy de Laval soir\u00e9e pas folle du tout \u00c9v\u00e8nement positionn\u00e9 le : 23\/04\/2016 18h 42mn Par le Club\u2026","rel":"","context":"Dans &quot;Non class\u00e9&quot;","img":{"alt_text":"","src":"https:\/\/i0.wp.com\/guidelaval.fr\/eva\/wp-content\/uploads\/2016\/05\/festiguide53-ovale-10.jpg?resize=350%2C200","width":350,"height":200},"classes":[]},{"id":1058,"url":"http:\/\/guidelaval.fr\/eva\/mise-en-route-3\/","url_meta":{"origin":1056,"position":2},"title":"Mise en route","date":"2 mai 2016","format":false,"excerpt":"De : lE GRAND Nom de l'\u00e9v\u00e8nement : Mise en route date-d\u00e9but:26\/04\/2016 date-fin :27\/04\/2016 Corps du message : Bon et maintenant retour chariot ou non","rel":"","context":"Dans &quot;Non class\u00e9&quot;","img":{"alt_text":"","src":"","width":0,"height":0},"classes":[]},{"id":1064,"url":"http:\/\/guidelaval.fr\/eva\/soiree-pas-folle-2\/","url_meta":{"origin":1056,"position":3},"title":"soir\u00e9e pas folle","date":"2 mai 2016","format":false,"excerpt":"De : lE GRAND Nom de l'\u00e9v\u00e8nement : soir\u00e9e pas folle date-d\u00e9but:02\/04\/2016 date-fin :02\/04\/2016 Corps du message : soir\u00e9e pas folle \u00c9v\u00e8nement Modifi\u00e9 le : 23\/04\/2016 18h 44mn par le grand du Club : Lions Club Guy de Laval soir\u00e9e pas folle du tout \u00c9v\u00e8nement positionn\u00e9 le : 23\/04\/2016 18h\u2026","rel":"","context":"Dans &quot;Non class\u00e9&quot;","img":{"alt_text":"","src":"","width":0,"height":0},"classes":[]},{"id":1066,"url":"http:\/\/guidelaval.fr\/eva\/nouvelle-creation-7\/","url_meta":{"origin":1056,"position":4},"title":"nouvelle cr\u00e9ation","date":"2 mai 2016","format":false,"excerpt":"De : lE GRAND Nom de l'\u00e9v\u00e8nement : nouvelle cr\u00e9ation date-d\u00e9but:25\/04\/2016 date-fin :25\/04\/2016 Corps du message : nouvelle cr\u00e9ation \u00c9v\u00e8nement positionn\u00e9 le : 25\/04\/2016 19h 27mn Par le Club : Lions Club Guy de Laval essai de la nouvelle formule","rel":"","context":"Dans &quot;Non class\u00e9&quot;","img":{"alt_text":"","src":"","width":0,"height":0},"classes":[]},{"id":1098,"url":"http:\/\/guidelaval.fr\/eva\/concert-de-chant-choral-7\/","url_meta":{"origin":1056,"position":5},"title":"Concert de chant choral","date":"3 mai 2016","format":false,"excerpt":"Invitation envoy\u00e9e par : lE GRAND legrand.jt@orange.fr date-d\u00e9but:07\/01\/2017 date-fin :07\/01\/2017 Corps du message : Concert de chant choral \u00c9v\u00e8nement Modifi\u00e9 le : 23\/04\/2016 17h 27mn par lE GRAND du Club : Lions Club Guy de Laval Concert de chant choral \u00c9v\u00e8nement positionn\u00e9 le : 23\/04\/2016 17h 25mn Par le Club\u2026","rel":"","context":"Dans &quot;Non class\u00e9&quot;","img":{"alt_text":"","src":"","width":0,"height":0},"classes":[]}],"_links":{"self":[{"href":"http:\/\/guidelaval.fr\/eva\/wp-json\/wp\/v2\/pages\/1056"}],"collection":[{"href":"http:\/\/guidelaval.fr\/eva\/wp-json\/wp\/v2\/pages"}],"about":[{"href":"http:\/\/guidelaval.fr\/eva\/wp-json\/wp\/v2\/types\/page"}],"author":[{"embeddable":true,"href":"http:\/\/guidelaval.fr\/eva\/wp-json\/wp\/v2\/users\/6"}],"replies":[{"embeddable":true,"href":"http:\/\/guidelaval.fr\/eva\/wp-json\/wp\/v2\/comments?post=1056"}],"version-history":[{"count":1,"href":"http:\/\/guidelaval.fr\/eva\/wp-json\/wp\/v2\/pages\/1056\/revisions"}],"predecessor-version":[{"id":1057,"href":"http:\/\/guidelaval.fr\/eva\/wp-json\/wp\/v2\/pages\/1056\/revisions\/1057"}],"wp:attachment":[{"href":"http:\/\/guidelaval.fr\/eva\/wp-json\/wp\/v2\/media?parent=1056"}],"curies":[{"name":"wp","href":"https:\/\/api.w.org\/{rel}","templated":true}]}}