{"id":1064,"date":"2016-05-02T16:02:06","date_gmt":"2016-05-02T14:02:06","guid":{"rendered":"http:\/\/guidelaval.fr\/eva\/?p=1064"},"modified":"2016-05-02T16:02:59","modified_gmt":"2016-05-02T14:02:59","slug":"soiree-pas-folle-2","status":"publish","type":"page","link":"http:\/\/guidelaval.fr\/eva\/soiree-pas-folle-2\/","title":{"rendered":"soir\u00e9e pas folle"},"content":{"rendered":"<p>De : lE GRAND  Nom de l&rsquo;\u00e9v\u00e8nement : soir\u00e9e pas folle date-d\u00e9but:02\/04\/2016 date-fin :02\/04\/2016 Corps du message : soir\u00e9e pas folle \u00c9v\u00e8nement Modifi\u00e9 le : 23\/04\/2016 18h 44mn par le grand du Club : Lions Club Guy de Laval soir\u00e9e pas folle du tout \u00c9v\u00e8nement positionn\u00e9 le : 23\/04\/2016 18h 42mn Par le Club : Lions Club Guy de Laval enregistr\u00e9e avec safari lien vers <a href=\"http:\/\/www.stephanelegrand.fr\">www.stephanelegrand.fr<\/a> Normalement la zone div_suite redevient invisble   <\/p>\n","protected":false},"excerpt":{"rendered":"<p>De : lE GRAND Nom de l&rsquo;\u00e9v\u00e8nement : soir\u00e9e pas folle date-d\u00e9but:02\/04\/2016 date-fin :02\/04\/2016 Corps du message : soir\u00e9e pas folle \u00c9v\u00e8nement Modifi\u00e9 le : 23\/04\/2016 18h 44mn par le grand du Club : Lions Club Guy de Laval soir\u00e9e &hellip; <a href=\"http:\/\/guidelaval.fr\/eva\/soiree-pas-folle-2\/\">Lire la suite\u00ad\u00ad<\/a><\/p>\n","protected":false},"author":6,"featured_media":0,"parent":0,"menu_order":0,"comment_status":"closed","ping_status":"closed","template":"","meta":{"kt_blocks_editor_width":"","jetpack_post_was_ever_published":false},"jetpack_sharing_enabled":true,"jetpack_shortlink":"https:\/\/wp.me\/P7cFdd-ha","jetpack-related-posts":[{"id":1102,"url":"http:\/\/guidelaval.fr\/eva\/soiree-pas-folle-3\/","url_meta":{"origin":1064,"position":0},"title":"soir\u00e9e pas folle","date":"4 mai 2016","format":false,"excerpt":"Invitation envoy\u00e9e par : lE GRAND legrand.jt@orange.fr date-d\u00e9but:02\/04\/2016 date-fin :02\/04\/2016 Corps du message : soir\u00e9e pas folle \u00c9v\u00e8nement Modifi\u00e9 le : 23\/04\/2016 18h 44mn par le grand du Club : Lions Club Guy de Laval soir\u00e9e pas folle du tout \u00c9v\u00e8nement positionn\u00e9 le : 23\/04\/2016 18h 42mn Par le Club\u2026","rel":"","context":"Dans &quot;Non class\u00e9&quot;","img":{"alt_text":"","src":"https:\/\/i0.wp.com\/guidelaval.fr\/eva\/wp-content\/uploads\/2016\/05\/festiguide53-ovale-10.jpg?resize=350%2C200","width":350,"height":200},"classes":[]},{"id":1315,"url":"http:\/\/guidelaval.fr\/eva\/soiree-de-gala\/","url_meta":{"origin":1064,"position":1},"title":"Soir\u00e9e de Gala","date":"8 ao\u00fbt 2018","format":false,"excerpt":"Contact : le grand legrand.jt@orange.fr date-d\u00e9but : 08\/09\/2018 19h30 date-fin : 08\/09\/2018 23h Salle LA FABRIQUE 10 Rue de la Chambrouill\u00e8reBonchamp 53960 \u00c9v\u00e8nement positionn\u00e9 le : 08\/08\/2018 12h 41mn<\/br>Par le Club : Lions Club Guy Corps du message : Soir\u00e9e de Gala Le Lions Club Guy de Laval f\u00eate ses\u2026","rel":"","context":"Dans &quot;Non class\u00e9&quot;","img":{"alt_text":"","src":"","width":0,"height":0},"classes":[]},{"id":1052,"url":"http:\/\/guidelaval.fr\/eva\/soiree-pas-folle\/","url_meta":{"origin":1064,"position":2},"title":"soir\u00e9e pas folle","date":"2 mai 2016","format":false,"excerpt":"De : lE GRAND Sujet : soir\u00e9e pas folle Corps du message : pourquoi les dates se mettent apr\u00e8s le texte ? il faut que je trouve avant ce soir date d\u00e9but:02\/04\/2016 date-fin :02\/04\/2016","rel":"","context":"Dans &quot;Non class\u00e9&quot;","img":{"alt_text":"","src":"","width":0,"height":0},"classes":[]},{"id":1189,"url":"http:\/\/guidelaval.fr\/eva\/mega-loto\/","url_meta":{"origin":1064,"position":3},"title":"MEGA LOTO","date":"3 octobre 2016","format":false,"excerpt":"Contact : lecigne-brouxel creamannie@sfr.fr date-d\u00e9but : 15\/10\/2016 20h00 date-fin : 15\/10\/2016 23h30 SALLE POLYVALENTE DE L'HUISSERIE Chemin du FougerayL'HUISSERIE 53970 \u00c9v\u00e8nement positionn\u00e9 le : 28\/05\/2016 19h 17mn<\/br>Par le Club : Lions Club Guy Corps du message : Chers Amies et Amis, Le Lions Club \u00abGUY DE LAVAL\u00bb vous convie \u00e0\u2026","rel":"","context":"Dans &quot;Non class\u00e9&quot;","img":{"alt_text":"","src":"","width":0,"height":0},"classes":[]},{"id":1194,"url":"http:\/\/guidelaval.fr\/eva\/recital-les-annees-piaf\/","url_meta":{"origin":1064,"position":4},"title":"RECITAL  LES ANNEES PIAF","date":"5 novembre 2016","format":false,"excerpt":"Contact : Houdbine houdbine.felix@orange.fr date-d\u00e9but : 26\/11\/2016 21h00 date-fin : 26\/11\/2016 23h00 SALLE DE L'AVANT-SCENE 33, all\u00e9e du Vieux Saint LouisLAVAL 53000 \u00c9v\u00e8nement positionn\u00e9 le : 11\/05\/2016 10h 47mn<\/br>Par le Club : Lions Club Guy Corps du message : Chers Amies et Amis, Au nom du LIONS CLUB \u00abGUY DE\u2026","rel":"","context":"Dans &quot;Non class\u00e9&quot;","img":{"alt_text":"","src":"http:\/\/i0.wp.com\/guidelaval.fr\/eva\/wp-content\/uploads\/2016\/11\/recital-piaf.jpg?resize=350%2C200","width":350,"height":200},"classes":[]},{"id":1272,"url":"http:\/\/guidelaval.fr\/eva\/grand-diner-spectacle-big-band-et-trompes-de-chasse\/","url_meta":{"origin":1064,"position":5},"title":"Grand Diner Spectacle Big Band et Trompes de Chasse","date":"24 mars 2017","format":false,"excerpt":"Contact : MARGOGNE lmargogne@orange.fr date-d\u00e9but : 22\/04\/2017 19h30 date-fin : 22\/04\/2017 23h00 Salle Polyvalente de Laval Place de HERCELAVAL 53000 \u00c9v\u00e8nement positionn\u00e9 le : 23\/03\/2017 15h 39mn<\/br>Par le Club : Rotary Ambroise Corps du message : Grand Diner Spectacle Big Band et Trompes de Chasse \u00c9v\u00e8nement Modifi\u00e9 le : 24\/03\/2017\u2026","rel":"","context":"Dans &quot;Non class\u00e9&quot;","img":{"alt_text":"","src":"","width":0,"height":0},"classes":[]}],"_links":{"self":[{"href":"http:\/\/guidelaval.fr\/eva\/wp-json\/wp\/v2\/pages\/1064"}],"collection":[{"href":"http:\/\/guidelaval.fr\/eva\/wp-json\/wp\/v2\/pages"}],"about":[{"href":"http:\/\/guidelaval.fr\/eva\/wp-json\/wp\/v2\/types\/page"}],"author":[{"embeddable":true,"href":"http:\/\/guidelaval.fr\/eva\/wp-json\/wp\/v2\/users\/6"}],"replies":[{"embeddable":true,"href":"http:\/\/guidelaval.fr\/eva\/wp-json\/wp\/v2\/comments?post=1064"}],"version-history":[{"count":1,"href":"http:\/\/guidelaval.fr\/eva\/wp-json\/wp\/v2\/pages\/1064\/revisions"}],"predecessor-version":[{"id":1065,"href":"http:\/\/guidelaval.fr\/eva\/wp-json\/wp\/v2\/pages\/1064\/revisions\/1065"}],"wp:attachment":[{"href":"http:\/\/guidelaval.fr\/eva\/wp-json\/wp\/v2\/media?parent=1064"}],"curies":[{"name":"wp","href":"https:\/\/api.w.org\/{rel}","templated":true}]}}