{"id":1090,"date":"2016-05-03T15:06:56","date_gmt":"2016-05-03T13:06:56","guid":{"rendered":"http:\/\/guidelaval.fr\/eva\/?p=1090"},"modified":"2016-05-03T15:12:27","modified_gmt":"2016-05-03T13:12:27","slug":"concert-de-chant-choral-6","status":"publish","type":"page","link":"http:\/\/guidelaval.fr\/eva\/concert-de-chant-choral-6\/","title":{"rendered":"Concert de chant choral"},"content":{"rendered":"<p>Invitation envoy\u00e9e par : Houdbine <a href=\"mailto:houdbine.felix@orange.fr\">houdbine.felix@orange.fr<\/a><\/br><br \/> date-d\u00e9but:07\/01\/2017 date-fin :07\/01\/2017<\/p>\n<p>Corps du message :<\/p>\n<p>Concert de chant choral<\/p>\n<p>\u00c9v\u00e8nement Modifi\u00e9 le : 23\/04\/2016 17h 27mn<\/p>\n<p>par lE GRAND du Club : Lions Club Guy de Laval<\/p>\n<p>Concert de chant choral<\/p>\n<p>\u00c9v\u00e8nement positionn\u00e9 le : 23\/04\/2016 17h 25mn<\/p>\n<p>Par le Club : Lions Club Guy de Laval<\/p>\n<p>coup d&#039;choeur format image &quot;no -wrapper &quot;<\/p>\n<p>     <a href=\"https:\/\/i0.wp.com\/guidelaval.fr\/eva\/wp-content\/uploads\/2016\/05\/festiguide53-ovale-7.jpg\"><img decoding=\"async\" src=\"http:\/\/i2.wp.com\/guidelaval.fr\/eva\/wp-content\/uploads\/2016\/05\/festiguide53-ovale-7.jpg?resize=150%2C150\" alt=\"\" title=\"\" class=\"attachment\" \/><\/a><br \/><a href=\"http:\/\/guidelaval.fr\/eva\/wp-content\/uploads\/2016\/05\/chapitre-magistral-2016-programme-1.pdf\"><img src='https:\/\/i0.wp.com\/guidelaval.fr\/eva\/wp-content\/plugins\/postie\/icons\/silver\/pdf-32.png?w=1140' alt='pdf icon' data-recalc-dims=\"1\" \/> chapitre-magistral-2016-programme.pdf<\/a><\/p>\n","protected":false},"excerpt":{"rendered":"<p>Invitation envoy\u00e9e par : Houdbine houdbine.felix@orange.fr date-d\u00e9but:07\/01\/2017 date-fin :07\/01\/2017 Corps du message : Concert de chant choral \u00c9v\u00e8nement Modifi\u00e9 le : 23\/04\/2016 17h 27mn par lE GRAND du Club : Lions Club Guy de Laval Concert de chant choral \u00c9v\u00e8nement &hellip; <a href=\"http:\/\/guidelaval.fr\/eva\/concert-de-chant-choral-6\/\">Lire la suite\u00ad\u00ad<\/a><\/p>\n","protected":false},"author":6,"featured_media":0,"parent":0,"menu_order":0,"comment_status":"closed","ping_status":"closed","template":"","meta":{"kt_blocks_editor_width":"","jetpack_post_was_ever_published":false},"jetpack_sharing_enabled":true,"jetpack_shortlink":"https:\/\/wp.me\/P7cFdd-hA","jetpack-related-posts":[{"id":1074,"url":"http:\/\/guidelaval.fr\/eva\/concert-de-chant-choral-3\/","url_meta":{"origin":1090,"position":0},"title":"Concert de chant choral","date":"2 mai 2016","format":false,"excerpt":"Invitation envoy\u00e9e par : lE GRAND legrand.jt@orange.fr date-d\u00e9but:07\/01\/2017 date-fin :07\/01\/2017 Corps du message : Concert de chant choral \u00c9v\u00e8nement Modifi\u00e9 le : 23\/04\/2016 17h 27mn par lE GRAND du Club : Lions Club Guy de Laval Concert de chant choral \u00c9v\u00e8nement positionn\u00e9 le : 23\/04\/2016 17h 25mn Par le Club\u2026","rel":"","context":"Dans &quot;Non class\u00e9&quot;","img":{"alt_text":"","src":"","width":0,"height":0},"classes":[]},{"id":1098,"url":"http:\/\/guidelaval.fr\/eva\/concert-de-chant-choral-7\/","url_meta":{"origin":1090,"position":1},"title":"Concert de chant choral","date":"3 mai 2016","format":false,"excerpt":"Invitation envoy\u00e9e par : lE GRAND legrand.jt@orange.fr date-d\u00e9but:07\/01\/2017 date-fin :07\/01\/2017 Corps du message : Concert de chant choral \u00c9v\u00e8nement Modifi\u00e9 le : 23\/04\/2016 17h 27mn par lE GRAND du Club : Lions Club Guy de Laval Concert de chant choral \u00c9v\u00e8nement positionn\u00e9 le : 23\/04\/2016 17h 25mn Par le Club\u2026","rel":"","context":"Dans &quot;Non class\u00e9&quot;","img":{"alt_text":"","src":"","width":0,"height":0},"classes":[]},{"id":1082,"url":"http:\/\/guidelaval.fr\/eva\/concert-de-chant-choral-5\/","url_meta":{"origin":1090,"position":2},"title":"Concert de chant choral","date":"3 mai 2016","format":false,"excerpt":"Invitation envoy\u00e9e par : houdbine houdbine.felix@orange.fr date-d\u00e9but:07\/01\/2017 date-fin :07\/01\/2017 Corps du message : j'ai mis \"Use First Image as Featured Image\" a non. On va voir ou se met l'image jointe festiguide53-ovale.pdf","rel":"","context":"Dans &quot;Non class\u00e9&quot;","img":{"alt_text":"","src":"","width":0,"height":0},"classes":[]},{"id":1078,"url":"http:\/\/guidelaval.fr\/eva\/concert-de-chant-choral-4\/","url_meta":{"origin":1090,"position":3},"title":"Concert de chant choral","date":"3 mai 2016","format":false,"excerpt":"Invitation envoy\u00e9e par : lE GRAND legrand.jt@orange.fr date-d\u00e9but:07\/01\/2017 date-fin :07\/01\/2017 Corps du message : Mardi 3 mai 9h26 je ne comprends pas ce qui se passe cela semble ne plus fonctionner.Quel r\u00e9glage ai-je chang\u00e9 ? ci-joint fichier pdf festiguide53-ovale.pdf","rel":"","context":"Dans &quot;Non class\u00e9&quot;","img":{"alt_text":"","src":"","width":0,"height":0},"classes":[]},{"id":1102,"url":"http:\/\/guidelaval.fr\/eva\/soiree-pas-folle-3\/","url_meta":{"origin":1090,"position":4},"title":"soir\u00e9e pas folle","date":"4 mai 2016","format":false,"excerpt":"Invitation envoy\u00e9e par : lE GRAND legrand.jt@orange.fr date-d\u00e9but:02\/04\/2016 date-fin :02\/04\/2016 Corps du message : soir\u00e9e pas folle \u00c9v\u00e8nement Modifi\u00e9 le : 23\/04\/2016 18h 44mn par le grand du Club : Lions Club Guy de Laval soir\u00e9e pas folle du tout \u00c9v\u00e8nement positionn\u00e9 le : 23\/04\/2016 18h 42mn Par le Club\u2026","rel":"","context":"Dans &quot;Non class\u00e9&quot;","img":{"alt_text":"","src":"https:\/\/i0.wp.com\/guidelaval.fr\/eva\/wp-content\/uploads\/2016\/05\/festiguide53-ovale-10.jpg?resize=350%2C200","width":350,"height":200},"classes":[]},{"id":1064,"url":"http:\/\/guidelaval.fr\/eva\/soiree-pas-folle-2\/","url_meta":{"origin":1090,"position":5},"title":"soir\u00e9e pas folle","date":"2 mai 2016","format":false,"excerpt":"De : lE GRAND Nom de l'\u00e9v\u00e8nement : soir\u00e9e pas folle date-d\u00e9but:02\/04\/2016 date-fin :02\/04\/2016 Corps du message : soir\u00e9e pas folle \u00c9v\u00e8nement Modifi\u00e9 le : 23\/04\/2016 18h 44mn par le grand du Club : Lions Club Guy de Laval soir\u00e9e pas folle du tout \u00c9v\u00e8nement positionn\u00e9 le : 23\/04\/2016 18h\u2026","rel":"","context":"Dans &quot;Non class\u00e9&quot;","img":{"alt_text":"","src":"","width":0,"height":0},"classes":[]}],"_links":{"self":[{"href":"http:\/\/guidelaval.fr\/eva\/wp-json\/wp\/v2\/pages\/1090"}],"collection":[{"href":"http:\/\/guidelaval.fr\/eva\/wp-json\/wp\/v2\/pages"}],"about":[{"href":"http:\/\/guidelaval.fr\/eva\/wp-json\/wp\/v2\/types\/page"}],"author":[{"embeddable":true,"href":"http:\/\/guidelaval.fr\/eva\/wp-json\/wp\/v2\/users\/6"}],"replies":[{"embeddable":true,"href":"http:\/\/guidelaval.fr\/eva\/wp-json\/wp\/v2\/comments?post=1090"}],"version-history":[{"count":1,"href":"http:\/\/guidelaval.fr\/eva\/wp-json\/wp\/v2\/pages\/1090\/revisions"}],"predecessor-version":[{"id":1093,"href":"http:\/\/guidelaval.fr\/eva\/wp-json\/wp\/v2\/pages\/1090\/revisions\/1093"}],"wp:attachment":[{"href":"http:\/\/guidelaval.fr\/eva\/wp-json\/wp\/v2\/media?parent=1090"}],"curies":[{"name":"wp","href":"https:\/\/api.w.org\/{rel}","templated":true}]}}