{"id":1106,"date":"2016-05-04T22:45:33","date_gmt":"2016-05-04T20:45:33","guid":{"rendered":"http:\/\/guidelaval.fr\/eva\/?p=1106"},"modified":"2016-05-04T22:59:30","modified_gmt":"2016-05-04T20:59:30","slug":"separation-infos","status":"publish","type":"page","link":"http:\/\/guidelaval.fr\/eva\/separation-infos\/","title":{"rendered":"s\u00e9paration infos"},"content":{"rendered":"<p>Invitation envoy\u00e9e par : lE GRAND <a href=\"mailto:legrand.jt@orange.fr\">legrand.jt@orange.fr<\/a><\/br><br \/> date-d\u00e9but:06\/05\/2016 date-fin :06\/05\/2016<br \/> Inscrit dans le calendrier : coucou<br \/> Corps du message :<\/p>\n<p>s\u00e9paration infos<\/p>\n<p>pour faire plaisir, s\u00e9paration de la date de cr\u00e9ation modification ey de la description de l&#039;\u00e9v\u00e8nement<br \/> Invitation envoy\u00e9e le mercredi 4 mai 2016 \u00e0 22h40<\/p>\n<div id=\"kad-wp-gallery74\" class=\"kad-wp-gallery kad-light-wp-gallery clearfix kt-gallery-column-3 rowtight\"><div class=\"tcol-lg-4 tcol-md-4 tcol-sm-4 tcol-xs-6 tcol-ss-12 g_item\"><div class=\"grid_item kad_gallery_fade_in gallery_item\"><a href=\"https:\/\/i0.wp.com\/guidelaval.fr\/eva\/wp-content\/uploads\/2016\/05\/festiguide53.jpg?fit=371%2C195\" data-rel=\"lightbox\" class=\"lightboxhover\"><img src=\"https:\/\/i0.wp.com\/guidelaval.fr\/eva\/wp-content\/uploads\/2016\/05\/festiguide53.jpg?fit=371%2C195\" width=\"371\" height=\"195\" alt=\"\" srcset=\"https:\/\/i0.wp.com\/guidelaval.fr\/eva\/wp-content\/uploads\/2016\/05\/festiguide53.jpg?w=371 371w, https:\/\/i0.wp.com\/guidelaval.fr\/eva\/wp-content\/uploads\/2016\/05\/festiguide53.jpg?resize=300%2C158 300w\" sizes=\"(max-width: 371px) 100vw, 371px\" class=\"light-dropshaddow\"\/><\/a><\/div><\/div><\/div>\n","protected":false},"excerpt":{"rendered":"<p>Invitation envoy\u00e9e par : lE GRAND legrand.jt@orange.fr date-d\u00e9but:06\/05\/2016 date-fin :06\/05\/2016 Inscrit dans le calendrier : coucou Corps du message : s\u00e9paration infos pour faire plaisir, s\u00e9paration de la date de cr\u00e9ation modification ey de la description de l&#039;\u00e9v\u00e8nement Invitation envoy\u00e9e &hellip; <a href=\"http:\/\/guidelaval.fr\/eva\/separation-infos\/\">Lire la suite\u00ad\u00ad<\/a><\/p>\n","protected":false},"author":6,"featured_media":0,"parent":0,"menu_order":0,"comment_status":"closed","ping_status":"closed","template":"","meta":{"kt_blocks_editor_width":"","jetpack_post_was_ever_published":false},"jetpack_sharing_enabled":true,"jetpack_shortlink":"https:\/\/wp.me\/P7cFdd-hQ","jetpack-related-posts":[{"id":1118,"url":"http:\/\/guidelaval.fr\/eva\/separation-infos-4\/","url_meta":{"origin":1106,"position":0},"title":"s\u00e9paration infos","date":"5 mai 2016","format":false,"excerpt":"Invitation envoy\u00e9e par : lE GRAND legrand.jt@orange.fr date-d\u00e9but:06\/05\/2016 date-fin :06\/05\/2016 Lieu :maisonn\u00e9e Adresse :247 Avenue des Fran\u00e7ais Libres\u00a0laval53000 Inscrit dans le calendrier : \u00c9v\u00e8nement positionn\u00e9 le : 04\/05\/2016 22h 21mn<\/br>Par le Club : Lions Club Guy Corps du message : s\u00e9paration infos pour faire plaisir, s\u00e9paration de la date de\u2026","rel":"","context":"Dans &quot;Non class\u00e9&quot;","img":{"alt_text":"","src":"","width":0,"height":0},"classes":[]},{"id":1122,"url":"http:\/\/guidelaval.fr\/eva\/separation-infos-5\/","url_meta":{"origin":1106,"position":1},"title":"s\u00e9paration infos","date":"6 mai 2016","format":false,"excerpt":"Invitation envoy\u00e9e par : LE GRAND legrand.jt@orange.fr date-d\u00e9but:06\/05\/2016:14h15 date-fin :06\/05\/2016:17h45 maison de ville 247 Avenue des Fran\u00e7ais Libres\u00a0laval53000 \u00c9v\u00e8nement positionn\u00e9 le : 04\/05\/2016 22h 21mn<\/br>Par le Club : Lions Club Guy Corps du message : s\u00e9paration infos pour faire plaisir, s\u00e9paration de la date de cr\u00e9ation modification ey de la\u2026","rel":"","context":"Dans &quot;Non class\u00e9&quot;","img":{"alt_text":"","src":"http:\/\/i1.wp.com\/guidelaval.fr\/eva\/wp-content\/uploads\/2016\/05\/image.jpg?resize=350%2C200","width":350,"height":200},"classes":[]},{"id":1110,"url":"http:\/\/guidelaval.fr\/eva\/separation-infos-2\/","url_meta":{"origin":1106,"position":2},"title":"s\u00e9paration infos","date":"5 mai 2016","format":false,"excerpt":"Invitation envoy\u00e9e par : lE GRAND legrand.jt@orange.fr date-d\u00e9but:06\/05\/2016 date-fin :06\/05\/2016 Inscrit dans le calendrier : coucou Corps du message : s\u00e9paration infos pour faire plaisir, s\u00e9paration de la date de cr\u00e9ation modification et de la description de l'\u00e9v\u00e8nement. Nous sommes jeudi il est 9h35 j'ai remis NO dans Automatically insert\u2026","rel":"","context":"Dans &quot;Non class\u00e9&quot;","img":{"alt_text":"","src":"","width":0,"height":0},"classes":[]},{"id":1126,"url":"http:\/\/guidelaval.fr\/eva\/separation-infos-6\/","url_meta":{"origin":1106,"position":3},"title":"s\u00e9paration infos","date":"6 mai 2016","format":false,"excerpt":"Invitation envoy\u00e9e par : lE GRAND legrand.jt@orange.fr date-d\u00e9but:06\/05\/2016:00h00 date-fin :06\/05\/2016:00h00 mai 247 Avenue des Fran\u00e7ais Libres\u00a0laval53000 \u00c9v\u00e8nement positionn\u00e9 le : 04\/05\/2016 22h 21mn<\/br>Par le Club : Lions Club Guy Corps du message : C'est l'heure pour faire plaisir, s\u00e9paration de la date de cr\u00e9ation modification ey de la description de\u2026","rel":"","context":"Dans &quot;Non class\u00e9&quot;","img":{"alt_text":"","src":"http:\/\/i1.wp.com\/guidelaval.fr\/eva\/wp-content\/uploads\/2016\/05\/image-1.jpg?fit=940%2C627&resize=350%2C200","width":350,"height":200},"classes":[]},{"id":1114,"url":"http:\/\/guidelaval.fr\/eva\/separation-infos-3\/","url_meta":{"origin":1106,"position":4},"title":"s\u00e9paration infos","date":"5 mai 2016","format":false,"excerpt":"Invitation envoy\u00e9e par : lE GRAND legrand.jt@orange.fr date-d\u00e9but:06\/05\/2016 date-fin :06\/05\/2016 Lieu :mai Adresse :247 Avenue des Fran\u00e7ais Libres\u00a0laval53000 Inscrit dans le calendrier : \u00c9v\u00e8nement positionn\u00e9 le : 04\/05\/2016 22h 21mn<\/br>Par le Club : Lions Club Guy Corps du message : s\u00e9paration infos pour faire plaisir, s\u00e9paration de la date de\u2026","rel":"","context":"Dans &quot;Non class\u00e9&quot;","img":{"alt_text":"","src":"","width":0,"height":0},"classes":[]},{"id":1130,"url":"http:\/\/guidelaval.fr\/eva\/separation-infos-7\/","url_meta":{"origin":1106,"position":5},"title":"s\u00e9paration infos","date":"6 mai 2016","format":false,"excerpt":"Contact : LE GRAND legrand.jt@orange.fr date-d\u00e9but:06\/05\/2016 00h00 date-fin :06\/05\/2016 00h00 maison de ville 247 Avenue des Fran\u00e7ais Libreslaval53000 \u00c9v\u00e8nement positionn\u00e9 le : 04\/05\/2016 22h 21mn<\/br>Par le Club : Lions Club Guy Corps du message : pour faire plaisir, s\u00e9paration de la date de cr\u00e9ation modification ey de la description de\u2026","rel":"","context":"Dans &quot;Non class\u00e9&quot;","img":{"alt_text":"","src":"","width":0,"height":0},"classes":[]}],"_links":{"self":[{"href":"http:\/\/guidelaval.fr\/eva\/wp-json\/wp\/v2\/pages\/1106"}],"collection":[{"href":"http:\/\/guidelaval.fr\/eva\/wp-json\/wp\/v2\/pages"}],"about":[{"href":"http:\/\/guidelaval.fr\/eva\/wp-json\/wp\/v2\/types\/page"}],"author":[{"embeddable":true,"href":"http:\/\/guidelaval.fr\/eva\/wp-json\/wp\/v2\/users\/6"}],"replies":[{"embeddable":true,"href":"http:\/\/guidelaval.fr\/eva\/wp-json\/wp\/v2\/comments?post=1106"}],"version-history":[{"count":1,"href":"http:\/\/guidelaval.fr\/eva\/wp-json\/wp\/v2\/pages\/1106\/revisions"}],"predecessor-version":[{"id":1109,"href":"http:\/\/guidelaval.fr\/eva\/wp-json\/wp\/v2\/pages\/1106\/revisions\/1109"}],"wp:attachment":[{"href":"http:\/\/guidelaval.fr\/eva\/wp-json\/wp\/v2\/media?parent=1106"}],"curies":[{"name":"wp","href":"https:\/\/api.w.org\/{rel}","templated":true}]}}