{"id":1200,"date":"2016-11-07T21:28:20","date_gmt":"2016-11-07T19:28:20","guid":{"rendered":"http:\/\/guidelaval.fr\/?p=1200"},"modified":"2016-11-07T20:33:13","modified_gmt":"2016-11-07T19:33:13","slug":"soiree-beaujolais","status":"publish","type":"page","link":"http:\/\/guidelaval.fr\/eva\/soiree-beaujolais\/","title":{"rendered":"Soir\u00e9e Beaujolais"},"content":{"rendered":"<p>Contact : BENARD<br \/> <a href=\"mailto:elisabeth.benard@wanadoo.fr\">elisabeth.benard@wanadoo.fr<\/a><\/br><br \/> date-d\u00e9but : 17\/11\/2016 20h00<br \/> date-fin : 17\/11\/2016 23h00<br \/> salle polyvalente<br \/> Place de Herc\u00e9<br \/>53000 LAVAL 53000<br \/> &Eacute;v&egrave;nement positionn&eacute; le : 07\/11\/2016 20h 21mn&lt;\/br&gt;Par le Club : Rotary Club de<br \/> <b>Corps du message :<\/b><br \/> Soir\u00e9e Beaujolais<\/p>\n<p>Comme chaque ann\u00e9e, le Rotary Club de Laval vous convie \u00e0 son d\u00eener concert.  La cuv\u00e9e Beaujolais 2016 se d\u00e9gustera au rythme du jazz.<br \/> Les b\u00e9n\u00e9fices de la soir\u00e9e seront revers\u00e9s \u00e0 l&#039;association Pharmaciens Sans Fronti\u00e8res 53.<\/p>\n<p>     <a href=\"http:\/\/guidelaval.fr\/eva\/wp-content\/uploads\/2016\/11\/invitation-a5-2016-1.pdf\"><img src='https:\/\/i0.wp.com\/guidelaval.fr\/eva\/wp-content\/plugins\/postie\/icons\/silver\/pdf-32.png?w=1140' alt='pdf icon' data-recalc-dims=\"1\" \/> invitation-a5-2016.pdf<\/a><\/p>\n","protected":false},"excerpt":{"rendered":"<p>Contact : BENARD elisabeth.benard@wanadoo.fr date-d\u00e9but : 17\/11\/2016 20h00 date-fin : 17\/11\/2016 23h00 salle polyvalente Place de Herc\u00e953000 LAVAL 53000 &Eacute;v&egrave;nement positionn&eacute; le : 07\/11\/2016 20h 21mn&lt;\/br&gt;Par le Club : Rotary Club de Corps du message : Soir\u00e9e Beaujolais Comme chaque &hellip; <a href=\"http:\/\/guidelaval.fr\/eva\/soiree-beaujolais\/\">Lire la suite\u00ad\u00ad<\/a><\/p>\n","protected":false},"author":6,"featured_media":0,"parent":0,"menu_order":0,"comment_status":"closed","ping_status":"closed","template":"","meta":{"kt_blocks_editor_width":"","jetpack_post_was_ever_published":false},"jetpack_sharing_enabled":true,"jetpack_shortlink":"https:\/\/wp.me\/P7cFdd-jm","jetpack-related-posts":[{"id":1197,"url":"http:\/\/guidelaval.fr\/eva\/il-y-a-un-probleme-2\/","url_meta":{"origin":1200,"position":0},"title":"il y a un probl\u00e8me","date":"6 novembre 2016","format":false,"excerpt":"Contact : BENARD elisabeth.benard@wanadoo.fr date-d\u00e9but : 17\/11\/2016 20h00 date-fin : 17\/11\/2016 23h00 Salle Polyvalente place de Herc\u00e953000 LAVAL coucou Corps du message : Bonjour \u00e0 tous et \u00e0 toutes Comme chaque ann\u00e9e, le Rotary Club de Laval organise son d\u00eener concert. Venez nombreux go\u00fbter le nouveau beaujolais dans une ambiance\u2026","rel":"","context":"Dans &quot;Non class\u00e9&quot;","img":{"alt_text":"","src":"","width":0,"height":0},"classes":[]},{"id":1272,"url":"http:\/\/guidelaval.fr\/eva\/grand-diner-spectacle-big-band-et-trompes-de-chasse\/","url_meta":{"origin":1200,"position":1},"title":"Grand Diner Spectacle Big Band et Trompes de Chasse","date":"24 mars 2017","format":false,"excerpt":"Contact : MARGOGNE lmargogne@orange.fr date-d\u00e9but : 22\/04\/2017 19h30 date-fin : 22\/04\/2017 23h00 Salle Polyvalente de Laval Place de HERCELAVAL 53000 \u00c9v\u00e8nement positionn\u00e9 le : 23\/03\/2017 15h 39mn<\/br>Par le Club : Rotary Ambroise Corps du message : Grand Diner Spectacle Big Band et Trompes de Chasse \u00c9v\u00e8nement Modifi\u00e9 le : 24\/03\/2017\u2026","rel":"","context":"Dans &quot;Non class\u00e9&quot;","img":{"alt_text":"","src":"","width":0,"height":0},"classes":[]},{"id":1275,"url":"http:\/\/guidelaval.fr\/eva\/grand-diner-spectacle-big-band-et-trompes-de-chasse-2\/","url_meta":{"origin":1200,"position":2},"title":"Grand Diner Spectacle Big Band et Trompes de Chasse","date":"24 mars 2017","format":false,"excerpt":"Contact : MARGOGNE lmargogne@orange.fr date-d\u00e9but : 22\/04\/2017 19h30 date-fin : 22\/04\/2017 23h00 Salle Polyvalente de Laval Place de HERCELAVAL 53000 \u00c9v\u00e8nement positionn\u00e9 le : 23\/03\/2017 15h 39mn<\/br>Par le Club : Rotary Ambroise Corps du message : Grand Diner Spectacle Big Band et Trompes de Chasse \u00c9v\u00e8nement Modifi\u00e9 le : 24\/03\/2017\u2026","rel":"","context":"Dans &quot;Non class\u00e9&quot;","img":{"alt_text":"","src":"","width":0,"height":0},"classes":[]},{"id":1278,"url":"http:\/\/guidelaval.fr\/eva\/grand-diner-spectacle-big-band-et-trompes-de-chasse-3\/","url_meta":{"origin":1200,"position":3},"title":"Grand Diner Spectacle Big Band et Trompes de Chasse","date":"24 mars 2017","format":false,"excerpt":"Contact : MARGOGNE lmargogne@orange.fr date-d\u00e9but : 22\/04\/2017 19h30 date-fin : 22\/04\/2017 23h00 Salle Polyvalente de Laval Place de HERCELAVAL 53000 \u00c9v\u00e8nement positionn\u00e9 le : 23\/03\/2017 15h 39mn<\/br>Par le Club : Rotary Ambroise Corps du message : Grand diner spectacle organis\u00e9 par le Rotary Laval Ambroise PARE Le 22 Avril 2017\u2026","rel":"","context":"Dans &quot;Non class\u00e9&quot;","img":{"alt_text":"","src":"","width":0,"height":0},"classes":[]},{"id":1102,"url":"http:\/\/guidelaval.fr\/eva\/soiree-pas-folle-3\/","url_meta":{"origin":1200,"position":4},"title":"soir\u00e9e pas folle","date":"4 mai 2016","format":false,"excerpt":"Invitation envoy\u00e9e par : lE GRAND legrand.jt@orange.fr date-d\u00e9but:02\/04\/2016 date-fin :02\/04\/2016 Corps du message : soir\u00e9e pas folle \u00c9v\u00e8nement Modifi\u00e9 le : 23\/04\/2016 18h 44mn par le grand du Club : Lions Club Guy de Laval soir\u00e9e pas folle du tout \u00c9v\u00e8nement positionn\u00e9 le : 23\/04\/2016 18h 42mn Par le Club\u2026","rel":"","context":"Dans &quot;Non class\u00e9&quot;","img":{"alt_text":"","src":"https:\/\/i0.wp.com\/guidelaval.fr\/eva\/wp-content\/uploads\/2016\/05\/festiguide53-ovale-10.jpg?resize=350%2C200","width":350,"height":200},"classes":[]},{"id":1064,"url":"http:\/\/guidelaval.fr\/eva\/soiree-pas-folle-2\/","url_meta":{"origin":1200,"position":5},"title":"soir\u00e9e pas folle","date":"2 mai 2016","format":false,"excerpt":"De : lE GRAND Nom de l'\u00e9v\u00e8nement : soir\u00e9e pas folle date-d\u00e9but:02\/04\/2016 date-fin :02\/04\/2016 Corps du message : soir\u00e9e pas folle \u00c9v\u00e8nement Modifi\u00e9 le : 23\/04\/2016 18h 44mn par le grand du Club : Lions Club Guy de Laval soir\u00e9e pas folle du tout \u00c9v\u00e8nement positionn\u00e9 le : 23\/04\/2016 18h\u2026","rel":"","context":"Dans &quot;Non class\u00e9&quot;","img":{"alt_text":"","src":"","width":0,"height":0},"classes":[]}],"_links":{"self":[{"href":"http:\/\/guidelaval.fr\/eva\/wp-json\/wp\/v2\/pages\/1200"}],"collection":[{"href":"http:\/\/guidelaval.fr\/eva\/wp-json\/wp\/v2\/pages"}],"about":[{"href":"http:\/\/guidelaval.fr\/eva\/wp-json\/wp\/v2\/types\/page"}],"author":[{"embeddable":true,"href":"http:\/\/guidelaval.fr\/eva\/wp-json\/wp\/v2\/users\/6"}],"replies":[{"embeddable":true,"href":"http:\/\/guidelaval.fr\/eva\/wp-json\/wp\/v2\/comments?post=1200"}],"version-history":[{"count":1,"href":"http:\/\/guidelaval.fr\/eva\/wp-json\/wp\/v2\/pages\/1200\/revisions"}],"predecessor-version":[{"id":1202,"href":"http:\/\/guidelaval.fr\/eva\/wp-json\/wp\/v2\/pages\/1200\/revisions\/1202"}],"wp:attachment":[{"href":"http:\/\/guidelaval.fr\/eva\/wp-json\/wp\/v2\/media?parent=1200"}],"curies":[{"name":"wp","href":"https:\/\/api.w.org\/{rel}","templated":true}]}}