{"id":1216,"date":"2016-12-08T17:57:07","date_gmt":"2016-12-08T15:57:07","guid":{"rendered":"http:\/\/guidelaval.fr\/?p=1216"},"modified":"2016-12-08T17:01:39","modified_gmt":"2016-12-08T16:01:39","slug":"marche-de-noel","status":"publish","type":"page","link":"http:\/\/guidelaval.fr\/eva\/marche-de-noel\/","title":{"rendered":"March\u00e9 de NOEL"},"content":{"rendered":"<p>Contact : noury<br \/> <a href=\"mailto:noury.magali@gmail.com\">noury.magali@gmail.com<\/a><\/br><br \/> date-d\u00e9but : 08\/12\/2016 14h00<br \/> date-fin : 11\/12\/2016 18h00<br \/> Square Boston<br \/> Square Boston<br \/>Laval 53000<br \/> &Eacute;v&egrave;nement positionn&eacute; le : 08\/12\/2016 14h 09mn&lt;\/br&gt;Par le Club : Mayenne-USA&lt;\/br<br \/> <b>Corps du message :<\/b><br \/> March\u00e9 de NOEL<\/p>\n<p>\u00c9v\u00e8nement Modifi\u00e9 le : 08\/12\/2016 14h 11mn<\/p>\n<p>par noury du Club : Mayenne-USA<\/p>\n<p>March\u00e9 de NOEL<\/p>\n<p>Comme chaque ann\u00e9e, l&#039;Association Mayenne USA est pr\u00e9sente au march\u00e9 de No\u00ebl de Laval ; venez nombreux d\u00e9couvrir nos boissons chaudes, friandises et autres petits pr\u00e9sents \u00e0 offrir \u00e0 vos proches !<\/p>\n<p>     <a href=\"http:\/\/guidelaval.fr\/?attachment_id=1217\"><img data-attachment-id=\"1217\" data-permalink=\"http:\/\/guidelaval.fr\/eva\/marche-de-noel\/image000000\/\" data-orig-file=\"https:\/\/i0.wp.com\/guidelaval.fr\/eva\/wp-content\/uploads\/2016\/12\/image000000.jpg?fit=1080%2C1920\" data-orig-size=\"1080,1920\" data-comments-opened=\"0\" data-image-meta=\"{&quot;aperture&quot;:&quot;0&quot;,&quot;credit&quot;:&quot;&quot;,&quot;camera&quot;:&quot;&quot;,&quot;caption&quot;:&quot;&quot;,&quot;created_timestamp&quot;:&quot;0&quot;,&quot;copyright&quot;:&quot;&quot;,&quot;focal_length&quot;:&quot;0&quot;,&quot;iso&quot;:&quot;0&quot;,&quot;shutter_speed&quot;:&quot;0&quot;,&quot;title&quot;:&quot;&quot;,&quot;orientation&quot;:&quot;0&quot;}\" data-image-title=\"image000000\" data-image-description=\"\" data-image-caption=\"\" data-medium-file=\"https:\/\/i0.wp.com\/guidelaval.fr\/eva\/wp-content\/uploads\/2016\/12\/image000000.jpg?fit=169%2C300\" data-large-file=\"https:\/\/i0.wp.com\/guidelaval.fr\/eva\/wp-content\/uploads\/2016\/12\/image000000.jpg?fit=576%2C1024\" decoding=\"async\" loading=\"lazy\" src=\"http:\/\/i0.wp.com\/guidelaval.fr\/eva\/wp-content\/uploads\/2016\/12\/image000000.jpg?fit=169%2C300\" alt=\"\" width=\"169px\" height=\"300px\" class=\"alignnone size-medium wp-image-1217\" srcset=\"https:\/\/i0.wp.com\/guidelaval.fr\/eva\/wp-content\/uploads\/2016\/12\/image000000.jpg?w=1080 1080w, https:\/\/i0.wp.com\/guidelaval.fr\/eva\/wp-content\/uploads\/2016\/12\/image000000.jpg?resize=169%2C300 169w, https:\/\/i0.wp.com\/guidelaval.fr\/eva\/wp-content\/uploads\/2016\/12\/image000000.jpg?resize=768%2C1365 768w, https:\/\/i0.wp.com\/guidelaval.fr\/eva\/wp-content\/uploads\/2016\/12\/image000000.jpg?resize=576%2C1024 576w, https:\/\/i0.wp.com\/guidelaval.fr\/eva\/wp-content\/uploads\/2016\/12\/image000000.jpg?resize=600%2C1067 600w\" sizes=\"(max-width: 1080px) 100vw, 1080px\" \/><\/a><\/p>\n","protected":false},"excerpt":{"rendered":"<p>Contact : noury noury.magali@gmail.com date-d\u00e9but : 08\/12\/2016 14h00 date-fin : 11\/12\/2016 18h00 Square Boston Square BostonLaval 53000 &Eacute;v&egrave;nement positionn&eacute; le : 08\/12\/2016 14h 09mn&lt;\/br&gt;Par le Club : Mayenne-USA&lt;\/br Corps du message : March\u00e9 de NOEL \u00c9v\u00e8nement Modifi\u00e9 le : 08\/12\/2016 &hellip; <a href=\"http:\/\/guidelaval.fr\/eva\/marche-de-noel\/\">Lire la suite\u00ad\u00ad<\/a><\/p>\n","protected":false},"author":6,"featured_media":0,"parent":0,"menu_order":0,"comment_status":"closed","ping_status":"closed","template":"","meta":{"kt_blocks_editor_width":"","jetpack_post_was_ever_published":false},"jetpack_sharing_enabled":true,"jetpack_shortlink":"https:\/\/wp.me\/P7cFdd-jC","jetpack-related-posts":[{"id":1300,"url":"http:\/\/guidelaval.fr\/eva\/marche-de-noel-2\/","url_meta":{"origin":1216,"position":0},"title":"March\u00e9 de No\u00ebl","date":"22 novembre 2017","format":false,"excerpt":"Contact : noury noury.magali@gmail.com date-d\u00e9but : 08\/12\/2017 10h00 date-fin : 11\/12\/2017 18h00 Square Boston Square BostonLaval 53000 \u00c9v\u00e8nement positionn\u00e9 le : 08\/12\/2016 14h 09mn<\/br>Par le Club : Mayenne-USA<\/br Corps du message : March\u00e9 de No\u00ebl \u00c9v\u00e8nement Modifi\u00e9 le : 16\/11\/2017 10h 44mn par noury du Club : Mayenne-USA Comme chaque\u2026","rel":"","context":"Dans &quot;Non class\u00e9&quot;","img":{"alt_text":"","src":"","width":0,"height":0},"classes":[]},{"id":1170,"url":"http:\/\/guidelaval.fr\/eva\/diner-et-soiree-dansante-25e-anniversaire\/","url_meta":{"origin":1216,"position":1},"title":"D\u00eener et soir\u00e9e dansante \u00ab\u00a025e anniversaire\u00a0\u00bb","date":"6 septembre 2016","format":false,"excerpt":"Contact : noury noury.magali@gmail.com date-d\u00e9but : 08\/10\/2016 20h00 date-fin : 09\/10\/2016 01h00 Salle des Ondines Chang\u00e9-Les-Laval \u00c9v\u00e8nement positionn\u00e9 le : 05\/09\/2016 19h 23mn<\/br>Par le Club : Mayenne-USA<\/br Corps du message : D\u00eener et soir\u00e9e dansante \"25e anniversaire\" Mayenne USA souffle ses 25 bougies ainsi que le 5e anniversaire de la\u2026","rel":"","context":"Dans &quot;Non class\u00e9&quot;","img":{"alt_text":"","src":"","width":0,"height":0},"classes":[]},{"id":1294,"url":"http:\/\/guidelaval.fr\/eva\/recital-de-chansons-les-annees-piaf\/","url_meta":{"origin":1216,"position":2},"title":"R\u00e9cital de chansons :\u00a0\u00bbLes ann\u00e9es PIAF","date":"23 septembre 2017","format":false,"excerpt":"Contact : le grand legrand.jt@orange.fr date-d\u00e9but : 15\/10\/2017 16h00 date-fin : 15\/10\/2017 19h00 Th\u00e9\u00e2tre municipal de Mayenne Place JuhelMayenne 53100 \u00c9v\u00e8nement positionn\u00e9 le : 23\/09\/2017 15h 36mn<\/br>Par le Club : Lions Club Guy Corps du message : R\u00e9cital de chansons :\"Les ann\u00e9es PIAF Ch\u00e8r(e)s Ami(e)s, Les LIONS CLUB associ\u00e9s de\u2026","rel":"","context":"Dans &quot;Non class\u00e9&quot;","img":{"alt_text":"","src":"http:\/\/i0.wp.com\/guidelaval.fr\/eva\/wp-content\/uploads\/2017\/09\/affiche-les-annees-piaf-2017-10-15300.jpg?resize=350%2C200","width":350,"height":200},"classes":[]},{"id":1272,"url":"http:\/\/guidelaval.fr\/eva\/grand-diner-spectacle-big-band-et-trompes-de-chasse\/","url_meta":{"origin":1216,"position":3},"title":"Grand Diner Spectacle Big Band et Trompes de Chasse","date":"24 mars 2017","format":false,"excerpt":"Contact : MARGOGNE lmargogne@orange.fr date-d\u00e9but : 22\/04\/2017 19h30 date-fin : 22\/04\/2017 23h00 Salle Polyvalente de Laval Place de HERCELAVAL 53000 \u00c9v\u00e8nement positionn\u00e9 le : 23\/03\/2017 15h 39mn<\/br>Par le Club : Rotary Ambroise Corps du message : Grand Diner Spectacle Big Band et Trompes de Chasse \u00c9v\u00e8nement Modifi\u00e9 le : 24\/03\/2017\u2026","rel":"","context":"Dans &quot;Non class\u00e9&quot;","img":{"alt_text":"","src":"","width":0,"height":0},"classes":[]},{"id":1275,"url":"http:\/\/guidelaval.fr\/eva\/grand-diner-spectacle-big-band-et-trompes-de-chasse-2\/","url_meta":{"origin":1216,"position":4},"title":"Grand Diner Spectacle Big Band et Trompes de Chasse","date":"24 mars 2017","format":false,"excerpt":"Contact : MARGOGNE lmargogne@orange.fr date-d\u00e9but : 22\/04\/2017 19h30 date-fin : 22\/04\/2017 23h00 Salle Polyvalente de Laval Place de HERCELAVAL 53000 \u00c9v\u00e8nement positionn\u00e9 le : 23\/03\/2017 15h 39mn<\/br>Par le Club : Rotary Ambroise Corps du message : Grand Diner Spectacle Big Band et Trompes de Chasse \u00c9v\u00e8nement Modifi\u00e9 le : 24\/03\/2017\u2026","rel":"","context":"Dans &quot;Non class\u00e9&quot;","img":{"alt_text":"","src":"","width":0,"height":0},"classes":[]},{"id":1126,"url":"http:\/\/guidelaval.fr\/eva\/separation-infos-6\/","url_meta":{"origin":1216,"position":5},"title":"s\u00e9paration infos","date":"6 mai 2016","format":false,"excerpt":"Invitation envoy\u00e9e par : lE GRAND legrand.jt@orange.fr date-d\u00e9but:06\/05\/2016:00h00 date-fin :06\/05\/2016:00h00 mai 247 Avenue des Fran\u00e7ais Libres\u00a0laval53000 \u00c9v\u00e8nement positionn\u00e9 le : 04\/05\/2016 22h 21mn<\/br>Par le Club : Lions Club Guy Corps du message : C'est l'heure pour faire plaisir, s\u00e9paration de la date de cr\u00e9ation modification ey de la description de\u2026","rel":"","context":"Dans &quot;Non class\u00e9&quot;","img":{"alt_text":"","src":"http:\/\/i1.wp.com\/guidelaval.fr\/eva\/wp-content\/uploads\/2016\/05\/image-1.jpg?fit=940%2C627&resize=350%2C200","width":350,"height":200},"classes":[]}],"_links":{"self":[{"href":"http:\/\/guidelaval.fr\/eva\/wp-json\/wp\/v2\/pages\/1216"}],"collection":[{"href":"http:\/\/guidelaval.fr\/eva\/wp-json\/wp\/v2\/pages"}],"about":[{"href":"http:\/\/guidelaval.fr\/eva\/wp-json\/wp\/v2\/types\/page"}],"author":[{"embeddable":true,"href":"http:\/\/guidelaval.fr\/eva\/wp-json\/wp\/v2\/users\/6"}],"replies":[{"embeddable":true,"href":"http:\/\/guidelaval.fr\/eva\/wp-json\/wp\/v2\/comments?post=1216"}],"version-history":[{"count":1,"href":"http:\/\/guidelaval.fr\/eva\/wp-json\/wp\/v2\/pages\/1216\/revisions"}],"predecessor-version":[{"id":1218,"href":"http:\/\/guidelaval.fr\/eva\/wp-json\/wp\/v2\/pages\/1216\/revisions\/1218"}],"wp:attachment":[{"href":"http:\/\/guidelaval.fr\/eva\/wp-json\/wp\/v2\/media?parent=1216"}],"curies":[{"name":"wp","href":"https:\/\/api.w.org\/{rel}","templated":true}]}}