{"id":1243,"date":"2017-01-26T21:44:57","date_gmt":"2017-01-26T19:44:57","guid":{"rendered":"http:\/\/guidelaval.fr\/?p=1243"},"modified":"2017-01-26T20:47:07","modified_gmt":"2017-01-26T19:47:07","slug":"recital-de-piano","status":"publish","type":"page","link":"http:\/\/guidelaval.fr\/eva\/recital-de-piano\/","title":{"rendered":"R\u00e9cital de piano"},"content":{"rendered":"<p>Contact : Callerot<br \/> <a href=\"mailto:laurencecallerot@gmail.com\">laurencecallerot@gmail.com<\/a><\/br><br \/> date-d\u00e9but : 11\/03\/2017 20h<br \/> date-fin : 11\/03\/2017 23h00<br \/> Th\u00e9\u00e2tre de Laval<br \/> 34 rue de la paix<br \/>laval 53000<br \/> &Eacute;v&egrave;nement positionn&eacute; le : 18\/01\/2017 11h 26mn&lt;\/br&gt;Par le Club : Richelieu B\ufffdatr<br \/> <b>Corps du message :<\/b><br \/> R\u00e9cital de piano<\/p>\n<p>Ne manquez pas ce r\u00e9cital de piano, par Fr\u00e9d\u00e9ric Rivault.<br \/> Ce moment vous enchantera !!!<br \/> Les b\u00e9n\u00e9ficiaires de cette soir\u00e9e sont France Adot et France Alzheimer.<br \/> Venez nombreux pour les soutenir<br \/> La billetterie est ouverte \u00e0 l&#039;office de tourisme<br \/> Prix des places 15\u0080, soutien 20\u0080, gratuit &lt;12 ans<\/p>\n<p>     <a href=\"http:\/\/guidelaval.fr\/?attachment_id=1244\"><img data-attachment-id=\"1244\" data-permalink=\"http:\/\/guidelaval.fr\/eva\/recital-de-piano\/mise-en-page-1\/\" data-orig-file=\"https:\/\/i0.wp.com\/guidelaval.fr\/eva\/wp-content\/uploads\/2017\/01\/m.-rivault-affiche.jpg?fit=2268%2C3189\" data-orig-size=\"2268,3189\" data-comments-opened=\"0\" data-image-meta=\"{&quot;aperture&quot;:&quot;0&quot;,&quot;credit&quot;:&quot;&quot;,&quot;camera&quot;:&quot;&quot;,&quot;caption&quot;:&quot;&quot;,&quot;created_timestamp&quot;:&quot;0&quot;,&quot;copyright&quot;:&quot;&quot;,&quot;focal_length&quot;:&quot;0&quot;,&quot;iso&quot;:&quot;0&quot;,&quot;shutter_speed&quot;:&quot;0&quot;,&quot;title&quot;:&quot;Mise en page 1&quot;,&quot;orientation&quot;:&quot;1&quot;}\" data-image-title=\"Mise en page 1\" data-image-description=\"\" data-image-caption=\"\" data-medium-file=\"https:\/\/i0.wp.com\/guidelaval.fr\/eva\/wp-content\/uploads\/2017\/01\/m.-rivault-affiche.jpg?fit=213%2C300\" data-large-file=\"https:\/\/i0.wp.com\/guidelaval.fr\/eva\/wp-content\/uploads\/2017\/01\/m.-rivault-affiche.jpg?fit=728%2C1024\" decoding=\"async\" loading=\"lazy\" src=\"http:\/\/i1.wp.com\/guidelaval.fr\/eva\/wp-content\/uploads\/2017\/01\/m.-rivault-affiche.jpg?fit=213%2C300\" alt=\"\" width=\"213px\" height=\"300px\" class=\"alignnone size-medium wp-image-1244\" srcset=\"https:\/\/i0.wp.com\/guidelaval.fr\/eva\/wp-content\/uploads\/2017\/01\/m.-rivault-affiche.jpg?w=2268 2268w, https:\/\/i0.wp.com\/guidelaval.fr\/eva\/wp-content\/uploads\/2017\/01\/m.-rivault-affiche.jpg?resize=213%2C300 213w, https:\/\/i0.wp.com\/guidelaval.fr\/eva\/wp-content\/uploads\/2017\/01\/m.-rivault-affiche.jpg?resize=768%2C1080 768w, https:\/\/i0.wp.com\/guidelaval.fr\/eva\/wp-content\/uploads\/2017\/01\/m.-rivault-affiche.jpg?resize=728%2C1024 728w, https:\/\/i0.wp.com\/guidelaval.fr\/eva\/wp-content\/uploads\/2017\/01\/m.-rivault-affiche.jpg?resize=600%2C844 600w\" sizes=\"(max-width: 1140px) 100vw, 1140px\" \/><\/a><\/p>\n","protected":false},"excerpt":{"rendered":"<p>Contact : Callerot laurencecallerot@gmail.com date-d\u00e9but : 11\/03\/2017 20h date-fin : 11\/03\/2017 23h00 Th\u00e9\u00e2tre de Laval 34 rue de la paixlaval 53000 &Eacute;v&egrave;nement positionn&eacute; le : 18\/01\/2017 11h 26mn&lt;\/br&gt;Par le Club : Richelieu B\ufffdatr Corps du message : R\u00e9cital de piano &hellip; <a href=\"http:\/\/guidelaval.fr\/eva\/recital-de-piano\/\">Lire la suite\u00ad\u00ad<\/a><\/p>\n","protected":false},"author":6,"featured_media":0,"parent":0,"menu_order":0,"comment_status":"closed","ping_status":"closed","template":"","meta":{"kt_blocks_editor_width":"","jetpack_post_was_ever_published":false},"jetpack_sharing_enabled":true,"jetpack_shortlink":"https:\/\/wp.me\/P7cFdd-k3","jetpack-related-posts":[{"id":1262,"url":"http:\/\/guidelaval.fr\/eva\/recital-de-piano-2\/","url_meta":{"origin":1243,"position":0},"title":"R\u00e9cital de piano","date":"1 mars 2017","format":false,"excerpt":"Contact : Callerot laurencecallerot@gmail.com date-d\u00e9but : 11\/03\/2017 20h date-fin : 11\/03\/2017 23h00 Th\u00e9\u00e2tre de Laval 34 rue de la paixlaval 53000 \u00c9v\u00e8nement positionn\u00e9 le : 18\/01\/2017 11h 26mn<\/br>Par le Club : Richelieu B\ufffdatr Corps du message : R\u00e9cital de piano Ne manquez pas ce r\u00e9cital de piano, par Fr\u00e9d\u00e9ric Rivault.\u2026","rel":"","context":"Dans &quot;Non class\u00e9&quot;","img":{"alt_text":"","src":"http:\/\/i0.wp.com\/guidelaval.fr\/eva\/wp-content\/uploads\/2017\/03\/m.-rivault-affiche.jpg?resize=350%2C200","width":350,"height":200},"classes":[]},{"id":1265,"url":"http:\/\/guidelaval.fr\/eva\/recital-de-piano-3\/","url_meta":{"origin":1243,"position":1},"title":"R\u00e9cital de piano","date":"1 mars 2017","format":false,"excerpt":"Contact : callerot laurencecallerot@gmail.com date-d\u00e9but : 11\/03\/2017 20h date-fin : 11\/03\/2017 23h00 Th\u00e9\u00e2tre de Laval 34 rue de la paixlaval 53000 \u00c9v\u00e8nement positionn\u00e9 le : 18\/01\/2017 11h 26mn<\/br>Par le Club : Richelieu B\ufffdatr Corps du message : R\u00e9cital de piano Ne manquez pas ce r\u00e9cital de piano, par Fr\u00e9d\u00e9ric Rivault.\u2026","rel":"","context":"Dans &quot;Non class\u00e9&quot;","img":{"alt_text":"","src":"http:\/\/i1.wp.com\/guidelaval.fr\/eva\/wp-content\/uploads\/2017\/03\/m.-rivault-affiche-1.jpg?resize=350%2C200","width":350,"height":200},"classes":[]},{"id":1194,"url":"http:\/\/guidelaval.fr\/eva\/recital-les-annees-piaf\/","url_meta":{"origin":1243,"position":2},"title":"RECITAL  LES ANNEES PIAF","date":"5 novembre 2016","format":false,"excerpt":"Contact : Houdbine houdbine.felix@orange.fr date-d\u00e9but : 26\/11\/2016 21h00 date-fin : 26\/11\/2016 23h00 SALLE DE L'AVANT-SCENE 33, all\u00e9e du Vieux Saint LouisLAVAL 53000 \u00c9v\u00e8nement positionn\u00e9 le : 11\/05\/2016 10h 47mn<\/br>Par le Club : Lions Club Guy Corps du message : Chers Amies et Amis, Au nom du LIONS CLUB \u00abGUY DE\u2026","rel":"","context":"Dans &quot;Non class\u00e9&quot;","img":{"alt_text":"","src":"http:\/\/i0.wp.com\/guidelaval.fr\/eva\/wp-content\/uploads\/2016\/11\/recital-piaf.jpg?resize=350%2C200","width":350,"height":200},"classes":[]},{"id":1294,"url":"http:\/\/guidelaval.fr\/eva\/recital-de-chansons-les-annees-piaf\/","url_meta":{"origin":1243,"position":3},"title":"R\u00e9cital de chansons :\u00a0\u00bbLes ann\u00e9es PIAF","date":"23 septembre 2017","format":false,"excerpt":"Contact : le grand legrand.jt@orange.fr date-d\u00e9but : 15\/10\/2017 16h00 date-fin : 15\/10\/2017 19h00 Th\u00e9\u00e2tre municipal de Mayenne Place JuhelMayenne 53100 \u00c9v\u00e8nement positionn\u00e9 le : 23\/09\/2017 15h 36mn<\/br>Par le Club : Lions Club Guy Corps du message : R\u00e9cital de chansons :\"Les ann\u00e9es PIAF Ch\u00e8r(e)s Ami(e)s, Les LIONS CLUB associ\u00e9s de\u2026","rel":"","context":"Dans &quot;Non class\u00e9&quot;","img":{"alt_text":"","src":"http:\/\/i0.wp.com\/guidelaval.fr\/eva\/wp-content\/uploads\/2017\/09\/affiche-les-annees-piaf-2017-10-15300.jpg?resize=350%2C200","width":350,"height":200},"classes":[]},{"id":1298,"url":"http:\/\/guidelaval.fr\/eva\/retro-classic-53\/","url_meta":{"origin":1243,"position":4},"title":"R\u00e9tro Classic 53","date":"3 novembre 2017","format":false,"excerpt":"Contact : le grand legrand.jt@orange.fr date-d\u00e9but : 08\/09\/2018 14h00 date-fin : 09\/09\/2018 18h00 A\u00e9rodrome Beausoleil Route d'AngersLaval 53000 \u00c9v\u00e8nement positionn\u00e9 le : 03\/11\/2017 11h 20mn<\/br>Par le Club : Lions Club Guy Corps du message : Le Lions Club Guy de Laval organise les 8 et 9 septembre 2018 \u00e0 l'a\u00e9rodrome\u2026","rel":"","context":"Dans &quot;Non class\u00e9&quot;","img":{"alt_text":"","src":"","width":0,"height":0},"classes":[]},{"id":1114,"url":"http:\/\/guidelaval.fr\/eva\/separation-infos-3\/","url_meta":{"origin":1243,"position":5},"title":"s\u00e9paration infos","date":"5 mai 2016","format":false,"excerpt":"Invitation envoy\u00e9e par : lE GRAND legrand.jt@orange.fr date-d\u00e9but:06\/05\/2016 date-fin :06\/05\/2016 Lieu :mai Adresse :247 Avenue des Fran\u00e7ais Libres\u00a0laval53000 Inscrit dans le calendrier : \u00c9v\u00e8nement positionn\u00e9 le : 04\/05\/2016 22h 21mn<\/br>Par le Club : Lions Club Guy Corps du message : s\u00e9paration infos pour faire plaisir, s\u00e9paration de la date de\u2026","rel":"","context":"Dans &quot;Non class\u00e9&quot;","img":{"alt_text":"","src":"","width":0,"height":0},"classes":[]}],"_links":{"self":[{"href":"http:\/\/guidelaval.fr\/eva\/wp-json\/wp\/v2\/pages\/1243"}],"collection":[{"href":"http:\/\/guidelaval.fr\/eva\/wp-json\/wp\/v2\/pages"}],"about":[{"href":"http:\/\/guidelaval.fr\/eva\/wp-json\/wp\/v2\/types\/page"}],"author":[{"embeddable":true,"href":"http:\/\/guidelaval.fr\/eva\/wp-json\/wp\/v2\/users\/6"}],"replies":[{"embeddable":true,"href":"http:\/\/guidelaval.fr\/eva\/wp-json\/wp\/v2\/comments?post=1243"}],"version-history":[{"count":1,"href":"http:\/\/guidelaval.fr\/eva\/wp-json\/wp\/v2\/pages\/1243\/revisions"}],"predecessor-version":[{"id":1245,"href":"http:\/\/guidelaval.fr\/eva\/wp-json\/wp\/v2\/pages\/1243\/revisions\/1245"}],"wp:attachment":[{"href":"http:\/\/guidelaval.fr\/eva\/wp-json\/wp\/v2\/media?parent=1243"}],"curies":[{"name":"wp","href":"https:\/\/api.w.org\/{rel}","templated":true}]}}