{"id":1268,"date":"2017-03-10T20:50:04","date_gmt":"2017-03-10T18:50:04","guid":{"rendered":"http:\/\/guidelaval.fr\/?p=1268"},"modified":"2017-03-10T19:51:49","modified_gmt":"2017-03-10T18:51:49","slug":"il-y-a-un-probleme-4","status":"publish","type":"page","link":"http:\/\/guidelaval.fr\/eva\/il-y-a-un-probleme-4\/","title":{"rendered":"il y a un probl\u00e8me"},"content":{"rendered":"<p>Contact : BENARD<br \/> <a href=\"mailto:elisabeth.benard@wanadoo.fr\">elisabeth.benard@wanadoo.fr<\/a><\/br><br \/> date-d\u00e9but :  00h00<br \/> date-fin :  00h00<\/p>\n<p>coucou<br \/> <b>Corps du message :<\/b><\/p>\n","protected":false},"excerpt":{"rendered":"<p>Contact : BENARD elisabeth.benard@wanadoo.fr date-d\u00e9but : 00h00 date-fin : 00h00 coucou Corps du message :<\/p>\n","protected":false},"author":6,"featured_media":0,"parent":0,"menu_order":0,"comment_status":"closed","ping_status":"closed","template":"","meta":{"kt_blocks_editor_width":"","jetpack_post_was_ever_published":false},"jetpack_sharing_enabled":true,"jetpack_shortlink":"https:\/\/wp.me\/P7cFdd-ks","jetpack-related-posts":[{"id":1289,"url":"http:\/\/guidelaval.fr\/eva\/il-y-a-un-probleme-5\/","url_meta":{"origin":1268,"position":0},"title":"il y a un probl\u00e8me","date":"11 ao\u00fbt 2017","format":false,"excerpt":"Contact : pr\u00e9sident g.benoit@wanadoo.fr date-d\u00e9but : 00h00 date-fin : 00h00 coucou Corps du message :","rel":"","context":"Dans &quot;Non class\u00e9&quot;","img":{"alt_text":"","src":"","width":0,"height":0},"classes":[]},{"id":1248,"url":"http:\/\/guidelaval.fr\/eva\/il-y-a-un-probleme-3\/","url_meta":{"origin":1268,"position":1},"title":"il y a un probl\u00e8me","date":"23 f\u00e9vrier 2017","format":false,"excerpt":"Contact : Meslay r.meslay@gmail.com date-d\u00e9but : 00h00 date-fin : 00h00 coucou Corps du message :","rel":"","context":"Dans &quot;Non class\u00e9&quot;","img":{"alt_text":"","src":"","width":0,"height":0},"classes":[]},{"id":1320,"url":"http:\/\/guidelaval.fr\/eva\/il-y-a-un-probleme-6\/","url_meta":{"origin":1268,"position":2},"title":"il y a un probl\u00e8me","date":"25 d\u00e9cembre 2020","format":false,"excerpt":"Contact : FbsbAdjug wilwaf2yhw2gphi@gmail.com date-d\u00e9but : 00h00 date-fin : 00h00 FbsbAdjug coucou Corps du message : cialis super active for cheap <a href=\"https:\/\/cialmenon.com\/#\">cialis genetic<\/a> cialis on line","rel":"","context":"Dans &quot;Non class\u00e9&quot;","img":{"alt_text":"","src":"","width":0,"height":0},"classes":[]},{"id":1197,"url":"http:\/\/guidelaval.fr\/eva\/il-y-a-un-probleme-2\/","url_meta":{"origin":1268,"position":3},"title":"il y a un probl\u00e8me","date":"6 novembre 2016","format":false,"excerpt":"Contact : BENARD elisabeth.benard@wanadoo.fr date-d\u00e9but : 17\/11\/2016 20h00 date-fin : 17\/11\/2016 23h00 Salle Polyvalente place de Herc\u00e953000 LAVAL coucou Corps du message : Bonjour \u00e0 tous et \u00e0 toutes Comme chaque ann\u00e9e, le Rotary Club de Laval organise son d\u00eener concert. Venez nombreux go\u00fbter le nouveau beaujolais dans une ambiance\u2026","rel":"","context":"Dans &quot;Non class\u00e9&quot;","img":{"alt_text":"","src":"","width":0,"height":0},"classes":[]},{"id":1134,"url":"http:\/\/guidelaval.fr\/eva\/separation-infos-8\/","url_meta":{"origin":1268,"position":4},"title":"s\u00e9paration infos","date":"6 mai 2016","format":false,"excerpt":"Contact : lE GRAND legrand.jt@orange.fr date-d\u00e9but:06\/05\/2016 00h00 date-fin :06\/05\/2016 00h00 maison 247 Avenue des Fran\u00e7ais Libreslaval53000 \u00c9v\u00e8nement positionn\u00e9 le : 04\/05\/2016 22h 21mn<\/br>Par le Club : Lions Club Guy Corps du message : pour faire plaisir, s\u00e9paration de la date de cr\u00e9ation modification ey de la description de l'\u00e9v\u00e8nement APRES\u2026","rel":"","context":"Dans &quot;Non class\u00e9&quot;","img":{"alt_text":"","src":"","width":0,"height":0},"classes":[]},{"id":1200,"url":"http:\/\/guidelaval.fr\/eva\/soiree-beaujolais\/","url_meta":{"origin":1268,"position":5},"title":"Soir\u00e9e Beaujolais","date":"7 novembre 2016","format":false,"excerpt":"Contact : BENARD elisabeth.benard@wanadoo.fr date-d\u00e9but : 17\/11\/2016 20h00 date-fin : 17\/11\/2016 23h00 salle polyvalente Place de Herc\u00e953000 LAVAL 53000 \u00c9v\u00e8nement positionn\u00e9 le : 07\/11\/2016 20h 21mn<\/br>Par le Club : Rotary Club de Corps du message : Soir\u00e9e Beaujolais Comme chaque ann\u00e9e, le Rotary Club de Laval vous convie \u00e0 son\u2026","rel":"","context":"Dans &quot;Non class\u00e9&quot;","img":{"alt_text":"","src":"","width":0,"height":0},"classes":[]}],"_links":{"self":[{"href":"http:\/\/guidelaval.fr\/eva\/wp-json\/wp\/v2\/pages\/1268"}],"collection":[{"href":"http:\/\/guidelaval.fr\/eva\/wp-json\/wp\/v2\/pages"}],"about":[{"href":"http:\/\/guidelaval.fr\/eva\/wp-json\/wp\/v2\/types\/page"}],"author":[{"embeddable":true,"href":"http:\/\/guidelaval.fr\/eva\/wp-json\/wp\/v2\/users\/6"}],"replies":[{"embeddable":true,"href":"http:\/\/guidelaval.fr\/eva\/wp-json\/wp\/v2\/comments?post=1268"}],"version-history":[{"count":1,"href":"http:\/\/guidelaval.fr\/eva\/wp-json\/wp\/v2\/pages\/1268\/revisions"}],"predecessor-version":[{"id":1269,"href":"http:\/\/guidelaval.fr\/eva\/wp-json\/wp\/v2\/pages\/1268\/revisions\/1269"}],"wp:attachment":[{"href":"http:\/\/guidelaval.fr\/eva\/wp-json\/wp\/v2\/media?parent=1268"}],"curies":[{"name":"wp","href":"https:\/\/api.w.org\/{rel}","templated":true}]}}