{"id":1315,"date":"2018-08-08T15:44:42","date_gmt":"2018-08-08T13:44:42","guid":{"rendered":"http:\/\/guidelaval.fr\/?p=1315"},"modified":"2018-08-08T15:46:59","modified_gmt":"2018-08-08T13:46:59","slug":"soiree-de-gala","status":"publish","type":"page","link":"http:\/\/guidelaval.fr\/eva\/soiree-de-gala\/","title":{"rendered":"Soir\u00e9e de Gala"},"content":{"rendered":"<p>Contact : le grand<br \/> <a href=\"mailto:legrand.jt@orange.fr\" >legrand.jt@orange.fr<\/a><\/br><br \/> date-d\u00e9but : 08\/09\/2018 19h30<br \/> date-fin : 08\/09\/2018 23h<br \/> Salle LA FABRIQUE<br \/> 10 Rue de la Chambrouill\u00e8re<br \/>Bonchamp 53960<br \/> &Eacute;v&egrave;nement positionn&eacute; le : 08\/08\/2018 12h 41mn&lt;\/br&gt;Par le Club : Lions Club Guy<br \/> <b>Corps du message :<\/b><br \/> Soir\u00e9e de Gala<\/p>\n<p>Le Lions Club Guy de Laval f\u00eate ses 20 ans et vous invite \u00e0 participer \u00e0 la soir\u00e9e de Gala qu&#039;il organise \u00e0 cette occasion.. La soir\u00e9e d\u00e9butera par un d\u00e9fil\u00e9 de mode pr\u00e9sent\u00e9 par GLM FASCHION et sera anim\u00e9e par l&#039;orchestre SMILE.<br \/> La soir\u00e9e est organis\u00e9e au b\u00e9n\u00e9fice de l&#039;association AVC 72\/53, de l&#039;Enfance et du handicap.<\/p>\n<div class=\"postie-attachments\"><a href=\"http:\/\/guidelaval.fr\/eva\/wp-content\/uploads\/2018\/08\/bulletin-reservation.pdf\"><img src='https:\/\/i0.wp.com\/guidelaval.fr\/eva\/wp-content\/plugins\/postie\/icons\/silver\/pdf-32.png?w=1140' alt='pdf icon' data-recalc-dims=\"1\" \/> bulletin-reservation.pdf<\/a>\n<\/div>\n","protected":false},"excerpt":{"rendered":"<p>Contact : le grand legrand.jt@orange.fr date-d\u00e9but : 08\/09\/2018 19h30 date-fin : 08\/09\/2018 23h Salle LA FABRIQUE 10 Rue de la Chambrouill\u00e8reBonchamp 53960 &Eacute;v&egrave;nement positionn&eacute; le : 08\/08\/2018 12h 41mn&lt;\/br&gt;Par le Club : Lions Club Guy Corps du message : Soir\u00e9e &hellip; <a href=\"http:\/\/guidelaval.fr\/eva\/soiree-de-gala\/\">Lire la suite\u00ad\u00ad<\/a><\/p>\n","protected":false},"author":6,"featured_media":0,"parent":0,"menu_order":0,"comment_status":"closed","ping_status":"closed","template":"","meta":{"kt_blocks_editor_width":"","jetpack_post_was_ever_published":false},"jetpack_sharing_enabled":true,"jetpack_shortlink":"https:\/\/wp.me\/P7cFdd-ld","jetpack-related-posts":[{"id":1102,"url":"http:\/\/guidelaval.fr\/eva\/soiree-pas-folle-3\/","url_meta":{"origin":1315,"position":0},"title":"soir\u00e9e pas folle","date":"4 mai 2016","format":false,"excerpt":"Invitation envoy\u00e9e par : lE GRAND legrand.jt@orange.fr date-d\u00e9but:02\/04\/2016 date-fin :02\/04\/2016 Corps du message : soir\u00e9e pas folle \u00c9v\u00e8nement Modifi\u00e9 le : 23\/04\/2016 18h 44mn par le grand du Club : Lions Club Guy de Laval soir\u00e9e pas folle du tout \u00c9v\u00e8nement positionn\u00e9 le : 23\/04\/2016 18h 42mn Par le Club\u2026","rel":"","context":"Dans &quot;Non class\u00e9&quot;","img":{"alt_text":"","src":"https:\/\/i0.wp.com\/guidelaval.fr\/eva\/wp-content\/uploads\/2016\/05\/festiguide53-ovale-10.jpg?resize=350%2C200","width":350,"height":200},"classes":[]},{"id":1064,"url":"http:\/\/guidelaval.fr\/eva\/soiree-pas-folle-2\/","url_meta":{"origin":1315,"position":1},"title":"soir\u00e9e pas folle","date":"2 mai 2016","format":false,"excerpt":"De : lE GRAND Nom de l'\u00e9v\u00e8nement : soir\u00e9e pas folle date-d\u00e9but:02\/04\/2016 date-fin :02\/04\/2016 Corps du message : soir\u00e9e pas folle \u00c9v\u00e8nement Modifi\u00e9 le : 23\/04\/2016 18h 44mn par le grand du Club : Lions Club Guy de Laval soir\u00e9e pas folle du tout \u00c9v\u00e8nement positionn\u00e9 le : 23\/04\/2016 18h\u2026","rel":"","context":"Dans &quot;Non class\u00e9&quot;","img":{"alt_text":"","src":"","width":0,"height":0},"classes":[]},{"id":1189,"url":"http:\/\/guidelaval.fr\/eva\/mega-loto\/","url_meta":{"origin":1315,"position":2},"title":"MEGA LOTO","date":"3 octobre 2016","format":false,"excerpt":"Contact : lecigne-brouxel creamannie@sfr.fr date-d\u00e9but : 15\/10\/2016 20h00 date-fin : 15\/10\/2016 23h30 SALLE POLYVALENTE DE L'HUISSERIE Chemin du FougerayL'HUISSERIE 53970 \u00c9v\u00e8nement positionn\u00e9 le : 28\/05\/2016 19h 17mn<\/br>Par le Club : Lions Club Guy Corps du message : Chers Amies et Amis, Le Lions Club \u00abGUY DE LAVAL\u00bb vous convie \u00e0\u2026","rel":"","context":"Dans &quot;Non class\u00e9&quot;","img":{"alt_text":"","src":"","width":0,"height":0},"classes":[]},{"id":1194,"url":"http:\/\/guidelaval.fr\/eva\/recital-les-annees-piaf\/","url_meta":{"origin":1315,"position":3},"title":"RECITAL  LES ANNEES PIAF","date":"5 novembre 2016","format":false,"excerpt":"Contact : Houdbine houdbine.felix@orange.fr date-d\u00e9but : 26\/11\/2016 21h00 date-fin : 26\/11\/2016 23h00 SALLE DE L'AVANT-SCENE 33, all\u00e9e du Vieux Saint LouisLAVAL 53000 \u00c9v\u00e8nement positionn\u00e9 le : 11\/05\/2016 10h 47mn<\/br>Par le Club : Lions Club Guy Corps du message : Chers Amies et Amis, Au nom du LIONS CLUB \u00abGUY DE\u2026","rel":"","context":"Dans &quot;Non class\u00e9&quot;","img":{"alt_text":"","src":"http:\/\/i0.wp.com\/guidelaval.fr\/eva\/wp-content\/uploads\/2016\/11\/recital-piaf.jpg?resize=350%2C200","width":350,"height":200},"classes":[]},{"id":1250,"url":"http:\/\/guidelaval.fr\/eva\/soiree-cabaret\/","url_meta":{"origin":1315,"position":4},"title":"Soir\u00e9e cabaret","date":"23 f\u00e9vrier 2017","format":false,"excerpt":"Contact : Meslay anny.roland@gmail.com date-d\u00e9but : 31\/03\/2017 20h00 date-fin : 31\/03\/2017 23h30 Les Angenoises 55, rue du MaineBONCHAMP 53960 Corps du message : Veuillez trouver ci-joint une invitation \u00e0 notre soir\u00e9e Cabaret du 31 Mars 2017 aux Angenoises \u00e0 Bonchamp les Laval. Esp\u00e9rons votre pr\u00e9sence \u2026 N\u2019h\u00e9sitez pas \u00e0 inviter\u2026","rel":"","context":"Dans &quot;Non class\u00e9&quot;","img":{"alt_text":"","src":"","width":0,"height":0},"classes":[]},{"id":1254,"url":"http:\/\/guidelaval.fr\/eva\/soiree-cabaret-2\/","url_meta":{"origin":1315,"position":5},"title":"Soir\u00e9e cabaret","date":"23 f\u00e9vrier 2017","format":false,"excerpt":"Contact : Meslay anny.roland@gmail.com date-d\u00e9but : 31\/03\/2017 20h00 date-fin : 31\/03\/2017 23h30 Les Angenoises 55, rue du MaineBONCHAMP 53960 Corps du message : Veuillez trouver ci-joint une invitation \u00e0 notre soir\u00e9e Cabaret du 31 Mars 2017 aux Angenoises \u00e0 Bonchamp les Laval. Esp\u00e9rons votre pr\u00e9sence \u2026 N\u2019h\u00e9sitez pas \u00e0 inviter\u2026","rel":"","context":"Dans &quot;Non class\u00e9&quot;","img":{"alt_text":"","src":"","width":0,"height":0},"classes":[]}],"_links":{"self":[{"href":"http:\/\/guidelaval.fr\/eva\/wp-json\/wp\/v2\/pages\/1315"}],"collection":[{"href":"http:\/\/guidelaval.fr\/eva\/wp-json\/wp\/v2\/pages"}],"about":[{"href":"http:\/\/guidelaval.fr\/eva\/wp-json\/wp\/v2\/types\/page"}],"author":[{"embeddable":true,"href":"http:\/\/guidelaval.fr\/eva\/wp-json\/wp\/v2\/users\/6"}],"replies":[{"embeddable":true,"href":"http:\/\/guidelaval.fr\/eva\/wp-json\/wp\/v2\/comments?post=1315"}],"version-history":[{"count":1,"href":"http:\/\/guidelaval.fr\/eva\/wp-json\/wp\/v2\/pages\/1315\/revisions"}],"predecessor-version":[{"id":1317,"href":"http:\/\/guidelaval.fr\/eva\/wp-json\/wp\/v2\/pages\/1315\/revisions\/1317"}],"wp:attachment":[{"href":"http:\/\/guidelaval.fr\/eva\/wp-json\/wp\/v2\/media?parent=1315"}],"curies":[{"name":"wp","href":"https:\/\/api.w.org\/{rel}","templated":true}]}}