{"id":263,"date":"2015-11-04T18:08:51","date_gmt":"2015-11-04T17:08:51","guid":{"rendered":"http:\/\/guidelaval.fr\/eva\/?page_id=263"},"modified":"2015-11-19T22:54:49","modified_gmt":"2015-11-19T21:54:49","slug":"reglementation","status":"publish","type":"page","link":"http:\/\/guidelaval.fr\/eva\/reglementation\/","title":{"rendered":"R\u00e9glementation"},"content":{"rendered":"<table width=\"600px\" align=\"center\">\n<caption>\n<h4>R\u00e9glementation applicable aux associations<\/h4>\n<\/caption>\n<tbody>\n<tr>\n<td width=\"92%\"><\/td>\n<td width=\"8%\"><\/td>\n<\/tr>\n<tr style=\"background-color: #f5f5f5;\">\n<td>Pr\u00e9ambule portant sur l&rsquo;action de l&rsquo;\u00e9tat<\/td>\n<td><a href=\"http:\/\/guidelaval.fr\/eva\/reglementation-preambule\/\"><img decoding=\"async\" src=\"https:\/\/i0.wp.com\/guidelaval.fr\/eva\/wp-content\/uploads\/2015\/11\/pour_voir.jpg?w=1140\" alt=\"\" data-recalc-dims=\"1\" \/><\/a><\/td>\n<\/tr>\n<tr>\n<td>Pr\u00e9sentation du guide<\/td>\n<td><a href=\"http:\/\/guidelaval.fr\/eva\/reglementation-guide\/\"><img decoding=\"async\" src=\"https:\/\/i0.wp.com\/guidelaval.fr\/eva\/wp-content\/uploads\/2015\/11\/pour_voir.jpg?w=1140\" alt=\"\" data-recalc-dims=\"1\" \/><\/a><\/td>\n<\/tr>\n<tr style=\"background-color: #f5f5f5;\">\n<td>La buvette<\/td>\n<td><a href=\"http:\/\/guidelaval.fr\/eva\/reglementation-buvette\/\"><img decoding=\"async\" src=\"https:\/\/i0.wp.com\/guidelaval.fr\/eva\/wp-content\/uploads\/2015\/11\/pour_voir.jpg?w=1140\" alt=\"\" data-recalc-dims=\"1\" \/><\/a><\/td>\n<\/tr>\n<tr>\n<td>L\u2019emploi<\/td>\n<td><a href=\"http:\/\/guidelaval.fr\/eva\/reglementation-lemploi\/\"><img decoding=\"async\" src=\"https:\/\/i0.wp.com\/guidelaval.fr\/eva\/wp-content\/uploads\/2015\/11\/pour_voir.jpg?w=1140\" alt=\"\" data-recalc-dims=\"1\" \/><\/a><\/td>\n<\/tr>\n<tr style=\"background-color: #f5f5f5;\">\n<td>La restauration<\/td>\n<td><a href=\"http:\/\/guidelaval.fr\/eva\/reglementation-restauration\/\"><img decoding=\"async\" src=\"https:\/\/i0.wp.com\/guidelaval.fr\/eva\/wp-content\/uploads\/2015\/11\/pour_voir.jpg?w=1140\" alt=\"\" data-recalc-dims=\"1\" \/><\/a><\/td>\n<\/tr>\n<tr>\n<td>L\u2019agr\u00e9ment<\/td>\n<td><a href=\"http:\/\/guidelaval.fr\/eva\/reglementation-agrement\/\"><img decoding=\"async\" src=\"https:\/\/i0.wp.com\/guidelaval.fr\/eva\/wp-content\/uploads\/2015\/11\/pour_voir.jpg?w=1140\" alt=\"\" data-recalc-dims=\"1\" \/><\/a><\/td>\n<\/tr>\n<tr style=\"background-color: #f5f5f5;\">\n<td>La Licence d&rsquo;entrepreneur de spectacles<\/td>\n<td><a href=\"http:\/\/guidelaval.fr\/eva\/reglementation-licence\/\"><img decoding=\"async\" src=\"https:\/\/i0.wp.com\/guidelaval.fr\/eva\/wp-content\/uploads\/2015\/11\/pour_voir.jpg?w=1140\" alt=\"\" data-recalc-dims=\"1\" \/><\/a><\/td>\n<\/tr>\n<tr>\n<td>La billetterie<\/td>\n<td><a href=\"http:\/\/guidelaval.fr\/eva\/reglementation-billeterie\/\"><img decoding=\"async\" src=\"https:\/\/i0.wp.com\/guidelaval.fr\/eva\/wp-content\/uploads\/2015\/11\/pour_voir.jpg?w=1140\" alt=\"\" data-recalc-dims=\"1\" \/><\/a><\/td>\n<\/tr>\n<tr style=\"background-color: #f5f5f5;\">\n<td>La publicit\u00e9 et la communication<\/td>\n<td><a href=\"http:\/\/guidelaval.fr\/eva\/reglementation-publicite\/\"><img decoding=\"async\" src=\"https:\/\/i0.wp.com\/guidelaval.fr\/eva\/wp-content\/uploads\/2015\/11\/pour_voir.jpg?w=1140\" alt=\"\" data-recalc-dims=\"1\" \/><\/a><\/td>\n<\/tr>\n<tr>\n<td>Le droit a l&rsquo;image<\/td>\n<td><a href=\"http:\/\/guidelaval.fr\/eva\/reglementation-image\/\"><img decoding=\"async\" src=\"https:\/\/i0.wp.com\/guidelaval.fr\/eva\/wp-content\/uploads\/2015\/11\/pour_voir.jpg?w=1140\" alt=\"\" data-recalc-dims=\"1\" \/><\/a><\/td>\n<\/tr>\n<tr style=\"background-color: #f5f5f5;\">\n<td>La fiscalit\u00e9<\/td>\n<td><a href=\"http:\/\/guidelaval.fr\/eva\/reglementation-fiscalite\/\"><img decoding=\"async\" src=\"https:\/\/i0.wp.com\/guidelaval.fr\/eva\/wp-content\/uploads\/2015\/11\/pour_voir.jpg?w=1140\" alt=\"\" data-recalc-dims=\"1\" \/><\/a><\/td>\n<\/tr>\n<tr>\n<td>La responsabilit\u00e9 des associations<\/td>\n<td><a href=\"http:\/\/guidelaval.fr\/eva\/reglementation-responsable\/\"><img decoding=\"async\" src=\"https:\/\/i0.wp.com\/guidelaval.fr\/eva\/wp-content\/uploads\/2015\/11\/pour_voir.jpg?w=1140\" alt=\"\" data-recalc-dims=\"1\" \/><\/a><\/td>\n<\/tr>\n<tr style=\"background-color: #f5f5f5;\">\n<td>La s\u00e9curit\u00e9 des locaux<\/td>\n<td><a href=\"http:\/\/guidelaval.fr\/eva\/reglementation-securite\/\"><img decoding=\"async\" src=\"https:\/\/i0.wp.com\/guidelaval.fr\/eva\/wp-content\/uploads\/2015\/11\/pour_voir.jpg?w=1140\" alt=\"\" data-recalc-dims=\"1\" \/><\/a><\/td>\n<\/tr>\n<tr>\n<td>Le service de s\u00e9curit\u00e9 et Le secourisme<\/td>\n<td><a href=\"http:\/\/guideLaval.fr\/eva\/reglementation-secourisme\/\"><img decoding=\"async\" src=\"https:\/\/i0.wp.com\/guidelaval.fr\/eva\/wp-content\/uploads\/2015\/11\/pour_voir.jpg?w=1140\" alt=\"\" data-recalc-dims=\"1\" \/><\/a><\/td>\n<\/tr>\n<tr style=\"background-color: #f5f5f5;\">\n<td>La vente de produits ou de services<\/td>\n<td><a href=\"http:\/\/guidelaval.fr\/eva\/reglementation-vente\/\"><img decoding=\"async\" src=\"https:\/\/i0.wp.com\/guidelaval.fr\/eva\/wp-content\/uploads\/2015\/11\/pour_voir.jpg?w=1140\" alt=\"\" data-recalc-dims=\"1\" \/><\/a><\/td>\n<\/tr>\n<tr>\n<td>FICHES TH\u00c9MATIQUES<\/td>\n<td><\/td>\n<\/tr>\n<tr style=\"background-color: #f5f5f5;\">\n<td>Le spectacle vivant<\/td>\n<td><a href=\"http:\/\/guidelaval.fr\/eva\/reglementation-spectacle\/\"><img decoding=\"async\" src=\"https:\/\/i0.wp.com\/guidelaval.fr\/eva\/wp-content\/uploads\/2015\/11\/pour_voir.jpg?w=1140\" alt=\"\" data-recalc-dims=\"1\" \/><\/a><\/td>\n<\/tr>\n<tr>\n<td>La Manifestation dansante<\/td>\n<td><a href=\"http:\/\/guidelaval.fr\/eva\/reglementation-danse\/\"><img decoding=\"async\" src=\"https:\/\/i0.wp.com\/guidelaval.fr\/eva\/wp-content\/uploads\/2015\/11\/pour_voir.jpg?w=1140\" alt=\"\" data-recalc-dims=\"1\" \/><\/a><\/td>\n<\/tr>\n<tr style=\"background-color: #f5f5f5;\">\n<td>La brocante et le vide-greniers<\/td>\n<td><a href=\"http:\/\/guidelaval.fr\/eva\/reglementation-brocante\/\"><img decoding=\"async\" src=\"https:\/\/i0.wp.com\/guidelaval.fr\/eva\/wp-content\/uploads\/2015\/11\/pour_voir.jpg?w=1140\" alt=\"\" data-recalc-dims=\"1\" \/><\/a><\/td>\n<\/tr>\n<tr>\n<td>La tombola la loterie, le loto<\/td>\n<td><a href=\"http:\/\/guidelaval.fr\/eva\/reglementation-tombola\/\"><img decoding=\"async\" src=\"https:\/\/i0.wp.com\/guidelaval.fr\/eva\/wp-content\/uploads\/2015\/11\/pour_voir.jpg?w=1140\" alt=\"\" data-recalc-dims=\"1\" \/><\/a><\/td>\n<\/tr>\n<tr style=\"background-color: #f5f5f5;\">\n<td>La manifestation sur la voie publique<\/td>\n<td><a href=\"http:\/\/guidelaval.fr\/eva\/reglementation-voie_publique\/\"><img decoding=\"async\" src=\"https:\/\/i0.wp.com\/guidelaval.fr\/eva\/wp-content\/uploads\/2015\/11\/pour_voir.jpg?w=1140\" alt=\"\" data-recalc-dims=\"1\" \/><\/a><\/td>\n<\/tr>\n<tr>\n<td>Les concentrations de v\u00e9hicules terrestres \u00e0 moteurs<\/td>\n<td><a href=\"http:\/\/guidelaval.fr\/eva\/reglementation-vehicules\/\"><img decoding=\"async\" src=\"https:\/\/i0.wp.com\/guidelaval.fr\/eva\/wp-content\/uploads\/2015\/11\/pour_voir.jpg?w=1140\" alt=\"\" data-recalc-dims=\"1\" \/><\/a><\/td>\n<\/tr>\n<tr style=\"background-color: #f5f5f5;\">\n<td>Les \u00e9preuves ou comp\u00e9titions sportives non motoris\u00e9es(p\u00e9destres )<\/td>\n<td><a href=\"http:\/\/guidelaval.fr\/eva\/reglementation-competitions\/\"><img decoding=\"async\" src=\"https:\/\/i0.wp.com\/guidelaval.fr\/eva\/wp-content\/uploads\/2015\/11\/pour_voir.jpg?w=1140\" alt=\"\" data-recalc-dims=\"1\" \/><\/a><\/td>\n<\/tr>\n<tr>\n<td>ANNEXES<\/td>\n<td><a href=\"http:\/\/guidelaval.fr\/eva\/reglementation-annexes\/\"><img decoding=\"async\" src=\"https:\/\/i0.wp.com\/guidelaval.fr\/eva\/wp-content\/uploads\/2015\/11\/pour_voir.jpg?w=1140\" alt=\"\" data-recalc-dims=\"1\" \/><\/a><\/td>\n<\/tr>\n<\/tbody>\n<\/table>\n","protected":false},"excerpt":{"rendered":"<p>R\u00e9glementation applicable aux associations Pr\u00e9ambule portant sur l&rsquo;action de l&rsquo;\u00e9tat Pr\u00e9sentation du guide La buvette L\u2019emploi La restauration L\u2019agr\u00e9ment La Licence d&rsquo;entrepreneur de spectacles La billetterie La publicit\u00e9 et la communication Le droit a l&rsquo;image La fiscalit\u00e9 La responsabilit\u00e9 des &hellip; <a href=\"http:\/\/guidelaval.fr\/eva\/reglementation\/\">Lire la suite\u00ad\u00ad<\/a><\/p>\n","protected":false},"author":1,"featured_media":0,"parent":0,"menu_order":0,"comment_status":"closed","ping_status":"closed","template":"","meta":{"kt_blocks_editor_width":"","jetpack_post_was_ever_published":false},"jetpack_sharing_enabled":true,"jetpack_shortlink":"https:\/\/wp.me\/P7cFdd-4f","jetpack-related-posts":[{"id":380,"url":"http:\/\/guidelaval.fr\/eva\/reglementation-preambule\/","url_meta":{"origin":263,"position":0},"title":"R\u00e9glementation-pr\u00e9ambule","date":"11 novembre 2015","format":false,"excerpt":"","rel":"","context":"Article similaire","img":{"alt_text":"","src":"","width":0,"height":0},"classes":[]},{"id":344,"url":"http:\/\/guidelaval.fr\/eva\/reglementation-buvette\/","url_meta":{"origin":263,"position":1},"title":"R\u00e9glementation-buvette","date":"11 novembre 2015","format":false,"excerpt":"","rel":"","context":"Article similaire","img":{"alt_text":"","src":"","width":0,"height":0},"classes":[]},{"id":401,"url":"http:\/\/guidelaval.fr\/eva\/reglementation-lemploi\/","url_meta":{"origin":263,"position":2},"title":"R\u00e9glementation-l&#8217;emploi","date":"11 novembre 2015","format":false,"excerpt":"","rel":"","context":"Article similaire","img":{"alt_text":"","src":"","width":0,"height":0},"classes":[]},{"id":391,"url":"http:\/\/guidelaval.fr\/eva\/reglementation-guide\/","url_meta":{"origin":263,"position":3},"title":"R\u00e9glementation-guide","date":"11 novembre 2015","format":false,"excerpt":"","rel":"","context":"Article similaire","img":{"alt_text":"","src":"","width":0,"height":0},"classes":[]},{"id":476,"url":"http:\/\/guidelaval.fr\/eva\/reglementation\/reglementation-agrement\/","url_meta":{"origin":263,"position":4},"title":"R\u00e9glementation-agr\u00e9ment","date":"16 novembre 2015","format":false,"excerpt":"","rel":"","context":"Article similaire","img":{"alt_text":"","src":"","width":0,"height":0},"classes":[]},{"id":468,"url":"http:\/\/guidelaval.fr\/eva\/reglementation-restauration\/","url_meta":{"origin":263,"position":5},"title":"R\u00e9glementation-restauration","date":"16 novembre 2015","format":false,"excerpt":"","rel":"","context":"Article similaire","img":{"alt_text":"","src":"","width":0,"height":0},"classes":[]}],"_links":{"self":[{"href":"http:\/\/guidelaval.fr\/eva\/wp-json\/wp\/v2\/pages\/263"}],"collection":[{"href":"http:\/\/guidelaval.fr\/eva\/wp-json\/wp\/v2\/pages"}],"about":[{"href":"http:\/\/guidelaval.fr\/eva\/wp-json\/wp\/v2\/types\/page"}],"author":[{"embeddable":true,"href":"http:\/\/guidelaval.fr\/eva\/wp-json\/wp\/v2\/users\/1"}],"replies":[{"embeddable":true,"href":"http:\/\/guidelaval.fr\/eva\/wp-json\/wp\/v2\/comments?post=263"}],"version-history":[{"count":47,"href":"http:\/\/guidelaval.fr\/eva\/wp-json\/wp\/v2\/pages\/263\/revisions"}],"predecessor-version":[{"id":567,"href":"http:\/\/guidelaval.fr\/eva\/wp-json\/wp\/v2\/pages\/263\/revisions\/567"}],"wp:attachment":[{"href":"http:\/\/guidelaval.fr\/eva\/wp-json\/wp\/v2\/media?parent=263"}],"curies":[{"name":"wp","href":"https:\/\/api.w.org\/{rel}","templated":true}]}}