{"id":380,"date":"2015-11-11T19:33:12","date_gmt":"2015-11-11T18:33:12","guid":{"rendered":"http:\/\/guidelaval.fr\/eva\/?page_id=380"},"modified":"2015-11-16T15:25:33","modified_gmt":"2015-11-16T14:25:33","slug":"reglementation-preambule","status":"publish","type":"page","link":"http:\/\/guidelaval.fr\/eva\/reglementation-preambule\/","title":{"rendered":"R\u00e9glementation-pr\u00e9ambule"},"content":{"rendered":"<table width='60%'align='center'>\n<tr>\n<td width=95%'>\n<h5 style=\"text-align: center;\">L\u2019ACTION DE DE L&rsquo;\u00c9TAT EN FAVEUR DE LA VIE ASSOCIATIVE<\/h5>\n<\/td>\n<td><a href=\"http:\/\/guidelaval.fr\/eva\/reglementation\"class='cgras'>&nbsp;<<&nbsp;&nbsp;<\/a><a href=\"http:\/\/guidelaval.fr\/eva\/reglementation\" class='cgras'>&nbsp;<&nbsp;<\/a><a href=\"http:\/\/guidelaval.fr\/eva\/reglementation-guide\" class='cgras'>&nbsp;>&nbsp;<\/a><\/td>\n<\/tr>\n<tr>\n<td>\n<p style=\"text-align: justify;\">Elle est anim\u00e9e dans chaque d\u00e9partement par le D\u00e9l\u00e9gu\u00e9 D\u00e9partemental \u00e0 la vie associative. Le DDVA est un conseiller technique, nomm\u00e9 par le pr\u00e9fet de la Mayenne. Sa mission consiste \u00e0 :<br \/>\n\u2022 Cr\u00e9er les conditions favorables au d\u00e9veloppement des associations, dans un contexte juridique complexe,<br \/>\n\u2022 avoriser l\u2019engagement b\u00e9n\u00e9vole, la prise de responsabilit\u00e9s associatives et aider les associations \u00e0 disposer de b\u00e9n\u00e9voles qualifi\u00e9s,<br \/>\n\u2022 Promouvoir le volontariat, notamment dans le cadre du nouveau service civique.<br \/>\nLe DDVA assure un conseil technique et p\u00e9dagogique en direction des b\u00e9n\u00e9voles. Il agit au sein de la nouvelle Direction D\u00e9partementale de la coh\u00e9sion sociale et de la protection des populations de la Mayenne.Il anime la mission d\u2019accueil et d\u2019information des associations : la MAIA. Elle regroupe un r\u00e9seau de correspondants associatifs Etat, amen\u00e9 \u00e0 renseigner les associations dans<br \/>\nleurs d\u00e9marches.<br \/>\nLa MAIA apporte des r\u00e9ponses techniques dans diff\u00e9rents domaines de comp\u00e9tences : droit, fiscalit\u00e9, emploi, \u2026.. et fonctionne de la mani\u00e8re suivante :<br \/>\n\u2022 Un groupe anim\u00e9 par le DDVA qui assure une veille sur les sujets d\u2019actualit\u00e9s relatifs \u00e0 la vie associative et peut mettre en place une observation d\u00e9partementale sur cette question.<br \/>\n\u2022 Les correspondants Etat peuvent directement apporter des conseils techniques aux associations.<\/p>\n<p style=\"text-align: center;\"><strong>Les origines du guide d\u2019organisation des manifestations<\/strong><\/p>\n<p style=\"text-align: justify;\">Les associations d\u00e9veloppent des actions de proximit\u00e9 favorisant le lien social. Elles sont, notamment, \u00e0 l\u2019initiative de manifestations publiques qui peuvent prendre des formes tr\u00e8s diff\u00e9rentes : vide-grenier, rencontre sportive, festival de musique, de th\u00e9\u00e2tre.<br \/>\nPour r\u00e9aliser ces projets dans les meilleures conditions, les organisateurs associatifs doivent se renseigner aupr\u00e8s de diff\u00e9rents services publics pour \u00eatre en phase avec la r\u00e9glementation (accueil de public, restauration, d\u00e9bit de boisson, diffusion de musique, \u2026).<br \/>\nLe pr\u00e9sent document, \u00e9labor\u00e9 par le Lions Club a vocation \u00e0 apporter, dans un m\u00eame document, un \u00e9clairage sur tous les aspects concernant l\u2019organisation d\u2019une manifestatio port\u00e9e par une association loi de 1901.<br \/>\nJe me tiens \u00e0 votre disposition pour vous apporter des informations compl\u00e9mentaires sur ce sujet et sur toute autre question technique que vous vous posez concernant votre association<br \/>\nBonne lecture.<br \/>\nKada OUNAS<br \/>\nD\u00e9l\u00e9gu\u00e9 d\u00e9partemental \u00e0 la vie associative<br \/>\nkada.ounas@mayenne.gouv.fr<br \/>\nBureau : 02 43 67 27 68<\/p>\n<\/td>\n<\/tr>\n<tr>\n<td><\/td>\n<td><a href=\"http:\/\/guidelaval.fr\/eva\/reglementation\"class='cgras'>&nbsp;<<&nbsp;&nbsp;<\/a><a href=\"http:\/\/guidelaval.fr\/eva\/reglementation\" class='cgras'>&nbsp;<&nbsp;<\/a><a href=\"http:\/\/guidelaval.fr\/eva\/reglementation-guide\" class='cgras'>&nbsp;>&nbsp;<\/a><\/td>\n<\/tr>\n<\/table>\n","protected":false},"excerpt":{"rendered":"","protected":false},"author":1,"featured_media":0,"parent":0,"menu_order":0,"comment_status":"closed","ping_status":"closed","template":"","meta":{"kt_blocks_editor_width":"","jetpack_post_was_ever_published":false},"jetpack_sharing_enabled":true,"jetpack_shortlink":"https:\/\/wp.me\/P7cFdd-68","jetpack-related-posts":[{"id":263,"url":"http:\/\/guidelaval.fr\/eva\/reglementation\/","url_meta":{"origin":380,"position":0},"title":"R\u00e9glementation","date":"4 novembre 2015","format":false,"excerpt":"R\u00e9glementation applicable aux associations Pr\u00e9ambule portant sur l'action de l'\u00e9tat Pr\u00e9sentation du guide La buvette L\u2019emploi La restauration L\u2019agr\u00e9ment La Licence d'entrepreneur de spectacles La billetterie La publicit\u00e9 et la communication Le droit a l'image La fiscalit\u00e9 La responsabilit\u00e9 des associations La s\u00e9curit\u00e9 des locaux Le service de s\u00e9curit\u00e9 et\u2026","rel":"","context":"Article similaire","img":{"alt_text":"","src":"","width":0,"height":0},"classes":[]},{"id":476,"url":"http:\/\/guidelaval.fr\/eva\/reglementation\/reglementation-agrement\/","url_meta":{"origin":380,"position":1},"title":"R\u00e9glementation-agr\u00e9ment","date":"16 novembre 2015","format":false,"excerpt":"","rel":"","context":"Article similaire","img":{"alt_text":"","src":"","width":0,"height":0},"classes":[]},{"id":344,"url":"http:\/\/guidelaval.fr\/eva\/reglementation-buvette\/","url_meta":{"origin":380,"position":2},"title":"R\u00e9glementation-buvette","date":"11 novembre 2015","format":false,"excerpt":"","rel":"","context":"Article similaire","img":{"alt_text":"","src":"","width":0,"height":0},"classes":[]},{"id":391,"url":"http:\/\/guidelaval.fr\/eva\/reglementation-guide\/","url_meta":{"origin":380,"position":3},"title":"R\u00e9glementation-guide","date":"11 novembre 2015","format":false,"excerpt":"","rel":"","context":"Article similaire","img":{"alt_text":"","src":"","width":0,"height":0},"classes":[]},{"id":401,"url":"http:\/\/guidelaval.fr\/eva\/reglementation-lemploi\/","url_meta":{"origin":380,"position":4},"title":"R\u00e9glementation-l&#8217;emploi","date":"11 novembre 2015","format":false,"excerpt":"","rel":"","context":"Article similaire","img":{"alt_text":"","src":"","width":0,"height":0},"classes":[]},{"id":468,"url":"http:\/\/guidelaval.fr\/eva\/reglementation-restauration\/","url_meta":{"origin":380,"position":5},"title":"R\u00e9glementation-restauration","date":"16 novembre 2015","format":false,"excerpt":"","rel":"","context":"Article similaire","img":{"alt_text":"","src":"","width":0,"height":0},"classes":[]}],"_links":{"self":[{"href":"http:\/\/guidelaval.fr\/eva\/wp-json\/wp\/v2\/pages\/380"}],"collection":[{"href":"http:\/\/guidelaval.fr\/eva\/wp-json\/wp\/v2\/pages"}],"about":[{"href":"http:\/\/guidelaval.fr\/eva\/wp-json\/wp\/v2\/types\/page"}],"author":[{"embeddable":true,"href":"http:\/\/guidelaval.fr\/eva\/wp-json\/wp\/v2\/users\/1"}],"replies":[{"embeddable":true,"href":"http:\/\/guidelaval.fr\/eva\/wp-json\/wp\/v2\/comments?post=380"}],"version-history":[{"count":15,"href":"http:\/\/guidelaval.fr\/eva\/wp-json\/wp\/v2\/pages\/380\/revisions"}],"predecessor-version":[{"id":466,"href":"http:\/\/guidelaval.fr\/eva\/wp-json\/wp\/v2\/pages\/380\/revisions\/466"}],"wp:attachment":[{"href":"http:\/\/guidelaval.fr\/eva\/wp-json\/wp\/v2\/media?parent=380"}],"curies":[{"name":"wp","href":"https:\/\/api.w.org\/{rel}","templated":true}]}}