{"id":391,"date":"2015-11-11T19:41:38","date_gmt":"2015-11-11T18:41:38","guid":{"rendered":"http:\/\/guidelaval.fr\/eva\/?page_id=391"},"modified":"2015-11-16T15:13:01","modified_gmt":"2015-11-16T14:13:01","slug":"reglementation-guide","status":"publish","type":"page","link":"http:\/\/guidelaval.fr\/eva\/reglementation-guide\/","title":{"rendered":"R\u00e9glementation-guide"},"content":{"rendered":"<table width='60%'align='center'>\n<tr>\n<td width=95%'>\n<h5 style=\"text-align: center;\">PR\u00c9SENTATION DU GUIDE <\/h5>\n<\/td>\n<td><a href=\"http:\/\/guidelaval.fr\/eva\/reglementation\"class='cgras'>&nbsp;<<&nbsp;&nbsp;<\/a><a href=\"http:\/\/guidelaval.fr\/eva\/reglementation-preambule\" class='cgras'>&nbsp;<&nbsp;<\/a><a href=\"http:\/\/guidelaval.fr\/eva\/reglementation-buvette\" class='cgras'>&nbsp;>&nbsp;<\/a><\/td>\n<\/tr>\n<tr>\n<td>\n<p style=\"text-align: justify;\">Ce document est un guide pratique destin\u00e9 \u00e0 faciliter l\u2019organisation de manifestations et \u00e0 rendre plus accessible la r\u00e9glementation des activit\u00e9s associatives occasionnelles, notamment celles accueillant du public. La conception et la r\u00e9alisation de cet outil sont n\u00e9es du constat suivant :<br \/>\n&#8211; Les manifestations sont souvent organis\u00e9es sans concertation sur les dates avec les autres clubs et peuvent donc se faire concurrence entre elles.<br \/>\n&#8211; Les listes de membres de clubs, d\u2019associations et personnalit\u00e9s locales sont souvent \u00e9chang\u00e9es entre clubs et associations. Mais ces listes :<br \/>\n\u2022 ne sont pas exhaustives,<br \/>\n\u2022 pr\u00e9sentent des doublons<br \/>\n\u2022 ne sont pas toujours \u00e0 jour.<br \/>\n\u2022 peuvent \u00eatre la base d\u2019envoi de mails non d\u00e9sir\u00e9s (spam)<br \/>\n&#8211; L\u2019organisation d\u2019une manifestation implique de nombreux partenaires et prestataires : loueurs de salles et de mat\u00e9riels, traiteurs, assureurs\u2026, et les diff\u00e9rents prestataires n\u00e9cessaires ne sont pas toujours facilement identifiables en particulier pour les locations de salles ou de mat\u00e9riels.<br \/>\n&#8211; La r\u00e9glementation n\u2019est pas toujours respect\u00e9e et un rappel serait utile.<br \/>\nLe Lions Club \u00ab Guy de Laval \u00bb s\u2019est fix\u00e9 comme objectifs de cr\u00e9er les outils permettant de r\u00e9pondre \u00e0 ces besoins sous la forme d\u2019un guide d\u2019organisation. Ce guide se pr\u00e9sente sous deux aspects diff\u00e9rents :<br \/>\n1\u00b0 un livre comportant 3 parties :<br \/>\n&#8211; un annuaire des personnalit\u00e9s et des pr\u00e9sidents d\u2019associations<br \/>\n&#8211; un manuel d\u2019organisation<br \/>\n&#8211; un annuaire des prestataires<br \/>\n2\u00b0 un site internet compos\u00e9 de :<br \/>\n&#8211; un calendrier interactif des manifestations<br \/>\n&#8211; un moteur de recherche des prestataires<br \/>\n&#8211; des listings confidentiels des membres d\u2019associations<br \/>\nLa premi\u00e8re partie du guide se compose de fiches th\u00e9matiques. Ces fiches reprennent les grands types de manifestations occasionnelles organis\u00e9es par les associations. Les fiches ont pour but de donner de mani\u00e8re synth\u00e9tique les d\u00e9marches \u00e0 accomplir, les interlocuteurs \u00e0 consulter, etc.<br \/>\nLa deuxi\u00e8me partie reprend les diff\u00e9rents aspects r\u00e8glementaires qui peuvent se pr\u00e9senter lorsqu\u2019une association organise une manifestation. Quelle r\u00e8glementation s\u2019applique lorsqu\u2019on veut mettre en place une buvette ? Quelle r\u00e8glementation pour assurer la s\u00e9curit\u00e9 des participants ?<br \/>\nLorsque vous utiliserez ce guide, nous vous invitons tout d\u2019abord \u00e0 consulter les fiches th\u00e9matiques pour bien rep\u00e9rer les d\u00e9marches \u00e0 accomplir. Puis, il sera indispensable de reprendre les diff\u00e9rents points de r\u00e9glementation afin d\u2019organiser de la mani\u00e8re la plus sereine possible vos activit\u00e9s occasionnelles.<br \/>\nUne derni\u00e8re partie situ\u00e9e en annexe vous donnera les coordonn\u00e9es et comp\u00e9tences des services administratifs susceptibles de vous aider ou de r\u00e9pondre \u00e0 vos interrogations.<\/p>\n<\/td>\n<\/tr>\n<tr>\n<td><\/td>\n<td><a href=\"http:\/\/guidelaval.fr\/eva\/reglementation\"class='cgras'>&nbsp;<<&nbsp;&nbsp;<\/a><a href=\"http:\/\/guidelaval.fr\/eva\/reglementation-preambule\" class='cgras'>&nbsp;<&nbsp;<\/a><a href=\"http:\/\/guidelaval.fr\/eva\/reglementation-buvette\" class='cgras'>&nbsp;>&nbsp;<\/a><\/td>\n<\/tr>\n<\/table>\n","protected":false},"excerpt":{"rendered":"","protected":false},"author":1,"featured_media":0,"parent":0,"menu_order":0,"comment_status":"closed","ping_status":"closed","template":"","meta":{"kt_blocks_editor_width":"","jetpack_post_was_ever_published":false},"jetpack_sharing_enabled":true,"jetpack_shortlink":"https:\/\/wp.me\/P7cFdd-6j","jetpack-related-posts":[{"id":263,"url":"http:\/\/guidelaval.fr\/eva\/reglementation\/","url_meta":{"origin":391,"position":0},"title":"R\u00e9glementation","date":"4 novembre 2015","format":false,"excerpt":"R\u00e9glementation applicable aux associations Pr\u00e9ambule portant sur l'action de l'\u00e9tat Pr\u00e9sentation du guide La buvette L\u2019emploi La restauration L\u2019agr\u00e9ment La Licence d'entrepreneur de spectacles La billetterie La publicit\u00e9 et la communication Le droit a l'image La fiscalit\u00e9 La responsabilit\u00e9 des associations La s\u00e9curit\u00e9 des locaux Le service de s\u00e9curit\u00e9 et\u2026","rel":"","context":"Article similaire","img":{"alt_text":"","src":"","width":0,"height":0},"classes":[]},{"id":476,"url":"http:\/\/guidelaval.fr\/eva\/reglementation\/reglementation-agrement\/","url_meta":{"origin":391,"position":1},"title":"R\u00e9glementation-agr\u00e9ment","date":"16 novembre 2015","format":false,"excerpt":"","rel":"","context":"Article similaire","img":{"alt_text":"","src":"","width":0,"height":0},"classes":[]},{"id":344,"url":"http:\/\/guidelaval.fr\/eva\/reglementation-buvette\/","url_meta":{"origin":391,"position":2},"title":"R\u00e9glementation-buvette","date":"11 novembre 2015","format":false,"excerpt":"","rel":"","context":"Article similaire","img":{"alt_text":"","src":"","width":0,"height":0},"classes":[]},{"id":380,"url":"http:\/\/guidelaval.fr\/eva\/reglementation-preambule\/","url_meta":{"origin":391,"position":3},"title":"R\u00e9glementation-pr\u00e9ambule","date":"11 novembre 2015","format":false,"excerpt":"","rel":"","context":"Article similaire","img":{"alt_text":"","src":"","width":0,"height":0},"classes":[]},{"id":401,"url":"http:\/\/guidelaval.fr\/eva\/reglementation-lemploi\/","url_meta":{"origin":391,"position":4},"title":"R\u00e9glementation-l&#8217;emploi","date":"11 novembre 2015","format":false,"excerpt":"","rel":"","context":"Article similaire","img":{"alt_text":"","src":"","width":0,"height":0},"classes":[]},{"id":468,"url":"http:\/\/guidelaval.fr\/eva\/reglementation-restauration\/","url_meta":{"origin":391,"position":5},"title":"R\u00e9glementation-restauration","date":"16 novembre 2015","format":false,"excerpt":"","rel":"","context":"Article similaire","img":{"alt_text":"","src":"","width":0,"height":0},"classes":[]}],"_links":{"self":[{"href":"http:\/\/guidelaval.fr\/eva\/wp-json\/wp\/v2\/pages\/391"}],"collection":[{"href":"http:\/\/guidelaval.fr\/eva\/wp-json\/wp\/v2\/pages"}],"about":[{"href":"http:\/\/guidelaval.fr\/eva\/wp-json\/wp\/v2\/types\/page"}],"author":[{"embeddable":true,"href":"http:\/\/guidelaval.fr\/eva\/wp-json\/wp\/v2\/users\/1"}],"replies":[{"embeddable":true,"href":"http:\/\/guidelaval.fr\/eva\/wp-json\/wp\/v2\/comments?post=391"}],"version-history":[{"count":9,"href":"http:\/\/guidelaval.fr\/eva\/wp-json\/wp\/v2\/pages\/391\/revisions"}],"predecessor-version":[{"id":458,"href":"http:\/\/guidelaval.fr\/eva\/wp-json\/wp\/v2\/pages\/391\/revisions\/458"}],"wp:attachment":[{"href":"http:\/\/guidelaval.fr\/eva\/wp-json\/wp\/v2\/media?parent=391"}],"curies":[{"name":"wp","href":"https:\/\/api.w.org\/{rel}","templated":true}]}}