{"id":401,"date":"2015-11-11T22:46:53","date_gmt":"2015-11-11T21:46:53","guid":{"rendered":"http:\/\/guidelaval.fr\/eva\/?page_id=401"},"modified":"2015-11-16T15:29:54","modified_gmt":"2015-11-16T14:29:54","slug":"reglementation-lemploi","status":"publish","type":"page","link":"http:\/\/guidelaval.fr\/eva\/reglementation-lemploi\/","title":{"rendered":"R\u00e9glementation-l&#8217;emploi"},"content":{"rendered":"<table width='60%'align='center'>\n<tr>\n<td width=95%'>\n<h5 style=\"text-align: center;\">L&rsquo;EMPLOI <\/h5>\n<\/td>\n<td><a href=\"http:\/\/guidelaval.fr\/eva\/reglementation\"class='cgras'>&nbsp;<<&nbsp;&nbsp;<\/a><a href=\"http:\/\/guidelaval.fr\/eva\/reglementation-buvette\" class='cgras'>&nbsp;<&nbsp;<\/a><a href=\"http:\/\/guidelaval.fr\/eva\/reglementation-restauration\" class='cgras'>&nbsp;>&nbsp;<\/a><\/td>\n<\/tr>\n<tr>\n<td>\n<p style=\"text-align: justify;\">Pour l\u2019organisation ou l\u2019animation de leurs manifestations occasionnelles, les associations peuvent avoir recours \u00e0 diff\u00e9rents types de collaborateurs r\u00e9mun\u00e9r\u00e9s ou non.<br \/>\n1 &#8211; Les b\u00e9n\u00e9voles<br \/>\nUne association fait r\u00e9guli\u00e8rement appel \u00e0 des b\u00e9n\u00e9voles pour l\u2019organisation et la mise en place de ses manifestations. Dans ce cas de figure, aucune r\u00e9mun\u00e9ration, sous quelle forme que ce soit, ne doit \u00eatre vers\u00e9e. Bien \u00e9videmment, lorsque le b\u00e9n\u00e9vole engage des d\u00e9penses pour le compte de l\u2019association, il peut \u00eatre rembours\u00e9 ; ce remboursement de frais n\u2019est pas consid\u00e9r\u00e9 comme une r\u00e9mun\u00e9ration. Des r\u00e8gles bien pr\u00e9cises s\u2019appliquent aux d\u00e9penses engag\u00e9es par les b\u00e9n\u00e9voles pour le compte et dans l\u2019int\u00e9r\u00eat de l\u2019association. Ainsi, les frais rembours\u00e9s :<br \/>\n\u2022 doivent \u00eatre rembours\u00e9s \u00e0 l\u2019euro pr\u00e8s car toute majoration peut \u00eatre qualifi\u00e9e de r\u00e9mun\u00e9ration d\u00e9guis\u00e9e. Les bases forfaitaires sont autoris\u00e9es mais d\u00e9conseill\u00e9es.<br \/>\n\u2022 doivent \u00eatre justifi\u00e9s par des pi\u00e8ces comptables (factures, billets de transport, fiche de remboursement de frais\u2026) que l\u2019association devra conserver pendant 3 ann\u00e9es civiles.<br \/>\n\u2022 doivent \u00eatre justifiables, c\u2019est \u00e0 dire \u00eatre n\u00e9cessaires au fonctionnement de l\u2019association et en rapport avec l\u2019activit\u00e9<br \/>\n\u2022 doivent avoir un caract\u00e8re exceptionnel et non r\u00e9gulier.<br \/>\nSi une d\u00e9pense, quel qu\u2019en soit le montant, ne peut pas \u00eatre justifi\u00e9e, elle est automatiquement consid\u00e9r\u00e9e comme un avantage en nature et peut \u00eatre assimil\u00e9e par les organismes sociaux \u00e0 un salaire d\u00e9guis\u00e9 et comme tout salaire soumis aux charges sociales.<br \/>\nRemboursement des frais<br \/>\nLe b\u00e9n\u00e9vole de l&rsquo;association peut obtenir directement le remboursement de ses frais dans le cadre de l&rsquo;exercice de son activit\u00e9 associative, pour des frais r\u00e9els et justifi\u00e9s ; pour \u00eatre rembours\u00e9s, ces frais doivent \u00eatre proportionn\u00e9s \u00e0 l&rsquo;activit\u00e9 exerc\u00e9e. L&rsquo;association peut aussi choisir le remboursement forfaitaire des frais des b\u00e9n\u00e9voles. Dans ce cas les remboursements suivront le mod\u00e8le applicable aux salari\u00e9s.<br \/>\nLes frais kilom\u00e9triques<br \/>\nPour les frais kilom\u00e9triques, l&rsquo;association pourra mettre en place, en accord avec ses b\u00e9n\u00e9voles, un bar\u00e8me dans la limite du bar\u00e8me fiscal en vigueur.<br \/>\nLes frais de repas et d&rsquo;h\u00e9bergement<br \/>\nPour les frais de repas et d&rsquo;h\u00e9bergement est g\u00e9n\u00e9ralement appliqu\u00e9 le bar\u00e8me forfaitaire des salari\u00e9s. L&rsquo;association peut \u00e9galement mettre \u00e0 la disposition de ses b\u00e9n\u00e9voles des ch\u00e8ques-restaurant. Ces derniers pourront r\u00e9gler leurs frais de restauration avec ces ch\u00e8ques repas selon le m\u00eame fonctionnement que les tickets-restaurants. Il est admis un ch\u00e8que par<br \/>\njour d&rsquo;activit\u00e9 b\u00e9n\u00e9vole. En 2011, la limite d&rsquo;exon\u00e9ration pour le titre-repas du b\u00e9n\u00e9vole est fix\u00e9e \u00e0 5\u20ac80. Pas de charges fiscales ou sociales sur ces titres, non soumis \u00e0 l&rsquo;imp\u00f4t sur le revenu.<br \/>\nR\u00e9duction d&rsquo;imp\u00f4t<br \/>\nIl est possible pour un b\u00e9n\u00e9vole de renoncer express\u00e9ment \u00e0 des remboursements de frais personnels et de volontairement en faire don \u00e0 une association \u00e0 but non lucratif (l\u2019instruction 5 B-11-01 du 23\/02\/2001 vise les frais engag\u00e9s par les \u00ab b\u00e9n\u00e9voles \u00bb notion plus large que \u00ab membre \u00bb). L\u2019activit\u00e9 de l\u2019association doit pr\u00e9senter un caract\u00e8re d\u2019int\u00e9r\u00eat g\u00e9n\u00e9ral au sens des dispositions des articles 200 et 238 bis du code g\u00e9n\u00e9ral des imp\u00f4ts (elle peut demander \u00e0 \u00eatre reconnue comme telle aupr\u00e8s de la Direction D\u00e9partementale des Finances Publiques). En contrepartie de la remise d\u2019un renoncement \u00e9crit \u00e0 tout remboursement, l&rsquo;association d\u00e9livre alors un re\u00e7u fiscal au b\u00e9n\u00e9vole donateur correspondant au montant des frais support\u00e9s. Elle les comptabilise en d\u00e9penses (frais) et en recettes (dons), op\u00e9ration blanche pour l&rsquo;association et conserve dans sa comptabilit\u00e9 la justification des frais (factures ou document en tenant lieu, billets ou d\u00e9compte des kilom\u00e8tres) et la d\u00e9claration de renoncement au remboursement.<br \/>\nSous r\u00e9serve de la pr\u00e9sentation de justificatifs, et apr\u00e8s v\u00e9rification que ces frais ont \u00e9t\u00e9s engag\u00e9s conform\u00e9ment \u00e0 l&rsquo;objet social de l&rsquo;association), l&rsquo;administration fiscale accorde une r\u00e9duction d&rsquo;imp\u00f4ts sur le revenu au b\u00e9n\u00e9vole (66% des sommes d\u00e9clar\u00e9es).<br \/>\n2 &#8211; Les collaborateurs r\u00e9mun\u00e9r\u00e9s<\/p>\n<p style=\"text-align: justify;\">a) Le travailleur ind\u00e9pendant<br \/>\nDans le cadre d\u2019une activit\u00e9 occasionnelle, l\u2019association peut avoir recours \u00e0 un travailleur ind\u00e9pendant pour effectuer une prestation r\u00e9mun\u00e9r\u00e9e. Il peut s\u2019agir de conf\u00e9renciers, consultants, intervenants artistiques, etc.. Attention : Il y a un certain nombre de points \u00e0 respecter. Quand une association fait appel au service d\u2019un travailleur ind\u00e9pendant, elle doit s\u2019assurer que celui-ci est bien en r\u00e8gle. La loi du 11 f\u00e9vrier 1994 pr\u00e9cise les deux obligations fondamentales \u00e0 respecter :<br \/>\n\u2022 Le travailleur ind\u00e9pendant doit \u00eatre r\u00e9guli\u00e8rement immatricul\u00e9.<br \/>\n\u2022 Un travailleur ind\u00e9pendant est une personne physique exer\u00e7ant une activit\u00e9 professionnelle dans un cadre ind\u00e9pendant. Pour pouvoir exercer l\u00e9galement ses activit\u00e9s, il doit \u00eatre r\u00e9guli\u00e8rement immatricul\u00e9 au r\u00e9gime fiscal et social obligatoire des travailleurs ind\u00e9pendants. Si cela n\u2019est pas le cas, l\u2019association, qui emploie ce travailleur, risque d\u2019\u00eatre condamn\u00e9 au titre de la l\u00e9gislation sur le travail ill\u00e9gal (travail dissimul\u00e9).<br \/>\n\u2022 Il ne doit pas y avoir de lien de subordination.<br \/>\n\u2022 L\u2019association doit s\u2019assurer du caract\u00e8re ind\u00e9pendant de la prestation.<br \/>\n\u2022 Le recours \u00e0 un travailleur ind\u00e9pendant implique que le travail effectu\u00e9 se fasse en dehors de tout lien de subordination. Dans le cas contraire et en cas de contr\u00f4le, le contrat pourrait \u00eatre requalifi\u00e9 en contrat de travail (avec toutes les charges que cela induit !). Les deux parties ne sont pas li\u00e9es par un contrat de travail mais par un contrat d\u2019entreprise. A<br \/>\nl\u2019issue de la prestation, ce sont des honoraires qui sont vers\u00e9s et non une r\u00e9mun\u00e9ration. A savoir : Si l\u2019association fait intervenir un travailleur ind\u00e9pendant en lui fournissant un public ou les moyens de travail, il sera consid\u00e9r\u00e9 comme salari\u00e9 de l\u2019association le temps de l\u2019intervention (formateur, professeur par exemple \u2026)<br \/>\nb) Le salari\u00e9<br \/>\nPour rappel, un salari\u00e9 est une personne qui travaille pour le compte et sous la direction d\u2019une autre en contrepartie du versement d\u2019un salaire. Les rapports entre l\u2019association et ses collaborateurs sont soumis au droit commun du travail. Au cours d\u2019une manifestation, il est possible que l\u2019association fasse ponctuellement appel aux comp\u00e9tences, aux savoirs d\u2019un collaborateur salari\u00e9. Le fait d\u2019employer quelqu\u2019un pour une courte dur\u00e9e (dur\u00e9e de la manifestation), n\u2019exon\u00e8re pas l\u2019association des devoirs de tout employeur :<br \/>\n\u2022 \u00e9tablissement d\u2019un contrat de travail,<br \/>\n\u2022 immatriculation aux diff\u00e9rentes caisses de cotisations,<br \/>\n\u2022 paiement des cotisations sociales,<br \/>\n\u2022 d\u00e9livrance d\u2019un bulletin de paie, etc.<br \/>\nAinsi, tous les salari\u00e9s d\u2019une association, m\u00eame les salari\u00e9s qui travaillent \u00e0 temps partiel (m\u00eame quelques heures par mois) doivent avoir sign\u00e9 un contrat de travail \u00e9crit comportant les mentions exig\u00e9es par la loi (fonction du salari\u00e9, nature et dur\u00e9e du contrat, horaires de travail, r\u00e9mun\u00e9ration, dur\u00e9e de la p\u00e9riode d\u2019essai\u2026). Suivant l\u2019activit\u00e9 mise en place, des dispositions existent afin de faciliter l\u2019embauche de salari\u00e9s occasionnels. C\u2019est notamment le cas pour l\u2019embauche de sportifs, l\u2019embauche d\u2019animateurs dans les centres de vacances et de loisirs et l\u2019embauche d\u2019artistes du spectacle et\/ou de technicien qui concourent au spectacle vivant.<br \/>\nc) Les artistes occasionnels<br \/>\nL\u2019organisation occasionnelle de spectacles vivants (pi\u00e8ces de th\u00e9\u00e2tre, op\u00e9ras, com\u00e9dies musicales, concerts, chorales, fanfares\u2026) suppose parfois l\u2019engagement d\u2019artistes ou de techniciens. Concernant les d\u00e9marches administratives quant \u00e0 leur embauche, deux possibilit\u00e9s sont offertes \u00e0 l\u2019association employeur :<br \/>\n\u2022 Elle peut effectuer elle-m\u00eame les diff\u00e9rentes t\u00e2ches lui incombant c\u2019est-\u00e0-dire \u00e9tablissement du contrat de travail, du bulletin de salaire, affiliation aux diff\u00e9rentes caisses de coti- sations en sachant que pour ces salari\u00e9s des caisses de cotisations sp\u00e9cifiques existent\u2026.<br \/>\n\u2022 Elle peut avoir recours gratuitement au GUSO (Guichet Unique pour les Spectacles Occasionnels) Mis en place depuis la loi du 2 juillet 1999, le Guichet unique a \u00e9t\u00e9 cr\u00e9\u00e9 en vue de simplifier les d\u00e9marches administratives des organisateurs occasionnels de spectacles vivants, qui emploient, sous contrat \u00e0 dur\u00e9e d\u00e9termin\u00e9e des artistes ou des techniciens qui concourent au spectacle vivant. Ce guichet est bas\u00e9 \u00e0 Annecy. Sont consid\u00e9r\u00e9s comme organisateurs occasionnels de spectacles vivants :<br \/>\n\u2022 Les personnes physiques : particulier, commer\u00e7ant, profession lib\u00e9rale.<br \/>\n\u2022 Les personnes morales de droit priv\u00e9 : association, soci\u00e9t\u00e9 commerciale, comit\u00e9 d\u2019entreprise, comit\u00e9 des f\u00eates.<br \/>\n\u2022 Les personnes morales de droit public : collectivit\u00e9s territoriales, \u00e9tablissements publics, services de l\u2019\u00c9tat. Par le biais du Guichet unique, l\u2019organisateur accomplit, en une seule fois et aupr\u00e8s d\u2019un seul organisme, toutes les formalit\u00e9s li\u00e9es \u00e0 l\u2019embauche d\u2019une personne. La d\u00e9marche est simple : Le salari\u00e9 embauch\u00e9 remet \u00e0 l\u2019employeur un carnet Guichet unique qu\u2019il a en sa possession afin qu\u2019il puisse le remplir. A d\u00e9faut, sur simple appel, le guichet unique d\u00e9livre sous 48 heures des formulaires pr\u00e9-renseign\u00e9s aux coordonn\u00e9es de l\u2019employeur. Toutefois, pour b\u00e9n\u00e9ficier de ces services, les organisateurs occasionnels doivent :<br \/>\n\u2022 Ne pas avoir pour activit\u00e9 principale l\u2019exploitation de lieu de spectacles, la production ou la diffusion de spectacles ;<br \/>\n\u2022 Organiser des spectacles dans la limite de six repr\u00e9sentations par ann\u00e9e civile ;<br \/>\n\u2022 Employer sous contrat \u00e0 dur\u00e9e d\u00e9termin\u00e9e des artistes du spectacle (article L.7121-2 du code du travail) et des techniciens qui concourent au spectacle vivant.<br \/>\nd) A savoir : Le ch\u00e8que-emploi associatif<br \/>\nIl s&rsquo;agit d&rsquo;une offre de service du r\u00e9seau Urssaf pour favoriser l&#8217;emploi en milieu associatif. Il permet aux associations employant (ou souhaitant employer) au plus 9 salari\u00e9s \u00e9quivalents temps plein, soit 14 463 heures dans l&rsquo;ann\u00e9e, quel que soit le nombre de salari\u00e9s, \u00e0 temps plein ou \u00e0 temps partiel, de remplir toutes les formalit\u00e9s li\u00e9es \u00e0 l&#8217;embauche de personnel :<br \/>\n\u2022 les formalit\u00e9s li\u00e9es \u00e0 l&#8217;embauche sont r\u00e9alis\u00e9es \u00e0 l&rsquo;aide d&rsquo;un seul document : le volet \u00ab\u00a0identification du salari\u00e9\u00a0\u00bb. Pour plus de simplicit\u00e9, il peut \u00eatre rempli en ligne sur internet.<br \/>\n\u2022 Une seule d\u00e9claration pour le calcul des cotisations de S\u00e9curit\u00e9 sociale, d&rsquo;assurancech\u00f4mage, de retraite compl\u00e9mentaire et de pr\u00e9voyance aupr\u00e8s d&rsquo;un seul interlocuteur : le centre national Ch\u00e8que Emploi Associatif, \u00e0 l&rsquo;aide d&rsquo;un seul document : le volet social. Le dispositif est g\u00e9r\u00e9 par un centre d\u00e9di\u00e9, le centre national Ch\u00e8que Emploi Associatif. A noter que le recours au Ch\u00e8que Emploi Associatif est subordonn\u00e9 \u00e0 l&rsquo;accord du salari\u00e9. A noter \u00e9galement que le ch\u00e8que emploi associatif ne peut pas \u00eatre utilis\u00e9 par une association pour l\u2019emploi d\u2019un salari\u00e9 qui rel\u00e8ve du GUSO (article D 1272-3 du code du travail). Les banques d\u00e9livrent gratuitement le carnet \u00abCh\u00e8que Emploi Associatif\u00bb personnalis\u00e9 au nom de l&rsquo;association.<\/p>\n<\/td>\n<\/tr>\n<tr>\n<td><\/td>\n<td><a href=\"http:\/\/guidelaval.fr\/eva\/reglementation\"class='cgras'>&nbsp;<<&nbsp;&nbsp;<\/a><a href=\"http:\/\/guidelaval.fr\/eva\/reglementation-buvette\" class='cgras'>&nbsp;<&nbsp;<\/a><a href=\"http:\/\/guidelaval.fr\/eva\/reglementation-restauration\" class='cgras'>&nbsp;>&nbsp;<\/a><\/td>\n<\/tr>\n<\/table>\n","protected":false},"excerpt":{"rendered":"","protected":false},"author":1,"featured_media":0,"parent":0,"menu_order":0,"comment_status":"closed","ping_status":"closed","template":"","meta":{"kt_blocks_editor_width":"","jetpack_post_was_ever_published":false},"jetpack_sharing_enabled":true,"jetpack_shortlink":"https:\/\/wp.me\/P7cFdd-6t","jetpack-related-posts":[{"id":263,"url":"http:\/\/guidelaval.fr\/eva\/reglementation\/","url_meta":{"origin":401,"position":0},"title":"R\u00e9glementation","date":"4 novembre 2015","format":false,"excerpt":"R\u00e9glementation applicable aux associations Pr\u00e9ambule portant sur l'action de l'\u00e9tat Pr\u00e9sentation du guide La buvette L\u2019emploi La restauration L\u2019agr\u00e9ment La Licence d'entrepreneur de spectacles La billetterie La publicit\u00e9 et la communication Le droit a l'image La fiscalit\u00e9 La responsabilit\u00e9 des associations La s\u00e9curit\u00e9 des locaux Le service de s\u00e9curit\u00e9 et\u2026","rel":"","context":"Article similaire","img":{"alt_text":"","src":"","width":0,"height":0},"classes":[]},{"id":476,"url":"http:\/\/guidelaval.fr\/eva\/reglementation\/reglementation-agrement\/","url_meta":{"origin":401,"position":1},"title":"R\u00e9glementation-agr\u00e9ment","date":"16 novembre 2015","format":false,"excerpt":"","rel":"","context":"Article similaire","img":{"alt_text":"","src":"","width":0,"height":0},"classes":[]},{"id":344,"url":"http:\/\/guidelaval.fr\/eva\/reglementation-buvette\/","url_meta":{"origin":401,"position":2},"title":"R\u00e9glementation-buvette","date":"11 novembre 2015","format":false,"excerpt":"","rel":"","context":"Article similaire","img":{"alt_text":"","src":"","width":0,"height":0},"classes":[]},{"id":380,"url":"http:\/\/guidelaval.fr\/eva\/reglementation-preambule\/","url_meta":{"origin":401,"position":3},"title":"R\u00e9glementation-pr\u00e9ambule","date":"11 novembre 2015","format":false,"excerpt":"","rel":"","context":"Article similaire","img":{"alt_text":"","src":"","width":0,"height":0},"classes":[]},{"id":391,"url":"http:\/\/guidelaval.fr\/eva\/reglementation-guide\/","url_meta":{"origin":401,"position":4},"title":"R\u00e9glementation-guide","date":"11 novembre 2015","format":false,"excerpt":"","rel":"","context":"Article similaire","img":{"alt_text":"","src":"","width":0,"height":0},"classes":[]},{"id":468,"url":"http:\/\/guidelaval.fr\/eva\/reglementation-restauration\/","url_meta":{"origin":401,"position":5},"title":"R\u00e9glementation-restauration","date":"16 novembre 2015","format":false,"excerpt":"","rel":"","context":"Article similaire","img":{"alt_text":"","src":"","width":0,"height":0},"classes":[]}],"_links":{"self":[{"href":"http:\/\/guidelaval.fr\/eva\/wp-json\/wp\/v2\/pages\/401"}],"collection":[{"href":"http:\/\/guidelaval.fr\/eva\/wp-json\/wp\/v2\/pages"}],"about":[{"href":"http:\/\/guidelaval.fr\/eva\/wp-json\/wp\/v2\/types\/page"}],"author":[{"embeddable":true,"href":"http:\/\/guidelaval.fr\/eva\/wp-json\/wp\/v2\/users\/1"}],"replies":[{"embeddable":true,"href":"http:\/\/guidelaval.fr\/eva\/wp-json\/wp\/v2\/comments?post=401"}],"version-history":[{"count":4,"href":"http:\/\/guidelaval.fr\/eva\/wp-json\/wp\/v2\/pages\/401\/revisions"}],"predecessor-version":[{"id":467,"href":"http:\/\/guidelaval.fr\/eva\/wp-json\/wp\/v2\/pages\/401\/revisions\/467"}],"wp:attachment":[{"href":"http:\/\/guidelaval.fr\/eva\/wp-json\/wp\/v2\/media?parent=401"}],"curies":[{"name":"wp","href":"https:\/\/api.w.org\/{rel}","templated":true}]}}