{"id":476,"date":"2015-11-16T17:48:04","date_gmt":"2015-11-16T16:48:04","guid":{"rendered":"http:\/\/guidelaval.fr\/eva\/?page_id=476"},"modified":"2015-11-17T11:28:35","modified_gmt":"2015-11-17T10:28:35","slug":"reglementation-agrement","status":"publish","type":"page","link":"http:\/\/guidelaval.fr\/eva\/reglementation\/reglementation-agrement\/","title":{"rendered":"R\u00e9glementation-agr\u00e9ment"},"content":{"rendered":"<table width='60%'align='center'>\n<tr>\n<td width=95%'>\n<h5 style=\"text-align: center;\">L\u2019AGREMENT<\/h5>\n<\/td>\n<td><a href=\"http:\/\/guidelaval.fr\/eva\/reglementation\"class='cgras'>&nbsp;<<&nbsp;&nbsp;<\/a><a href=\"http:\/\/guidelaval.fr\/eva\/reglementation-restauration\" class='cgras'>&nbsp;<&nbsp;<\/a><a href=\"http:\/\/guidelaval.fr\/eva\/reglementation-licence\" class='cgras'>&nbsp;>&nbsp;<\/a><\/td>\n<\/tr>\n<tr>\n<td>\n<p style=\"text-align: justify;\">\n<strong><br \/>\n1 D\u00e9finition<\/strong><br \/>\nL\u2019agr\u00e9ment permet soit d\u2019autoriser une activit\u00e9 soit de b\u00e9n\u00e9ficier d\u2019avantages d\u00e9livr\u00e9s par l\u2019administration. En contrepartie, l\u2019administration dispose d\u2019un droit de regard sur les activit\u00e9s qu\u2019exercent les associations titulaires de cet agr\u00e9ment. Il existe un grand nombre d\u2019agr\u00e9ments et chacun d\u2019eux vise un type d\u2019activit\u00e9 diff\u00e9rent.<br \/>\nCependant, quel que soit cet agr\u00e9ment, son octroi rel\u00e8ve toujours du pouvoir discr\u00e9tionnaire de l\u2019\u00c9tat.<br \/>\n<strong>2 R\u00e9glementation li\u00e9e aux agr\u00e9ments<\/strong><br \/>\nLes proc\u00e9dures d\u2019octroi sont diff\u00e9rentes selon le type d\u2019agr\u00e9ment. Mais en r\u00e8gle g\u00e9n\u00e9rale, une association doit r\u00e9pondre \u00e0 des crit\u00e8res qualitatifs et quantitatifs pr\u00e9cis. Si l\u2019association cesse de remplir les conditions ou si elle ne respecte plus ses obligations, l\u2019agr\u00e9ment peut \u00eatre suspendu ou retir\u00e9 par l\u2019autorit\u00e9 comp\u00e9tente.<br \/>\nL\u2019Agr\u00e9ment de \u00ab\u00a0Jeunesse et \u00c9ducation Populaire (JEP\u00a0\u00bb ou l\u2019Agr\u00e9ment \u00ab\u00a0Sport\u00a0\u00bb Cet agr\u00e9ment \u00e0 demander aupr\u00e8s du Pr\u00e9fet de d\u00e9partement du si\u00e8ge social de l\u2019association est un label de qualit\u00e9 qui reconna\u00eet la gestion d\u00e9mocratique et le bon fonctionnement statutaire de l\u2019association.<br \/>\n<em>L\u2019administration comp\u00e9tente :<\/em><br \/>\nLa Direction d\u00e9partementale de la coh\u00e9sion sociale et de la protection des populations (DDCSPP) a un r\u00f4le d\u2019information, d\u2019instruction de la demande et de d\u00e9cision d\u2019agr\u00e9ment par d\u00e9l\u00e9gation du Pr\u00e9fet.<br \/>\n<em>Les conditions d\u2019octroi de l\u2019agr\u00e9ment :<\/em><br \/>\nL\u2019association doit remplir un certain nombre de crit\u00e8res (dur\u00e9e d\u2019existence, activit\u00e9 sp\u00e9cifique dans les domaines de la jeunesse et de l\u2019\u00e9ducation populaire ou du sport, autonomie financi\u00e8re, gestion d\u00e9mocratique, dispositions statutaires sp\u00e9cifiques, affiliation \u00e0 une f\u00e9d\u00e9ration sportive agr\u00e9\u00e9e pour les associations sportives\u2026).<br \/>\n<em>Les avantages de l\u2019agr\u00e9ment :<\/em><br \/>\nL\u2019obtention d\u2019un tel agr\u00e9ment offre un certain nombre d\u2019avantages : la possibilit\u00e9 de solliciter une subvention, d\u2019obtenir des aides publiques, des tarifs pr\u00e9f\u00e9rentiels aupr\u00e8s de la SACEM ou encore un calcul forfaitaire des cotisations sociales pour les animateurs occasionnels.<br \/>\n<em>Les d\u00e9marches :<\/em><br \/>\nLes d\u00e9marches \u00e0 faire pour obtenir cet agr\u00e9ment sont pr\u00e9cis\u00e9es dans le dossier de demande d\u2019agr\u00e9ment minist\u00e9riel qui s\u2019obtient aupr\u00e8s de la DDCSPP. L&rsquo;agr\u00e9ment est prononc\u00e9<br \/>\npar arr\u00eat\u00e9 du Pr\u00e9fet apr\u00e8s avis (agr\u00e9ment JEP) de la commission comp\u00e9tente du Conseil d\u00e9partemental de la jeunesse, des sports et de la vie associative (CDJSVA).<br \/>\n<em>L&rsquo;agr\u00e9ment \u00ab\u00a0Tourisme\u00a0\u00bb :<\/em><br \/>\nCet agr\u00e9ment est d\u00e9livr\u00e9 par la Pr\u00e9fecture. Les associations sans but lucratif qui se livrent ou apportent leur concours \u00e0 l\u2019organisation de voyages ou de s\u00e9jours individuels ou collectifs doivent \u00eatre titulaires d\u2019un agr\u00e9ment tourisme. Une association non titulaire d\u2019un agr\u00e9ment de tourisme ne peut proposer \u00e0 ses membres des prestations de voyages ou de s\u00e9jours qu\u2019\u00e0 titre occasionnel (un ou deux voyages maximum par an) et \u00e0 condition que ses activit\u00e9s habituelles ne soient pas l\u2019organisation de<br \/>\nvoyages. Le cas \u00e9ch\u00e9ant, elle doit mettre ses adh\u00e9rents en contact avec une agence de voyages, une association agr\u00e9\u00e9e tourisme qui commercialise ses produits touristiques directement et sous sa propre responsabilit\u00e9. Il existe des cas particuliers pour les associations exer\u00e7ant ces activit\u00e9s. Si elles appartiennent \u00e0 une f\u00e9d\u00e9ration ou \u00e0 une union d\u00e9j\u00e0 titulaire d\u2019un agr\u00e9ment, elles n\u2019ont pas besoin de demander l\u2019agr\u00e9ment en leur nom propre.<br \/>\n<strong>3 R\u00e9glementation li\u00e9e aux habilitations<\/strong><br \/>\nL\u2019habilitation est une autorisation d\u00e9livr\u00e9e \u00e0 une association afin de lui permettre d\u2019exercer certaines activit\u00e9s auxquelles s\u2019applique une r\u00e9glementation particuli\u00e8re. Il s\u2019agit d\u2019une action qui conf\u00e8re une capacit\u00e9 sp\u00e9cifique \u00e0 une structure donn\u00e9e.Selon le cas, la d\u00e9cision d\u2019octroyer l\u2019habilitation est prise par un ministre, un procureur ou par un tribunal. Il n\u2019existe pas de r\u00e8gle sp\u00e9cifique en ce qui concerne l\u2019habilitation des associations, car la d\u00e9cision appartient toujours \u00e0 l\u2019administration comp\u00e9tente.<br \/>\nCertaines de ces habilitations ont des conditions pr\u00e9alables telles que l\u2019existence d\u2019un<br \/>\nagr\u00e9ment, la signature d\u2019une convention type (contrat) ou la justification de comp\u00e9tences ou de capacit\u00e9 juridique sp\u00e9cifiques. Mais il n\u2019y a pas de g\u00e9n\u00e9ralit\u00e9s ; chaque association doit prendre contact avec l\u2019administration comp\u00e9tente. Dans les cas d\u2019agr\u00e9ment et d\u2019habilitation, on parle d\u2019actes unilat\u00e9raux, c\u2019est-\u00e0-dire que c\u2019est l\u2019administration seule qui d\u00e9cide d\u2019attribuer, de refuser, de retirer l\u2019agr\u00e9ment ou l\u2019habilitation.\n<\/p>\n<\/td>\n<\/tr>\n<tr>\n<td><\/td>\n<td><a href=\"http:\/\/guidelaval.fr\/eva\/reglementation\"class='cgras'>&nbsp;<<&nbsp;&nbsp;<\/a><a href=\"http:\/\/guidelaval.fr\/eva\/reglementation-restauration\" class='cgras'>&nbsp;<&nbsp;<\/a><a href=\"http:\/\/guidelaval.fr\/eva\/reglementation-licence\" class='cgras'>&nbsp;>&nbsp;<\/a><\/td>\n<\/tr>\n<\/table>\n","protected":false},"excerpt":{"rendered":"","protected":false},"author":1,"featured_media":0,"parent":263,"menu_order":0,"comment_status":"closed","ping_status":"closed","template":"","meta":{"kt_blocks_editor_width":"","jetpack_post_was_ever_published":false},"jetpack_sharing_enabled":true,"jetpack_shortlink":"https:\/\/wp.me\/P7cFdd-7G","jetpack-related-posts":[{"id":344,"url":"http:\/\/guidelaval.fr\/eva\/reglementation-buvette\/","url_meta":{"origin":476,"position":0},"title":"R\u00e9glementation-buvette","date":"11 novembre 2015","format":false,"excerpt":"","rel":"","context":"Article similaire","img":{"alt_text":"","src":"","width":0,"height":0},"classes":[]},{"id":380,"url":"http:\/\/guidelaval.fr\/eva\/reglementation-preambule\/","url_meta":{"origin":476,"position":1},"title":"R\u00e9glementation-pr\u00e9ambule","date":"11 novembre 2015","format":false,"excerpt":"","rel":"","context":"Article similaire","img":{"alt_text":"","src":"","width":0,"height":0},"classes":[]},{"id":391,"url":"http:\/\/guidelaval.fr\/eva\/reglementation-guide\/","url_meta":{"origin":476,"position":2},"title":"R\u00e9glementation-guide","date":"11 novembre 2015","format":false,"excerpt":"","rel":"","context":"Article similaire","img":{"alt_text":"","src":"","width":0,"height":0},"classes":[]},{"id":401,"url":"http:\/\/guidelaval.fr\/eva\/reglementation-lemploi\/","url_meta":{"origin":476,"position":3},"title":"R\u00e9glementation-l&#8217;emploi","date":"11 novembre 2015","format":false,"excerpt":"","rel":"","context":"Article similaire","img":{"alt_text":"","src":"","width":0,"height":0},"classes":[]},{"id":468,"url":"http:\/\/guidelaval.fr\/eva\/reglementation-restauration\/","url_meta":{"origin":476,"position":4},"title":"R\u00e9glementation-restauration","date":"16 novembre 2015","format":false,"excerpt":"","rel":"","context":"Article similaire","img":{"alt_text":"","src":"","width":0,"height":0},"classes":[]},{"id":483,"url":"http:\/\/guidelaval.fr\/eva\/reglementation-licence\/","url_meta":{"origin":476,"position":5},"title":"R\u00e9glementation-licence","date":"16 novembre 2015","format":false,"excerpt":"","rel":"","context":"Article similaire","img":{"alt_text":"","src":"","width":0,"height":0},"classes":[]}],"_links":{"self":[{"href":"http:\/\/guidelaval.fr\/eva\/wp-json\/wp\/v2\/pages\/476"}],"collection":[{"href":"http:\/\/guidelaval.fr\/eva\/wp-json\/wp\/v2\/pages"}],"about":[{"href":"http:\/\/guidelaval.fr\/eva\/wp-json\/wp\/v2\/types\/page"}],"author":[{"embeddable":true,"href":"http:\/\/guidelaval.fr\/eva\/wp-json\/wp\/v2\/users\/1"}],"replies":[{"embeddable":true,"href":"http:\/\/guidelaval.fr\/eva\/wp-json\/wp\/v2\/comments?post=476"}],"version-history":[{"count":5,"href":"http:\/\/guidelaval.fr\/eva\/wp-json\/wp\/v2\/pages\/476\/revisions"}],"predecessor-version":[{"id":481,"href":"http:\/\/guidelaval.fr\/eva\/wp-json\/wp\/v2\/pages\/476\/revisions\/481"}],"up":[{"embeddable":true,"href":"http:\/\/guidelaval.fr\/eva\/wp-json\/wp\/v2\/pages\/263"}],"wp:attachment":[{"href":"http:\/\/guidelaval.fr\/eva\/wp-json\/wp\/v2\/media?parent=476"}],"curies":[{"name":"wp","href":"https:\/\/api.w.org\/{rel}","templated":true}]}}