{"id":483,"date":"2015-11-16T18:03:46","date_gmt":"2015-11-16T17:03:46","guid":{"rendered":"http:\/\/guidelaval.fr\/eva\/?page_id=483"},"modified":"2015-11-16T18:17:28","modified_gmt":"2015-11-16T17:17:28","slug":"reglementation-licence","status":"publish","type":"page","link":"http:\/\/guidelaval.fr\/eva\/reglementation-licence\/","title":{"rendered":"R\u00e9glementation-licence"},"content":{"rendered":"<table width='60%'align='center'>\n<tr>\n<td width=95%'>\n<h5 style=\"text-align: center;\">LA LICENCE D&rsquo;ENTREPRENEUR DE SPECTACLES<\/h5>\n<\/td>\n<td><a href=\"http:\/\/guidelaval.fr\/eva\/reglementation\"class='cgras'>&nbsp;<<&nbsp;&nbsp;<\/a><a href=\"http:\/\/guidelaval.fr\/eva\/reglementation-agrement\" class='cgras'>&nbsp;<&nbsp;<\/a><a href=\"http:\/\/guidelaval.fr\/eva\/reglementation-billeterie\" class='cgras'>&nbsp;>&nbsp;<\/a><\/td>\n<\/tr>\n<tr>\n<td>\n<p style=\"text-align: justify;\">\n<strong>1 D\u00e9finition<\/strong><br \/>\nLorsqu\u2019une association organise un spectacle, elle est souvent confront\u00e9e \u00e0 la question de savoir si elle doit avoir une licence ou non. Mais avant de donner les contours r\u00e9glementaires, il convient de pr\u00e9ciser les notions de spectacle vivant et d\u2019entrepreneur de spectacles.<br \/>\n<em>Les spectacles vivants :<\/em><br \/>\nUn spectacle entre dans la cat\u00e9gorie des \u00abspectacles vivants\u00bb, lorsqu\u2019un au moins un artiste est pr\u00e9sent physiquement lors du spectacle et qu\u2019il per\u00e7oit une r\u00e9mun\u00e9ration pour<br \/>\navoir repr\u00e9sent\u00e9 en public une oeuvre de l\u2019esprit.<br \/>\n<em>L\u2019entrepreneur de spectacles :<\/em><br \/>\nUn entrepreneur de spectacles est une personne qui exerce simultan\u00e9ment ou non les fonctions suivantes :<br \/>\n\u2022 exploitant de lieux de spectacles am\u00e9nag\u00e9s pour les repr\u00e9sentations publiques<br \/>\n\u2022 producteur de spectacles ou entrepreneurs de tourn\u00e9es<br \/>\n\u2022 diffuseur de spectacles.<br \/>\nL\u2019entrepreneur peut agir seul ou dans le cadre de contrats conclus avec d\u2019autres entrepreneurs de spectacles vivants, quel que soit le mode de gestion, public ou priv\u00e9, \u00e0 but lucratif ou non, de ces activit\u00e9s.<br \/>\n<strong>2 R\u00e9glementation<\/strong><br \/>\nLa loi pr\u00e9voit que la licence d\u2019entrepreneur de spectacles est obligatoire pour tout responsable de structure associative, commerciale ou publique dont l\u2019activit\u00e9 habituelle est de produire des spectacles. Il y a trois types de licence :<br \/>\n\u2022 Licence pour les exploitants de lieu de spectacles am\u00e9nag\u00e9s pour les repr\u00e9sentations publiques.<br \/>\n\u2022 Licence pour les producteurs de spectacles ou entrepreneurs de tourn\u00e9es, qui ont la responsabilit\u00e9 d\u2019un spectacle.<br \/>\n\u2022 Licence pour les diffuseurs de spectacles qui ont la charge, dans le cadre du contrat, de l\u2019accueil du public, de la billetterie et de la s\u00e9curit\u00e9 de spectacles. La licence d\u2019entrepreneur de spectacles est accord\u00e9e pour une dur\u00e9e de trois ans renouvelable lorsque l\u2019entrepreneur de spectacles est \u00e9tabli en France.<br \/>\n<em>Cas de dispense de licence<\/em><br \/>\nLa licence n\u2019est pas obligatoire pour :<br \/>\n\u2022 Toute personne physique ou morale qui n\u2019a pas pour activit\u00e9 principale ou objet l\u2019exploitation de lieu de spectacles, la production ou la diffusion de spectacles.<br \/>\n\u2022 Les groupements d\u2019artistes amateurs b\u00e9n\u00e9voles, y compris ceux qui font occasionnellement appel \u00e0 un ou plusieurs artistes du spectacle percevant une r\u00e9mun\u00e9ration. Ainsi, une association, dont l\u2019activit\u00e9 principale n\u2019est pas la production de spectacles et qui ne repr\u00e9sente pas plus de six spectacles par an, n\u2019a pas besoin de licence d\u2019entrepreneur de spectacles. Cependant, une d\u00e9claration doit \u00eatre n\u00e9anmoins effectu\u00e9e aupr\u00e8s de la direction r\u00e9gionale des affaires culturelles au minimum un mois avant la date pr\u00e9vue de la repr\u00e9sentation.\n<\/p>\n<\/td>\n<\/tr>\n<tr>\n<td><\/td>\n<td><a href=\"http:\/\/guidelaval.fr\/eva\/reglementation\"class='cgras'>&nbsp;<<&nbsp;&nbsp;<\/a><a href=\"http:\/\/guidelaval.fr\/eva\/reglementation-agrement\" class='cgras'>&nbsp;<&nbsp;<\/a><a href=\"http:\/\/guidelaval.fr\/eva\/reglementation-billeterie\" class='cgras'>&nbsp;>&nbsp;<\/a><\/td>\n<\/tr>\n<table width='60%'align='center'>\n","protected":false},"excerpt":{"rendered":"","protected":false},"author":1,"featured_media":0,"parent":0,"menu_order":0,"comment_status":"closed","ping_status":"closed","template":"","meta":{"kt_blocks_editor_width":"","jetpack_post_was_ever_published":false},"jetpack_sharing_enabled":true,"jetpack_shortlink":"https:\/\/wp.me\/P7cFdd-7N","jetpack-related-posts":[{"id":263,"url":"http:\/\/guidelaval.fr\/eva\/reglementation\/","url_meta":{"origin":483,"position":0},"title":"R\u00e9glementation","date":"4 novembre 2015","format":false,"excerpt":"R\u00e9glementation applicable aux associations Pr\u00e9ambule portant sur l'action de l'\u00e9tat Pr\u00e9sentation du guide La buvette L\u2019emploi La restauration L\u2019agr\u00e9ment La Licence d'entrepreneur de spectacles La billetterie La publicit\u00e9 et la communication Le droit a l'image La fiscalit\u00e9 La responsabilit\u00e9 des associations La s\u00e9curit\u00e9 des locaux Le service de s\u00e9curit\u00e9 et\u2026","rel":"","context":"Article similaire","img":{"alt_text":"","src":"","width":0,"height":0},"classes":[]},{"id":476,"url":"http:\/\/guidelaval.fr\/eva\/reglementation\/reglementation-agrement\/","url_meta":{"origin":483,"position":1},"title":"R\u00e9glementation-agr\u00e9ment","date":"16 novembre 2015","format":false,"excerpt":"","rel":"","context":"Article similaire","img":{"alt_text":"","src":"","width":0,"height":0},"classes":[]},{"id":344,"url":"http:\/\/guidelaval.fr\/eva\/reglementation-buvette\/","url_meta":{"origin":483,"position":2},"title":"R\u00e9glementation-buvette","date":"11 novembre 2015","format":false,"excerpt":"","rel":"","context":"Article similaire","img":{"alt_text":"","src":"","width":0,"height":0},"classes":[]},{"id":380,"url":"http:\/\/guidelaval.fr\/eva\/reglementation-preambule\/","url_meta":{"origin":483,"position":3},"title":"R\u00e9glementation-pr\u00e9ambule","date":"11 novembre 2015","format":false,"excerpt":"","rel":"","context":"Article similaire","img":{"alt_text":"","src":"","width":0,"height":0},"classes":[]},{"id":391,"url":"http:\/\/guidelaval.fr\/eva\/reglementation-guide\/","url_meta":{"origin":483,"position":4},"title":"R\u00e9glementation-guide","date":"11 novembre 2015","format":false,"excerpt":"","rel":"","context":"Article similaire","img":{"alt_text":"","src":"","width":0,"height":0},"classes":[]},{"id":401,"url":"http:\/\/guidelaval.fr\/eva\/reglementation-lemploi\/","url_meta":{"origin":483,"position":5},"title":"R\u00e9glementation-l&#8217;emploi","date":"11 novembre 2015","format":false,"excerpt":"","rel":"","context":"Article similaire","img":{"alt_text":"","src":"","width":0,"height":0},"classes":[]}],"_links":{"self":[{"href":"http:\/\/guidelaval.fr\/eva\/wp-json\/wp\/v2\/pages\/483"}],"collection":[{"href":"http:\/\/guidelaval.fr\/eva\/wp-json\/wp\/v2\/pages"}],"about":[{"href":"http:\/\/guidelaval.fr\/eva\/wp-json\/wp\/v2\/types\/page"}],"author":[{"embeddable":true,"href":"http:\/\/guidelaval.fr\/eva\/wp-json\/wp\/v2\/users\/1"}],"replies":[{"embeddable":true,"href":"http:\/\/guidelaval.fr\/eva\/wp-json\/wp\/v2\/comments?post=483"}],"version-history":[{"count":5,"href":"http:\/\/guidelaval.fr\/eva\/wp-json\/wp\/v2\/pages\/483\/revisions"}],"predecessor-version":[{"id":489,"href":"http:\/\/guidelaval.fr\/eva\/wp-json\/wp\/v2\/pages\/483\/revisions\/489"}],"wp:attachment":[{"href":"http:\/\/guidelaval.fr\/eva\/wp-json\/wp\/v2\/media?parent=483"}],"curies":[{"name":"wp","href":"https:\/\/api.w.org\/{rel}","templated":true}]}}