{"id":490,"date":"2015-11-16T18:25:44","date_gmt":"2015-11-16T17:25:44","guid":{"rendered":"http:\/\/guidelaval.fr\/eva\/?page_id=490"},"modified":"2015-11-16T18:25:44","modified_gmt":"2015-11-16T17:25:44","slug":"reglementation-billeterie","status":"publish","type":"page","link":"http:\/\/guidelaval.fr\/eva\/reglementation-billeterie\/","title":{"rendered":"R\u00e9glementation-Billeterie"},"content":{"rendered":"<table width='60%'align='center'>\n<tr>\n<td width=95%'>\n<h5 style=\"text-align: center;\">LA BILLETTERIE<\/h5>\n<\/td>\n<td><a href=\"http:\/\/guidelaval.fr\/eva\/reglementation\"class='cgras'>&nbsp;<<&nbsp;&nbsp;<\/a><a href=\"http:\/\/guidelaval.fr\/eva\/reglementation-licence\" class='cgras'>&nbsp;<&nbsp;<\/a><a href=\"http:\/\/guidelaval.fr\/eva\/reglementation-publicite\" class='cgras'>&nbsp;>&nbsp;<\/a><\/td>\n<\/tr>\n<tr>\n<td>\n<p style=\"text-align: justify;\">\n<strong>1 D\u00e9finition<\/strong><br \/>\nOn parle de billetterie, lorsqu\u2019une association organise un spectacle, une manifestation comportant un prix d\u2019entr\u00e9e. Les organisateurs d\u00e9livrent donc un billet \u00e0 chaque spectateur avant l\u2019entr\u00e9e dans la salle de spectacle.<br \/>\n<strong>2 R\u00e9glementation<\/strong><br \/>\nLa r\u00e9glementation pr\u00e9voit comment doit se faire la billetterie du spectacle. Les billets Les billets d\u00e9livr\u00e9s doivent \u00eatre extraits d\u2019un carnet \u00e0 souche ou d\u2019un distributeur automatique. Cette proc\u00e9dure est obligatoire m\u00eame si les droits d\u2019entr\u00e9e ne sont passibles d\u2019aucun droit fiscal. Le carnet \u00e0 souche comporte 2 voire 3 parties :<br \/>\n\u2022 1 souche pour le spectateur, le billet proprement dit<br \/>\n\u2022 1 souche retenue au point de contr\u00f4le : le ticket contr\u00f4le<br \/>\n\u2022 une souche restant dans le carnet Chacune de ces parties doit porter d\u2019une fa\u00e7on apparente<br \/>\n\u2022 Le nom de l\u2019\u00e9tablissement<br \/>\n\u2022 Le n\u00b0d\u2019ordre du billet<br \/>\n\u2022 La cat\u00e9gorie de place \u00e0 laquelle le billet donne droit<br \/>\n\u2022 Le prix global pay\u00e9 par le spectateur ou s\u2019il y a lieu la mention gratuit<br \/>\n\u2022 Le nom du fabricant ou de l\u2019importateur<br \/>\nLes billets doivent \u00eatre num\u00e9rot\u00e9s suivant une s\u00e9rie ininterrompue et utilis\u00e9s dans leur ordre num\u00e9rique.Chaque billet ne peut \u00eatre utilis\u00e9 que pour la cat\u00e9gorie de place qui y est indiqu\u00e9e.<br \/>\n<em>D\u00e9claration aupr\u00e8s des services des imp\u00f4ts<\/em><br \/>\nSi les billets sont fournis par un imprimeur, ce dernier a l\u2019obligation de d\u00e9clarer la livraison de billets aux organisateurs de spectacles. Cette d\u00e9claration doit se faire aupr\u00e8s des Services des imp\u00f4ts dont ils d\u00e9pendent dans un d\u00e9lai de huit jours apr\u00e8s la livraison des billets. La comp\u00e9tence est attribu\u00e9e \u00e0 la Brigade de contr\u00f4le et de recherche des imp\u00f4ts.<br \/>\n<em>Contr\u00f4les<\/em><br \/>\nA la fin de chaque repr\u00e9sentation, l\u2019organisateur doit \u00e9tablir un relev\u00e9 comportant pour chaque cat\u00e9gorie de place, les num\u00e9ros des premiers et derniers billets d\u00e9livr\u00e9s, le nombre de billets d\u00e9livr\u00e9s, le prix des places et la recette correspondante. Les associations sont comptables des billets qu\u2019elles ont \u00e0 leur disposition. Elles doivent \u00eatre en mesure de pr\u00e9senter les coupons de contr\u00f4le et les billets non utilis\u00e9s lors de tout contr\u00f4le de la part des Services des imp\u00f4ts. Les coupons de contr\u00f4le et les souches des billets doivent \u00eatre conserv\u00e9es pendant 1 an et le relev\u00e9 des billets vendus doit lui \u00eatre conserv\u00e9 pendant 6 ans.<br \/>\n<em>La fiscalit\u00e9<\/em><br \/>\nLa demande pr\u00e9alable d\u2019exon\u00e9ration de TVA, dans le cas o\u00f9 les recettes ne concernent pas plus de six manifestations de bienfaisance et de soutien dans l\u2019ann\u00e9e, a \u00e9t\u00e9 supprim\u00e9e. L\u2019association est dispens\u00e9e de produire dans les trente jours le relev\u00e9 d\u00e9taill\u00e9 des d\u00e9penses. Il lui reste cependant \u00e0 \u00e9tablir les r\u00e9sultats de chacune des six manifestations exon\u00e9r\u00e9es en cas de contr\u00f4le fiscal.\n<\/p>\n<\/td>\n<\/tr>\n<tr>\n<td><\/td>\n<td><a href=\"http:\/\/guidelaval.fr\/eva\/reglementation\"class='cgras'>&nbsp;<<&nbsp;&nbsp;<\/a><a href=\"http:\/\/guidelaval.fr\/eva\/reglementation-licence\" class='cgras'>&nbsp;<&nbsp;<\/a><a href=\"http:\/\/guidelaval.fr\/eva\/reglementation-publicite\" class='cgras'>&nbsp;>&nbsp;<\/a><\/td>\n<\/tr>\n<\/table>\n","protected":false},"excerpt":{"rendered":"","protected":false},"author":1,"featured_media":0,"parent":0,"menu_order":0,"comment_status":"closed","ping_status":"closed","template":"","meta":{"kt_blocks_editor_width":"","jetpack_post_was_ever_published":false},"jetpack_sharing_enabled":true,"jetpack_shortlink":"https:\/\/wp.me\/P7cFdd-7U","jetpack-related-posts":[{"id":476,"url":"http:\/\/guidelaval.fr\/eva\/reglementation\/reglementation-agrement\/","url_meta":{"origin":490,"position":0},"title":"R\u00e9glementation-agr\u00e9ment","date":"16 novembre 2015","format":false,"excerpt":"","rel":"","context":"Article similaire","img":{"alt_text":"","src":"","width":0,"height":0},"classes":[]},{"id":344,"url":"http:\/\/guidelaval.fr\/eva\/reglementation-buvette\/","url_meta":{"origin":490,"position":1},"title":"R\u00e9glementation-buvette","date":"11 novembre 2015","format":false,"excerpt":"","rel":"","context":"Article similaire","img":{"alt_text":"","src":"","width":0,"height":0},"classes":[]},{"id":380,"url":"http:\/\/guidelaval.fr\/eva\/reglementation-preambule\/","url_meta":{"origin":490,"position":2},"title":"R\u00e9glementation-pr\u00e9ambule","date":"11 novembre 2015","format":false,"excerpt":"","rel":"","context":"Article similaire","img":{"alt_text":"","src":"","width":0,"height":0},"classes":[]},{"id":391,"url":"http:\/\/guidelaval.fr\/eva\/reglementation-guide\/","url_meta":{"origin":490,"position":3},"title":"R\u00e9glementation-guide","date":"11 novembre 2015","format":false,"excerpt":"","rel":"","context":"Article similaire","img":{"alt_text":"","src":"","width":0,"height":0},"classes":[]},{"id":401,"url":"http:\/\/guidelaval.fr\/eva\/reglementation-lemploi\/","url_meta":{"origin":490,"position":4},"title":"R\u00e9glementation-l&#8217;emploi","date":"11 novembre 2015","format":false,"excerpt":"","rel":"","context":"Article similaire","img":{"alt_text":"","src":"","width":0,"height":0},"classes":[]},{"id":468,"url":"http:\/\/guidelaval.fr\/eva\/reglementation-restauration\/","url_meta":{"origin":490,"position":5},"title":"R\u00e9glementation-restauration","date":"16 novembre 2015","format":false,"excerpt":"","rel":"","context":"Article similaire","img":{"alt_text":"","src":"","width":0,"height":0},"classes":[]}],"_links":{"self":[{"href":"http:\/\/guidelaval.fr\/eva\/wp-json\/wp\/v2\/pages\/490"}],"collection":[{"href":"http:\/\/guidelaval.fr\/eva\/wp-json\/wp\/v2\/pages"}],"about":[{"href":"http:\/\/guidelaval.fr\/eva\/wp-json\/wp\/v2\/types\/page"}],"author":[{"embeddable":true,"href":"http:\/\/guidelaval.fr\/eva\/wp-json\/wp\/v2\/users\/1"}],"replies":[{"embeddable":true,"href":"http:\/\/guidelaval.fr\/eva\/wp-json\/wp\/v2\/comments?post=490"}],"version-history":[{"count":1,"href":"http:\/\/guidelaval.fr\/eva\/wp-json\/wp\/v2\/pages\/490\/revisions"}],"predecessor-version":[{"id":491,"href":"http:\/\/guidelaval.fr\/eva\/wp-json\/wp\/v2\/pages\/490\/revisions\/491"}],"wp:attachment":[{"href":"http:\/\/guidelaval.fr\/eva\/wp-json\/wp\/v2\/media?parent=490"}],"curies":[{"name":"wp","href":"https:\/\/api.w.org\/{rel}","templated":true}]}}