{"id":495,"date":"2015-11-16T18:33:09","date_gmt":"2015-11-16T17:33:09","guid":{"rendered":"http:\/\/guidelaval.fr\/eva\/?page_id=495"},"modified":"2015-11-16T18:35:53","modified_gmt":"2015-11-16T17:35:53","slug":"reglementation-publicite","status":"publish","type":"page","link":"http:\/\/guidelaval.fr\/eva\/reglementation-publicite\/","title":{"rendered":"R\u00e9glementation-publicit\u00e9"},"content":{"rendered":"<table width='60%'align='center'>\n<tr>\n<td width=95%'>\n<h5 style=\"text-align: center;\">\nLA PUBLICITE ET LA COMMUNICATION<\/h5>\n<\/td>\n<td><a href=\"http:\/\/guidelaval.fr\/eva\/reglementation\"class='cgras'>&nbsp;<<&nbsp;&nbsp;<\/a><a href=\"http:\/\/guidelaval.fr\/eva\/reglementation-billeterie\" class='cgras'>&nbsp;<&nbsp;<\/a><a href=\"http:\/\/guidelaval.fr\/eva\/reglementation-image\" class='cgras'>&nbsp;>&nbsp;<\/a><\/td>\n<\/tr>\n<tr>\n<td>\n<p style=\"text-align: justify;\">\n<strong>1 D\u00e9finition<\/strong><br \/>\nUne association, pour faire conna\u00eetre la manifestation qu\u2019elle organise, peut recourir \u00e0 l\u2019utilisation de moyens de communication efficaces et notamment la publicit\u00e9. La publicit\u00e9 est une forme de communication utilisant les m\u00e9dias (presse, t\u00e9l\u00e9vision, affichage, radio\u2026) afin d\u2019envoyer un message construit \u00e0 une cible (le public) et d\u2019obtenir une r\u00e9action de celle-ci. Sa raison d\u2019\u00eatre est de faire conna\u00eetre un \u00e9v\u00e9nement, ou une structure, ou de vendre un produit. Il existe diff\u00e9rentes formes de publicit\u00e9 (publicit\u00e9 comparative, publicit\u00e9 ventant les m\u00e9rites d\u2019un produit, publicit\u00e9 d\u2019int\u00e9r\u00eat g\u00e9n\u00e9ral). Toutes ces formes doivent respecter un certain nombre de principes.<br \/>\n<strong>2 R\u00e9glementation<\/strong><br \/>\n<em>La r\u00e9glementation g\u00e9n\u00e9rale<\/em><br \/>\nIl faut savoir que les pratiques commerciales trompeuses sont r\u00e9prim\u00e9es et que la publicit\u00e9 comparative est strictement r\u00e9glement\u00e9e.<br \/>\n<em>Pratiques commerciales trompeuses :<\/em><br \/>\nLa notion de \u201cpratique\u201d est plus large que la notion de publicit\u00e9. Elle peut \u00eatre d\u00e9finie comme \u00ab toute action, omission, conduite, d\u00e9marche ou communication commerciale, y compris la publicit\u00e9 et le marketing, de la part d\u2019un professionnel, en relation directe avec la promotion, la vente ou la fourniture d\u2019un produit au consommateur\u00bb.<br \/>\nUne pratique commerciale est trompeuse si elle :<br \/>\n\u2022 contient des \u00e9l\u00e9ments faux ou susceptibles d&rsquo;induire en erreur le consommateur moyen ou bien des \u00e9l\u00e9ments vrais mais pr\u00e9sent\u00e9s de telle fa\u00e7on qu&rsquo;ils conduisent au m\u00eame r\u00e9sultat,<br \/>\n\u2022 omet, dissimule ou fournit, volontairement ou involontairement, de fa\u00e7on inintelligible, ambigu\u00eb ou \u00e0 contretemps une information substantielle, ou qui n\u2019indique pas sa v\u00e9ritable intention commerciale d\u00e8s lors que celle-ci ne ressort pas d\u00e9j\u00e0 du contexte. Par exemple, on ne peut mentionner la pr\u00e9sence d\u2019un artiste c\u00e9l\u00e8bre sur ses affiches alors que c\u2019est son sosie qui va se produire sur sc\u00e8ne. Une liste de 22 pratiques commerciales r\u00e9put\u00e9es trompeuses en toute circonstances a \u00e9t\u00e9 \u00e9tablie (article L. 121-1-1 du code de la consommation). La publicit\u00e9 comparative est autoris\u00e9e dans la mesure o\u00f9 :<br \/>\n\u2022 elle porte sur une ou plusieurs caract\u00e9ristiques essentielles, pertinentes, v\u00e9rifiables et repr\u00e9sentatives de ces biens et services dont le prix peut faire partie ;<br \/>\n\u2022 les biens ou services compar\u00e9s r\u00e9pondent aux m\u00eames besoins ou ont le m\u00eame objectif ;<br \/>\n\u2022 elle ne conduit pas \u00e0 un d\u00e9tournement de la notori\u00e9t\u00e9 attach\u00e9e \u00e0 une marque, \u00e0 un nom commercial ou autre signe distinctif du concurrent, ou \u00e0 une IGP ou une AOC du produit ;<br \/>\n\u2022 elle n\u2019aboutit pas au discr\u00e9dit ou au d\u00e9nigrement d\u2019un concurrent ;<br \/>\n\u2022 elle n\u2019engendre pas la confusion entre deux concurrents ou entre deux produits ou services ;<br \/>\n\u2022 elle ne pr\u00e9sente pas des biens ou des services comme une imitation ou une reproduction d&rsquo;un bien ou d&rsquo;un service b\u00e9n\u00e9ficiant d&rsquo;une marque ou d&rsquo;un nom commercial prot\u00e9g\u00e9.<br \/>\n<em>Attention :<\/em><br \/>\nFaire de la publicit\u00e9 pour certains produits est interdit. De m\u00eame, on ne peut faire appara\u00eetre ces produits sur ses affiches.<br \/>\n\u2022 C\u2019est le cas du tabac et de ses d\u00e9riv\u00e9s pour qui la publicit\u00e9 est interdite.<br \/>\n\u2022 C\u2019est aussi le cas des produits alcoolis\u00e9s dont la publicit\u00e9 est limit\u00e9e \u00e0 quelques m\u00e9dias. Dans ce cas, le message doit \u00eatre informatif et indiquer la mention \u00ab l\u2019abus d\u2019alcool est dangereux pour la sant\u00e9 \u00bb.<br \/>\n<em>La communication<\/em><br \/>\nUn des moyens utilis\u00e9s fr\u00e9quemment par les associations comme moyen de publicit\u00e9 est l\u2019affichage. Il faut savoir que l\u2019on ne peut coller des affiches n\u2019importe o\u00f9. Dans chaque commune, la mairie doit pr\u00e9voir un ou plusieurs emplacements destin\u00e9s \u00e0 l\u2019affichage d\u2019opinion et \u00e0 la publicit\u00e9 des associations. Ces espaces de libert\u00e9 d\u2019expression<br \/>\nsont gratuits et am\u00e9nag\u00e9s sur le domaine public ou sur le domaine priv\u00e9 communal. L\u2019association doit se limiter \u00e0 ces espaces am\u00e9nag\u00e9s sinon elle peut \u00eatre condamn\u00e9e pour affichage sauvage et devoir indemniser la commune du co\u00fbt des travaux de remise en \u00e9tat des lieux d\u00e9grad\u00e9s. Elle peut \u00e9galement louer des espaces publicitaires \u00e0 des soci\u00e9t\u00e9s priv\u00e9es. Pour des raisons de s\u00e9curit\u00e9 routi\u00e8re, l\u2018affichage et la publicit\u00e9 sont interdites hors agglom\u00e9ration. Cependant, le Service de l\u2019\u00e9quipement peut accorder des d\u00e9rogations exceptionnelles.<br \/>\n<em>Remarque :<\/em> Il ne faut pas oublier que les associations qui utilisent des moyens de publicit\u00e9 trop importants peuvent remettre en cause leur statut de non-imposition aux b\u00e9n\u00e9fices commerciaux.<br \/>\n<em>L\u2019\u00e9tiquetage<\/em><br \/>\nL\u2019association est tenue de faire appara\u00eetre les prix de tous les produits et services mis en vente (voir section \u00ab la vente de produits et de services \u00bb)\n<\/p>\n<\/td>\n<\/tr>\n<tr>\n<td><\/td>\n<td><a href=\"http:\/\/guidelaval.fr\/eva\/reglementation\"class='cgras'>&nbsp;<<&nbsp;&nbsp;<\/a><a href=\"http:\/\/guidelaval.fr\/eva\/reglementation-billeterie\" class='cgras'>&nbsp;<&nbsp;<\/a><a href=\"http:\/\/guidelaval.fr\/eva\/reglementation-image\" class='cgras'>&nbsp;>&nbsp;<\/a><\/td>\n<\/tr>\n<\/table>\n","protected":false},"excerpt":{"rendered":"","protected":false},"author":1,"featured_media":0,"parent":0,"menu_order":0,"comment_status":"closed","ping_status":"closed","template":"","meta":{"kt_blocks_editor_width":"","jetpack_post_was_ever_published":false},"jetpack_sharing_enabled":true,"jetpack_shortlink":"https:\/\/wp.me\/P7cFdd-7Z","jetpack-related-posts":[{"id":263,"url":"http:\/\/guidelaval.fr\/eva\/reglementation\/","url_meta":{"origin":495,"position":0},"title":"R\u00e9glementation","date":"4 novembre 2015","format":false,"excerpt":"R\u00e9glementation applicable aux associations Pr\u00e9ambule portant sur l'action de l'\u00e9tat Pr\u00e9sentation du guide La buvette L\u2019emploi La restauration L\u2019agr\u00e9ment La Licence d'entrepreneur de spectacles La billetterie La publicit\u00e9 et la communication Le droit a l'image La fiscalit\u00e9 La responsabilit\u00e9 des associations La s\u00e9curit\u00e9 des locaux Le service de s\u00e9curit\u00e9 et\u2026","rel":"","context":"Article similaire","img":{"alt_text":"","src":"","width":0,"height":0},"classes":[]},{"id":476,"url":"http:\/\/guidelaval.fr\/eva\/reglementation\/reglementation-agrement\/","url_meta":{"origin":495,"position":1},"title":"R\u00e9glementation-agr\u00e9ment","date":"16 novembre 2015","format":false,"excerpt":"","rel":"","context":"Article similaire","img":{"alt_text":"","src":"","width":0,"height":0},"classes":[]},{"id":344,"url":"http:\/\/guidelaval.fr\/eva\/reglementation-buvette\/","url_meta":{"origin":495,"position":2},"title":"R\u00e9glementation-buvette","date":"11 novembre 2015","format":false,"excerpt":"","rel":"","context":"Article similaire","img":{"alt_text":"","src":"","width":0,"height":0},"classes":[]},{"id":380,"url":"http:\/\/guidelaval.fr\/eva\/reglementation-preambule\/","url_meta":{"origin":495,"position":3},"title":"R\u00e9glementation-pr\u00e9ambule","date":"11 novembre 2015","format":false,"excerpt":"","rel":"","context":"Article similaire","img":{"alt_text":"","src":"","width":0,"height":0},"classes":[]},{"id":391,"url":"http:\/\/guidelaval.fr\/eva\/reglementation-guide\/","url_meta":{"origin":495,"position":4},"title":"R\u00e9glementation-guide","date":"11 novembre 2015","format":false,"excerpt":"","rel":"","context":"Article similaire","img":{"alt_text":"","src":"","width":0,"height":0},"classes":[]},{"id":401,"url":"http:\/\/guidelaval.fr\/eva\/reglementation-lemploi\/","url_meta":{"origin":495,"position":5},"title":"R\u00e9glementation-l&#8217;emploi","date":"11 novembre 2015","format":false,"excerpt":"","rel":"","context":"Article similaire","img":{"alt_text":"","src":"","width":0,"height":0},"classes":[]}],"_links":{"self":[{"href":"http:\/\/guidelaval.fr\/eva\/wp-json\/wp\/v2\/pages\/495"}],"collection":[{"href":"http:\/\/guidelaval.fr\/eva\/wp-json\/wp\/v2\/pages"}],"about":[{"href":"http:\/\/guidelaval.fr\/eva\/wp-json\/wp\/v2\/types\/page"}],"author":[{"embeddable":true,"href":"http:\/\/guidelaval.fr\/eva\/wp-json\/wp\/v2\/users\/1"}],"replies":[{"embeddable":true,"href":"http:\/\/guidelaval.fr\/eva\/wp-json\/wp\/v2\/comments?post=495"}],"version-history":[{"count":4,"href":"http:\/\/guidelaval.fr\/eva\/wp-json\/wp\/v2\/pages\/495\/revisions"}],"predecessor-version":[{"id":499,"href":"http:\/\/guidelaval.fr\/eva\/wp-json\/wp\/v2\/pages\/495\/revisions\/499"}],"wp:attachment":[{"href":"http:\/\/guidelaval.fr\/eva\/wp-json\/wp\/v2\/media?parent=495"}],"curies":[{"name":"wp","href":"https:\/\/api.w.org\/{rel}","templated":true}]}}