{"id":500,"date":"2015-11-16T18:42:07","date_gmt":"2015-11-16T17:42:07","guid":{"rendered":"http:\/\/guidelaval.fr\/eva\/?page_id=500"},"modified":"2015-11-16T18:43:42","modified_gmt":"2015-11-16T17:43:42","slug":"reglementation-image","status":"publish","type":"page","link":"http:\/\/guidelaval.fr\/eva\/reglementation-image\/","title":{"rendered":"R\u00e9glementation-image"},"content":{"rendered":"<table width='60%'align='center'>\n<tr>\n<td width=95%'>\n<h5 style=\"text-align: center;\">LE DROIT A L&rsquo;IMAGE<\/h5>\n<\/td>\n<td><a href=\"http:\/\/guidelaval.fr\/eva\/reglementation\"class='cgras'>&nbsp;<<&nbsp;&nbsp;<\/a><a href=\"http:\/\/guidelaval.fr\/eva\/reglementation-publicite\" class='cgras'>&nbsp;<&nbsp;<\/a><a href=\"http:\/\/guidelaval.fr\/eva\/reglementation-fiscalite\" class='cgras'>&nbsp;>&nbsp;<\/a><\/td>\n<\/tr>\n<tr>\n<td>\n<p style=\"text-align: justify;\">\n<strong>1 La publication des photographies prises dans les manifestations et le droit a l&rsquo;image<\/strong><br \/>\nEn vertu du droit au respect de la vie priv\u00e9e, aucune photographie ne peut en principe \u00eatre diffus\u00e9e sans le consentement expr\u00e8s de l&rsquo;int\u00e9ress\u00e9. Cependant, dans certaines circonstances et pour les besoins de l&rsquo;information, l&rsquo;autorisation de la personne photographi\u00e9e n&rsquo;est pas toujours n\u00e9cessaire. Ainsi, la publication d&rsquo;une photographie illustrant une manifestation publique n\u2019est en principe pas soumise \u00e0 la protection du droit \u00e0 l&rsquo;image de chaque figurant. Il est souvent difficile de faire coexister les libert\u00e9s fondamentales entre elles et plus particuli\u00e8rement celle de la libert\u00e9 de l&rsquo;information avec le droit de chacun au respect de sa vie priv\u00e9e. C&rsquo;est au juge qu&rsquo;il appartient de faire oeuvre de conciliation.<br \/>\n<strong>2 Le principe: pas d&rsquo;atteinte au respect de la vie priv\u00e9e<\/strong><br \/>\nLorsque le clich\u00e9 est pris lors d&rsquo;une manifestation publique, l&rsquo;individu qui y est repr\u00e9sent\u00e9 ne peut pas, sans motif valable, revendiquer son droit a l&rsquo;image pour s&rsquo;opposer a sa publication. En effet, si l&rsquo;image fixe un groupe d&rsquo;individus dans sa globalit\u00e9, l&rsquo;atteinte ne sera pas caract\u00e9ris\u00e9e. Par cons\u00e9quent, sont licites et ne n\u00e9cessitent pas d&rsquo;autorisation pr\u00e9alable de l&rsquo;int\u00e9ress\u00e9 les images qui r\u00e9pondent aux besoins d&rsquo;information du public. Il s&rsquo;agira notamment des photographies qui illustrent un ph\u00e9nom\u00e8ne de soci\u00e9t\u00e9, un fais divers, un fait d&rsquo;actualit\u00e9, etc&#8230;<br \/>\n<strong>3 Les exceptions<\/strong><br \/>\nDans certains cas, le droit \u00e0 l&rsquo;information ne justifie pas l&rsquo;atteinte port\u00e9e au droit \u00e0 l&rsquo;image de l&rsquo;individu. Les juges appr\u00e9cient chaque situation en fonction du contexte et l&rsquo;objet de la photographie elle m\u00eame.<br \/>\n<strong>4 Cas particulier des manifestations sportives<\/strong><br \/>\nLes sportifs ne peuvent valablement s&rsquo;opposer \u00e0 la diffusion de photographies les repr\u00e9sentant \u00e0 l&rsquo;occasion de manifestations publiques sportives ou de leur pratique sportive d\u00e8s<br \/>\nlors que plusieurs conditions sont r\u00e9unies :<br \/>\n\u2022 la photographie publi\u00e9e doit \u00eatre en lien directe avec la manifestation qu&rsquo;elle illustre ;<br \/>\n\u2022 l&rsquo;image doit \u00eatre diffus\u00e9e \u00e0 titre d&rsquo;information et non dans un but commercial d\u00e9guis\u00e9 ;<br \/>\n\u2022 l&rsquo;utilisation de la photographie ne doit pas d\u00e9naturer l&rsquo;image de la personne et ne doit pas porter atteinte a sa dignit\u00e9. Enfin, selon une jurisprudence constante de la Cour de cassation, l&rsquo;organisateur d&rsquo;une manifestation sportive est l&rsquo;unique propri\u00e9taire des droits d&rsquo;exploitation de l&rsquo;image de cette manifestation. Par cons\u00e9quent, les photos prises lors de cette manifestation ne peuvent pas \u00eatre r\u00e9utilis\u00e9es pour promouvoir d&rsquo;autres \u00e9v\u00e8nements sans son accord pr\u00e9alable.\n<\/p>\n<\/td>\n<\/tr>\n<tr>\n<td><\/td>\n<td><a href=\"http:\/\/guidelaval.fr\/eva\/reglementation\"class='cgras'>&nbsp;<<&nbsp;&nbsp;<\/a><a href=\"http:\/\/guidelaval.fr\/eva\/reglementation-publicite\" class='cgras'>&nbsp;<&nbsp;<\/a><a href=\"http:\/\/guidelaval.fr\/eva\/reglementation-fiscalite\" class='cgras'>&nbsp;>&nbsp;<\/a><\/td>\n<\/tr>\n<\/table>\n","protected":false},"excerpt":{"rendered":"","protected":false},"author":1,"featured_media":0,"parent":0,"menu_order":0,"comment_status":"closed","ping_status":"closed","template":"","meta":{"kt_blocks_editor_width":"","jetpack_post_was_ever_published":false},"jetpack_sharing_enabled":true,"jetpack_shortlink":"https:\/\/wp.me\/P7cFdd-84","jetpack-related-posts":[{"id":476,"url":"http:\/\/guidelaval.fr\/eva\/reglementation\/reglementation-agrement\/","url_meta":{"origin":500,"position":0},"title":"R\u00e9glementation-agr\u00e9ment","date":"16 novembre 2015","format":false,"excerpt":"","rel":"","context":"Article similaire","img":{"alt_text":"","src":"","width":0,"height":0},"classes":[]},{"id":344,"url":"http:\/\/guidelaval.fr\/eva\/reglementation-buvette\/","url_meta":{"origin":500,"position":1},"title":"R\u00e9glementation-buvette","date":"11 novembre 2015","format":false,"excerpt":"","rel":"","context":"Article similaire","img":{"alt_text":"","src":"","width":0,"height":0},"classes":[]},{"id":380,"url":"http:\/\/guidelaval.fr\/eva\/reglementation-preambule\/","url_meta":{"origin":500,"position":2},"title":"R\u00e9glementation-pr\u00e9ambule","date":"11 novembre 2015","format":false,"excerpt":"","rel":"","context":"Article similaire","img":{"alt_text":"","src":"","width":0,"height":0},"classes":[]},{"id":391,"url":"http:\/\/guidelaval.fr\/eva\/reglementation-guide\/","url_meta":{"origin":500,"position":3},"title":"R\u00e9glementation-guide","date":"11 novembre 2015","format":false,"excerpt":"","rel":"","context":"Article similaire","img":{"alt_text":"","src":"","width":0,"height":0},"classes":[]},{"id":401,"url":"http:\/\/guidelaval.fr\/eva\/reglementation-lemploi\/","url_meta":{"origin":500,"position":4},"title":"R\u00e9glementation-l&#8217;emploi","date":"11 novembre 2015","format":false,"excerpt":"","rel":"","context":"Article similaire","img":{"alt_text":"","src":"","width":0,"height":0},"classes":[]},{"id":468,"url":"http:\/\/guidelaval.fr\/eva\/reglementation-restauration\/","url_meta":{"origin":500,"position":5},"title":"R\u00e9glementation-restauration","date":"16 novembre 2015","format":false,"excerpt":"","rel":"","context":"Article similaire","img":{"alt_text":"","src":"","width":0,"height":0},"classes":[]}],"_links":{"self":[{"href":"http:\/\/guidelaval.fr\/eva\/wp-json\/wp\/v2\/pages\/500"}],"collection":[{"href":"http:\/\/guidelaval.fr\/eva\/wp-json\/wp\/v2\/pages"}],"about":[{"href":"http:\/\/guidelaval.fr\/eva\/wp-json\/wp\/v2\/types\/page"}],"author":[{"embeddable":true,"href":"http:\/\/guidelaval.fr\/eva\/wp-json\/wp\/v2\/users\/1"}],"replies":[{"embeddable":true,"href":"http:\/\/guidelaval.fr\/eva\/wp-json\/wp\/v2\/comments?post=500"}],"version-history":[{"count":2,"href":"http:\/\/guidelaval.fr\/eva\/wp-json\/wp\/v2\/pages\/500\/revisions"}],"predecessor-version":[{"id":502,"href":"http:\/\/guidelaval.fr\/eva\/wp-json\/wp\/v2\/pages\/500\/revisions\/502"}],"wp:attachment":[{"href":"http:\/\/guidelaval.fr\/eva\/wp-json\/wp\/v2\/media?parent=500"}],"curies":[{"name":"wp","href":"https:\/\/api.w.org\/{rel}","templated":true}]}}