{"id":503,"date":"2015-11-16T18:52:42","date_gmt":"2015-11-16T17:52:42","guid":{"rendered":"http:\/\/guidelaval.fr\/eva\/?page_id=503"},"modified":"2015-11-16T18:54:40","modified_gmt":"2015-11-16T17:54:40","slug":"reglementation-fiscalite","status":"publish","type":"page","link":"http:\/\/guidelaval.fr\/eva\/reglementation-fiscalite\/","title":{"rendered":"R\u00e9glementation-fiscalit\u00e9"},"content":{"rendered":"<table width='60%'align='center'>\n<tr>\n<td width=95%'>\n<h5 style=\"text-align: center;\">LA FISCALITE<\/h5>\n<\/td>\n<td><a href=\"http:\/\/guidelaval.fr\/eva\/reglementation\"class='cgras'>&nbsp;<<&nbsp;&nbsp;<\/a><a href=\"http:\/\/guidelaval.fr\/eva\/reglementation-image\" class='cgras'>&nbsp;<&nbsp;<\/a><a href=\"http:\/\/guidelaval.fr\/eva\/reglementation-responsable\" class='cgras'>&nbsp;>&nbsp;<\/a><\/td>\n<\/tr>\n<tr>\n<td>\n<p style=\"text-align: justify;\">\n<strong>1 D\u00e9finition du caract\u00e8re lucratif<\/strong><br \/>\nLes associations vis\u00e9es par la loi de 1901 ne sont, en principe, pas soumises aux imp\u00f4ts commerciaux (imp\u00f4t sur les soci\u00e9t\u00e9s de droit commun, cotisation fonci\u00e8re des entreprises et taxe sur la valeur ajout\u00e9e). Seul l&rsquo;exercice d&rsquo;une activit\u00e9 lucrative peut remettre en question le b\u00e9n\u00e9fice de ces exon\u00e9rations. Le caract\u00e8re lucratif d&rsquo;un organisme est d\u00e9termin\u00e9 au moyen d&rsquo;une d\u00e9marche en trois \u00e9tapes conduite, pour chaque activit\u00e9 r\u00e9alis\u00e9e par l&rsquo;organisme. Le caract\u00e8re lucratif d&rsquo;un organisme est d\u00e9termin\u00e9 au moyen d&rsquo;une d\u00e9marche en trois \u00e9tapes conduite, pour chaque activit\u00e9 r\u00e9alis\u00e9e par l&rsquo;organisme.<br \/>\n<em>1\u00e8re \u00e9tape :<\/em> Examen du caract\u00e8re int\u00e9ress\u00e9 ou non de la gestion de l&rsquo;organisme. La gestion de l\u2019association doit \u00eatre assur\u00e9e par des personnes n\u2019ayant aucun int\u00e9r\u00eat direct ou indirect dans la gestion de l\u2019association. Si le caract\u00e8re int\u00e9ress\u00e9 de la gestion est av\u00e9r\u00e9, l&rsquo;organisme est soumis aux imp\u00f4ts commerciaux. Dans le cas contraire, il convient de passer \u00e0 la deuxi\u00e8me \u00e9tape.<br \/>\n<em>2\u00e8me \u00e9tape : <\/em>Examen de la situation de l&rsquo;organisme au regard de la concurrence. L&rsquo;organisme exerce-t-il son activit\u00e9 en concurrence avec des entreprises du secteur lucratif ? Il faut distinguer deux hypoth\u00e8ses :<br \/>\n\u2022 l&rsquo;activit\u00e9 de l&rsquo;organisme ne concurrence aucune entreprise : dans cette hypoth\u00e8se, l&rsquo;activit\u00e9 de l&rsquo;organisme n&rsquo;est pas lucrative et elle n&rsquo;est donc pas soumise aux imp\u00f4ts commerciaux.<br \/>\n\u2022 l&rsquo;activit\u00e9 de l&rsquo;organisme est exerc\u00e9e en concurrence avec une entreprise du secteur lucratif : dans cette hypoth\u00e8se, l&rsquo;activit\u00e9 n&rsquo;est pas pour autant syst\u00e9matiquement lucrative. Il convient en effet d&rsquo;examiner si cette activit\u00e9 est exerc\u00e9e dans des conditions similaires \u00e0 celles des entreprises du secteur lucratif.<br \/>\n<em>3\u00e8me \u00e9tape :<\/em> Examen des conditions d&rsquo;exercice de l&rsquo;activit\u00e9. La comparaison des conditions d&rsquo;exercice de l&rsquo;activit\u00e9 est effectu\u00e9e \u00e0 l&rsquo;aide d&rsquo;un faisceau d&rsquo;indices. Cette m\u00e9thode, dite \u00ab des 4 P \u00bb, consiste en une analyse de quatre crit\u00e8res, class\u00e9s par ordre d&rsquo;importance d\u00e9croissante : le \u00abProduit\u00bb propos\u00e9 par l&rsquo;organisme, le \u00abPublic\u00bb vis\u00e9<br \/>\npar l&rsquo;organisme, le \u00abPrix\u00bb pratiqu\u00e9 et les op\u00e9rations de communication r\u00e9alis\u00e9es \u00abPublicit\u00e9\u00bb. Au terme de cette troisi\u00e8me \u00e9tape, seuls les organismes qui exercent leur activit\u00e9 dans des conditions similaires \u00e0 celles d&rsquo;entreprises commerciales qu&rsquo;ils concurrencent, sont soumis aux imp\u00f4ts commerciaux.<br \/>\n<strong>2 Autres cas d&rsquo;exon\u00e9ration fiscale<\/strong><br \/>\nToutefois, s\u2019il ressort que l\u2019association n\u2019est pas assujettie aux imp\u00f4ts commerciaux au titre de son activit\u00e9 principale, elle peut r\u00e9aliser des op\u00e9rations accessoires et \u00eatre exon\u00e9r\u00e9e de tous les imp\u00f4ts commerciaux si les conditions suivantes sont r\u00e9unies :<br \/>\n\u2022 les activit\u00e9s non lucratives sont significativement pr\u00e9pond\u00e9rantes ;<br \/>\n\u2022 l\u2019association exerce accessoirement des activit\u00e9s lucratives ;<br \/>\n\u2022 les recettes d\u2019exploitation annuelles aff\u00e9rentes aux activit\u00e9s accessoires lucratives sont inf\u00e9rieures \u00e0 60.000 \u20ac. Un certain nombre de dispositions l\u00e9gales permettent \u00e9galement aux associations ne r\u00e9pondant pas aux crit\u00e8res de non-lucrativit\u00e9 (examen en trois \u00e9tapes) de b\u00e9n\u00e9ficier d\u2019exon\u00e9rations propres \u00e0 chaque imp\u00f4t :<br \/>\n<strong>3 En mati\u00e8re de TVA<\/strong><br \/>\n&#8211; cas des organismes qui rendent \u00e0 leurs membres des services sportifs, \u00e9ducatifs, culturels ou sociaux (par exemple : mises \u00e0 disposition d\u2019installation ou de mat\u00e9riels dans le cadre de l\u2019enseignement d\u2019une discipline sportive, organisation de conf\u00e9rences, concerts, soutien \u00e0 des enfants malades) ;<br \/>\n&#8211; manifestation de soutien ou de bienfaisance pour les recettes des six manifestations de soutien ou de bienfaisance organis\u00e9es dans l\u2019ann\u00e9e par une association \u00e0 son profit exclusif.<br \/>\nNota : les organisateurs sont dispens\u00e9s de d\u00e9poser une demande d\u2019exon\u00e9ration aupr\u00e8s de l\u2019administration fiscale mais doivent \u00eatre en mesure de justifier des r\u00e9sultats de<br \/>\nchacune des manifestations organis\u00e9es au cours de l\u2019ann\u00e9e.<br \/>\n&#8211; application de la \u00ab franchise en base \u00bb : les associations ayant r\u00e9alis\u00e9 au cours de l\u2019ann\u00e9e civile pr\u00e9c\u00e9dente un chiffre d\u2019affaires hors taxes inf\u00e9rieur ou \u00e9gal \u00e0 80 300 \u20ac pour les ventes ou \u00e0 32 100 \u20ac pour les prestations de services b\u00e9n\u00e9ficient de plein droit d\u2019une franchise qui les dispense du paiement de la TVA. en mati\u00e8re d\u2019imp\u00f4t sur les soci\u00e9t\u00e9s<br \/>\n&#8211; exon\u00e9ration \u00ab li\u00e9e \u00bb b\u00e9n\u00e9ficiant aux organismes rendant des services sportifs, \u00e9ducatifs, culturels ou sociaux \u00e0 leurs membres ainsi qu\u2019aux six manifestations de soutien ou de bienfaisance ;<br \/>\n&#8211; exon\u00e9ration des associations organisant, avec le concours des communes ou des d\u00e9partements, des foires, des expositions ou autres manifestations publiques pr\u00e9sentant d\u2019un point de vue \u00e9conomique un int\u00e9r\u00eat certain pour la commune ou la r\u00e9gion ;<br \/>\n&#8211; Associations interm\u00e9diaires et associations agr\u00e9\u00e9es de services aux personnes ;<br \/>\n&#8211; Jardins familiaux.<br \/>\nPour tout renseignement sur les questions de fiscalit\u00e9 : vous pouvez vous adresser \u00e0 la Direction D\u00e9partementale des Finances publiques aupr\u00e8s du correspondant des associations (02-43-49-68-00).<\/p>\n<\/td>\n<\/tr>\n<tr>\n<td><\/td>\n<td><a href=\"http:\/\/guidelaval.fr\/eva\/reglementation\"class='cgras'>&nbsp;<<&nbsp;&nbsp;<\/a><a href=\"http:\/\/guidelaval.fr\/eva\/reglementation-image\" class='cgras'>&nbsp;<&nbsp;<\/a><a href=\"http:\/\/guidelaval.fr\/eva\/reglementation-responsable\" class='cgras'>&nbsp;>&nbsp;<\/a><\/td>\n<\/tr>\n<\/table>\n","protected":false},"excerpt":{"rendered":"","protected":false},"author":1,"featured_media":0,"parent":0,"menu_order":0,"comment_status":"closed","ping_status":"closed","template":"","meta":{"kt_blocks_editor_width":"","jetpack_post_was_ever_published":false},"jetpack_sharing_enabled":true,"jetpack_shortlink":"https:\/\/wp.me\/P7cFdd-87","jetpack-related-posts":[{"id":263,"url":"http:\/\/guidelaval.fr\/eva\/reglementation\/","url_meta":{"origin":503,"position":0},"title":"R\u00e9glementation","date":"4 novembre 2015","format":false,"excerpt":"R\u00e9glementation applicable aux associations Pr\u00e9ambule portant sur l'action de l'\u00e9tat Pr\u00e9sentation du guide La buvette L\u2019emploi La restauration L\u2019agr\u00e9ment La Licence d'entrepreneur de spectacles La billetterie La publicit\u00e9 et la communication Le droit a l'image La fiscalit\u00e9 La responsabilit\u00e9 des associations La s\u00e9curit\u00e9 des locaux Le service de s\u00e9curit\u00e9 et\u2026","rel":"","context":"Article similaire","img":{"alt_text":"","src":"","width":0,"height":0},"classes":[]},{"id":476,"url":"http:\/\/guidelaval.fr\/eva\/reglementation\/reglementation-agrement\/","url_meta":{"origin":503,"position":1},"title":"R\u00e9glementation-agr\u00e9ment","date":"16 novembre 2015","format":false,"excerpt":"","rel":"","context":"Article similaire","img":{"alt_text":"","src":"","width":0,"height":0},"classes":[]},{"id":344,"url":"http:\/\/guidelaval.fr\/eva\/reglementation-buvette\/","url_meta":{"origin":503,"position":2},"title":"R\u00e9glementation-buvette","date":"11 novembre 2015","format":false,"excerpt":"","rel":"","context":"Article similaire","img":{"alt_text":"","src":"","width":0,"height":0},"classes":[]},{"id":380,"url":"http:\/\/guidelaval.fr\/eva\/reglementation-preambule\/","url_meta":{"origin":503,"position":3},"title":"R\u00e9glementation-pr\u00e9ambule","date":"11 novembre 2015","format":false,"excerpt":"","rel":"","context":"Article similaire","img":{"alt_text":"","src":"","width":0,"height":0},"classes":[]},{"id":391,"url":"http:\/\/guidelaval.fr\/eva\/reglementation-guide\/","url_meta":{"origin":503,"position":4},"title":"R\u00e9glementation-guide","date":"11 novembre 2015","format":false,"excerpt":"","rel":"","context":"Article similaire","img":{"alt_text":"","src":"","width":0,"height":0},"classes":[]},{"id":401,"url":"http:\/\/guidelaval.fr\/eva\/reglementation-lemploi\/","url_meta":{"origin":503,"position":5},"title":"R\u00e9glementation-l&#8217;emploi","date":"11 novembre 2015","format":false,"excerpt":"","rel":"","context":"Article similaire","img":{"alt_text":"","src":"","width":0,"height":0},"classes":[]}],"_links":{"self":[{"href":"http:\/\/guidelaval.fr\/eva\/wp-json\/wp\/v2\/pages\/503"}],"collection":[{"href":"http:\/\/guidelaval.fr\/eva\/wp-json\/wp\/v2\/pages"}],"about":[{"href":"http:\/\/guidelaval.fr\/eva\/wp-json\/wp\/v2\/types\/page"}],"author":[{"embeddable":true,"href":"http:\/\/guidelaval.fr\/eva\/wp-json\/wp\/v2\/users\/1"}],"replies":[{"embeddable":true,"href":"http:\/\/guidelaval.fr\/eva\/wp-json\/wp\/v2\/comments?post=503"}],"version-history":[{"count":3,"href":"http:\/\/guidelaval.fr\/eva\/wp-json\/wp\/v2\/pages\/503\/revisions"}],"predecessor-version":[{"id":506,"href":"http:\/\/guidelaval.fr\/eva\/wp-json\/wp\/v2\/pages\/503\/revisions\/506"}],"wp:attachment":[{"href":"http:\/\/guidelaval.fr\/eva\/wp-json\/wp\/v2\/media?parent=503"}],"curies":[{"name":"wp","href":"https:\/\/api.w.org\/{rel}","templated":true}]}}