{"id":582,"date":"2015-11-20T10:19:49","date_gmt":"2015-11-20T09:19:49","guid":{"rendered":"http:\/\/guidelaval.fr\/eva\/?page_id=582"},"modified":"2015-11-20T10:24:41","modified_gmt":"2015-11-20T09:24:41","slug":"reglementation-danse","status":"publish","type":"page","link":"http:\/\/guidelaval.fr\/eva\/reglementation-danse\/","title":{"rendered":"R\u00e9glementation-Danse"},"content":{"rendered":"<table width='60%'align='center'>\n<tr>\n<td width=95%'>\n<h5 style=\"text-align: center;\">LA MANIFESTATION DANSANTE<\/h5>\n<\/td>\n<td><a href=\"http:\/\/guidelaval.fr\/eva\/reglementation\"class='cgras'>&nbsp;<<&nbsp;&nbsp;<\/a><a href=\"http:\/\/guidelaval.fr\/eva\/reglementation-spectacle\" class='cgras'>&nbsp;<&nbsp;<\/a><a href=\"http:\/\/guidelaval.fr\/eva\/reglementation-brocante\" class='cgras'>&nbsp;>&nbsp;<\/a><\/td>\n<\/tr>\n<tr>\n<td>\n<p style=\"text-align: justify;\">\n<strong>1 D\u00e9finition<\/strong><br \/>\nLes associations peuvent organiser des manifestations tr\u00e8s vari\u00e9es faisant intervenir la musique comme les bals, les soir\u00e9es dansantes, les concerts. Un certain nombre de r\u00e8gles sont \u00e0 respecter afin que la \u00ab f\u00eate \u00bb se r\u00e9alise dans les meilleures conditions.<br \/>\n<strong>2 R\u00e9glementation<\/strong><br \/>\n<em>Les d\u00e9marches administratives pr\u00e9alables<\/em><br \/>\nL\u2019association organisatrice de la manifestation doit demander par \u00e9crit, au minimum un mois avant la date pr\u00e9vue, une autorisation pr\u00e9alable aupr\u00e8s du Maire de la commune o\u00f9 la manifestation doit avoir lieu et le cas \u00e9ch\u00e9ant, l\u2019autorisation d\u2019ouvrir une buvette. Dans certaines communes, il existe des formulaires pr\u00e9-\u00e9tablis. Il est \u00e0 rappeler qu\u2019en vertu de ses pouvoirs de police, le Maire est habilit\u00e9 \u00e0 refuser l\u2019autorisation d\u2019une manifestation pour des raisons de s\u00e9curit\u00e9 ou d\u2019ordre public. Son accord est notifi\u00e9 par arr\u00eat\u00e9 municipal.<br \/>\n<em>La s\u00e9curit\u00e9<\/em><br \/>\nL\u2019association organisatrice doit apporter une attention particuli\u00e8re \u00e0 la s\u00e9curit\u00e9 des personnes. Il est fortement recommand\u00e9 de d\u00e9clarer la manifestation \u00e0 la gendarmerie ou \u00e0 la police et de leur demander d\u2019effectuer un passage au cours de la soir\u00e9e. Il est possible \u00e9galement \u00e0 l\u2019association d\u2019organiser son propre service de s\u00e9curit\u00e9 ou de faire appel \u00e0 des entreprises priv\u00e9es sp\u00e9cialis\u00e9es dans ce domaine.<br \/>\n<em>Les autres d\u00e9marches<\/em><br \/>\nL\u2019association doit prendre contact avec la SACEM pour l\u2019utilisation d&rsquo;oeuvres musicales. Si l\u2019association fait appel \u00e0 des professionnels (musiciens, techniciens), elle devra prendre contact avec le guichet unique (GUSO).<br \/>\n<strong>3 Informations compl\u00e9mentaires<\/strong><br \/>\n<em>Les troubles de l\u2019ordre public<\/em><br \/>\nUne association ayant re\u00e7u autorisation d\u2019organiser une soir\u00e9e, n\u2019a pas pour autant re\u00e7u autorisation de troubler l\u2019ordre public. Il faut savoir que toute manifestation risque d\u2019entra\u00eener des troubles \u00e0 l\u2019ordre public et l\u2019association organisatrice doit respecter les r\u00e8gles de bonne conduite. De m\u00eame, en cas d\u2019incident (d\u00e9sordre, bagarre), l\u2019association organisatrice ne dispose d\u2019aucun pouvoir de police. Elle doit imp\u00e9rativement et imm\u00e9diatement pr\u00e9venir le Maire, habilit\u00e9 \u00e0 prendre toutes les mesures appropri\u00e9es pour mettre fin \u00e0 une situation, susceptible de s\u2019av\u00e9rer dangereuse pour l\u2019ordre public. Il y a lieu \u00e9galement de pr\u00e9venir la police ou la gendarmerie.<br \/>\n<em>L\u2019assurance<\/em><br \/>\nV\u00e9rifier aupr\u00e8s de son assureur si son contrat en cours couvre bien les risques li\u00e9s \u00e0 la manifestation (responsabilit\u00e9 civile, d\u00e9t\u00e9rioration, intoxication alimentaire\u2026).<br \/>\n<em>R\u00e9glementation<\/em><br \/>\nL\u2019association doit prendre connaissance des diff\u00e9rents arr\u00eat\u00e9s pr\u00e9fectoraux et municipaux r\u00e9glementant le d\u00e9roulement des soir\u00e9es. (textes r\u00e9gissant les annonces par hauts parleurs, textes r\u00e9gissant la publicit\u00e9 et les affichages, dispositions en mati\u00e8re de salubrit\u00e9 et d\u2019hygi\u00e8ne, arr\u00eat\u00e9 portant r\u00e9glementation des d\u00e9bits de boissons). Il y a \u00e9galement une heure maximale \u00e0 respecter. Si la soir\u00e9e a lieu dans une salle communale, un r\u00e8glement d\u2019utilisation des locaux est parfois \u00e9dit\u00e9 par la mairie et remis aux organisateurs. Il convient de le lire et de le respecter.<\/p>\n<\/td>\n<\/tr>\n<tr>\n<td><\/td>\n<td><a href=\"http:\/\/guidelaval.fr\/eva\/reglementation\"class='cgras'>&nbsp;<<&nbsp;&nbsp;<\/a><a href=\"http:\/\/guidelaval.fr\/eva\/reglementation-spectacle\" class='cgras'>&nbsp;<&nbsp;<\/a><a href=\"http:\/\/guidelaval.fr\/eva\/reglementation-brocante\" class='cgras'>&nbsp;>&nbsp;<\/a><\/td>\n<\/tr>\n<\/table>\n","protected":false},"excerpt":{"rendered":"","protected":false},"author":1,"featured_media":0,"parent":0,"menu_order":0,"comment_status":"closed","ping_status":"closed","template":"","meta":{"kt_blocks_editor_width":"","jetpack_post_was_ever_published":false},"jetpack_sharing_enabled":true,"jetpack_shortlink":"https:\/\/wp.me\/P7cFdd-9o","jetpack-related-posts":[{"id":476,"url":"http:\/\/guidelaval.fr\/eva\/reglementation\/reglementation-agrement\/","url_meta":{"origin":582,"position":0},"title":"R\u00e9glementation-agr\u00e9ment","date":"16 novembre 2015","format":false,"excerpt":"","rel":"","context":"Article similaire","img":{"alt_text":"","src":"","width":0,"height":0},"classes":[]},{"id":344,"url":"http:\/\/guidelaval.fr\/eva\/reglementation-buvette\/","url_meta":{"origin":582,"position":1},"title":"R\u00e9glementation-buvette","date":"11 novembre 2015","format":false,"excerpt":"","rel":"","context":"Article similaire","img":{"alt_text":"","src":"","width":0,"height":0},"classes":[]},{"id":380,"url":"http:\/\/guidelaval.fr\/eva\/reglementation-preambule\/","url_meta":{"origin":582,"position":2},"title":"R\u00e9glementation-pr\u00e9ambule","date":"11 novembre 2015","format":false,"excerpt":"","rel":"","context":"Article similaire","img":{"alt_text":"","src":"","width":0,"height":0},"classes":[]},{"id":391,"url":"http:\/\/guidelaval.fr\/eva\/reglementation-guide\/","url_meta":{"origin":582,"position":3},"title":"R\u00e9glementation-guide","date":"11 novembre 2015","format":false,"excerpt":"","rel":"","context":"Article similaire","img":{"alt_text":"","src":"","width":0,"height":0},"classes":[]},{"id":401,"url":"http:\/\/guidelaval.fr\/eva\/reglementation-lemploi\/","url_meta":{"origin":582,"position":4},"title":"R\u00e9glementation-l&#8217;emploi","date":"11 novembre 2015","format":false,"excerpt":"","rel":"","context":"Article similaire","img":{"alt_text":"","src":"","width":0,"height":0},"classes":[]},{"id":468,"url":"http:\/\/guidelaval.fr\/eva\/reglementation-restauration\/","url_meta":{"origin":582,"position":5},"title":"R\u00e9glementation-restauration","date":"16 novembre 2015","format":false,"excerpt":"","rel":"","context":"Article similaire","img":{"alt_text":"","src":"","width":0,"height":0},"classes":[]}],"_links":{"self":[{"href":"http:\/\/guidelaval.fr\/eva\/wp-json\/wp\/v2\/pages\/582"}],"collection":[{"href":"http:\/\/guidelaval.fr\/eva\/wp-json\/wp\/v2\/pages"}],"about":[{"href":"http:\/\/guidelaval.fr\/eva\/wp-json\/wp\/v2\/types\/page"}],"author":[{"embeddable":true,"href":"http:\/\/guidelaval.fr\/eva\/wp-json\/wp\/v2\/users\/1"}],"replies":[{"embeddable":true,"href":"http:\/\/guidelaval.fr\/eva\/wp-json\/wp\/v2\/comments?post=582"}],"version-history":[{"count":5,"href":"http:\/\/guidelaval.fr\/eva\/wp-json\/wp\/v2\/pages\/582\/revisions"}],"predecessor-version":[{"id":587,"href":"http:\/\/guidelaval.fr\/eva\/wp-json\/wp\/v2\/pages\/582\/revisions\/587"}],"wp:attachment":[{"href":"http:\/\/guidelaval.fr\/eva\/wp-json\/wp\/v2\/media?parent=582"}],"curies":[{"name":"wp","href":"https:\/\/api.w.org\/{rel}","templated":true}]}}