{"id":591,"date":"2015-11-20T10:42:40","date_gmt":"2015-11-20T09:42:40","guid":{"rendered":"http:\/\/guidelaval.fr\/eva\/?page_id=591"},"modified":"2015-11-20T10:42:40","modified_gmt":"2015-11-20T09:42:40","slug":"reglementation-tombola","status":"publish","type":"page","link":"http:\/\/guidelaval.fr\/eva\/reglementation-tombola\/","title":{"rendered":"R\u00e9glementation-tombola"},"content":{"rendered":"<table width='60%'align='center'>\n<tr>\n<td width=95%'>\n<h5 style=\"text-align: center;\">LA TOMBOLA, LA LOTERIE, LE LOTO<\/h5>\n<\/td>\n<td><a href=\"http:\/\/guidelaval.fr\/eva\/reglementation\"class='cgras'>&nbsp;<<&nbsp;&nbsp;<\/a><a href=\"http:\/\/guidelaval.fr\/eva\/reglementation-brocante\" class='cgras'>&nbsp;<&nbsp;<\/a><a href=\"http:\/\/guidelaval.fr\/eva\/reglementation-voie_publique\" class='cgras'>&nbsp;>&nbsp;<\/a><\/td>\n<\/tr>\n<tr>\n<td>\n<p style=\"text-align:justify;\">\n<strong>1 D\u00e9finition<\/strong><br \/>\nLes tombolas, les loteries et les lotos sont des jeux dont les gagnants sont d\u00e9sign\u00e9s par le sort. On distingue ainsi la loterie ou le loto du concours, qui fait appel \u00e0 des connaissances ou d\u2019autres aptitudes. Cet \u00e9l\u00e9ment est important car, contrairement aux concours, les loteries payantes sont frapp\u00e9es d\u2019une interdiction de principe. Bien que cette activit\u00e9 soit consid\u00e9r\u00e9e comme \u00e9tant un moyen de r\u00e9colter des fonds, l\u2019organisation des jeux de hasard est encadr\u00e9e par une l\u00e9gislation restrictive. Qu\u2019est ce qu\u2019on entend par loterie ? Est consid\u00e9r\u00e9e comme loterie toute op\u00e9ration pr\u00e9sentant cumulativement les traits suivants :<br \/>\n\u2022 Ouverture au public (c\u2019est \u00e0 dire au-del\u00e0 du cercle des adh\u00e9rents) ;<br \/>\n\u2022 Esp\u00e9rance d\u2019un gain, en esp\u00e8ce ou en nature ;<br \/>\n\u2022 Intervention du hasard dans la d\u00e9signation du ou des gagnants, sous la forme d\u2019un tirage au sort (hypoth\u00e8se la plus classique), d\u2019une question subsidiaire portant par exemple, sur le nombre de bulletins-r\u00e9ponses re\u00e7us ou de tout proc\u00e9d\u00e9 qui, d\u2019une fa\u00e7on g\u00e9n\u00e9rale, fait pr\u00e9dominer la chance sur l\u2019adresse ou l\u2019intelligence ;<br \/>\n\u2022 l\u2019existence d\u2019une contrepartie financi\u00e8re, si minime soit-elle et quelle que soit sa nature (participation aux frais, acquisition d\u2019une marchandise m\u00eame \u00e0 son prix habituel, fourniture d\u2019un timbre pour la r\u00e9ponse, etc).<br \/>\n<strong>2 R\u00e9glementation<\/strong><br \/>\nLa loi du 21 mai 1836 modifi\u00e9e pr\u00e9cise que \u00ab les loteries de toute esp\u00e8ce sont prohib\u00e9es \u00bb et c\u2019est donc au nom de ce texte qu\u2019on parle d\u2019interdiction de principe. L\u2019organisation d\u2019une loterie r\u00e9pondant aux quatre crit\u00e8res pr\u00e9c\u00e9dents constitue donc un d\u00e9lit, passible d\u2019une amende pouvant aller jusqu\u2019\u00e0 90.000 euros et d\u2019une peine d\u2019emprisonnement pouvant aller jusqu\u2019\u00e0 3 ans. Cependant, la loi pr\u00e9voit des exceptions \u00e0 l\u2019interdiction de principe. Sont autoris\u00e9es :<br \/>\n\u2022 les loteries organis\u00e9es au profit d&rsquo;oeuvres de bienfaisance, pour encourager les arts ou pour financer des activit\u00e9s sportives \u00e0 but non lucratif. Elles sont cependant soumises \u00e0 autorisation du pr\u00e9fet ;<br \/>\n\u2022 les loteries offertes au public et organis\u00e9es dans un but social, culturel, scientifique, \u00e9ducatif ou sportif et qui se caract\u00e9risent par des mises et des lots de faible valeur ;<br \/>\n\u2022 les lotos traditionnels (quines, rifles,&#8230;) \u00e0 condition qu&rsquo;ils soient organis\u00e9s dans un cercle restreint et uniquement dans un but social, culturel, scientifique, \u00e9ducatif, sportif ou d&rsquo;animation sociale et se caract\u00e9risent par des mises de faible valeur, inf\u00e9rieures \u00e0 20 euros. Les lots peuvent consister en bons d&rsquo;achats non remboursables mais en aucun cas en somme d&rsquo;argent ;<br \/>\n\u2022 les concours lorsqu&rsquo;ils font appel aux connaissances ou \u00e0 d&rsquo;autres aptitudes des joueurs et en aucun cas au hasard. L&rsquo;organisation des loteries et des tombolas organis\u00e9es au profit d&rsquo;oeuvres de bienfaisance, pour encourager les arts ou pour financer des activit\u00e9s sportives \u00e0 but non lucratif, est soumises \u00e0 une proc\u00e9dure d&rsquo;autorisation pr\u00e9alable du pr\u00e9fet permettant de v\u00e9rifier qu&rsquo;elle ne re- l\u00e8ve pas du champ commercial.<br \/>\n<em>Capital d&rsquo;\u00e9mission<\/em><br \/>\nAu-del\u00e0 de 7.500 \u20ac de capital d&rsquo;\u00e9mission (prix unitaire du billet multipli\u00e9 par le nombre de billets \u00e9mis), l&rsquo;association doit faire preuve d&rsquo;une solidit\u00e9 importante et de besoins de financement pr\u00e9cis. Au-del\u00e0 de 30.000 \u20ac de capital d&rsquo;\u00e9mission, l&rsquo;accord expr\u00e8s du tr\u00e9sorier-payeur g\u00e9n\u00e9ral est requis.<br \/>\n<em>Frais d&rsquo;organisation<\/em><br \/>\nLa part des sommes consacr\u00e9es au paiement de prestations de services (location de salle, d\u00e9bit de boissons, etc.), \u00e0 l&rsquo;indemnisation des b\u00e9n\u00e9voles contribuant \u00e0 l&rsquo;organisation ou \u00e0 la r\u00e9mun\u00e9ration de personnels salari\u00e9s (animateurs, serveurs, etc.) devra \u00eatre raisonnable. L&rsquo;usage veut que cette part n&rsquo;exc\u00e8de pas 15% du capital d&rsquo;\u00e9mission mais les autorit\u00e9s publiques peuvent fixer un autre seuil.<br \/>\n<em>Affectation des b\u00e9n\u00e9fices<\/em><br \/>\nL&rsquo;ensemble des b\u00e9n\u00e9fices de la loterie ou de la tombola devra servir \u00e0 des causes d&rsquo;int\u00e9r\u00eat social, \u00e9ducatif, sportif, culturel ou scientifique. L&rsquo;association doit \u00eatre en mesure de justifier de l&#8217;emploi de ces sommes.<br \/>\n<em>Demande d&rsquo;autorisation<\/em><br \/>\nLa demande d&rsquo;autorisation s&rsquo;effectue au moyen du formulaire Cerfa n\u00b0 11823*02 . L&rsquo;avis du maire de la commune concern\u00e9e par la loterie ou la tombola peut \u00eatre sollicit\u00e9 et mentionn\u00e9 sur le formulaire (en prenant soin de demander au maire d&rsquo;apposer sa signature aupr\u00e8s de son avis). Le formulaire doit \u00eatre adress\u00e9 \u00e0 la pr\u00e9fecture<br \/>\n<em>Incidences fiscales<\/em><br \/>\nLes recettes engrang\u00e9es par l&rsquo;association \u00e0 l&rsquo;occasion d&rsquo;un loto, d&rsquo;une loterie ou d&rsquo;une tombola sont exon\u00e9r\u00e9s d&rsquo;imp\u00f4ts et taxes si l&rsquo;association n&rsquo;a pas organis\u00e9 dans la m\u00eame ann\u00e9e civile plus de 5 \u00e9v\u00e9nements ayant d\u00e9gag\u00e9 des recettes exceptionnelles (spectacles, conf\u00e9rences, expositions, kermesses et autres f\u00eates, etc.). Le b\u00e9n\u00e9fice de cette exon\u00e9ration est cependant subordonn\u00e9 \u00e0 deux formalit\u00e9s :<br \/>\n\u2022 Informer au plus tard 24 heures avant la manifestation par simple lettre, le service des imp\u00f4ts du si\u00e8ge social de l\u2019association ;<br \/>\n\u2022 Envoyer \u00e0 ce m\u00eame service un relev\u00e9 d\u00e9taill\u00e9 des recettes et des d\u00e9penses, dans les 30 jours qui suivent la manifestation.<br \/>\nATTENTION : L\u2019administration peut pr\u00e9sumer une activit\u00e9 commerciale lorsqu\u2019une association organise plus de 3 lotos par an. Une requalification, effectu\u00e9e apr\u00e8s enqu\u00eate, peut alors soumettre l\u2019association au paiement des imp\u00f4ts commerciaux (TVA, imp\u00f4t sur les soci\u00e9t\u00e9s).<\/p>\n<\/td>\n<\/tr>\n<tr>\n<td><\/td>\n<td><a href=\"http:\/\/guidelaval.fr\/eva\/reglementation\"class='cgras'>&nbsp;<<&nbsp;&nbsp;<\/a><a href=\"http:\/\/guidelaval.fr\/eva\/reglementation-brocante\" class='cgras'>&nbsp;<&nbsp;<\/a><a href=\"http:\/\/guidelaval.fr\/eva\/reglementation-voie_publique\" class='cgras'>&nbsp;>&nbsp;<\/a><\/td>\n<\/tr>\n<\/table>\n","protected":false},"excerpt":{"rendered":"","protected":false},"author":1,"featured_media":0,"parent":0,"menu_order":0,"comment_status":"closed","ping_status":"closed","template":"","meta":{"kt_blocks_editor_width":"","jetpack_post_was_ever_published":false},"jetpack_sharing_enabled":true,"jetpack_shortlink":"https:\/\/wp.me\/P7cFdd-9x","jetpack-related-posts":[{"id":263,"url":"http:\/\/guidelaval.fr\/eva\/reglementation\/","url_meta":{"origin":591,"position":0},"title":"R\u00e9glementation","date":"4 novembre 2015","format":false,"excerpt":"R\u00e9glementation applicable aux associations Pr\u00e9ambule portant sur l'action de l'\u00e9tat Pr\u00e9sentation du guide La buvette L\u2019emploi La restauration L\u2019agr\u00e9ment La Licence d'entrepreneur de spectacles La billetterie La publicit\u00e9 et la communication Le droit a l'image La fiscalit\u00e9 La responsabilit\u00e9 des associations La s\u00e9curit\u00e9 des locaux Le service de s\u00e9curit\u00e9 et\u2026","rel":"","context":"Article similaire","img":{"alt_text":"","src":"","width":0,"height":0},"classes":[]},{"id":476,"url":"http:\/\/guidelaval.fr\/eva\/reglementation\/reglementation-agrement\/","url_meta":{"origin":591,"position":1},"title":"R\u00e9glementation-agr\u00e9ment","date":"16 novembre 2015","format":false,"excerpt":"","rel":"","context":"Article similaire","img":{"alt_text":"","src":"","width":0,"height":0},"classes":[]},{"id":344,"url":"http:\/\/guidelaval.fr\/eva\/reglementation-buvette\/","url_meta":{"origin":591,"position":2},"title":"R\u00e9glementation-buvette","date":"11 novembre 2015","format":false,"excerpt":"","rel":"","context":"Article similaire","img":{"alt_text":"","src":"","width":0,"height":0},"classes":[]},{"id":380,"url":"http:\/\/guidelaval.fr\/eva\/reglementation-preambule\/","url_meta":{"origin":591,"position":3},"title":"R\u00e9glementation-pr\u00e9ambule","date":"11 novembre 2015","format":false,"excerpt":"","rel":"","context":"Article similaire","img":{"alt_text":"","src":"","width":0,"height":0},"classes":[]},{"id":391,"url":"http:\/\/guidelaval.fr\/eva\/reglementation-guide\/","url_meta":{"origin":591,"position":4},"title":"R\u00e9glementation-guide","date":"11 novembre 2015","format":false,"excerpt":"","rel":"","context":"Article similaire","img":{"alt_text":"","src":"","width":0,"height":0},"classes":[]},{"id":401,"url":"http:\/\/guidelaval.fr\/eva\/reglementation-lemploi\/","url_meta":{"origin":591,"position":5},"title":"R\u00e9glementation-l&#8217;emploi","date":"11 novembre 2015","format":false,"excerpt":"","rel":"","context":"Article similaire","img":{"alt_text":"","src":"","width":0,"height":0},"classes":[]}],"_links":{"self":[{"href":"http:\/\/guidelaval.fr\/eva\/wp-json\/wp\/v2\/pages\/591"}],"collection":[{"href":"http:\/\/guidelaval.fr\/eva\/wp-json\/wp\/v2\/pages"}],"about":[{"href":"http:\/\/guidelaval.fr\/eva\/wp-json\/wp\/v2\/types\/page"}],"author":[{"embeddable":true,"href":"http:\/\/guidelaval.fr\/eva\/wp-json\/wp\/v2\/users\/1"}],"replies":[{"embeddable":true,"href":"http:\/\/guidelaval.fr\/eva\/wp-json\/wp\/v2\/comments?post=591"}],"version-history":[{"count":1,"href":"http:\/\/guidelaval.fr\/eva\/wp-json\/wp\/v2\/pages\/591\/revisions"}],"predecessor-version":[{"id":592,"href":"http:\/\/guidelaval.fr\/eva\/wp-json\/wp\/v2\/pages\/591\/revisions\/592"}],"wp:attachment":[{"href":"http:\/\/guidelaval.fr\/eva\/wp-json\/wp\/v2\/media?parent=591"}],"curies":[{"name":"wp","href":"https:\/\/api.w.org\/{rel}","templated":true}]}}