{"id":593,"date":"2015-11-20T10:47:28","date_gmt":"2015-11-20T09:47:28","guid":{"rendered":"http:\/\/guidelaval.fr\/eva\/?page_id=593"},"modified":"2015-11-20T10:47:28","modified_gmt":"2015-11-20T09:47:28","slug":"reglementation-voie_publique","status":"publish","type":"page","link":"http:\/\/guidelaval.fr\/eva\/reglementation-voie_publique\/","title":{"rendered":"R\u00e9glementation-voie_publique"},"content":{"rendered":"<table width='60%'align='center'>\n<tr>\n<td width=95%'>\n<h5 style=\"text-align: center;\">LA MANIFESTATION SUR LA VOIE PUBLIQUE<\/h5>\n<\/td>\n<td><a href=\"http:\/\/guidelaval.fr\/eva\/reglementation\"class='cgras'>&nbsp;<<&nbsp;&nbsp;<\/a><a href=\"http:\/\/guidelaval.fr\/eva\/reglementation-tombola\" class='cgras'>&nbsp;<&nbsp;<\/a><a href=\"http:\/\/guidelaval.fr\/eva\/reglementation-vehicules\" class='cgras'>&nbsp;>&nbsp;<\/a><\/td>\n<\/tr>\n<tr>\n<td>\n<p style=\"text-align:justify;\">\n<strong>1 D\u00e9finition<\/strong><br \/>\nLes associations organisent de plus en plus de manifestations sur la voie publique. Qu\u2019il s\u2019agisse de kermesses, cort\u00e8ges, de foires, repas associatifs, etc, ces manifestations doivent r\u00e9pondre \u00e0 un certain nombre d\u2019obligations l\u00e9gales. Seront trait\u00e9es ici les manifestations g\u00e9n\u00e9ralistes car les manifestations sportives, les vides-greniers, les spectacles sont soumis \u00e0 une r\u00e9glementation sp\u00e9cifique.<br \/>\n<strong>2 R\u00e9glementation<\/strong><br \/>\n<em>L\u2019autorisation du Maire<\/em><br \/>\nAvant d\u2019organiser une manifestation sportive, r\u00e9cr\u00e9ative ou culturelle, il faut demander une autorisation aupr\u00e8s de la mairie du lieu o\u00f9 elle se tiendra. Cette demande sera accompagn\u00e9e d&rsquo;une d\u00e9claration qui devra parvenir un mois au moins avant la date de ladite manifestation. Le Maire a l\u2019obligation de pr\u00e9venir le pr\u00e9fet dans les 24 H. La d\u00e9claration doit comporter les noms des organisateurs, le descriptif de la manifestation, l\u2019heure pr\u00e9vue et l\u2019endroit o\u00f9 elle se tiendra. La d\u00e9claration d\u00e9crit \u00e9galement les mesures envisag\u00e9es pour assurer la s\u00e9curit\u00e9 du public et des participants. L\u2019autorit\u00e9 de police peut alors imposer un service d\u2019ordre ou un renforcement des dispositions pr\u00e9vues. Le Maire ainsi que le Pr\u00e9fet peuvent interdire une manifestation si celle ci risque de porter un trouble grave \u00e0 l\u2019ordre public.<br \/>\n<em>La s\u00e9curit\u00e9<\/em><br \/>\nLa s\u00e9curit\u00e9 des participants est un \u00e9l\u00e9ment fondamental dans l\u2019organisation de la manifestation. Pour pr\u00e9venir les accidents, il est n\u00e9cessaire de mettre \u00e0 disposition du mat\u00e9riel en bon \u00e9tat et adapt\u00e9 au public qui va l\u2019utiliser. Il est n\u00e9cessaire de veiller aux conditions de circulation et d\u2019\u00e9vacuation proportionnelles au public attendu. Le passage d\u2019une commission de s\u00e9curit\u00e9 peut \u00eatre n\u00e9cessaire. L&rsquo;organisateur est tenu aussi de pr\u00e9venir les accidents par la mise en place, si n\u00e9cessaire, d&rsquo;un service de s\u00e9curit\u00e9 ainsi que par l\u2019installation d\u2019un poste de secours pour les premiers soins. A cet effet, il convient de pr\u00e9venir les pompiers et la Croix Rouge locale.<br \/>\n<strong>3 Informations compl\u00e9mentaires<\/strong><br \/>\nIl convient de s\u2019informer aupr\u00e8s des autorit\u00e9s municipales des conditions relatives notamment :<br \/>\n\u2022 \u00e0 l\u2019affichage<br \/>\n\u2022 \u00e0 la distribution de tracts<br \/>\n\u2022 aux annonces par haut-parleurs<br \/>\n\u2022 aux mesures de s\u00e9curit\u00e9 (pompiers&#8230;)<br \/>\n<em>Les autres manifestations<\/em><br \/>\nIl existe un cas particulier : celui des manifestations politiques, syndicales ou revendicatives organis\u00e9es par une association. Une d\u00e9claration doit \u00eatre effectu\u00e9e en Pr\u00e9fecture (ou Sous-pr\u00e9fecture) entre 3 et 5 jours avant la date de la manifestation. Un formulaire de d\u00e9claration est \u00e0 remplir par les organisateurs. Ces derniers sont tenus d\u2019assurer le bon ordre de la manifestation en collaboration avec les services de police. En cas de troubles graves ou de risques de troubles graves \u00e0 l\u2019ordre public, le Pr\u00e9fet peut interdire la manifestation.<\/p>\n<\/td>\n<\/tr>\n<tr>\n<td><\/td>\n<td><a href=\"http:\/\/guidelaval.fr\/eva\/reglementation\"class='cgras'>&nbsp;<<&nbsp;&nbsp;<\/a><a href=\"http:\/\/guidelaval.fr\/eva\/reglementation-tombola\" class='cgras'>&nbsp;<&nbsp;<\/a><a href=\"http:\/\/guidelaval.fr\/eva\/reglementation-vehicules\" class='cgras'>&nbsp;>&nbsp;<\/a><\/td>\n<\/tr>\n<\/table>\n","protected":false},"excerpt":{"rendered":"","protected":false},"author":1,"featured_media":0,"parent":0,"menu_order":0,"comment_status":"closed","ping_status":"closed","template":"","meta":{"kt_blocks_editor_width":"","jetpack_post_was_ever_published":false},"jetpack_sharing_enabled":true,"jetpack_shortlink":"https:\/\/wp.me\/P7cFdd-9z","jetpack-related-posts":[{"id":476,"url":"http:\/\/guidelaval.fr\/eva\/reglementation\/reglementation-agrement\/","url_meta":{"origin":593,"position":0},"title":"R\u00e9glementation-agr\u00e9ment","date":"16 novembre 2015","format":false,"excerpt":"","rel":"","context":"Article similaire","img":{"alt_text":"","src":"","width":0,"height":0},"classes":[]},{"id":344,"url":"http:\/\/guidelaval.fr\/eva\/reglementation-buvette\/","url_meta":{"origin":593,"position":1},"title":"R\u00e9glementation-buvette","date":"11 novembre 2015","format":false,"excerpt":"","rel":"","context":"Article similaire","img":{"alt_text":"","src":"","width":0,"height":0},"classes":[]},{"id":380,"url":"http:\/\/guidelaval.fr\/eva\/reglementation-preambule\/","url_meta":{"origin":593,"position":2},"title":"R\u00e9glementation-pr\u00e9ambule","date":"11 novembre 2015","format":false,"excerpt":"","rel":"","context":"Article similaire","img":{"alt_text":"","src":"","width":0,"height":0},"classes":[]},{"id":391,"url":"http:\/\/guidelaval.fr\/eva\/reglementation-guide\/","url_meta":{"origin":593,"position":3},"title":"R\u00e9glementation-guide","date":"11 novembre 2015","format":false,"excerpt":"","rel":"","context":"Article similaire","img":{"alt_text":"","src":"","width":0,"height":0},"classes":[]},{"id":401,"url":"http:\/\/guidelaval.fr\/eva\/reglementation-lemploi\/","url_meta":{"origin":593,"position":4},"title":"R\u00e9glementation-l&#8217;emploi","date":"11 novembre 2015","format":false,"excerpt":"","rel":"","context":"Article similaire","img":{"alt_text":"","src":"","width":0,"height":0},"classes":[]},{"id":468,"url":"http:\/\/guidelaval.fr\/eva\/reglementation-restauration\/","url_meta":{"origin":593,"position":5},"title":"R\u00e9glementation-restauration","date":"16 novembre 2015","format":false,"excerpt":"","rel":"","context":"Article similaire","img":{"alt_text":"","src":"","width":0,"height":0},"classes":[]}],"_links":{"self":[{"href":"http:\/\/guidelaval.fr\/eva\/wp-json\/wp\/v2\/pages\/593"}],"collection":[{"href":"http:\/\/guidelaval.fr\/eva\/wp-json\/wp\/v2\/pages"}],"about":[{"href":"http:\/\/guidelaval.fr\/eva\/wp-json\/wp\/v2\/types\/page"}],"author":[{"embeddable":true,"href":"http:\/\/guidelaval.fr\/eva\/wp-json\/wp\/v2\/users\/1"}],"replies":[{"embeddable":true,"href":"http:\/\/guidelaval.fr\/eva\/wp-json\/wp\/v2\/comments?post=593"}],"version-history":[{"count":1,"href":"http:\/\/guidelaval.fr\/eva\/wp-json\/wp\/v2\/pages\/593\/revisions"}],"predecessor-version":[{"id":594,"href":"http:\/\/guidelaval.fr\/eva\/wp-json\/wp\/v2\/pages\/593\/revisions\/594"}],"wp:attachment":[{"href":"http:\/\/guidelaval.fr\/eva\/wp-json\/wp\/v2\/media?parent=593"}],"curies":[{"name":"wp","href":"https:\/\/api.w.org\/{rel}","templated":true}]}}