{"id":595,"date":"2015-11-20T11:00:10","date_gmt":"2015-11-20T10:00:10","guid":{"rendered":"http:\/\/guidelaval.fr\/eva\/?page_id=595"},"modified":"2015-11-20T11:01:06","modified_gmt":"2015-11-20T10:01:06","slug":"reglementation-vehicules","status":"publish","type":"page","link":"http:\/\/guidelaval.fr\/eva\/reglementation-vehicules\/","title":{"rendered":"R\u00e9glementation-vehicules"},"content":{"rendered":"<table width='60%'align='center'>\n<tr>\n<td width=95%'>\n<h5 style=\"text-align: center;\">CONCENTRATIONS DE VEHICULES TERRESTRES A MOTEURS<\/h5>\n<\/td>\n<td><a href=\"http:\/\/guidelaval.fr\/eva\/reglementation\"class='cgras'>&nbsp;<<&nbsp;&nbsp;<\/a><a href=\"http:\/\/guidelaval.fr\/eva\/reglementation-voie_publique\" class='cgras'>&nbsp;<&nbsp;<\/a><a href=\"http:\/\/guidelaval.fr\/eva\/reglementation-competitions\" class='cgras'>&nbsp;>&nbsp;<\/a><\/td>\n<\/tr>\n<tr>\n<td>\n<p style=\"text-align:justify;\">\nI Les concentrations de v\u00e9hicules terrestres \u00e0 moteur se d\u00e9roulant sur les voies ouvertes \u00e0 la circulation publique soumises \u00e0 d\u00e9claration. Les concentrations de v\u00e9hicules terrestres \u00e0 moteur se d\u00e9roulant sur les voies ouvertes \u00e0 la circulation publique sont soumises \u00e0 d\u00e9claration lorsqu\u2019elles comptent moins de 200 v\u00e9hicules automobiles ou moins de 400 v\u00e9hicules \u00e0 moteur de deux \u00e0 quatre roues, y compris les v\u00e9hicules d\u2019accompagnement (article R331- 18 du code du sport). Au-del\u00e0, elles sont soumises \u00e0 autorisation (cf. fiche pratique suivante).<br \/>\n<em>Modalit\u00e9s de d\u00e9p\u00f4t du dossier :<\/em><br \/>\nL\u2019organisateur d\u2019une concentration de v\u00e9hicules \u00e0 moteur est tenu de transmettre, en 3 exemplaires, au plus tard deux mois avant la date de la manifestation, un dossier complet (articles R331-22 et A 331-17 du code du sport).<br \/>\n<em>Liste des pi\u00e8ces \u00e0 fournir (article A331-17, article R331-31 et article R331-32 du code dusport) :<\/em><br \/>\n1 &#8211; une demande pr\u00e9cisant la date et les horaires,<br \/>\n2 &#8211; les modalit\u00e9s d\u2019organisation de la concentration,<br \/>\n3 &#8211; le plan des voies emprunt\u00e9es sur lequel figurent les points de rassemblement,<br \/>\n4 &#8211; le nombre maximal de v\u00e9hicules qui participent \u00e0 cette concentration ainsi que le nombre de v\u00e9hicules d\u2019accompagnement,<br \/>\n5 &#8211; le nombre maximal de spectateurs attendus,<br \/>\n6 &#8211; le recensement des dispositions assurant la s\u00e9curit\u00e9 et la protection des participants et des tiers ainsi que les mesures prises par l&rsquo;organisateur pour garantir la tranquillit\u00e9 publique pendant toute la dur\u00e9e de cette concentration,<br \/>\n7 &#8211; l&rsquo;attestation de police d\u2019assurance souscrite par l\u2019organisateur,<br \/>\n8 &#8211; l&rsquo;engagement de prendre en charge :<br \/>\n _ les frais de service d\u2019ordre mis en place pour assurer la s\u00e9curit\u00e9 des spectateurs et de la circulation lors du d\u00e9roulement de la concentration ou de la manifestation,<br \/>\n _ la remise en \u00e9tat des voies ouverte \u00e0 la circulation et leurs d\u00e9pendances dont il a obtenu l\u2019usage privatif \u00e0 l\u2019occasion de la concentration ou de la manifestation,<br \/>\n9 &#8211; \u00e9valuation des incidences Natura 2000<br \/>\n<em>Instruction du dossier :<\/em><br \/>\nUn r\u00e9c\u00e9piss\u00e9 de d\u00e9claration est adress\u00e9 \u00e0 l\u2019organisateur et une copie est diffus\u00e9e aux services concern\u00e9s (gendarmerie, police, direction d\u00e9partementale des territoires, conseil g\u00e9n\u00e9ral, services de secours\u2026).<br \/>\nII &#8211; Les concentrations de v\u00e9hicules terrestres \u00e0 moteur se d\u00e9roulant sur les voies ouvertes \u00e0 la circulation publique soumises \u00e0 autorisation<br \/>\nLes concentrations de v\u00e9hicules terrestres \u00e0 moteur se d\u00e9roulant sur les voies ouvertes \u00e0 la circulation publique sont soumises \u00e0 autorisation lorsque le nombre est \u00e9gal ou sup\u00e9rieur \u00e0 200 v\u00e9hicules automobiles ou 400 v\u00e9hicules \u00e0 moteur de deux \u00e0 quatre roues, y compris les v\u00e9hicules d\u2019accompagnement (article R331-18 du code du sport).<br \/>\n<em>Modalit\u00e9s de d\u00e9p\u00f4t du dossier :<\/em><br \/>\nL\u2019organisateur d\u2019une concentration de v\u00e9hicules \u00e0 moteur est tenu de transmettre, en 3 exemplaires, au plus tard (article R331-24 du code du sport) :<br \/>\n &#8211; 3 mois avant la date de la manifestation,<br \/>\n &#8211; ou 2 mois si la manifestation a lieu sur un circuit homologu\u00e9.<br \/>\n<em>Liste des pi\u00e8ces \u00e0 fournir (article A331-18 II, article R331-31 et article R331-32 du code du sport) :<\/em><br \/>\n1 &#8211; une demande pr\u00e9cisant la date et les horaires,<br \/>\n2 &#8211; les modalit\u00e9s d\u2019organisation de la concentration,<br \/>\n3 &#8211; le plan des voies emprunt\u00e9es sur lequel figurent les points de rassemblement,<br \/>\n4 &#8211; le nombre maximal de v\u00e9hicules qui participent \u00e0 cette concentration ainsi que le nombre de v\u00e9hicules d\u2019accompagnement,<br \/>\n5 &#8211; le nombre maximal de spectateurs attendus,<br \/>\n6 &#8211; le recensement des dispositions assurant la s\u00e9curit\u00e9 et la protection des participants et des tiers ainsi que les mesures prises par l&rsquo;organisateur pour garantir la tranquillit\u00e9 publique pendant toute la dur\u00e9e de cette concentration,<br \/>\n7 &#8211; l&rsquo;attestation de police d\u2019assurance souscrite par l\u2019organisateur,<br \/>\n8 &#8211; l&rsquo;engagement de prendre en charge :<br \/>\n _ les frais de service d\u2019ordre mis en place pour assurer la s\u00e9curit\u00e9 des spectateurs et de la circulation lors du d\u00e9roulement de la concentration ou de la manifestation,<br \/>\n _ la remise en \u00e9tat des voies ouverte \u00e0 la circulation et leurs d\u00e9pendances dont il a obtenu l\u2019usage privatif \u00e0 l\u2019occasion de la concentration ou de la manifestation ;<br \/>\n9 &#8211; \u00e9valuation des incidences Natura 2000<br \/>\n<em>Instruction du dossier :<\/em><br \/>\nL\u2019autorisation est d\u00e9livr\u00e9e sous forme d\u2019arr\u00eat\u00e9 apr\u00e8s avis des maires des communes concern\u00e9es et des services int\u00e9ress\u00e9s par les questions de circulation et de s\u00e9curit\u00e9. La commission d\u00e9partementale de s\u00e9curit\u00e9 routi\u00e8re est \u00e9galement consult\u00e9e.<br \/>\nIII &#8211; L&rsquo;homologation d&rsquo;un circuit permanent<br \/>\nTout circuit permanent sur lequel se d\u00e9roule des comp\u00e9titions, essais ou entra\u00eenements \u00e0 la comp\u00e9tition et d\u00e9monstrations doit faire l\u2019objet d\u2019une homologation pr\u00e9alable (article R331-35 du code du sport).<br \/>\n<em>Modalit\u00e9s de d\u00e9p\u00f4t du dossier (article A331-21 du code du sport) :<\/em><br \/>\nLe dossier complet de demande d\u2019homologation doit \u00eatre adress\u00e9 en 3 exemplaires au plus tard trois mois avant la date pr\u00e9vue pour la premi\u00e8re utilisation ou, en cas de renouvellement, avant la date de p\u00e9remption de cette derni\u00e8re. Lorsque le trac\u00e9 du circuit fait l\u2019objet d\u2019une modification, une nouvelle homologation est n\u00e9cessaire. Liste des pi\u00e8ces \u00e0 fournir (article A331-21 et article R331-36 du code du sport) : La personne physique ou morale qui demande l\u2019homologation ou son renouvellement doit adresser une demande accompagn\u00e9e des documents suivants :<br \/>\n1 &#8211; le plan de masse du circuit ou le plan des voies utilis\u00e9es conforme aux r\u00e8gles technique de la f\u00e9d\u00e9ration sportive comp\u00e9tente,<br \/>\n2 &#8211; le recensement des dispositions, pr\u00e9vues par l\u2019organisateur pour assurer la s\u00e9curit\u00e9 et la protection des participants et des spectateurs, ainsi que les mesure prises pour garantir la tranquillit\u00e9 publique pendant la dur\u00e9e de l&rsquo;utilisation du circuit,<br \/>\n3 &#8211; le ou les types de v\u00e9hicules autoris\u00e9s \u00e0 utiliser le circuit,<br \/>\n4 &#8211; les nom, pr\u00e9nom et adresse du gestionnaire du circuit,<br \/>\n5 &#8211; l&rsquo;engagement de prendre en charge les frais d\u2019\u00e9tude et de visite n\u00e9cessaires \u00e0 l\u2019instruction du dossier, ainsi que l\u2019assurance r\u00e9glementaire,<br \/>\n6 &#8211; \u00e9valuation des incidences Natura 2000<br \/>\n<em>Instruction du dossier :<\/em><br \/>\nCette homologation est accord\u00e9e pour quatre ans (article R331-37 du code du sport) :<br \/>\n\u2022 par le ministre de l\u2019Int\u00e9rieur lorsque la vitesse des v\u00e9hicules peut d\u00e9passer 200 km\/h en un point quelconque du circuit,<br \/>\n\u2022 par le pr\u00e9fet du d\u00e9partement, apr\u00e8s visite et avis de la commission d\u00e9partementale de s\u00e9curit\u00e9 routi\u00e8re, dans les autres cas.<br \/>\nIV &#8211; Les manifestations comportant la participation de v\u00e9hicules terrestres \u00e0 moteur qui se d\u00e9roulent sur des circuits, des terrains ou parcours<br \/>\nLes manifestations comportant la participation de v\u00e9hicules terrestres \u00e0 moteur qui se d\u00e9roulent sur des circuits, des terrains ou parcours tels que d\u00e9finis \u00e0 l\u2019article R331-21 du code du sport sont soumises \u00e0 autorisation (article R331-18 du code pr\u00e9cit\u00e9). On entend par \u00a0\u00bb manifestation \u00a0\u00bb le regroupement de v\u00e9hicules terrestres \u00e0 moteur et d\u2019un<br \/>\nou de plusieurs pilotes ou pratiquants visant \u00e0 pr\u00e9senter un sport m\u00e9canique sous ses diff\u00e9-<br \/>\nrentes formes.<br \/>\n<em>Modalit\u00e9s de d\u00e9p\u00f4t du dossier (article A331-18 I du code du sport) :<\/em><br \/>\nLe dossier complet doit \u00eatre adress\u00e9, en 3 exemplaires, au pr\u00e9fet, au plus tard :<br \/>\n&#8211; trois mois avant la date pr\u00e9vue pour l\u2019organisation de la manifestation,<br \/>\n&#8211; ou deux mois, si cette manifestation se d\u00e9roule sur un terrain homologu\u00e9.<br \/>\nListe des pi\u00e8ces \u00e0 fournir (article A331-18 I, article R331-31 et article R331-32 du code du sport) :<br \/>\n1 &#8211; les dates et les horaires auxquels se d\u00e9roulent cette manifestation accompagn\u00e9s d&rsquo;un document sp\u00e9cifique en pr\u00e9cisant ses modalit\u00e9s et ses caract\u00e9ristiques,<br \/>\n2 &#8211; le plan d\u00e9taill\u00e9 des voies et parcours emprunt\u00e9s et un plan masse d\u00e8s lors qu\u2019il s\u2019agit d\u2019une manifestation se d\u00e9roulant sur un circuit,<br \/>\n3 &#8211; le nombre maximal et cat\u00e9gories de v\u00e9hicules qui participent \u00e0 cette manifestation,<br \/>\n4 &#8211; le r\u00e8glement particulier de l\u2019\u00e9preuve,<br \/>\n5 &#8211; le nombre maximal de spectateurs attendus \u00e0 cette manifestation,<br \/>\n6 &#8211; le recensement des dispositions, pr\u00e9vues par l\u2019organisateur pour assurer la s\u00e9curit\u00e9 et la protection des participants et des tiers ainsi que les mesures prises par l&rsquo;organisateur pour garantir la tranquillit\u00e9 publique pendant toute la dur\u00e9e de la manifestation,<br \/>\n7 &#8211; le nom et qualit\u00e9 des personnes d\u00e9sign\u00e9es comme \u00a0\u00bb organisateur technique \u00a0\u00bb charg\u00e9es de s\u2019assurer que les r\u00e8gles techniques et de s\u00e9curit\u00e9 prescrites par l\u2019autorit\u00e9 administrative, apr\u00e8s avis de la commission d\u00e9partementale de s\u00e9curit\u00e9 routi\u00e8re, sont respect\u00e9es,<br \/>\n8 &#8211; l&rsquo;attestation de police d\u2019assurance qui couvre la responsabilit\u00e9 civile de l\u2019organisateur, celle des participants et de toute personne nomm\u00e9ment d\u00e9sign\u00e9e qui pr\u00eate son concours \u00e0 l\u2019organisation de cette manifestation, cette attestation doit \u00eatre pr\u00e9sent\u00e9e au plus tard six jours francs avant le d\u00e9but de la manifestation, le non respect de ce d\u00e9lai entra\u00eene le refus d&rsquo;autorisation,<br \/>\n9 &#8211; si l&rsquo;itin\u00e9raire pr\u00e9voit un ou plusieurs parcours de liaison au sens de l&rsquo;article R. 331-21, la liste des participants comportant leur nom, pr\u00e9nom, date et lieu de naissance, num\u00e9ro de permis de conduire, nationalit\u00e9 et adresse de domicile ainsi que le num\u00e9ro d&rsquo;inscription de leur v\u00e9hicule d\u00e9livr\u00e9 par l&rsquo;organisateur. Cette liste doit \u00eatre pr\u00e9sent\u00e9e \u00e0 l&rsquo;autorit\u00e9 pr\u00e9fectorale au moins six jours francs avant le d\u00e9but de la manifestation. L&rsquo;organisateur doit veiller \u00e0 ce que le num\u00e9ro d&rsquo;inscription attribu\u00e9 soit report\u00e9 sur le v\u00e9hicule correspondant, de mani\u00e8re clairement lisible et visible, \u00e0 l&rsquo;avant et \u00e0 l&rsquo;arri\u00e8re pour les v\u00e9hicules de cat\u00e9gorie M, \u00e0 l&rsquo;arri\u00e8re ou sur un dossard port\u00e9 par le conducteur pour les v\u00e9hicules de cat\u00e9gorie L, au sens de l&rsquo;article R. 311-1 du code de la route. A d\u00e9faut du respect de l&rsquo;ensemble des dispositions d\u00e9finies par le pr\u00e9sent alin\u00e9a, la d\u00e9rogation pr\u00e9vue \u00e0 l&rsquo;article R. 411-29 du m\u00eame code n&rsquo;est pas applicable<br \/>\n10 &#8211; l&rsquo;engagement de prendre en charge :<br \/>\n _ les frais de service d\u2019ordre mis en place pour assurer la s\u00e9curit\u00e9 des spectateurs et de la circulation lors du d\u00e9roulement de la concentration ou de la manifestation,<br \/>\n _ la remise en \u00e9tat des voies ouverte \u00e0 la circulation et leurs d\u00e9pendances dont il a obtenu l\u2019usage privatif \u00e0 l\u2019occasion de la concentration ou de la manifestation,<br \/>\n11 &#8211; \u00e9valuation des incidences Natura 2000<br \/>\n<em>Instruction du dossier :<\/em><br \/>\nL\u2019autorisation est d\u00e9livr\u00e9e apr\u00e8s avis du maire et des services concern\u00e9s par les questions de circulation et de s\u00e9curit\u00e9 (gendarmerie, police, direction d\u00e9partementale des territoires, conseil g\u00e9n\u00e9ral, services des secours\u2026) et avis de la commission d\u00e9partementale de la s\u00e9curit\u00e9<br \/>\nrouti\u00e8re. Elle est accord\u00e9e sous la forme d\u2019un arr\u00eat\u00e9 pr\u00e9fectoral qui est notifi\u00e9 \u00e0 l\u2019organisateur de la manifestation ainsi qu\u2019aux autorit\u00e9s concern\u00e9es.<\/p>\n<\/td>\n<\/tr>\n<tr>\n<td><\/td>\n<td><a href=\"http:\/\/guidelaval.fr\/eva\/reglementation\"class='cgras'>&nbsp;<<&nbsp;&nbsp;<\/a><a href=\"http:\/\/guidelaval.fr\/eva\/reglementation-voie_publique\" class='cgras'>&nbsp;<&nbsp;<\/a><a href=\"http:\/\/guidelaval.fr\/eva\/reglementation-competitions\" class='cgras'>&nbsp;>&nbsp;<\/a><\/td>\n<\/tr>\n<\/table>\n","protected":false},"excerpt":{"rendered":"","protected":false},"author":1,"featured_media":0,"parent":0,"menu_order":0,"comment_status":"closed","ping_status":"closed","template":"","meta":{"kt_blocks_editor_width":"","jetpack_post_was_ever_published":false},"jetpack_sharing_enabled":true,"jetpack_shortlink":"https:\/\/wp.me\/P7cFdd-9B","jetpack-related-posts":[{"id":263,"url":"http:\/\/guidelaval.fr\/eva\/reglementation\/","url_meta":{"origin":595,"position":0},"title":"R\u00e9glementation","date":"4 novembre 2015","format":false,"excerpt":"R\u00e9glementation applicable aux associations Pr\u00e9ambule portant sur l'action de l'\u00e9tat Pr\u00e9sentation du guide La buvette L\u2019emploi La restauration L\u2019agr\u00e9ment La Licence d'entrepreneur de spectacles La billetterie La publicit\u00e9 et la communication Le droit a l'image La fiscalit\u00e9 La responsabilit\u00e9 des associations La s\u00e9curit\u00e9 des locaux Le service de s\u00e9curit\u00e9 et\u2026","rel":"","context":"Article similaire","img":{"alt_text":"","src":"","width":0,"height":0},"classes":[]},{"id":476,"url":"http:\/\/guidelaval.fr\/eva\/reglementation\/reglementation-agrement\/","url_meta":{"origin":595,"position":1},"title":"R\u00e9glementation-agr\u00e9ment","date":"16 novembre 2015","format":false,"excerpt":"","rel":"","context":"Article similaire","img":{"alt_text":"","src":"","width":0,"height":0},"classes":[]},{"id":344,"url":"http:\/\/guidelaval.fr\/eva\/reglementation-buvette\/","url_meta":{"origin":595,"position":2},"title":"R\u00e9glementation-buvette","date":"11 novembre 2015","format":false,"excerpt":"","rel":"","context":"Article similaire","img":{"alt_text":"","src":"","width":0,"height":0},"classes":[]},{"id":380,"url":"http:\/\/guidelaval.fr\/eva\/reglementation-preambule\/","url_meta":{"origin":595,"position":3},"title":"R\u00e9glementation-pr\u00e9ambule","date":"11 novembre 2015","format":false,"excerpt":"","rel":"","context":"Article similaire","img":{"alt_text":"","src":"","width":0,"height":0},"classes":[]},{"id":391,"url":"http:\/\/guidelaval.fr\/eva\/reglementation-guide\/","url_meta":{"origin":595,"position":4},"title":"R\u00e9glementation-guide","date":"11 novembre 2015","format":false,"excerpt":"","rel":"","context":"Article similaire","img":{"alt_text":"","src":"","width":0,"height":0},"classes":[]},{"id":401,"url":"http:\/\/guidelaval.fr\/eva\/reglementation-lemploi\/","url_meta":{"origin":595,"position":5},"title":"R\u00e9glementation-l&#8217;emploi","date":"11 novembre 2015","format":false,"excerpt":"","rel":"","context":"Article similaire","img":{"alt_text":"","src":"","width":0,"height":0},"classes":[]}],"_links":{"self":[{"href":"http:\/\/guidelaval.fr\/eva\/wp-json\/wp\/v2\/pages\/595"}],"collection":[{"href":"http:\/\/guidelaval.fr\/eva\/wp-json\/wp\/v2\/pages"}],"about":[{"href":"http:\/\/guidelaval.fr\/eva\/wp-json\/wp\/v2\/types\/page"}],"author":[{"embeddable":true,"href":"http:\/\/guidelaval.fr\/eva\/wp-json\/wp\/v2\/users\/1"}],"replies":[{"embeddable":true,"href":"http:\/\/guidelaval.fr\/eva\/wp-json\/wp\/v2\/comments?post=595"}],"version-history":[{"count":2,"href":"http:\/\/guidelaval.fr\/eva\/wp-json\/wp\/v2\/pages\/595\/revisions"}],"predecessor-version":[{"id":597,"href":"http:\/\/guidelaval.fr\/eva\/wp-json\/wp\/v2\/pages\/595\/revisions\/597"}],"wp:attachment":[{"href":"http:\/\/guidelaval.fr\/eva\/wp-json\/wp\/v2\/media?parent=595"}],"curies":[{"name":"wp","href":"https:\/\/api.w.org\/{rel}","templated":true}]}}