{"id":598,"date":"2015-11-20T11:01:39","date_gmt":"2015-11-20T10:01:39","guid":{"rendered":"http:\/\/guidelaval.fr\/eva\/?page_id=598"},"modified":"2015-11-20T11:08:40","modified_gmt":"2015-11-20T10:08:40","slug":"reglementation-competitions","status":"publish","type":"page","link":"http:\/\/guidelaval.fr\/eva\/reglementation-competitions\/","title":{"rendered":"R\u00e9glementation-competitions"},"content":{"rendered":"<table width='60%'align='center'>\n<tr>\n<td width=95%'>\n<h5 style=\"text-align: center;\">LES EPREUVES OU COMPETITIONS SPORTIVES<br \/>\nNON MOTORISEES<br \/>\n(PEDESTRES, CYCLISTES, EQUESTRES, &#8230;)<\/h5>\n<\/td>\n<td><a href=\"http:\/\/guidelaval.fr\/eva\/reglementation\"class='cgras'>&nbsp;<<&nbsp;&nbsp;<\/a><a href=\"http:\/\/guidelaval.fr\/eva\/reglementation-vehicules\" class='cgras'>&nbsp;<&nbsp;<\/a><a href=\"http:\/\/guidelaval.fr\/eva\/reglementation-annexes\" class='cgras'>&nbsp;>&nbsp;<\/a><\/td>\n<\/tr>\n<tr>\n<td>\n<p style=\"text-align:justify;\">\nI &#8211; Autorisation des \u00e9preuves ou comp\u00e9titions sportives (p\u00e9destres, cyclistes, \u00e9questres,<br \/>\ntriathlon,&#8230;) se d\u00e9roulant sur la voie publique<br \/>\n<em>Modalit\u00e9s de d\u00e9p\u00f4t du dossier (article A331-3 du code du sport) :<\/em><br \/>\nLe dossier complet doit \u00eatre adress\u00e9 trois mois avant la date pr\u00e9vue pour le d\u00e9roulement de la manifestation. Ce d\u00e9lai est toutefois r\u00e9duit \u00e0 deux mois lorsque l\u2019\u00e9preuve doit se disputer dans le cadre d\u2019un seul d\u00e9partement.<br \/>\n<em>Liste des pi\u00e8ces \u00e0 fournir (article A331-3 du code du sport) :<\/em><br \/>\n1 &#8211; les nom, adresse et coordonn\u00e9es de l&rsquo;organisateur,<br \/>\n2 &#8211; la date et les horaires de la manifestation,<br \/>\n3 &#8211; Un plan d\u00e9taill\u00e9 des voies et des parcours emprunt\u00e9s ;<br \/>\n4 &#8211; Le nombre maximal de participants \u00e0 la manifestation ;<br \/>\n5 &#8211; La nature et les modalit\u00e9s d&rsquo;organisation de la manifestation, notamment son r\u00e8glement particulier, tel qu&rsquo;il r\u00e9sulte des r\u00e8gles techniques et de s\u00e9curit\u00e9 mentionn\u00e9es \u00e0 l&rsquo;article R. 331-7 ;<br \/>\n6 &#8211; L&rsquo;avis de la f\u00e9d\u00e9ration d\u00e9l\u00e9gataire concern\u00e9e ou, \u00e0 d\u00e9faut d&rsquo;avis rendu, la preuve de l&rsquo;envoi par lettre recommand\u00e9e avec accus\u00e9 de r\u00e9ception, de la demande d&rsquo;avis d\u00e9pos\u00e9e aupr\u00e8s de celle-ci, dans les conditions pr\u00e9vues \u00e0 l&rsquo;article R. 331-9-1 ;<br \/>\n7 &#8211; Le nombre approximatif de spectateurs attendus \u00e0 la manifestation ;<br \/>\n8 &#8211; Le recensement des dispositions assurant la s\u00e9curit\u00e9 et la protection des participants et des tiers ;<br \/>\n9 &#8211; Une attestation de police d&rsquo;assurance souscrite par l&rsquo;organisateur de la manifestation qui couvre sa responsabilit\u00e9 civile, celle des participants \u00e0 la manifestation et de toute personne nomm\u00e9ment d\u00e9sign\u00e9e par l&rsquo;organisateur qui pr\u00eate son concours \u00e0 l&rsquo;organisation de celle-ci. Cette attestation de police d&rsquo;assurance doit \u00eatre pr\u00e9sent\u00e9e \u00e0 l&rsquo;autorit\u00e9 administrative au plus tard six jours francs avant le d\u00e9but de la manifestation. Le non-respect de ce d\u00e9lai entra\u00eene le refus d&rsquo;autorisation par l&rsquo;autorit\u00e9 administrative comp\u00e9tente ;<br \/>\n10 &#8211; \u00e9valuation des incidences Natura 2000<br \/>\n<em>Instruction du dossier :<\/em><br \/>\nL\u2019autorisation est d\u00e9livr\u00e9e apr\u00e8s avis du maire et des services concern\u00e9s par les questions de circulation et de s\u00e9curit\u00e9 (gendarmerie, police, direction d\u00e9partementale des territoires, conseil g\u00e9n\u00e9ral,\u2026).<br \/>\nElle est accord\u00e9e sous la forme d\u2019un arr\u00eat\u00e9 pr\u00e9fectoral qui est notifi\u00e9 \u00e0 l\u2019organisateur de la manifestation ainsi qu\u2019aux autorit\u00e9s concern\u00e9es.<br \/>\nII &#8211; Les d\u00e9clarations d&rsquo;organisation des manifestations sportives non motoris\u00e9es sur une voie ouverte \u00e0 la circulation publique, sans classement final des participants pr\u00e9voyant la circulation group\u00e9e, en un point d\u00e9termin\u00e9 de la voie publique ou de ses d\u00e9pendances, de plus de 75 pi\u00e9tons, de plus de 50 cycles ou autres v\u00e9hicules ou engins non motoris\u00e9s et de plus de 25 chevaux ou autres animaux. Les manifestations sportives sur la voie publique, font l\u2019objet d\u2019une simple d\u00e9claration, d\u00e8s lors qu\u2019elles ne sont soumises \u00e0 aucun horaire fixe ou classement en fonction de la plus grande vitesse r\u00e9alis\u00e9e ou d\u2019une moyenne impos\u00e9e sur le parcours (article R331-6 du code du sport).<br \/>\n<em>Modalit\u00e9s de d\u00e9p\u00f4t du dossier (article A331-3 du code du sport) :<\/em><br \/>\nCette d\u00e9claration doit \u00eatre effectu\u00e9e au plus tard un mois avant la date de la manifestation. Liste des pi\u00e8ces \u00e0 fournir (article A331-2 du code du sport) :<br \/>\n1 &#8211; Les nom, adresse et coordonn\u00e9es de l&rsquo;organisateur,<br \/>\n2 &#8211; La date et les horaires auxquels se d\u00e9roule la manifestation,<br \/>\n3 &#8211; La nature et les modalit\u00e9s d&rsquo;organisation de la manifestation, notamment son programme et son r\u00e8glement,<br \/>\n4 &#8211; Dans les cas o\u00f9 l&rsquo;itin\u00e9raire est impos\u00e9 aux participants, un plan des voies emprunt\u00e9es sur lequel figurent les points de rassemblement ou de contr\u00f4le pr\u00e9alablement d\u00e9finis (\u00e0 joindre),<br \/>\n5 &#8211; Le nombre maximal de participants \u00e0 la manifestation ainsi que, le cas \u00e9ch\u00e9ant, le nombre de v\u00e9hicules d&rsquo;accompagnement,<br \/>\n6 &#8211; Le recensement des dispositions assurant la s\u00e9curit\u00e9 et la protection des participants et des tiers,<br \/>\n7 &#8211; Une attestation de police d&rsquo;assurance souscrite par l&rsquo;organisateur de la manifestation, qui doit \u00eatre pr\u00e9sent\u00e9e \u00e0 l&rsquo;autorit\u00e9 administrative au plus tard six jours francs avant le d\u00e9but de la manifestation,<br \/>\n8 &#8211; \u00e9valuation des incidences Natura 2000<br \/>\n<em>Instruction du dossier :<\/em><br \/>\nUn r\u00e9c\u00e9piss\u00e9 est adress\u00e9 \u00e0 l\u2019organisateur et une copie est diffus\u00e9e aux services concern\u00e9s (gendarmerie, police, direction d\u00e9partementale des territoires, conseil g\u00e9n\u00e9ral&#8230;).<\/p>\n<\/td>\n<\/tr>\n<tr>\n<td><\/td>\n<td><a href=\"http:\/\/guidelaval.fr\/eva\/reglementation\"class='cgras'>&nbsp;<<&nbsp;&nbsp;<\/a><a href=\"http:\/\/guidelaval.fr\/eva\/reglementation-vehicules\" class='cgras'>&nbsp;<&nbsp;<\/a><a href=\"http:\/\/guidelaval.fr\/eva\/reglementation-annexes\" class='cgras'>&nbsp;>&nbsp;<\/a><\/td>\n<\/tr>\n<\/table>\n","protected":false},"excerpt":{"rendered":"","protected":false},"author":1,"featured_media":0,"parent":0,"menu_order":0,"comment_status":"closed","ping_status":"closed","template":"","meta":{"kt_blocks_editor_width":"","jetpack_post_was_ever_published":false},"jetpack_sharing_enabled":true,"jetpack_shortlink":"https:\/\/wp.me\/P7cFdd-9E","jetpack-related-posts":[{"id":263,"url":"http:\/\/guidelaval.fr\/eva\/reglementation\/","url_meta":{"origin":598,"position":0},"title":"R\u00e9glementation","date":"4 novembre 2015","format":false,"excerpt":"R\u00e9glementation applicable aux associations Pr\u00e9ambule portant sur l'action de l'\u00e9tat Pr\u00e9sentation du guide La buvette L\u2019emploi La restauration L\u2019agr\u00e9ment La Licence d'entrepreneur de spectacles La billetterie La publicit\u00e9 et la communication Le droit a l'image La fiscalit\u00e9 La responsabilit\u00e9 des associations La s\u00e9curit\u00e9 des locaux Le service de s\u00e9curit\u00e9 et\u2026","rel":"","context":"Article similaire","img":{"alt_text":"","src":"","width":0,"height":0},"classes":[]},{"id":476,"url":"http:\/\/guidelaval.fr\/eva\/reglementation\/reglementation-agrement\/","url_meta":{"origin":598,"position":1},"title":"R\u00e9glementation-agr\u00e9ment","date":"16 novembre 2015","format":false,"excerpt":"","rel":"","context":"Article similaire","img":{"alt_text":"","src":"","width":0,"height":0},"classes":[]},{"id":344,"url":"http:\/\/guidelaval.fr\/eva\/reglementation-buvette\/","url_meta":{"origin":598,"position":2},"title":"R\u00e9glementation-buvette","date":"11 novembre 2015","format":false,"excerpt":"","rel":"","context":"Article similaire","img":{"alt_text":"","src":"","width":0,"height":0},"classes":[]},{"id":380,"url":"http:\/\/guidelaval.fr\/eva\/reglementation-preambule\/","url_meta":{"origin":598,"position":3},"title":"R\u00e9glementation-pr\u00e9ambule","date":"11 novembre 2015","format":false,"excerpt":"","rel":"","context":"Article similaire","img":{"alt_text":"","src":"","width":0,"height":0},"classes":[]},{"id":391,"url":"http:\/\/guidelaval.fr\/eva\/reglementation-guide\/","url_meta":{"origin":598,"position":4},"title":"R\u00e9glementation-guide","date":"11 novembre 2015","format":false,"excerpt":"","rel":"","context":"Article similaire","img":{"alt_text":"","src":"","width":0,"height":0},"classes":[]},{"id":401,"url":"http:\/\/guidelaval.fr\/eva\/reglementation-lemploi\/","url_meta":{"origin":598,"position":5},"title":"R\u00e9glementation-l&#8217;emploi","date":"11 novembre 2015","format":false,"excerpt":"","rel":"","context":"Article similaire","img":{"alt_text":"","src":"","width":0,"height":0},"classes":[]}],"_links":{"self":[{"href":"http:\/\/guidelaval.fr\/eva\/wp-json\/wp\/v2\/pages\/598"}],"collection":[{"href":"http:\/\/guidelaval.fr\/eva\/wp-json\/wp\/v2\/pages"}],"about":[{"href":"http:\/\/guidelaval.fr\/eva\/wp-json\/wp\/v2\/types\/page"}],"author":[{"embeddable":true,"href":"http:\/\/guidelaval.fr\/eva\/wp-json\/wp\/v2\/users\/1"}],"replies":[{"embeddable":true,"href":"http:\/\/guidelaval.fr\/eva\/wp-json\/wp\/v2\/comments?post=598"}],"version-history":[{"count":5,"href":"http:\/\/guidelaval.fr\/eva\/wp-json\/wp\/v2\/pages\/598\/revisions"}],"predecessor-version":[{"id":603,"href":"http:\/\/guidelaval.fr\/eva\/wp-json\/wp\/v2\/pages\/598\/revisions\/603"}],"wp:attachment":[{"href":"http:\/\/guidelaval.fr\/eva\/wp-json\/wp\/v2\/media?parent=598"}],"curies":[{"name":"wp","href":"https:\/\/api.w.org\/{rel}","templated":true}]}}