{"id":604,"date":"2015-11-20T11:09:29","date_gmt":"2015-11-20T10:09:29","guid":{"rendered":"http:\/\/guidelaval.fr\/eva\/?page_id=604"},"modified":"2015-11-20T11:32:33","modified_gmt":"2015-11-20T10:32:33","slug":"reglementation-annexes","status":"publish","type":"page","link":"http:\/\/guidelaval.fr\/eva\/reglementation-annexes\/","title":{"rendered":"R\u00e9glementation-annexes"},"content":{"rendered":"<table width='60%'align='center'>\n<tr>\n<td width=95%'>\n<h5 style=\"text-align: center;\">Annexes<br \/>\nQUELLES SONT LES DEMARCHES A EFFECTUER<br \/>\nAVANT UNE MANIFESTATION ?<\/h5>\n<\/td>\n<td><a href=\"http:\/\/guidelaval.fr\/eva\/reglementation\"class='cgras'>&nbsp;<<&nbsp;&nbsp;<\/a><a href=\"http:\/\/guidelaval.fr\/eva\/reglementation-competitions\" class='cgras'>&nbsp;<&nbsp;<\/a><a href=\"http:\/\/guidelaval.fr\/eva\/reglementation\" class='cgras'>&nbsp;>&nbsp;<\/a><\/td>\n<\/tr>\n<tr>\n<td>\n<p style=\"text-align:justify;\">\n<a href=\"https:\/\/i0.wp.com\/guidelaval.fr\/eva\/wp-content\/uploads\/2015\/11\/annexes-1.jpg\"><img data-attachment-id=\"607\" data-permalink=\"http:\/\/guidelaval.fr\/eva\/reglementation-annexes\/annexes-1\/\" data-orig-file=\"https:\/\/i0.wp.com\/guidelaval.fr\/eva\/wp-content\/uploads\/2015\/11\/annexes-1.jpg?fit=590%2C896\" data-orig-size=\"590,896\" data-comments-opened=\"0\" data-image-meta=\"{&quot;aperture&quot;:&quot;0&quot;,&quot;credit&quot;:&quot;&quot;,&quot;camera&quot;:&quot;&quot;,&quot;caption&quot;:&quot;&quot;,&quot;created_timestamp&quot;:&quot;0&quot;,&quot;copyright&quot;:&quot;&quot;,&quot;focal_length&quot;:&quot;0&quot;,&quot;iso&quot;:&quot;0&quot;,&quot;shutter_speed&quot;:&quot;0&quot;,&quot;title&quot;:&quot;&quot;,&quot;orientation&quot;:&quot;1&quot;}\" data-image-title=\"annexes-1\" data-image-description=\"\" data-image-caption=\"\" data-medium-file=\"https:\/\/i0.wp.com\/guidelaval.fr\/eva\/wp-content\/uploads\/2015\/11\/annexes-1.jpg?fit=198%2C300\" data-large-file=\"https:\/\/i0.wp.com\/guidelaval.fr\/eva\/wp-content\/uploads\/2015\/11\/annexes-1.jpg?fit=590%2C896\" decoding=\"async\" loading=\"lazy\" width=\"590\" height=\"896\" src=\"https:\/\/i0.wp.com\/guidelaval.fr\/eva\/wp-content\/uploads\/2015\/11\/annexes-1.jpg?resize=590%2C896\" alt=\"annexes-1\" class=\"alignnone size-medium wp-image-607\" srcset=\"https:\/\/i0.wp.com\/guidelaval.fr\/eva\/wp-content\/uploads\/2015\/11\/annexes-1.jpg?w=590 590w, https:\/\/i0.wp.com\/guidelaval.fr\/eva\/wp-content\/uploads\/2015\/11\/annexes-1.jpg?resize=198%2C300 198w\" sizes=\"(max-width: 590px) 100vw, 590px\" data-recalc-dims=\"1\" \/><\/a><br \/>\n<a href=\"https:\/\/i0.wp.com\/guidelaval.fr\/eva\/wp-content\/uploads\/2015\/11\/annexes-2.jpg\"><img data-attachment-id=\"612\" data-permalink=\"http:\/\/guidelaval.fr\/eva\/reglementation-annexes\/annexes-2\/\" data-orig-file=\"https:\/\/i0.wp.com\/guidelaval.fr\/eva\/wp-content\/uploads\/2015\/11\/annexes-2.jpg?fit=589%2C899\" data-orig-size=\"589,899\" data-comments-opened=\"0\" data-image-meta=\"{&quot;aperture&quot;:&quot;0&quot;,&quot;credit&quot;:&quot;&quot;,&quot;camera&quot;:&quot;&quot;,&quot;caption&quot;:&quot;&quot;,&quot;created_timestamp&quot;:&quot;0&quot;,&quot;copyright&quot;:&quot;&quot;,&quot;focal_length&quot;:&quot;0&quot;,&quot;iso&quot;:&quot;0&quot;,&quot;shutter_speed&quot;:&quot;0&quot;,&quot;title&quot;:&quot;&quot;,&quot;orientation&quot;:&quot;1&quot;}\" data-image-title=\"annexes-2\" data-image-description=\"\" data-image-caption=\"\" data-medium-file=\"https:\/\/i0.wp.com\/guidelaval.fr\/eva\/wp-content\/uploads\/2015\/11\/annexes-2.jpg?fit=197%2C300\" data-large-file=\"https:\/\/i0.wp.com\/guidelaval.fr\/eva\/wp-content\/uploads\/2015\/11\/annexes-2.jpg?fit=589%2C899\" decoding=\"async\" loading=\"lazy\" width=\"589\" height=\"899\" src=\"https:\/\/i0.wp.com\/guidelaval.fr\/eva\/wp-content\/uploads\/2015\/11\/annexes-2.jpg?resize=589%2C899\" alt=\"annexes-2\" class=\"alignnone size-medium wp-image-612\" srcset=\"https:\/\/i0.wp.com\/guidelaval.fr\/eva\/wp-content\/uploads\/2015\/11\/annexes-2.jpg?w=589 589w, https:\/\/i0.wp.com\/guidelaval.fr\/eva\/wp-content\/uploads\/2015\/11\/annexes-2.jpg?resize=197%2C300 197w\" sizes=\"(max-width: 589px) 100vw, 589px\" data-recalc-dims=\"1\" \/><\/a><\/p>\n<p><a href=\"https:\/\/i0.wp.com\/guidelaval.fr\/eva\/wp-content\/uploads\/2015\/11\/annexes-3.jpg\"><img data-attachment-id=\"613\" data-permalink=\"http:\/\/guidelaval.fr\/eva\/reglementation-annexes\/annexes-3\/\" data-orig-file=\"https:\/\/i0.wp.com\/guidelaval.fr\/eva\/wp-content\/uploads\/2015\/11\/annexes-3.jpg?fit=531%2C900\" data-orig-size=\"531,900\" data-comments-opened=\"0\" data-image-meta=\"{&quot;aperture&quot;:&quot;0&quot;,&quot;credit&quot;:&quot;&quot;,&quot;camera&quot;:&quot;&quot;,&quot;caption&quot;:&quot;&quot;,&quot;created_timestamp&quot;:&quot;0&quot;,&quot;copyright&quot;:&quot;&quot;,&quot;focal_length&quot;:&quot;0&quot;,&quot;iso&quot;:&quot;0&quot;,&quot;shutter_speed&quot;:&quot;0&quot;,&quot;title&quot;:&quot;&quot;,&quot;orientation&quot;:&quot;1&quot;}\" data-image-title=\"annexes-3\" data-image-description=\"\" data-image-caption=\"\" data-medium-file=\"https:\/\/i0.wp.com\/guidelaval.fr\/eva\/wp-content\/uploads\/2015\/11\/annexes-3.jpg?fit=177%2C300\" data-large-file=\"https:\/\/i0.wp.com\/guidelaval.fr\/eva\/wp-content\/uploads\/2015\/11\/annexes-3.jpg?fit=531%2C900\" decoding=\"async\" loading=\"lazy\" width=\"531\" height=\"900\" src=\"https:\/\/i0.wp.com\/guidelaval.fr\/eva\/wp-content\/uploads\/2015\/11\/annexes-3.jpg?resize=531%2C900\" alt=\"annexes-3\"  class=\"alignnone size-medium wp-image-613\" srcset=\"https:\/\/i0.wp.com\/guidelaval.fr\/eva\/wp-content\/uploads\/2015\/11\/annexes-3.jpg?w=531 531w, https:\/\/i0.wp.com\/guidelaval.fr\/eva\/wp-content\/uploads\/2015\/11\/annexes-3.jpg?resize=177%2C300 177w\" sizes=\"(max-width: 531px) 100vw, 531px\" data-recalc-dims=\"1\" \/><\/a><\/p>\n<p><a href=\"https:\/\/i0.wp.com\/guidelaval.fr\/eva\/wp-content\/uploads\/2015\/11\/annexes-4.jpg\"><img data-attachment-id=\"614\" data-permalink=\"http:\/\/guidelaval.fr\/eva\/reglementation-annexes\/annexes-4\/\" data-orig-file=\"https:\/\/i0.wp.com\/guidelaval.fr\/eva\/wp-content\/uploads\/2015\/11\/annexes-4.jpg?fit=416%2C858\" data-orig-size=\"416,858\" data-comments-opened=\"0\" data-image-meta=\"{&quot;aperture&quot;:&quot;0&quot;,&quot;credit&quot;:&quot;&quot;,&quot;camera&quot;:&quot;&quot;,&quot;caption&quot;:&quot;&quot;,&quot;created_timestamp&quot;:&quot;0&quot;,&quot;copyright&quot;:&quot;&quot;,&quot;focal_length&quot;:&quot;0&quot;,&quot;iso&quot;:&quot;0&quot;,&quot;shutter_speed&quot;:&quot;0&quot;,&quot;title&quot;:&quot;&quot;,&quot;orientation&quot;:&quot;1&quot;}\" data-image-title=\"annexes-4\" data-image-description=\"\" data-image-caption=\"\" data-medium-file=\"https:\/\/i0.wp.com\/guidelaval.fr\/eva\/wp-content\/uploads\/2015\/11\/annexes-4.jpg?fit=145%2C300\" data-large-file=\"https:\/\/i0.wp.com\/guidelaval.fr\/eva\/wp-content\/uploads\/2015\/11\/annexes-4.jpg?fit=416%2C858\" decoding=\"async\" loading=\"lazy\" width=\"416\" height=\"858\" src=\"https:\/\/i0.wp.com\/guidelaval.fr\/eva\/wp-content\/uploads\/2015\/11\/annexes-4.jpg?resize=416%2C858\" alt=\"annexes-4\"  class=\"alignnone size-medium wp-image-614\" srcset=\"https:\/\/i0.wp.com\/guidelaval.fr\/eva\/wp-content\/uploads\/2015\/11\/annexes-4.jpg?w=416 416w, https:\/\/i0.wp.com\/guidelaval.fr\/eva\/wp-content\/uploads\/2015\/11\/annexes-4.jpg?resize=145%2C300 145w\" sizes=\"(max-width: 416px) 100vw, 416px\" data-recalc-dims=\"1\" \/><\/a><\/p>\n<p><a href=\"https:\/\/i0.wp.com\/guidelaval.fr\/eva\/wp-content\/uploads\/2015\/11\/annexes-5.jpg\"><img data-attachment-id=\"615\" data-permalink=\"http:\/\/guidelaval.fr\/eva\/reglementation-annexes\/annexes-5\/\" data-orig-file=\"https:\/\/i0.wp.com\/guidelaval.fr\/eva\/wp-content\/uploads\/2015\/11\/annexes-5.jpg?fit=472%2C864\" data-orig-size=\"472,864\" data-comments-opened=\"0\" data-image-meta=\"{&quot;aperture&quot;:&quot;0&quot;,&quot;credit&quot;:&quot;&quot;,&quot;camera&quot;:&quot;&quot;,&quot;caption&quot;:&quot;&quot;,&quot;created_timestamp&quot;:&quot;0&quot;,&quot;copyright&quot;:&quot;&quot;,&quot;focal_length&quot;:&quot;0&quot;,&quot;iso&quot;:&quot;0&quot;,&quot;shutter_speed&quot;:&quot;0&quot;,&quot;title&quot;:&quot;&quot;,&quot;orientation&quot;:&quot;1&quot;}\" data-image-title=\"annexes-5\" data-image-description=\"\" data-image-caption=\"\" data-medium-file=\"https:\/\/i0.wp.com\/guidelaval.fr\/eva\/wp-content\/uploads\/2015\/11\/annexes-5.jpg?fit=164%2C300\" data-large-file=\"https:\/\/i0.wp.com\/guidelaval.fr\/eva\/wp-content\/uploads\/2015\/11\/annexes-5.jpg?fit=472%2C864\" decoding=\"async\" loading=\"lazy\" width=\"472\" height=\"864\" src=\"https:\/\/i0.wp.com\/guidelaval.fr\/eva\/wp-content\/uploads\/2015\/11\/annexes-5.jpg?resize=472%2C864\" alt=\"annexes-5\"  class=\"alignnone size-medium wp-image-615\" srcset=\"https:\/\/i0.wp.com\/guidelaval.fr\/eva\/wp-content\/uploads\/2015\/11\/annexes-5.jpg?w=472 472w, https:\/\/i0.wp.com\/guidelaval.fr\/eva\/wp-content\/uploads\/2015\/11\/annexes-5.jpg?resize=164%2C300 164w\" sizes=\"(max-width: 472px) 100vw, 472px\" data-recalc-dims=\"1\" \/><\/a><\/p>\n<p><a href=\"https:\/\/i0.wp.com\/guidelaval.fr\/eva\/wp-content\/uploads\/2015\/11\/annexes-6.jpg\"><img data-attachment-id=\"616\" data-permalink=\"http:\/\/guidelaval.fr\/eva\/reglementation-annexes\/annexes-6\/\" data-orig-file=\"https:\/\/i0.wp.com\/guidelaval.fr\/eva\/wp-content\/uploads\/2015\/11\/annexes-6.jpg?fit=501%2C575\" data-orig-size=\"501,575\" data-comments-opened=\"0\" data-image-meta=\"{&quot;aperture&quot;:&quot;0&quot;,&quot;credit&quot;:&quot;&quot;,&quot;camera&quot;:&quot;&quot;,&quot;caption&quot;:&quot;&quot;,&quot;created_timestamp&quot;:&quot;0&quot;,&quot;copyright&quot;:&quot;&quot;,&quot;focal_length&quot;:&quot;0&quot;,&quot;iso&quot;:&quot;0&quot;,&quot;shutter_speed&quot;:&quot;0&quot;,&quot;title&quot;:&quot;&quot;,&quot;orientation&quot;:&quot;1&quot;}\" data-image-title=\"annexes-6\" data-image-description=\"\" data-image-caption=\"\" data-medium-file=\"https:\/\/i0.wp.com\/guidelaval.fr\/eva\/wp-content\/uploads\/2015\/11\/annexes-6.jpg?fit=261%2C300\" data-large-file=\"https:\/\/i0.wp.com\/guidelaval.fr\/eva\/wp-content\/uploads\/2015\/11\/annexes-6.jpg?fit=501%2C575\" decoding=\"async\" loading=\"lazy\" width=\"501\" height=\"575\" src=\"https:\/\/i0.wp.com\/guidelaval.fr\/eva\/wp-content\/uploads\/2015\/11\/annexes-6.jpg?resize=501%2C575\" alt=\"annexes-6\"  class=\"alignnone size-medium wp-image-616\" srcset=\"https:\/\/i0.wp.com\/guidelaval.fr\/eva\/wp-content\/uploads\/2015\/11\/annexes-6.jpg?w=501 501w, https:\/\/i0.wp.com\/guidelaval.fr\/eva\/wp-content\/uploads\/2015\/11\/annexes-6.jpg?resize=261%2C300 261w\" sizes=\"(max-width: 501px) 100vw, 501px\" data-recalc-dims=\"1\" \/><\/a><\/p>\n<\/td>\n<\/tr>\n<tr>\n<td><\/td>\n<td><a href=\"http:\/\/guidelaval.fr\/eva\/reglementation\"class='cgras'>&nbsp;<<&nbsp;&nbsp;<\/a><a href=\"http:\/\/guidelaval.fr\/eva\/reglementation-competitions\" class='cgras'>&nbsp;<&nbsp;<\/a><a href=\"http:\/\/guidelaval.fr\/eva\/reglementation\" class='cgras'>&nbsp;>&nbsp;<\/a><\/td>\n<\/tr>\n<\/table>\n","protected":false},"excerpt":{"rendered":"","protected":false},"author":1,"featured_media":0,"parent":0,"menu_order":0,"comment_status":"closed","ping_status":"closed","template":"","meta":{"kt_blocks_editor_width":"","jetpack_post_was_ever_published":false},"jetpack_sharing_enabled":true,"jetpack_shortlink":"https:\/\/wp.me\/P7cFdd-9K","jetpack-related-posts":[{"id":263,"url":"http:\/\/guidelaval.fr\/eva\/reglementation\/","url_meta":{"origin":604,"position":0},"title":"R\u00e9glementation","date":"4 novembre 2015","format":false,"excerpt":"R\u00e9glementation applicable aux associations Pr\u00e9ambule portant sur l'action de l'\u00e9tat Pr\u00e9sentation du guide La buvette L\u2019emploi La restauration L\u2019agr\u00e9ment La Licence d'entrepreneur de spectacles La billetterie La publicit\u00e9 et la communication Le droit a l'image La fiscalit\u00e9 La responsabilit\u00e9 des associations La s\u00e9curit\u00e9 des locaux Le service de s\u00e9curit\u00e9 et\u2026","rel":"","context":"Article similaire","img":{"alt_text":"","src":"","width":0,"height":0},"classes":[]},{"id":476,"url":"http:\/\/guidelaval.fr\/eva\/reglementation\/reglementation-agrement\/","url_meta":{"origin":604,"position":1},"title":"R\u00e9glementation-agr\u00e9ment","date":"16 novembre 2015","format":false,"excerpt":"","rel":"","context":"Article similaire","img":{"alt_text":"","src":"","width":0,"height":0},"classes":[]},{"id":344,"url":"http:\/\/guidelaval.fr\/eva\/reglementation-buvette\/","url_meta":{"origin":604,"position":2},"title":"R\u00e9glementation-buvette","date":"11 novembre 2015","format":false,"excerpt":"","rel":"","context":"Article similaire","img":{"alt_text":"","src":"","width":0,"height":0},"classes":[]},{"id":380,"url":"http:\/\/guidelaval.fr\/eva\/reglementation-preambule\/","url_meta":{"origin":604,"position":3},"title":"R\u00e9glementation-pr\u00e9ambule","date":"11 novembre 2015","format":false,"excerpt":"","rel":"","context":"Article similaire","img":{"alt_text":"","src":"","width":0,"height":0},"classes":[]},{"id":391,"url":"http:\/\/guidelaval.fr\/eva\/reglementation-guide\/","url_meta":{"origin":604,"position":4},"title":"R\u00e9glementation-guide","date":"11 novembre 2015","format":false,"excerpt":"","rel":"","context":"Article similaire","img":{"alt_text":"","src":"","width":0,"height":0},"classes":[]},{"id":401,"url":"http:\/\/guidelaval.fr\/eva\/reglementation-lemploi\/","url_meta":{"origin":604,"position":5},"title":"R\u00e9glementation-l&#8217;emploi","date":"11 novembre 2015","format":false,"excerpt":"","rel":"","context":"Article similaire","img":{"alt_text":"","src":"","width":0,"height":0},"classes":[]}],"_links":{"self":[{"href":"http:\/\/guidelaval.fr\/eva\/wp-json\/wp\/v2\/pages\/604"}],"collection":[{"href":"http:\/\/guidelaval.fr\/eva\/wp-json\/wp\/v2\/pages"}],"about":[{"href":"http:\/\/guidelaval.fr\/eva\/wp-json\/wp\/v2\/types\/page"}],"author":[{"embeddable":true,"href":"http:\/\/guidelaval.fr\/eva\/wp-json\/wp\/v2\/users\/1"}],"replies":[{"embeddable":true,"href":"http:\/\/guidelaval.fr\/eva\/wp-json\/wp\/v2\/comments?post=604"}],"version-history":[{"count":9,"href":"http:\/\/guidelaval.fr\/eva\/wp-json\/wp\/v2\/pages\/604\/revisions"}],"predecessor-version":[{"id":619,"href":"http:\/\/guidelaval.fr\/eva\/wp-json\/wp\/v2\/pages\/604\/revisions\/619"}],"wp:attachment":[{"href":"http:\/\/guidelaval.fr\/eva\/wp-json\/wp\/v2\/media?parent=604"}],"curies":[{"name":"wp","href":"https:\/\/api.w.org\/{rel}","templated":true}]}}