{"id":71,"date":"2015-10-25T17:33:45","date_gmt":"2015-10-25T16:33:45","guid":{"rendered":"http:\/\/guidelaval.fr\/eva\/?page_id=71"},"modified":"2015-10-29T23:28:10","modified_gmt":"2015-10-29T22:28:10","slug":"page-deux","status":"publish","type":"page","link":"http:\/\/guidelaval.fr\/eva\/page-deux\/","title":{"rendered":"Page deux"},"content":{"rendered":"<p>Ici je mettrai une photo<\/p>\n","protected":false},"excerpt":{"rendered":"<p>Ici je mettrai une photo<\/p>\n","protected":false},"author":1,"featured_media":0,"parent":0,"menu_order":0,"comment_status":"closed","ping_status":"closed","template":"","meta":{"kt_blocks_editor_width":"","jetpack_post_was_ever_published":false},"jetpack_sharing_enabled":true,"jetpack_shortlink":"https:\/\/wp.me\/P7cFdd-19","jetpack-related-posts":[{"id":1044,"url":"http:\/\/guidelaval.fr\/eva\/nouvelle-creation-4\/","url_meta":{"origin":71,"position":0},"title":"nouvelle cr\u00e9ation","date":"1 mai 2016","format":false,"excerpt":"De : lE GRAND Sujet : nouvelle cr\u00e9ation Corps du message : j'ai tout vid\u00e9 mais je rajoute une image avec ovale et un lien vers un fichier pdf avec \u00e9galement un ovale date d\u00e9but:25\/04\/2016 date-fin :25\/04\/2016 festiguide53-ovale.pdf","rel":"","context":"Dans &quot;Non class\u00e9&quot;","img":{"alt_text":"","src":"","width":0,"height":0},"classes":[]},{"id":1070,"url":"http:\/\/guidelaval.fr\/eva\/mise-en-route-5\/","url_meta":{"origin":71,"position":1},"title":"Mise en route","date":"2 mai 2016","format":false,"excerpt":"Invitation envoy\u00e9e par : Le Grand legrand.jt@orange.fr date-d\u00e9but:26\/04\/2016 date-fin :27\/04\/2016 Corps du message : Cette fois je vais joindre une image est un lien vers un fichier pdf. festiguide53-ovale.pdf","rel":"","context":"Dans &quot;Non class\u00e9&quot;","img":{"alt_text":"","src":"","width":0,"height":0},"classes":[]},{"id":1278,"url":"http:\/\/guidelaval.fr\/eva\/grand-diner-spectacle-big-band-et-trompes-de-chasse-3\/","url_meta":{"origin":71,"position":2},"title":"Grand Diner Spectacle Big Band et Trompes de Chasse","date":"24 mars 2017","format":false,"excerpt":"Contact : MARGOGNE lmargogne@orange.fr date-d\u00e9but : 22\/04\/2017 19h30 date-fin : 22\/04\/2017 23h00 Salle Polyvalente de Laval Place de HERCELAVAL 53000 \u00c9v\u00e8nement positionn\u00e9 le : 23\/03\/2017 15h 39mn<\/br>Par le Club : Rotary Ambroise Corps du message : Grand diner spectacle organis\u00e9 par le Rotary Laval Ambroise PARE Le 22 Avril 2017\u2026","rel":"","context":"Dans &quot;Non class\u00e9&quot;","img":{"alt_text":"","src":"","width":0,"height":0},"classes":[]},{"id":1272,"url":"http:\/\/guidelaval.fr\/eva\/grand-diner-spectacle-big-band-et-trompes-de-chasse\/","url_meta":{"origin":71,"position":3},"title":"Grand Diner Spectacle Big Band et Trompes de Chasse","date":"24 mars 2017","format":false,"excerpt":"Contact : MARGOGNE lmargogne@orange.fr date-d\u00e9but : 22\/04\/2017 19h30 date-fin : 22\/04\/2017 23h00 Salle Polyvalente de Laval Place de HERCELAVAL 53000 \u00c9v\u00e8nement positionn\u00e9 le : 23\/03\/2017 15h 39mn<\/br>Par le Club : Rotary Ambroise Corps du message : Grand Diner Spectacle Big Band et Trompes de Chasse \u00c9v\u00e8nement Modifi\u00e9 le : 24\/03\/2017\u2026","rel":"","context":"Dans &quot;Non class\u00e9&quot;","img":{"alt_text":"","src":"","width":0,"height":0},"classes":[]},{"id":1275,"url":"http:\/\/guidelaval.fr\/eva\/grand-diner-spectacle-big-band-et-trompes-de-chasse-2\/","url_meta":{"origin":71,"position":4},"title":"Grand Diner Spectacle Big Band et Trompes de Chasse","date":"24 mars 2017","format":false,"excerpt":"Contact : MARGOGNE lmargogne@orange.fr date-d\u00e9but : 22\/04\/2017 19h30 date-fin : 22\/04\/2017 23h00 Salle Polyvalente de Laval Place de HERCELAVAL 53000 \u00c9v\u00e8nement positionn\u00e9 le : 23\/03\/2017 15h 39mn<\/br>Par le Club : Rotary Ambroise Corps du message : Grand Diner Spectacle Big Band et Trompes de Chasse \u00c9v\u00e8nement Modifi\u00e9 le : 24\/03\/2017\u2026","rel":"","context":"Dans &quot;Non class\u00e9&quot;","img":{"alt_text":"","src":"","width":0,"height":0},"classes":[]},{"id":1078,"url":"http:\/\/guidelaval.fr\/eva\/concert-de-chant-choral-4\/","url_meta":{"origin":71,"position":5},"title":"Concert de chant choral","date":"3 mai 2016","format":false,"excerpt":"Invitation envoy\u00e9e par : lE GRAND legrand.jt@orange.fr date-d\u00e9but:07\/01\/2017 date-fin :07\/01\/2017 Corps du message : Mardi 3 mai 9h26 je ne comprends pas ce qui se passe cela semble ne plus fonctionner.Quel r\u00e9glage ai-je chang\u00e9 ? ci-joint fichier pdf festiguide53-ovale.pdf","rel":"","context":"Dans &quot;Non class\u00e9&quot;","img":{"alt_text":"","src":"","width":0,"height":0},"classes":[]}],"_links":{"self":[{"href":"http:\/\/guidelaval.fr\/eva\/wp-json\/wp\/v2\/pages\/71"}],"collection":[{"href":"http:\/\/guidelaval.fr\/eva\/wp-json\/wp\/v2\/pages"}],"about":[{"href":"http:\/\/guidelaval.fr\/eva\/wp-json\/wp\/v2\/types\/page"}],"author":[{"embeddable":true,"href":"http:\/\/guidelaval.fr\/eva\/wp-json\/wp\/v2\/users\/1"}],"replies":[{"embeddable":true,"href":"http:\/\/guidelaval.fr\/eva\/wp-json\/wp\/v2\/comments?post=71"}],"version-history":[{"count":6,"href":"http:\/\/guidelaval.fr\/eva\/wp-json\/wp\/v2\/pages\/71\/revisions"}],"predecessor-version":[{"id":150,"href":"http:\/\/guidelaval.fr\/eva\/wp-json\/wp\/v2\/pages\/71\/revisions\/150"}],"wp:attachment":[{"href":"http:\/\/guidelaval.fr\/eva\/wp-json\/wp\/v2\/media?parent=71"}],"curies":[{"name":"wp","href":"https:\/\/api.w.org\/{rel}","templated":true}]}}