{"id":742,"date":"2016-01-22T07:18:42","date_gmt":"2016-01-22T06:18:42","guid":{"rendered":"http:\/\/guidelaval.fr\/eva\/?page_id=742"},"modified":"2016-02-01T17:00:26","modified_gmt":"2016-02-01T16:00:26","slug":"page-mailing","status":"publish","type":"page","link":"http:\/\/guidelaval.fr\/eva\/page-mailing\/","title":{"rendered":"page-mailing"},"content":{"rendered":"[eventlist start=\u00a0\u00bb2016-01-30&Prime; end=\u00a0\u00bb7 Days\u00a0\u00bb]\n","protected":false},"excerpt":{"rendered":"<p>[eventlist start=\u00a0\u00bb2016-01-30&Prime; end=\u00a0\u00bb7 Days\u00a0\u00bb]<\/p>\n","protected":false},"author":1,"featured_media":0,"parent":0,"menu_order":0,"comment_status":"closed","ping_status":"closed","template":"","meta":{"kt_blocks_editor_width":"","jetpack_post_was_ever_published":false},"jetpack_sharing_enabled":true,"jetpack_shortlink":"https:\/\/wp.me\/P7cFdd-bY","jetpack-related-posts":[{"id":1098,"url":"http:\/\/guidelaval.fr\/eva\/concert-de-chant-choral-7\/","url_meta":{"origin":742,"position":0},"title":"Concert de chant choral","date":"3 mai 2016","format":false,"excerpt":"Invitation envoy\u00e9e par : lE GRAND legrand.jt@orange.fr date-d\u00e9but:07\/01\/2017 date-fin :07\/01\/2017 Corps du message : Concert de chant choral \u00c9v\u00e8nement Modifi\u00e9 le : 23\/04\/2016 17h 27mn par lE GRAND du Club : Lions Club Guy de Laval Concert de chant choral \u00c9v\u00e8nement positionn\u00e9 le : 23\/04\/2016 17h 25mn Par le Club\u2026","rel":"","context":"Dans &quot;Non class\u00e9&quot;","img":{"alt_text":"","src":"","width":0,"height":0},"classes":[]},{"id":1213,"url":"http:\/\/guidelaval.fr\/eva\/dans-ma-rue-2eme-representation\/","url_meta":{"origin":742,"position":1},"title":"DANS MA RUE (2\u00e8me repr\u00e9sentation)","date":"4 d\u00e9cembre 2016","format":false,"excerpt":"Contact : Houdbine houdbine.felix@orange.fr date-d\u00e9but : 07\/01\/2017 16h date-fin : 07\/01\/2017 23h THEATRE DE LAVAL 34 rue de la paixLAVAL 53000 \u00c9v\u00e8nement positionn\u00e9 le : 30\/11\/2016 18h 58mn<\/br>Par le Club : Lions Club Guy Corps du message : Chers Amies et Amis, Le LIONS CLUB \u00abGUY DE LAVAL\u00bb organise 2\u2026","rel":"","context":"Dans &quot;Non class\u00e9&quot;","img":{"alt_text":"","src":"http:\/\/i1.wp.com\/guidelaval.fr\/eva\/wp-content\/uploads\/2016\/12\/dans-ma-rue-cdc-theCC81aCC82tre-laval-2017-01-07.jpg?resize=350%2C200","width":350,"height":200},"classes":[]},{"id":512,"url":"http:\/\/guidelaval.fr\/eva\/page-invitation\/","url_meta":{"origin":742,"position":2},"title":"Page-Invitation","date":"17 novembre 2015","format":false,"excerpt":"Demande d'envoi d'une invitation aux membres des associations adh\u00e9rentes \u00e0 festiguide53 [contact-form-7 id=\"798\" title=\"Contact-invitation\"]","rel":"","context":"Article similaire","img":{"alt_text":"","src":"","width":0,"height":0},"classes":[]},{"id":140,"url":"http:\/\/guidelaval.fr\/eva\/page-contact\/","url_meta":{"origin":742,"position":3},"title":"page-cr\u00e9ation-\u00e9v\u00e8nement","date":"27 octobre 2015","format":false,"excerpt":"Formulaire de d\u00e9claration d'un \u00e9v\u00e8nement organis\u00e9 par un club membre de Festiguide53 [contact-form-7 id=\"1013\" title=\"Contact-cr\u00e9ation-evenement\"]","rel":"","context":"Article similaire","img":{"alt_text":"","src":"","width":0,"height":0},"classes":[]},{"id":1066,"url":"http:\/\/guidelaval.fr\/eva\/nouvelle-creation-7\/","url_meta":{"origin":742,"position":4},"title":"nouvelle cr\u00e9ation","date":"2 mai 2016","format":false,"excerpt":"De : lE GRAND Nom de l'\u00e9v\u00e8nement : nouvelle cr\u00e9ation date-d\u00e9but:25\/04\/2016 date-fin :25\/04\/2016 Corps du message : nouvelle cr\u00e9ation \u00c9v\u00e8nement positionn\u00e9 le : 25\/04\/2016 19h 27mn Par le Club : Lions Club Guy de Laval essai de la nouvelle formule","rel":"","context":"Dans &quot;Non class\u00e9&quot;","img":{"alt_text":"","src":"","width":0,"height":0},"classes":[]},{"id":1130,"url":"http:\/\/guidelaval.fr\/eva\/separation-infos-7\/","url_meta":{"origin":742,"position":5},"title":"s\u00e9paration infos","date":"6 mai 2016","format":false,"excerpt":"Contact : LE GRAND legrand.jt@orange.fr date-d\u00e9but:06\/05\/2016 00h00 date-fin :06\/05\/2016 00h00 maison de ville 247 Avenue des Fran\u00e7ais Libreslaval53000 \u00c9v\u00e8nement positionn\u00e9 le : 04\/05\/2016 22h 21mn<\/br>Par le Club : Lions Club Guy Corps du message : pour faire plaisir, s\u00e9paration de la date de cr\u00e9ation modification ey de la description de\u2026","rel":"","context":"Dans &quot;Non class\u00e9&quot;","img":{"alt_text":"","src":"","width":0,"height":0},"classes":[]}],"_links":{"self":[{"href":"http:\/\/guidelaval.fr\/eva\/wp-json\/wp\/v2\/pages\/742"}],"collection":[{"href":"http:\/\/guidelaval.fr\/eva\/wp-json\/wp\/v2\/pages"}],"about":[{"href":"http:\/\/guidelaval.fr\/eva\/wp-json\/wp\/v2\/types\/page"}],"author":[{"embeddable":true,"href":"http:\/\/guidelaval.fr\/eva\/wp-json\/wp\/v2\/users\/1"}],"replies":[{"embeddable":true,"href":"http:\/\/guidelaval.fr\/eva\/wp-json\/wp\/v2\/comments?post=742"}],"version-history":[{"count":2,"href":"http:\/\/guidelaval.fr\/eva\/wp-json\/wp\/v2\/pages\/742\/revisions"}],"predecessor-version":[{"id":775,"href":"http:\/\/guidelaval.fr\/eva\/wp-json\/wp\/v2\/pages\/742\/revisions\/775"}],"wp:attachment":[{"href":"http:\/\/guidelaval.fr\/eva\/wp-json\/wp\/v2\/media?parent=742"}],"curies":[{"name":"wp","href":"https:\/\/api.w.org\/{rel}","templated":true}]}}