{"id":1029,"date":"2016-04-26T10:14:32","date_gmt":"2016-04-26T08:14:32","guid":{"rendered":"http:\/\/guidelaval.fr\/eva\/?p=1029"},"modified":"2016-04-26T10:16:17","modified_gmt":"2016-04-26T08:16:17","slug":"nouvelle-creation","status":"publish","type":"page","link":"https:\/\/guidelaval.fr\/eva\/nouvelle-creation\/","title":{"rendered":"nouvelle cr\u00e9ation"},"content":{"rendered":"<p>De : lE GRAND  Sujet : nouvelle cr\u00e9ation Corps du message : nouvelle cr\u00e9ation \u00c9v\u00e8nement positionn\u00e9 le : 25\/04\/2016 19h 27mn Par le Club : Lions Club Guy de Laval essai de la nouvelle formule  date d\u00e9but:25\/04\/2016 date-fin :25\/04\/2016 Cet email a \u00e9t\u00e9 envoy\u00e9 via le formulaire de contact de New Festiguide53 (<a href=\"http:\/\/guidelaval.fr\/eva\">guidelaval.fr\/eva<\/a>)   <a href=\"http:\/\/guidelaval.fr\/eva\/?attachment_id=1030\"><img data-attachment-id=\"1030\" data-permalink=\"https:\/\/guidelaval.fr\/eva\/nouvelle-creation\/festiguide53-3\/\" data-orig-file=\"https:\/\/i0.wp.com\/guidelaval.fr\/eva\/wp-content\/uploads\/2016\/04\/festiguide53.jpg?fit=371%2C195&amp;ssl=1\" data-orig-size=\"371,195\" data-comments-opened=\"0\" data-image-meta=\"{&quot;aperture&quot;:&quot;0&quot;,&quot;credit&quot;:&quot;&quot;,&quot;camera&quot;:&quot;&quot;,&quot;caption&quot;:&quot;&quot;,&quot;created_timestamp&quot;:&quot;0&quot;,&quot;copyright&quot;:&quot;&quot;,&quot;focal_length&quot;:&quot;0&quot;,&quot;iso&quot;:&quot;0&quot;,&quot;shutter_speed&quot;:&quot;0&quot;,&quot;title&quot;:&quot;&quot;,&quot;orientation&quot;:&quot;1&quot;}\" data-image-title=\"festiguide53\" data-image-description=\"\" data-image-caption=\"\" data-medium-file=\"https:\/\/i0.wp.com\/guidelaval.fr\/eva\/wp-content\/uploads\/2016\/04\/festiguide53.jpg?fit=300%2C158&amp;ssl=1\" data-large-file=\"https:\/\/i0.wp.com\/guidelaval.fr\/eva\/wp-content\/uploads\/2016\/04\/festiguide53.jpg?fit=371%2C195&amp;ssl=1\" decoding=\"async\" loading=\"lazy\" src=\"http:\/\/i2.wp.com\/guidelaval.fr\/eva\/wp-content\/uploads\/2016\/04\/festiguide53.jpg?fit=300%2C158\" alt=\"\" width=\"300px\" height=\"158px\" class=\"alignnone size-medium wp-image-1030\" srcset=\"https:\/\/i0.wp.com\/guidelaval.fr\/eva\/wp-content\/uploads\/2016\/04\/festiguide53.jpg?w=371&amp;ssl=1 371w, https:\/\/i0.wp.com\/guidelaval.fr\/eva\/wp-content\/uploads\/2016\/04\/festiguide53.jpg?resize=300%2C158&amp;ssl=1 300w\" sizes=\"(max-width: 371px) 100vw, 371px\" \/><\/a><br \/><a href=\"http:\/\/guidelaval.fr\/eva\/wp-content\/uploads\/2016\/04\/festiguide53.pdf\"><img src='https:\/\/i0.wp.com\/guidelaval.fr\/eva\/wp-content\/plugins\/postie\/icons\/silver\/pdf-48.png?w=1140' alt='pdf icon' data-recalc-dims=\"1\" \/> festiguide53.pdf<\/a><\/p>\n","protected":false},"excerpt":{"rendered":"<p>De : lE GRAND Sujet : nouvelle cr\u00e9ation Corps du message : nouvelle cr\u00e9ation \u00c9v\u00e8nement positionn\u00e9 le : 25\/04\/2016 19h 27mn Par le Club : Lions Club Guy de Laval essai de la nouvelle formule date d\u00e9but:25\/04\/2016 date-fin :25\/04\/2016 Cet &hellip; <a href=\"https:\/\/guidelaval.fr\/eva\/nouvelle-creation\/\">Lire la suite\u00ad\u00ad<\/a><\/p>\n","protected":false},"author":6,"featured_media":1030,"parent":0,"menu_order":0,"comment_status":"closed","ping_status":"closed","template":"","meta":{"kt_blocks_editor_width":"","jetpack_post_was_ever_published":false},"jetpack_sharing_enabled":true,"jetpack_shortlink":"https:\/\/wp.me\/P7cFdd-gB","jetpack-related-posts":[{"id":1033,"url":"https:\/\/guidelaval.fr\/eva\/nouvelle-creation-2\/","url_meta":{"origin":1029,"position":0},"title":"nouvelle cr\u00e9ation","date":"26 avril 2016","format":false,"excerpt":"De : lE GRAND Sujet : nouvelle cr\u00e9ation Corps du message : nouvelle cr\u00e9ation \u00c9v\u00e8nement positionn\u00e9 le : 25\/04\/2016 19h 27mn Par le Club : Lions Club Guy de Laval essai de la nouvelle formule Ci-dessous lien vers le carton d'invitation date d\u00e9but:25\/04\/2016 date-fin :25\/04\/2016 Cet email a \u00e9t\u00e9 envoy\u00e9\u2026","rel":"","context":"Dans &quot;Non class\u00e9&quot;","img":{"alt_text":"","src":"","width":0,"height":0},"classes":[]},{"id":1040,"url":"https:\/\/guidelaval.fr\/eva\/nouvelle-creation-3\/","url_meta":{"origin":1029,"position":1},"title":"nouvelle cr\u00e9ation","date":"28 avril 2016","format":false,"excerpt":"De : LE GRAND Sujet : nouvelle cr\u00e9ation Corps du message : nouvelle cr\u00e9ation \u00c9v\u00e8nement positionn\u00e9 le : 25\/04\/2016 19h 27mn Par le Club : Lions Club Guy de Laval essai de la nouvelle formule Jeudi soir 22h37 le seul fichier joint est un fichier pdf date d\u00e9but:25\/04\/2016 date-fin :25\/04\/2016\u2026","rel":"","context":"Dans &quot;Non class\u00e9&quot;","img":{"alt_text":"","src":"","width":0,"height":0},"classes":[]},{"id":1086,"url":"https:\/\/guidelaval.fr\/eva\/nouvelle-creation-8\/","url_meta":{"origin":1029,"position":2},"title":"nouvelle cr\u00e9ation","date":"3 mai 2016","format":false,"excerpt":"Invitation envoy\u00e9e par : lE GRAND legrand.jt@orange.fr date-d\u00e9but:25\/04\/2016 date-fin :25\/04\/2016 Corps du message : nouvelle cr\u00e9ation \u00c9v\u00e8nement positionn\u00e9 le : 25\/04\/2016 19h 27mn Par le Club : Lions Club Guy de Laval essai de la nouvelle formule normalement seulement le lien vers l'image festiguide53-ovale.jpg chapitre-magistral-2016-programme.pdf","rel":"","context":"Dans &quot;Non class\u00e9&quot;","img":{"alt_text":"","src":"","width":0,"height":0},"classes":[]},{"id":1044,"url":"https:\/\/guidelaval.fr\/eva\/nouvelle-creation-4\/","url_meta":{"origin":1029,"position":3},"title":"nouvelle cr\u00e9ation","date":"1 mai 2016","format":false,"excerpt":"De : lE GRAND Sujet : nouvelle cr\u00e9ation Corps du message : j'ai tout vid\u00e9 mais je rajoute une image avec ovale et un lien vers un fichier pdf avec \u00e9galement un ovale date d\u00e9but:25\/04\/2016 date-fin :25\/04\/2016 festiguide53-ovale.pdf","rel":"","context":"Dans &quot;Non class\u00e9&quot;","img":{"alt_text":"","src":"","width":0,"height":0},"classes":[]},{"id":140,"url":"https:\/\/guidelaval.fr\/eva\/page-contact\/","url_meta":{"origin":1029,"position":4},"title":"page-cr\u00e9ation-\u00e9v\u00e8nement","date":"27 octobre 2015","format":false,"excerpt":"Formulaire de d\u00e9claration d'un \u00e9v\u00e8nement organis\u00e9 par un club membre de Festiguide53 [contact-form-7 id=\"1013\" title=\"Contact-cr\u00e9ation-evenement\"]","rel":"","context":"Article similaire","img":{"alt_text":"","src":"","width":0,"height":0},"classes":[]},{"id":1134,"url":"https:\/\/guidelaval.fr\/eva\/separation-infos-8\/","url_meta":{"origin":1029,"position":5},"title":"s\u00e9paration infos","date":"6 mai 2016","format":false,"excerpt":"Contact : lE GRAND legrand.jt@orange.fr date-d\u00e9but:06\/05\/2016 00h00 date-fin :06\/05\/2016 00h00 maison 247 Avenue des Fran\u00e7ais Libreslaval53000 \u00c9v\u00e8nement positionn\u00e9 le : 04\/05\/2016 22h 21mn<\/br>Par le Club : Lions Club Guy Corps du message : pour faire plaisir, s\u00e9paration de la date de cr\u00e9ation modification ey de la description de l'\u00e9v\u00e8nement APRES\u2026","rel":"","context":"Dans &quot;Non class\u00e9&quot;","img":{"alt_text":"","src":"","width":0,"height":0},"classes":[]}],"_links":{"self":[{"href":"https:\/\/guidelaval.fr\/eva\/wp-json\/wp\/v2\/pages\/1029"}],"collection":[{"href":"https:\/\/guidelaval.fr\/eva\/wp-json\/wp\/v2\/pages"}],"about":[{"href":"https:\/\/guidelaval.fr\/eva\/wp-json\/wp\/v2\/types\/page"}],"author":[{"embeddable":true,"href":"https:\/\/guidelaval.fr\/eva\/wp-json\/wp\/v2\/users\/6"}],"replies":[{"embeddable":true,"href":"https:\/\/guidelaval.fr\/eva\/wp-json\/wp\/v2\/comments?post=1029"}],"version-history":[{"count":1,"href":"https:\/\/guidelaval.fr\/eva\/wp-json\/wp\/v2\/pages\/1029\/revisions"}],"predecessor-version":[{"id":1032,"href":"https:\/\/guidelaval.fr\/eva\/wp-json\/wp\/v2\/pages\/1029\/revisions\/1032"}],"wp:featuredmedia":[{"embeddable":true,"href":"https:\/\/guidelaval.fr\/eva\/wp-json\/wp\/v2\/media\/1030"}],"wp:attachment":[{"href":"https:\/\/guidelaval.fr\/eva\/wp-json\/wp\/v2\/media?parent=1029"}],"curies":[{"name":"wp","href":"https:\/\/api.w.org\/{rel}","templated":true}]}}