{"id":1044,"date":"2016-05-01T18:27:35","date_gmt":"2016-05-01T16:27:35","guid":{"rendered":"http:\/\/guidelaval.fr\/eva\/?p=1044"},"modified":"2016-05-01T18:31:31","modified_gmt":"2016-05-01T16:31:31","slug":"nouvelle-creation-4","status":"publish","type":"page","link":"https:\/\/guidelaval.fr\/eva\/nouvelle-creation-4\/","title":{"rendered":"nouvelle cr\u00e9ation"},"content":{"rendered":"<p>De : lE GRAND  Sujet : nouvelle cr\u00e9ation Corps du message : j&rsquo;ai tout vid\u00e9 mais je rajoute une image avec ovale et un lien vers un fichier pdf avec \u00e9galement un ovale  date d\u00e9but:25\/04\/2016 date-fin :25\/04\/2016   <a href=\"http:\/\/guidelaval.fr\/eva\/?attachment_id=1045\"><img data-attachment-id=\"1045\" data-permalink=\"https:\/\/guidelaval.fr\/eva\/nouvelle-creation-4\/festiguide53-ovale-3\/\" data-orig-file=\"https:\/\/i0.wp.com\/guidelaval.fr\/eva\/wp-content\/uploads\/2016\/05\/festiguide53-ovale.jpg?fit=371%2C195&amp;ssl=1\" data-orig-size=\"371,195\" data-comments-opened=\"0\" data-image-meta=\"{&quot;aperture&quot;:&quot;0&quot;,&quot;credit&quot;:&quot;&quot;,&quot;camera&quot;:&quot;&quot;,&quot;caption&quot;:&quot;&quot;,&quot;created_timestamp&quot;:&quot;0&quot;,&quot;copyright&quot;:&quot;&quot;,&quot;focal_length&quot;:&quot;0&quot;,&quot;iso&quot;:&quot;0&quot;,&quot;shutter_speed&quot;:&quot;0&quot;,&quot;title&quot;:&quot;&quot;,&quot;orientation&quot;:&quot;1&quot;}\" data-image-title=\"festiguide53-ovale\" data-image-description=\"\" data-image-caption=\"\" data-medium-file=\"https:\/\/i0.wp.com\/guidelaval.fr\/eva\/wp-content\/uploads\/2016\/05\/festiguide53-ovale.jpg?fit=300%2C158&amp;ssl=1\" data-large-file=\"https:\/\/i0.wp.com\/guidelaval.fr\/eva\/wp-content\/uploads\/2016\/05\/festiguide53-ovale.jpg?fit=371%2C195&amp;ssl=1\" decoding=\"async\" loading=\"lazy\" src=\"http:\/\/i2.wp.com\/guidelaval.fr\/eva\/wp-content\/uploads\/2016\/05\/festiguide53-ovale.jpg?fit=300%2C158\" alt=\"\" width=\"300px\" height=\"158px\" class=\"alignnone size-medium wp-image-1045\" srcset=\"https:\/\/i0.wp.com\/guidelaval.fr\/eva\/wp-content\/uploads\/2016\/05\/festiguide53-ovale.jpg?w=371&amp;ssl=1 371w, https:\/\/i0.wp.com\/guidelaval.fr\/eva\/wp-content\/uploads\/2016\/05\/festiguide53-ovale.jpg?resize=300%2C158&amp;ssl=1 300w\" sizes=\"(max-width: 371px) 100vw, 371px\" \/><\/a><br \/><a href=\"http:\/\/guidelaval.fr\/eva\/wp-content\/uploads\/2016\/05\/festiguide53-ovale.pdf\"><img src='https:\/\/i0.wp.com\/guidelaval.fr\/eva\/wp-content\/plugins\/postie\/icons\/silver\/pdf-48.png?w=1140' alt='pdf icon' data-recalc-dims=\"1\" \/> festiguide53-ovale.pdf<\/a><\/p>\n","protected":false},"excerpt":{"rendered":"<p>De : lE GRAND Sujet : nouvelle cr\u00e9ation Corps du message : j&rsquo;ai tout vid\u00e9 mais je rajoute une image avec ovale et un lien vers un fichier pdf avec \u00e9galement un ovale date d\u00e9but:25\/04\/2016 date-fin :25\/04\/2016 festiguide53-ovale.pdf<\/p>\n","protected":false},"author":6,"featured_media":1045,"parent":0,"menu_order":0,"comment_status":"closed","ping_status":"closed","template":"","meta":{"kt_blocks_editor_width":"","jetpack_post_was_ever_published":false},"jetpack_sharing_enabled":true,"jetpack_shortlink":"https:\/\/wp.me\/P7cFdd-gQ","jetpack-related-posts":[{"id":1066,"url":"https:\/\/guidelaval.fr\/eva\/nouvelle-creation-7\/","url_meta":{"origin":1044,"position":0},"title":"nouvelle cr\u00e9ation","date":"2 mai 2016","format":false,"excerpt":"De : lE GRAND Nom de l'\u00e9v\u00e8nement : nouvelle cr\u00e9ation date-d\u00e9but:25\/04\/2016 date-fin :25\/04\/2016 Corps du message : nouvelle cr\u00e9ation \u00c9v\u00e8nement positionn\u00e9 le : 25\/04\/2016 19h 27mn Par le Club : Lions Club Guy de Laval essai de la nouvelle formule","rel":"","context":"Dans &quot;Non class\u00e9&quot;","img":{"alt_text":"","src":"","width":0,"height":0},"classes":[]},{"id":1048,"url":"https:\/\/guidelaval.fr\/eva\/nouvelle-creation-5\/","url_meta":{"origin":1044,"position":1},"title":"nouvelle cr\u00e9ation","date":"2 mai 2016","format":false,"excerpt":"De : lE GRAND Sujet : nouvelle cr\u00e9ation Corps du message : nouvelle cr\u00e9ation \u00c9v\u00e8nement positionn\u00e9 le : 25\/04\/2016 19h 27mn Par le Club : Lions Club Guy de Laval essai de la nouvelle formule je tente de comprendre date d\u00e9but:25\/04\/2016 date-fin :25\/04\/2016","rel":"","context":"Dans &quot;Non class\u00e9&quot;","img":{"alt_text":"","src":"","width":0,"height":0},"classes":[]},{"id":1050,"url":"https:\/\/guidelaval.fr\/eva\/nouvelle-creation-6\/","url_meta":{"origin":1044,"position":2},"title":"nouvelle cr\u00e9ation","date":"2 mai 2016","format":false,"excerpt":"De : lE GRAND Sujet : nouvelle cr\u00e9ation Corps du message : nouvelle cr\u00e9ation \u00c9v\u00e8nement positionn\u00e9 le : 25\/04\/2016 19h 27mn Par le Club : Lions Club Guy de Laval essai de la nouvelle formule je ne cmprends rien date d\u00e9but:25\/04\/2016 date-fin :25\/04\/2016","rel":"","context":"Dans &quot;Non class\u00e9&quot;","img":{"alt_text":"","src":"","width":0,"height":0},"classes":[]},{"id":1029,"url":"https:\/\/guidelaval.fr\/eva\/nouvelle-creation\/","url_meta":{"origin":1044,"position":3},"title":"nouvelle cr\u00e9ation","date":"26 avril 2016","format":false,"excerpt":"De : lE GRAND Sujet : nouvelle cr\u00e9ation Corps du message : nouvelle cr\u00e9ation \u00c9v\u00e8nement positionn\u00e9 le : 25\/04\/2016 19h 27mn Par le Club : Lions Club Guy de Laval essai de la nouvelle formule date d\u00e9but:25\/04\/2016 date-fin :25\/04\/2016 Cet email a \u00e9t\u00e9 envoy\u00e9 via le formulaire de contact de\u2026","rel":"","context":"Dans &quot;Non class\u00e9&quot;","img":{"alt_text":"","src":"","width":0,"height":0},"classes":[]},{"id":1040,"url":"https:\/\/guidelaval.fr\/eva\/nouvelle-creation-3\/","url_meta":{"origin":1044,"position":4},"title":"nouvelle cr\u00e9ation","date":"28 avril 2016","format":false,"excerpt":"De : LE GRAND Sujet : nouvelle cr\u00e9ation Corps du message : nouvelle cr\u00e9ation \u00c9v\u00e8nement positionn\u00e9 le : 25\/04\/2016 19h 27mn Par le Club : Lions Club Guy de Laval essai de la nouvelle formule Jeudi soir 22h37 le seul fichier joint est un fichier pdf date d\u00e9but:25\/04\/2016 date-fin :25\/04\/2016\u2026","rel":"","context":"Dans &quot;Non class\u00e9&quot;","img":{"alt_text":"","src":"","width":0,"height":0},"classes":[]},{"id":1033,"url":"https:\/\/guidelaval.fr\/eva\/nouvelle-creation-2\/","url_meta":{"origin":1044,"position":5},"title":"nouvelle cr\u00e9ation","date":"26 avril 2016","format":false,"excerpt":"De : lE GRAND Sujet : nouvelle cr\u00e9ation Corps du message : nouvelle cr\u00e9ation \u00c9v\u00e8nement positionn\u00e9 le : 25\/04\/2016 19h 27mn Par le Club : Lions Club Guy de Laval essai de la nouvelle formule Ci-dessous lien vers le carton d'invitation date d\u00e9but:25\/04\/2016 date-fin :25\/04\/2016 Cet email a \u00e9t\u00e9 envoy\u00e9\u2026","rel":"","context":"Dans &quot;Non class\u00e9&quot;","img":{"alt_text":"","src":"","width":0,"height":0},"classes":[]}],"_links":{"self":[{"href":"https:\/\/guidelaval.fr\/eva\/wp-json\/wp\/v2\/pages\/1044"}],"collection":[{"href":"https:\/\/guidelaval.fr\/eva\/wp-json\/wp\/v2\/pages"}],"about":[{"href":"https:\/\/guidelaval.fr\/eva\/wp-json\/wp\/v2\/types\/page"}],"author":[{"embeddable":true,"href":"https:\/\/guidelaval.fr\/eva\/wp-json\/wp\/v2\/users\/6"}],"replies":[{"embeddable":true,"href":"https:\/\/guidelaval.fr\/eva\/wp-json\/wp\/v2\/comments?post=1044"}],"version-history":[{"count":1,"href":"https:\/\/guidelaval.fr\/eva\/wp-json\/wp\/v2\/pages\/1044\/revisions"}],"predecessor-version":[{"id":1047,"href":"https:\/\/guidelaval.fr\/eva\/wp-json\/wp\/v2\/pages\/1044\/revisions\/1047"}],"wp:featuredmedia":[{"embeddable":true,"href":"https:\/\/guidelaval.fr\/eva\/wp-json\/wp\/v2\/media\/1045"}],"wp:attachment":[{"href":"https:\/\/guidelaval.fr\/eva\/wp-json\/wp\/v2\/media?parent=1044"}],"curies":[{"name":"wp","href":"https:\/\/api.w.org\/{rel}","templated":true}]}}