{"id":1078,"date":"2016-05-03T09:28:38","date_gmt":"2016-05-03T07:28:38","guid":{"rendered":"http:\/\/guidelaval.fr\/eva\/?p=1078"},"modified":"2016-05-03T09:31:31","modified_gmt":"2016-05-03T07:31:31","slug":"concert-de-chant-choral-4","status":"publish","type":"page","link":"https:\/\/guidelaval.fr\/eva\/concert-de-chant-choral-4\/","title":{"rendered":"Concert de chant choral"},"content":{"rendered":"<p>Invitation envoy\u00e9e par : lE GRAND <a href=\"mailto:legrand.jt@orange.fr\">legrand.jt@orange.fr<\/a><\/br><br \/> date-d\u00e9but:07\/01\/2017 date-fin :07\/01\/2017<\/p>\n<p>Corps du message :<\/p>\n<p>Mardi 3 mai 9h26<br \/> je ne comprends pas ce qui se passe cela semble ne plus fonctionner.Quel r\u00e9glage ai-je chang\u00e9 ?<br \/> ci-joint fichier pdf<\/p>\n<p>     <a href=\"http:\/\/guidelaval.fr\/eva\/?attachment_id=1079\"><img data-attachment-id=\"1079\" data-permalink=\"https:\/\/guidelaval.fr\/eva\/concert-de-chant-choral-4\/festiguide53-ovale-4-2\/\" data-orig-file=\"https:\/\/i0.wp.com\/guidelaval.fr\/eva\/wp-content\/uploads\/2016\/05\/festiguide53-ovale-4.jpg?fit=371%2C195&amp;ssl=1\" data-orig-size=\"371,195\" data-comments-opened=\"0\" data-image-meta=\"{&quot;aperture&quot;:&quot;0&quot;,&quot;credit&quot;:&quot;&quot;,&quot;camera&quot;:&quot;&quot;,&quot;caption&quot;:&quot;&quot;,&quot;created_timestamp&quot;:&quot;0&quot;,&quot;copyright&quot;:&quot;&quot;,&quot;focal_length&quot;:&quot;0&quot;,&quot;iso&quot;:&quot;0&quot;,&quot;shutter_speed&quot;:&quot;0&quot;,&quot;title&quot;:&quot;&quot;,&quot;orientation&quot;:&quot;1&quot;}\" data-image-title=\"festiguide53-ovale-4\" data-image-description=\"\" data-image-caption=\"\" data-medium-file=\"https:\/\/i0.wp.com\/guidelaval.fr\/eva\/wp-content\/uploads\/2016\/05\/festiguide53-ovale-4.jpg?fit=300%2C158&amp;ssl=1\" data-large-file=\"https:\/\/i0.wp.com\/guidelaval.fr\/eva\/wp-content\/uploads\/2016\/05\/festiguide53-ovale-4.jpg?fit=371%2C195&amp;ssl=1\" decoding=\"async\" loading=\"lazy\" src=\"http:\/\/i2.wp.com\/guidelaval.fr\/eva\/wp-content\/uploads\/2016\/05\/festiguide53-ovale-4.jpg?fit=300%2C158\" alt=\"\" width=\"300px\" height=\"158px\" class=\"alignnone size-medium wp-image-1079\" srcset=\"https:\/\/i0.wp.com\/guidelaval.fr\/eva\/wp-content\/uploads\/2016\/05\/festiguide53-ovale-4.jpg?w=371&amp;ssl=1 371w, https:\/\/i0.wp.com\/guidelaval.fr\/eva\/wp-content\/uploads\/2016\/05\/festiguide53-ovale-4.jpg?resize=300%2C158&amp;ssl=1 300w\" sizes=\"(max-width: 371px) 100vw, 371px\" \/><\/a><br \/><a href=\"http:\/\/guidelaval.fr\/eva\/wp-content\/uploads\/2016\/05\/festiguide53-ovale-3.pdf\"><img src='https:\/\/i0.wp.com\/guidelaval.fr\/eva\/wp-content\/plugins\/postie\/icons\/silver\/pdf-32.png?w=1140' alt='pdf icon' data-recalc-dims=\"1\" \/> festiguide53-ovale.pdf<\/a><\/p>\n","protected":false},"excerpt":{"rendered":"<p>Invitation envoy\u00e9e par : lE GRAND legrand.jt@orange.fr date-d\u00e9but:07\/01\/2017 date-fin :07\/01\/2017 Corps du message : Mardi 3 mai 9h26 je ne comprends pas ce qui se passe cela semble ne plus fonctionner.Quel r\u00e9glage ai-je chang\u00e9 ? ci-joint fichier pdf festiguide53-ovale.pdf<\/p>\n","protected":false},"author":6,"featured_media":1079,"parent":0,"menu_order":0,"comment_status":"closed","ping_status":"closed","template":"","meta":{"kt_blocks_editor_width":"","jetpack_post_was_ever_published":false},"jetpack_sharing_enabled":true,"jetpack_shortlink":"https:\/\/wp.me\/P7cFdd-ho","jetpack-related-posts":[{"id":1050,"url":"https:\/\/guidelaval.fr\/eva\/nouvelle-creation-6\/","url_meta":{"origin":1078,"position":0},"title":"nouvelle cr\u00e9ation","date":"2 mai 2016","format":false,"excerpt":"De : lE GRAND Sujet : nouvelle cr\u00e9ation Corps du message : nouvelle cr\u00e9ation \u00c9v\u00e8nement positionn\u00e9 le : 25\/04\/2016 19h 27mn Par le Club : Lions Club Guy de Laval essai de la nouvelle formule je ne cmprends rien date d\u00e9but:25\/04\/2016 date-fin :25\/04\/2016","rel":"","context":"Dans &quot;Non class\u00e9&quot;","img":{"alt_text":"","src":"","width":0,"height":0},"classes":[]},{"id":1052,"url":"https:\/\/guidelaval.fr\/eva\/soiree-pas-folle\/","url_meta":{"origin":1078,"position":1},"title":"soir\u00e9e pas folle","date":"2 mai 2016","format":false,"excerpt":"De : lE GRAND Sujet : soir\u00e9e pas folle Corps du message : pourquoi les dates se mettent apr\u00e8s le texte ? il faut que je trouve avant ce soir date d\u00e9but:02\/04\/2016 date-fin :02\/04\/2016","rel":"","context":"Dans &quot;Non class\u00e9&quot;","img":{"alt_text":"","src":"","width":0,"height":0},"classes":[]},{"id":1044,"url":"https:\/\/guidelaval.fr\/eva\/nouvelle-creation-4\/","url_meta":{"origin":1078,"position":2},"title":"nouvelle cr\u00e9ation","date":"1 mai 2016","format":false,"excerpt":"De : lE GRAND Sujet : nouvelle cr\u00e9ation Corps du message : j'ai tout vid\u00e9 mais je rajoute une image avec ovale et un lien vers un fichier pdf avec \u00e9galement un ovale date d\u00e9but:25\/04\/2016 date-fin :25\/04\/2016 festiguide53-ovale.pdf","rel":"","context":"Dans &quot;Non class\u00e9&quot;","img":{"alt_text":"","src":"","width":0,"height":0},"classes":[]},{"id":1070,"url":"https:\/\/guidelaval.fr\/eva\/mise-en-route-5\/","url_meta":{"origin":1078,"position":3},"title":"Mise en route","date":"2 mai 2016","format":false,"excerpt":"Invitation envoy\u00e9e par : Le Grand legrand.jt@orange.fr date-d\u00e9but:26\/04\/2016 date-fin :27\/04\/2016 Corps du message : Cette fois je vais joindre une image est un lien vers un fichier pdf. festiguide53-ovale.pdf","rel":"","context":"Dans &quot;Non class\u00e9&quot;","img":{"alt_text":"","src":"","width":0,"height":0},"classes":[]},{"id":1048,"url":"https:\/\/guidelaval.fr\/eva\/nouvelle-creation-5\/","url_meta":{"origin":1078,"position":4},"title":"nouvelle cr\u00e9ation","date":"2 mai 2016","format":false,"excerpt":"De : lE GRAND Sujet : nouvelle cr\u00e9ation Corps du message : nouvelle cr\u00e9ation \u00c9v\u00e8nement positionn\u00e9 le : 25\/04\/2016 19h 27mn Par le Club : Lions Club Guy de Laval essai de la nouvelle formule je tente de comprendre date d\u00e9but:25\/04\/2016 date-fin :25\/04\/2016","rel":"","context":"Dans &quot;Non class\u00e9&quot;","img":{"alt_text":"","src":"","width":0,"height":0},"classes":[]},{"id":1243,"url":"https:\/\/guidelaval.fr\/eva\/recital-de-piano\/","url_meta":{"origin":1078,"position":5},"title":"R\u00e9cital de piano","date":"26 janvier 2017","format":false,"excerpt":"Contact : Callerot laurencecallerot@gmail.com date-d\u00e9but : 11\/03\/2017 20h date-fin : 11\/03\/2017 23h00 Th\u00e9\u00e2tre de Laval 34 rue de la paixlaval 53000 \u00c9v\u00e8nement positionn\u00e9 le : 18\/01\/2017 11h 26mn<\/br>Par le Club : Richelieu B\ufffdatr Corps du message : R\u00e9cital de piano Ne manquez pas ce r\u00e9cital de piano, par Fr\u00e9d\u00e9ric Rivault.\u2026","rel":"","context":"Dans &quot;Non class\u00e9&quot;","img":{"alt_text":"","src":"http:\/\/i1.wp.com\/guidelaval.fr\/eva\/wp-content\/uploads\/2017\/01\/m.-rivault-affiche.jpg?resize=350%2C200","width":350,"height":200},"classes":[]}],"_links":{"self":[{"href":"https:\/\/guidelaval.fr\/eva\/wp-json\/wp\/v2\/pages\/1078"}],"collection":[{"href":"https:\/\/guidelaval.fr\/eva\/wp-json\/wp\/v2\/pages"}],"about":[{"href":"https:\/\/guidelaval.fr\/eva\/wp-json\/wp\/v2\/types\/page"}],"author":[{"embeddable":true,"href":"https:\/\/guidelaval.fr\/eva\/wp-json\/wp\/v2\/users\/6"}],"replies":[{"embeddable":true,"href":"https:\/\/guidelaval.fr\/eva\/wp-json\/wp\/v2\/comments?post=1078"}],"version-history":[{"count":1,"href":"https:\/\/guidelaval.fr\/eva\/wp-json\/wp\/v2\/pages\/1078\/revisions"}],"predecessor-version":[{"id":1081,"href":"https:\/\/guidelaval.fr\/eva\/wp-json\/wp\/v2\/pages\/1078\/revisions\/1081"}],"wp:featuredmedia":[{"embeddable":true,"href":"https:\/\/guidelaval.fr\/eva\/wp-json\/wp\/v2\/media\/1079"}],"wp:attachment":[{"href":"https:\/\/guidelaval.fr\/eva\/wp-json\/wp\/v2\/media?parent=1078"}],"curies":[{"name":"wp","href":"https:\/\/api.w.org\/{rel}","templated":true}]}}