{"id":1098,"date":"2016-05-03T23:01:12","date_gmt":"2016-05-03T21:01:12","guid":{"rendered":"http:\/\/guidelaval.fr\/eva\/?p=1098"},"modified":"2016-05-03T23:01:42","modified_gmt":"2016-05-03T21:01:42","slug":"concert-de-chant-choral-7","status":"publish","type":"page","link":"https:\/\/guidelaval.fr\/eva\/concert-de-chant-choral-7\/","title":{"rendered":"Concert de chant choral"},"content":{"rendered":"<p>Invitation envoy\u00e9e par : lE GRAND <a href=\"mailto:legrand.jt@orange.fr\">legrand.jt@orange.fr<\/a><\/br><br \/> date-d\u00e9but:07\/01\/2017 date-fin :07\/01\/2017<\/p>\n<p>Corps du message :<\/p>\n<p>Concert de chant choral<\/p>\n<p>\u00c9v\u00e8nement Modifi\u00e9 le : 23\/04\/2016 17h 27mn<\/p>\n<p>par lE GRAND du Club : Lions Club Guy de Laval<\/p>\n<p>Concert de chant choral<\/p>\n<p>\u00c9v\u00e8nement positionn\u00e9 le : 23\/04\/2016 17h 25mn<\/p>\n<p>Par le Club : Lions Club Guy de Laval<\/p>\n<p>coup d&#039;choeur<br \/> dernier de la journ\u00e9e en remettant wordpress_defaut comme typee d&#039;image<\/p>\n<p>     <a href=\"http:\/\/guidelaval.fr\/eva\/?attachment_id=1099\"><img data-attachment-id=\"1099\" data-permalink=\"https:\/\/guidelaval.fr\/eva\/concert-de-chant-choral-7\/festiguide53-ovale-9\/\" data-orig-file=\"https:\/\/i0.wp.com\/guidelaval.fr\/eva\/wp-content\/uploads\/2016\/05\/festiguide53-ovale-9.jpg?fit=371%2C195&amp;ssl=1\" data-orig-size=\"371,195\" data-comments-opened=\"0\" data-image-meta=\"{&quot;aperture&quot;:&quot;0&quot;,&quot;credit&quot;:&quot;&quot;,&quot;camera&quot;:&quot;&quot;,&quot;caption&quot;:&quot;&quot;,&quot;created_timestamp&quot;:&quot;0&quot;,&quot;copyright&quot;:&quot;&quot;,&quot;focal_length&quot;:&quot;0&quot;,&quot;iso&quot;:&quot;0&quot;,&quot;shutter_speed&quot;:&quot;0&quot;,&quot;title&quot;:&quot;&quot;,&quot;orientation&quot;:&quot;1&quot;}\" data-image-title=\"festiguide53-ovale-9\" data-image-description=\"\" data-image-caption=\"\" data-medium-file=\"https:\/\/i0.wp.com\/guidelaval.fr\/eva\/wp-content\/uploads\/2016\/05\/festiguide53-ovale-9.jpg?fit=300%2C158&amp;ssl=1\" data-large-file=\"https:\/\/i0.wp.com\/guidelaval.fr\/eva\/wp-content\/uploads\/2016\/05\/festiguide53-ovale-9.jpg?fit=371%2C195&amp;ssl=1\" decoding=\"async\" loading=\"lazy\" src=\"http:\/\/i2.wp.com\/guidelaval.fr\/eva\/wp-content\/uploads\/2016\/05\/festiguide53-ovale-9.jpg?fit=300%2C158\" alt=\"\" width=\"300px\" height=\"158px\" class=\"alignnone size-medium wp-image-1099\" srcset=\"https:\/\/i0.wp.com\/guidelaval.fr\/eva\/wp-content\/uploads\/2016\/05\/festiguide53-ovale-9.jpg?w=371&amp;ssl=1 371w, https:\/\/i0.wp.com\/guidelaval.fr\/eva\/wp-content\/uploads\/2016\/05\/festiguide53-ovale-9.jpg?resize=300%2C158&amp;ssl=1 300w\" sizes=\"(max-width: 371px) 100vw, 371px\" \/><\/a><br \/><a href=\"http:\/\/guidelaval.fr\/eva\/wp-content\/uploads\/2016\/05\/festiguide53-ovale-5.pdf\"><img src='https:\/\/i0.wp.com\/guidelaval.fr\/eva\/wp-content\/plugins\/postie\/icons\/silver\/pdf-32.png?w=1140' alt='pdf icon' data-recalc-dims=\"1\" \/> festiguide53-ovale.pdf<\/a><\/p>\n","protected":false},"excerpt":{"rendered":"<p>Invitation envoy\u00e9e par : lE GRAND legrand.jt@orange.fr date-d\u00e9but:07\/01\/2017 date-fin :07\/01\/2017 Corps du message : Concert de chant choral \u00c9v\u00e8nement Modifi\u00e9 le : 23\/04\/2016 17h 27mn par lE GRAND du Club : Lions Club Guy de Laval Concert de chant choral &hellip; <a href=\"https:\/\/guidelaval.fr\/eva\/concert-de-chant-choral-7\/\">Lire la suite\u00ad\u00ad<\/a><\/p>\n","protected":false},"author":6,"featured_media":0,"parent":0,"menu_order":0,"comment_status":"closed","ping_status":"closed","template":"","meta":{"kt_blocks_editor_width":"","jetpack_post_was_ever_published":false},"jetpack_sharing_enabled":true,"jetpack_shortlink":"https:\/\/wp.me\/P7cFdd-hI","jetpack-related-posts":[{"id":1074,"url":"https:\/\/guidelaval.fr\/eva\/concert-de-chant-choral-3\/","url_meta":{"origin":1098,"position":0},"title":"Concert de chant choral","date":"2 mai 2016","format":false,"excerpt":"Invitation envoy\u00e9e par : lE GRAND legrand.jt@orange.fr date-d\u00e9but:07\/01\/2017 date-fin :07\/01\/2017 Corps du message : Concert de chant choral \u00c9v\u00e8nement Modifi\u00e9 le : 23\/04\/2016 17h 27mn par lE GRAND du Club : Lions Club Guy de Laval Concert de chant choral \u00c9v\u00e8nement positionn\u00e9 le : 23\/04\/2016 17h 25mn Par le Club\u2026","rel":"","context":"Dans &quot;Non class\u00e9&quot;","img":{"alt_text":"","src":"","width":0,"height":0},"classes":[]},{"id":1090,"url":"https:\/\/guidelaval.fr\/eva\/concert-de-chant-choral-6\/","url_meta":{"origin":1098,"position":1},"title":"Concert de chant choral","date":"3 mai 2016","format":false,"excerpt":"Invitation envoy\u00e9e par : Houdbine houdbine.felix@orange.fr date-d\u00e9but:07\/01\/2017 date-fin :07\/01\/2017 Corps du message : Concert de chant choral \u00c9v\u00e8nement Modifi\u00e9 le : 23\/04\/2016 17h 27mn par lE GRAND du Club : Lions Club Guy de Laval Concert de chant choral \u00c9v\u00e8nement positionn\u00e9 le : 23\/04\/2016 17h 25mn Par le Club :\u2026","rel":"","context":"Dans &quot;Non class\u00e9&quot;","img":{"alt_text":"","src":"","width":0,"height":0},"classes":[]},{"id":1078,"url":"https:\/\/guidelaval.fr\/eva\/concert-de-chant-choral-4\/","url_meta":{"origin":1098,"position":2},"title":"Concert de chant choral","date":"3 mai 2016","format":false,"excerpt":"Invitation envoy\u00e9e par : lE GRAND legrand.jt@orange.fr date-d\u00e9but:07\/01\/2017 date-fin :07\/01\/2017 Corps du message : Mardi 3 mai 9h26 je ne comprends pas ce qui se passe cela semble ne plus fonctionner.Quel r\u00e9glage ai-je chang\u00e9 ? ci-joint fichier pdf festiguide53-ovale.pdf","rel":"","context":"Dans &quot;Non class\u00e9&quot;","img":{"alt_text":"","src":"","width":0,"height":0},"classes":[]},{"id":1082,"url":"https:\/\/guidelaval.fr\/eva\/concert-de-chant-choral-5\/","url_meta":{"origin":1098,"position":3},"title":"Concert de chant choral","date":"3 mai 2016","format":false,"excerpt":"Invitation envoy\u00e9e par : houdbine houdbine.felix@orange.fr date-d\u00e9but:07\/01\/2017 date-fin :07\/01\/2017 Corps du message : j'ai mis \"Use First Image as Featured Image\" a non. On va voir ou se met l'image jointe festiguide53-ovale.pdf","rel":"","context":"Dans &quot;Non class\u00e9&quot;","img":{"alt_text":"","src":"","width":0,"height":0},"classes":[]},{"id":1102,"url":"https:\/\/guidelaval.fr\/eva\/soiree-pas-folle-3\/","url_meta":{"origin":1098,"position":4},"title":"soir\u00e9e pas folle","date":"4 mai 2016","format":false,"excerpt":"Invitation envoy\u00e9e par : lE GRAND legrand.jt@orange.fr date-d\u00e9but:02\/04\/2016 date-fin :02\/04\/2016 Corps du message : soir\u00e9e pas folle \u00c9v\u00e8nement Modifi\u00e9 le : 23\/04\/2016 18h 44mn par le grand du Club : Lions Club Guy de Laval soir\u00e9e pas folle du tout \u00c9v\u00e8nement positionn\u00e9 le : 23\/04\/2016 18h 42mn Par le Club\u2026","rel":"","context":"Dans &quot;Non class\u00e9&quot;","img":{"alt_text":"","src":"https:\/\/i0.wp.com\/guidelaval.fr\/eva\/wp-content\/uploads\/2016\/05\/festiguide53-ovale-10.jpg?resize=350%2C200","width":350,"height":200},"classes":[]},{"id":1064,"url":"https:\/\/guidelaval.fr\/eva\/soiree-pas-folle-2\/","url_meta":{"origin":1098,"position":5},"title":"soir\u00e9e pas folle","date":"2 mai 2016","format":false,"excerpt":"De : lE GRAND Nom de l'\u00e9v\u00e8nement : soir\u00e9e pas folle date-d\u00e9but:02\/04\/2016 date-fin :02\/04\/2016 Corps du message : soir\u00e9e pas folle \u00c9v\u00e8nement Modifi\u00e9 le : 23\/04\/2016 18h 44mn par le grand du Club : Lions Club Guy de Laval soir\u00e9e pas folle du tout \u00c9v\u00e8nement positionn\u00e9 le : 23\/04\/2016 18h\u2026","rel":"","context":"Dans &quot;Non class\u00e9&quot;","img":{"alt_text":"","src":"","width":0,"height":0},"classes":[]}],"_links":{"self":[{"href":"https:\/\/guidelaval.fr\/eva\/wp-json\/wp\/v2\/pages\/1098"}],"collection":[{"href":"https:\/\/guidelaval.fr\/eva\/wp-json\/wp\/v2\/pages"}],"about":[{"href":"https:\/\/guidelaval.fr\/eva\/wp-json\/wp\/v2\/types\/page"}],"author":[{"embeddable":true,"href":"https:\/\/guidelaval.fr\/eva\/wp-json\/wp\/v2\/users\/6"}],"replies":[{"embeddable":true,"href":"https:\/\/guidelaval.fr\/eva\/wp-json\/wp\/v2\/comments?post=1098"}],"version-history":[{"count":1,"href":"https:\/\/guidelaval.fr\/eva\/wp-json\/wp\/v2\/pages\/1098\/revisions"}],"predecessor-version":[{"id":1101,"href":"https:\/\/guidelaval.fr\/eva\/wp-json\/wp\/v2\/pages\/1098\/revisions\/1101"}],"wp:attachment":[{"href":"https:\/\/guidelaval.fr\/eva\/wp-json\/wp\/v2\/media?parent=1098"}],"curies":[{"name":"wp","href":"https:\/\/api.w.org\/{rel}","templated":true}]}}