{"id":1130,"date":"2016-05-06T12:49:16","date_gmt":"2016-05-06T10:49:16","guid":{"rendered":"http:\/\/guidelaval.fr\/eva\/?p=1130"},"modified":"2016-05-06T12:54:06","modified_gmt":"2016-05-06T10:54:06","slug":"separation-infos-7","status":"publish","type":"page","link":"https:\/\/guidelaval.fr\/eva\/separation-infos-7\/","title":{"rendered":"s\u00e9paration infos"},"content":{"rendered":"<p>Contact : LE GRAND<br \/> <a href=\"mailto:legrand.jt@orange.fr\">legrand.jt@orange.fr<\/a><\/br><br \/> date-d\u00e9but:06\/05\/2016 00h00<br \/> date-fin :06\/05\/2016 00h00<br \/> maison de ville<br \/> 247 Avenue des Fran\u00e7ais Libres<br \/>laval53000<br \/> &Eacute;v&egrave;nement positionn&eacute; le : 04\/05\/2016 22h 21mn&lt;\/br&gt;Par le Club : Lions Club Guy<br \/> <b>Corps du message :<\/b><br \/> pour faire plaisir, s\u00e9paration de la date de cr\u00e9ation modification ey de la description de l&#039;\u00e9v\u00e8nement<br \/> Vendredi midi<\/p>\n<p>     <a href=\"http:\/\/guidelaval.fr\/eva\/?attachment_id=1131\"><img data-attachment-id=\"1131\" data-permalink=\"https:\/\/guidelaval.fr\/eva\/separation-infos-7\/festiguide53-ovale-14\/\" data-orig-file=\"https:\/\/i0.wp.com\/guidelaval.fr\/eva\/wp-content\/uploads\/2016\/05\/festiguide53-ovale-14.jpg?fit=371%2C195&amp;ssl=1\" data-orig-size=\"371,195\" data-comments-opened=\"0\" data-image-meta=\"{&quot;aperture&quot;:&quot;0&quot;,&quot;credit&quot;:&quot;&quot;,&quot;camera&quot;:&quot;&quot;,&quot;caption&quot;:&quot;&quot;,&quot;created_timestamp&quot;:&quot;0&quot;,&quot;copyright&quot;:&quot;&quot;,&quot;focal_length&quot;:&quot;0&quot;,&quot;iso&quot;:&quot;0&quot;,&quot;shutter_speed&quot;:&quot;0&quot;,&quot;title&quot;:&quot;&quot;,&quot;orientation&quot;:&quot;1&quot;}\" data-image-title=\"festiguide53-ovale-14\" data-image-description=\"\" data-image-caption=\"\" data-medium-file=\"https:\/\/i0.wp.com\/guidelaval.fr\/eva\/wp-content\/uploads\/2016\/05\/festiguide53-ovale-14.jpg?fit=300%2C158&amp;ssl=1\" data-large-file=\"https:\/\/i0.wp.com\/guidelaval.fr\/eva\/wp-content\/uploads\/2016\/05\/festiguide53-ovale-14.jpg?fit=371%2C195&amp;ssl=1\" decoding=\"async\" loading=\"lazy\" src=\"http:\/\/i1.wp.com\/guidelaval.fr\/eva\/wp-content\/uploads\/2016\/05\/festiguide53-ovale-14.jpg?fit=300%2C158\" alt=\"\" width=\"300px\" height=\"158px\" class=\"alignnone size-medium wp-image-1131\" srcset=\"https:\/\/i0.wp.com\/guidelaval.fr\/eva\/wp-content\/uploads\/2016\/05\/festiguide53-ovale-14.jpg?w=371&amp;ssl=1 371w, https:\/\/i0.wp.com\/guidelaval.fr\/eva\/wp-content\/uploads\/2016\/05\/festiguide53-ovale-14.jpg?resize=300%2C158&amp;ssl=1 300w\" sizes=\"(max-width: 371px) 100vw, 371px\" \/><\/a><br \/><a href=\"http:\/\/guidelaval.fr\/eva\/wp-content\/uploads\/2016\/05\/9fichier-4.pdf\"><img src='https:\/\/i0.wp.com\/guidelaval.fr\/eva\/wp-content\/plugins\/postie\/icons\/silver\/pdf-32.png?w=1140' alt='pdf icon' data-recalc-dims=\"1\" \/> 9fichier.pdf<\/a><\/p>\n","protected":false},"excerpt":{"rendered":"<p>Contact : LE GRAND legrand.jt@orange.fr date-d\u00e9but:06\/05\/2016 00h00 date-fin :06\/05\/2016 00h00 maison de ville 247 Avenue des Fran\u00e7ais Libreslaval53000 &Eacute;v&egrave;nement positionn&eacute; le : 04\/05\/2016 22h 21mn&lt;\/br&gt;Par le Club : Lions Club Guy Corps du message : pour faire plaisir, s\u00e9paration de &hellip; <a href=\"https:\/\/guidelaval.fr\/eva\/separation-infos-7\/\">Lire la suite\u00ad\u00ad<\/a><\/p>\n","protected":false},"author":6,"featured_media":0,"parent":0,"menu_order":0,"comment_status":"closed","ping_status":"closed","template":"","meta":{"kt_blocks_editor_width":"","jetpack_post_was_ever_published":false},"jetpack_sharing_enabled":true,"jetpack_shortlink":"https:\/\/wp.me\/P7cFdd-ie","jetpack-related-posts":[{"id":1126,"url":"https:\/\/guidelaval.fr\/eva\/separation-infos-6\/","url_meta":{"origin":1130,"position":0},"title":"s\u00e9paration infos","date":"6 mai 2016","format":false,"excerpt":"Invitation envoy\u00e9e par : lE GRAND legrand.jt@orange.fr date-d\u00e9but:06\/05\/2016:00h00 date-fin :06\/05\/2016:00h00 mai 247 Avenue des Fran\u00e7ais Libres\u00a0laval53000 \u00c9v\u00e8nement positionn\u00e9 le : 04\/05\/2016 22h 21mn<\/br>Par le Club : Lions Club Guy Corps du message : C'est l'heure pour faire plaisir, s\u00e9paration de la date de cr\u00e9ation modification ey de la description de\u2026","rel":"","context":"Dans &quot;Non class\u00e9&quot;","img":{"alt_text":"","src":"http:\/\/i1.wp.com\/guidelaval.fr\/eva\/wp-content\/uploads\/2016\/05\/image-1.jpg?fit=940%2C627&resize=350%2C200","width":350,"height":200},"classes":[]},{"id":1134,"url":"https:\/\/guidelaval.fr\/eva\/separation-infos-8\/","url_meta":{"origin":1130,"position":1},"title":"s\u00e9paration infos","date":"6 mai 2016","format":false,"excerpt":"Contact : lE GRAND legrand.jt@orange.fr date-d\u00e9but:06\/05\/2016 00h00 date-fin :06\/05\/2016 00h00 maison 247 Avenue des Fran\u00e7ais Libreslaval53000 \u00c9v\u00e8nement positionn\u00e9 le : 04\/05\/2016 22h 21mn<\/br>Par le Club : Lions Club Guy Corps du message : pour faire plaisir, s\u00e9paration de la date de cr\u00e9ation modification ey de la description de l'\u00e9v\u00e8nement APRES\u2026","rel":"","context":"Dans &quot;Non class\u00e9&quot;","img":{"alt_text":"","src":"","width":0,"height":0},"classes":[]},{"id":1248,"url":"https:\/\/guidelaval.fr\/eva\/il-y-a-un-probleme-3\/","url_meta":{"origin":1130,"position":2},"title":"il y a un probl\u00e8me","date":"23 f\u00e9vrier 2017","format":false,"excerpt":"Contact : Meslay r.meslay@gmail.com date-d\u00e9but : 00h00 date-fin : 00h00 coucou Corps du message :","rel":"","context":"Dans &quot;Non class\u00e9&quot;","img":{"alt_text":"","src":"","width":0,"height":0},"classes":[]},{"id":1268,"url":"https:\/\/guidelaval.fr\/eva\/il-y-a-un-probleme-4\/","url_meta":{"origin":1130,"position":3},"title":"il y a un probl\u00e8me","date":"10 mars 2017","format":false,"excerpt":"Contact : BENARD elisabeth.benard@wanadoo.fr date-d\u00e9but : 00h00 date-fin : 00h00 coucou Corps du message :","rel":"","context":"Dans &quot;Non class\u00e9&quot;","img":{"alt_text":"","src":"","width":0,"height":0},"classes":[]},{"id":1289,"url":"https:\/\/guidelaval.fr\/eva\/il-y-a-un-probleme-5\/","url_meta":{"origin":1130,"position":4},"title":"il y a un probl\u00e8me","date":"11 ao\u00fbt 2017","format":false,"excerpt":"Contact : pr\u00e9sident g.benoit@wanadoo.fr date-d\u00e9but : 00h00 date-fin : 00h00 coucou Corps du message :","rel":"","context":"Dans &quot;Non class\u00e9&quot;","img":{"alt_text":"","src":"","width":0,"height":0},"classes":[]},{"id":1320,"url":"https:\/\/guidelaval.fr\/eva\/il-y-a-un-probleme-6\/","url_meta":{"origin":1130,"position":5},"title":"il y a un probl\u00e8me","date":"25 d\u00e9cembre 2020","format":false,"excerpt":"Contact : FbsbAdjug wilwaf2yhw2gphi@gmail.com date-d\u00e9but : 00h00 date-fin : 00h00 FbsbAdjug coucou Corps du message : cialis super active for cheap <a href=\"https:\/\/cialmenon.com\/#\">cialis genetic<\/a> cialis on line","rel":"","context":"Dans &quot;Non class\u00e9&quot;","img":{"alt_text":"","src":"","width":0,"height":0},"classes":[]}],"_links":{"self":[{"href":"https:\/\/guidelaval.fr\/eva\/wp-json\/wp\/v2\/pages\/1130"}],"collection":[{"href":"https:\/\/guidelaval.fr\/eva\/wp-json\/wp\/v2\/pages"}],"about":[{"href":"https:\/\/guidelaval.fr\/eva\/wp-json\/wp\/v2\/types\/page"}],"author":[{"embeddable":true,"href":"https:\/\/guidelaval.fr\/eva\/wp-json\/wp\/v2\/users\/6"}],"replies":[{"embeddable":true,"href":"https:\/\/guidelaval.fr\/eva\/wp-json\/wp\/v2\/comments?post=1130"}],"version-history":[{"count":1,"href":"https:\/\/guidelaval.fr\/eva\/wp-json\/wp\/v2\/pages\/1130\/revisions"}],"predecessor-version":[{"id":1133,"href":"https:\/\/guidelaval.fr\/eva\/wp-json\/wp\/v2\/pages\/1130\/revisions\/1133"}],"wp:attachment":[{"href":"https:\/\/guidelaval.fr\/eva\/wp-json\/wp\/v2\/media?parent=1130"}],"curies":[{"name":"wp","href":"https:\/\/api.w.org\/{rel}","templated":true}]}}