{"id":1170,"date":"2016-09-06T12:06:59","date_gmt":"2016-09-06T10:06:59","guid":{"rendered":"http:\/\/guidelaval.fr\/?p=1170"},"modified":"2016-09-06T12:23:22","modified_gmt":"2016-09-06T10:23:22","slug":"diner-et-soiree-dansante-25e-anniversaire","status":"publish","type":"page","link":"https:\/\/guidelaval.fr\/eva\/diner-et-soiree-dansante-25e-anniversaire\/","title":{"rendered":"D\u00eener et soir\u00e9e dansante \u00ab\u00a025e anniversaire\u00a0\u00bb"},"content":{"rendered":"<p>Contact : noury<br \/> <a href=\"mailto:noury.magali@gmail.com\">noury.magali@gmail.com<\/a><\/br><br \/> date-d\u00e9but : 08\/10\/2016 20h00<br \/> date-fin : 09\/10\/2016 01h00<br \/> Salle des Ondines<\/p>\n<p>Chang\u00e9-Les-Laval <br \/> &Eacute;v&egrave;nement positionn&eacute; le : 05\/09\/2016 19h 23mn&lt;\/br&gt;Par le Club : Mayenne-USA&lt;\/br<br \/> <b>Corps du message :<\/b><br \/> D\u00eener et soir\u00e9e dansante &quot;25e anniversaire&quot;<\/p>\n<p>Mayenne USA souffle ses 25 bougies ainsi que le 5e anniversaire de la charte d&#039;amiti\u00e9 Laval-Modesto&#8230;<br \/> Didier Boussard, Pr\u00e9sident et les membres de l&#039;association vous convient \u00e0 leur d\u00eener dansant en pr\u00e9sence d&#039;une d\u00e9l\u00e9gation officielle de Modesto le samedi 8 octobre 2016.<\/p>\n<p>     <a href=\"http:\/\/guidelaval.fr\/eva\/wp-content\/uploads\/2016\/09\/mayenne-usa-25e-anniversaire.pdf\"><img src='https:\/\/i0.wp.com\/guidelaval.fr\/eva\/wp-content\/plugins\/postie\/icons\/silver\/pdf-32.png?w=1140' alt='pdf icon' data-recalc-dims=\"1\" \/> mayenne-usa-25e-anniversaire.pdf<\/a><\/p>\n","protected":false},"excerpt":{"rendered":"<p>Contact : noury noury.magali@gmail.com date-d\u00e9but : 08\/10\/2016 20h00 date-fin : 09\/10\/2016 01h00 Salle des Ondines Chang\u00e9-Les-Laval &Eacute;v&egrave;nement positionn&eacute; le : 05\/09\/2016 19h 23mn&lt;\/br&gt;Par le Club : Mayenne-USA&lt;\/br Corps du message : D\u00eener et soir\u00e9e dansante &quot;25e anniversaire&quot; Mayenne USA souffle &hellip; <a href=\"https:\/\/guidelaval.fr\/eva\/diner-et-soiree-dansante-25e-anniversaire\/\">Lire la suite\u00ad\u00ad<\/a><\/p>\n","protected":false},"author":6,"featured_media":0,"parent":0,"menu_order":0,"comment_status":"closed","ping_status":"closed","template":"","meta":{"kt_blocks_editor_width":"","jetpack_post_was_ever_published":false},"jetpack_sharing_enabled":true,"jetpack_shortlink":"https:\/\/wp.me\/P7cFdd-iS","jetpack-related-posts":[{"id":1216,"url":"https:\/\/guidelaval.fr\/eva\/marche-de-noel\/","url_meta":{"origin":1170,"position":0},"title":"March\u00e9 de NOEL","date":"8 d\u00e9cembre 2016","format":false,"excerpt":"Contact : noury noury.magali@gmail.com date-d\u00e9but : 08\/12\/2016 14h00 date-fin : 11\/12\/2016 18h00 Square Boston Square BostonLaval 53000 \u00c9v\u00e8nement positionn\u00e9 le : 08\/12\/2016 14h 09mn<\/br>Par le Club : Mayenne-USA<\/br Corps du message : March\u00e9 de NOEL \u00c9v\u00e8nement Modifi\u00e9 le : 08\/12\/2016 14h 11mn par noury du Club : Mayenne-USA March\u00e9 de\u2026","rel":"","context":"Dans &quot;Non class\u00e9&quot;","img":{"alt_text":"","src":"","width":0,"height":0},"classes":[]},{"id":1300,"url":"https:\/\/guidelaval.fr\/eva\/marche-de-noel-2\/","url_meta":{"origin":1170,"position":1},"title":"March\u00e9 de No\u00ebl","date":"22 novembre 2017","format":false,"excerpt":"Contact : noury noury.magali@gmail.com date-d\u00e9but : 08\/12\/2017 10h00 date-fin : 11\/12\/2017 18h00 Square Boston Square BostonLaval 53000 \u00c9v\u00e8nement positionn\u00e9 le : 08\/12\/2016 14h 09mn<\/br>Par le Club : Mayenne-USA<\/br Corps du message : March\u00e9 de No\u00ebl \u00c9v\u00e8nement Modifi\u00e9 le : 16\/11\/2017 10h 44mn par noury du Club : Mayenne-USA Comme chaque\u2026","rel":"","context":"Dans &quot;Non class\u00e9&quot;","img":{"alt_text":"","src":"","width":0,"height":0},"classes":[]},{"id":1294,"url":"https:\/\/guidelaval.fr\/eva\/recital-de-chansons-les-annees-piaf\/","url_meta":{"origin":1170,"position":2},"title":"R\u00e9cital de chansons :\u00a0\u00bbLes ann\u00e9es PIAF","date":"23 septembre 2017","format":false,"excerpt":"Contact : le grand legrand.jt@orange.fr date-d\u00e9but : 15\/10\/2017 16h00 date-fin : 15\/10\/2017 19h00 Th\u00e9\u00e2tre municipal de Mayenne Place JuhelMayenne 53100 \u00c9v\u00e8nement positionn\u00e9 le : 23\/09\/2017 15h 36mn<\/br>Par le Club : Lions Club Guy Corps du message : R\u00e9cital de chansons :\"Les ann\u00e9es PIAF Ch\u00e8r(e)s Ami(e)s, Les LIONS CLUB associ\u00e9s de\u2026","rel":"","context":"Dans &quot;Non class\u00e9&quot;","img":{"alt_text":"","src":"http:\/\/i0.wp.com\/guidelaval.fr\/eva\/wp-content\/uploads\/2017\/09\/affiche-les-annees-piaf-2017-10-15300.jpg?resize=350%2C200","width":350,"height":200},"classes":[]},{"id":1278,"url":"https:\/\/guidelaval.fr\/eva\/grand-diner-spectacle-big-band-et-trompes-de-chasse-3\/","url_meta":{"origin":1170,"position":3},"title":"Grand Diner Spectacle Big Band et Trompes de Chasse","date":"24 mars 2017","format":false,"excerpt":"Contact : MARGOGNE lmargogne@orange.fr date-d\u00e9but : 22\/04\/2017 19h30 date-fin : 22\/04\/2017 23h00 Salle Polyvalente de Laval Place de HERCELAVAL 53000 \u00c9v\u00e8nement positionn\u00e9 le : 23\/03\/2017 15h 39mn<\/br>Par le Club : Rotary Ambroise Corps du message : Grand diner spectacle organis\u00e9 par le Rotary Laval Ambroise PARE Le 22 Avril 2017\u2026","rel":"","context":"Dans &quot;Non class\u00e9&quot;","img":{"alt_text":"","src":"","width":0,"height":0},"classes":[]},{"id":1272,"url":"https:\/\/guidelaval.fr\/eva\/grand-diner-spectacle-big-band-et-trompes-de-chasse\/","url_meta":{"origin":1170,"position":4},"title":"Grand Diner Spectacle Big Band et Trompes de Chasse","date":"24 mars 2017","format":false,"excerpt":"Contact : MARGOGNE lmargogne@orange.fr date-d\u00e9but : 22\/04\/2017 19h30 date-fin : 22\/04\/2017 23h00 Salle Polyvalente de Laval Place de HERCELAVAL 53000 \u00c9v\u00e8nement positionn\u00e9 le : 23\/03\/2017 15h 39mn<\/br>Par le Club : Rotary Ambroise Corps du message : Grand Diner Spectacle Big Band et Trompes de Chasse \u00c9v\u00e8nement Modifi\u00e9 le : 24\/03\/2017\u2026","rel":"","context":"Dans &quot;Non class\u00e9&quot;","img":{"alt_text":"","src":"","width":0,"height":0},"classes":[]},{"id":1275,"url":"https:\/\/guidelaval.fr\/eva\/grand-diner-spectacle-big-band-et-trompes-de-chasse-2\/","url_meta":{"origin":1170,"position":5},"title":"Grand Diner Spectacle Big Band et Trompes de Chasse","date":"24 mars 2017","format":false,"excerpt":"Contact : MARGOGNE lmargogne@orange.fr date-d\u00e9but : 22\/04\/2017 19h30 date-fin : 22\/04\/2017 23h00 Salle Polyvalente de Laval Place de HERCELAVAL 53000 \u00c9v\u00e8nement positionn\u00e9 le : 23\/03\/2017 15h 39mn<\/br>Par le Club : Rotary Ambroise Corps du message : Grand Diner Spectacle Big Band et Trompes de Chasse \u00c9v\u00e8nement Modifi\u00e9 le : 24\/03\/2017\u2026","rel":"","context":"Dans &quot;Non class\u00e9&quot;","img":{"alt_text":"","src":"","width":0,"height":0},"classes":[]}],"_links":{"self":[{"href":"https:\/\/guidelaval.fr\/eva\/wp-json\/wp\/v2\/pages\/1170"}],"collection":[{"href":"https:\/\/guidelaval.fr\/eva\/wp-json\/wp\/v2\/pages"}],"about":[{"href":"https:\/\/guidelaval.fr\/eva\/wp-json\/wp\/v2\/types\/page"}],"author":[{"embeddable":true,"href":"https:\/\/guidelaval.fr\/eva\/wp-json\/wp\/v2\/users\/6"}],"replies":[{"embeddable":true,"href":"https:\/\/guidelaval.fr\/eva\/wp-json\/wp\/v2\/comments?post=1170"}],"version-history":[{"count":1,"href":"https:\/\/guidelaval.fr\/eva\/wp-json\/wp\/v2\/pages\/1170\/revisions"}],"predecessor-version":[{"id":1172,"href":"https:\/\/guidelaval.fr\/eva\/wp-json\/wp\/v2\/pages\/1170\/revisions\/1172"}],"wp:attachment":[{"href":"https:\/\/guidelaval.fr\/eva\/wp-json\/wp\/v2\/media?parent=1170"}],"curies":[{"name":"wp","href":"https:\/\/api.w.org\/{rel}","templated":true}]}}