{"id":1189,"date":"2016-10-03T17:25:05","date_gmt":"2016-10-03T15:25:05","guid":{"rendered":"http:\/\/guidelaval.fr\/?p=1189"},"modified":"2016-10-03T17:27:11","modified_gmt":"2016-10-03T15:27:11","slug":"mega-loto","status":"publish","type":"page","link":"https:\/\/guidelaval.fr\/eva\/mega-loto\/","title":{"rendered":"MEGA LOTO"},"content":{"rendered":"<p>Contact : lecigne-brouxel<br \/> <a href=\"mailto:creamannie@sfr.fr\">creamannie@sfr.fr<\/a><\/br><br \/> date-d\u00e9but : 15\/10\/2016 20h00<br \/> date-fin : 15\/10\/2016 23h30<br \/> SALLE  POLYVALENTE DE L&#039;HUISSERIE<br \/> Chemin du Fougeray<br \/>L&#039;HUISSERIE 53970<br \/> &Eacute;v&egrave;nement positionn&eacute; le : 28\/05\/2016 19h 17mn&lt;\/br&gt;Par le Club : Lions Club Guy<br \/> <b>Corps du message :<\/b><br \/> Chers Amies et Amis,<\/p>\n<p>Le Lions Club \u00abGUY DE LAVAL\u00bb vous convie \u00e0 participer au LOTO qu\u2019il organise le SAMEDI 15 OCTOBRE 2016 \u00e0 20 h 00 \u00e0 la SALLE POLYVALENTE de L\u2019HUISSERIE (Ouverture des portes \u00e0 18 H 00), au profit de ses \u0153uvres sociales.<\/p>\n<p>La soir\u00e9e sera anim\u00e9e par SERGIO.<\/p>\n<p>Entr\u00e9e libre mais r\u00e9servation possible au 06.11.99.14.66. Restauration sur place<\/p>\n<p>64 tirages &#8211; Plus de 4 000 \u20ac de lots ; L\u2019affiche jointe en d\u00e9crit les conditions d\u2019organisation.<\/p>\n<p>R\u00e9servez-nous votre soir\u00e9e : les initi\u00e9s seront ravis, les profanes d\u00e9couvriront un divertissement \u00e0 succ\u00e8s.<\/p>\n<p>Cordialement.<\/p>\n<p>Annie LECIGNE<br \/> Pr\u00e9sidente du Lions Club \u00ab GUY DE LAVAL \u00bb<\/p>\n<p>     <a href=\"http:\/\/guidelaval.fr\/?attachment_id=1190\"><img data-attachment-id=\"1190\" data-permalink=\"https:\/\/guidelaval.fr\/eva\/mega-loto\/affiche-loto-15-10-2016-lhuisserieopti-basse-def\/\" data-orig-file=\"https:\/\/i0.wp.com\/guidelaval.fr\/eva\/wp-content\/uploads\/2016\/10\/affiche-loto-15-10-2016-lhuisserieopti-basse-def.jpg?fit=2349%2C3847&amp;ssl=1\" data-orig-size=\"2349,3847\" data-comments-opened=\"0\" data-image-meta=\"{&quot;aperture&quot;:&quot;0&quot;,&quot;credit&quot;:&quot;&quot;,&quot;camera&quot;:&quot;&quot;,&quot;caption&quot;:&quot;&quot;,&quot;created_timestamp&quot;:&quot;0&quot;,&quot;copyright&quot;:&quot;&quot;,&quot;focal_length&quot;:&quot;0&quot;,&quot;iso&quot;:&quot;0&quot;,&quot;shutter_speed&quot;:&quot;0&quot;,&quot;title&quot;:&quot;&quot;,&quot;orientation&quot;:&quot;0&quot;}\" data-image-title=\"affiche-loto-15-10-2016-lhuisserieopti-basse-def\" data-image-description=\"\" data-image-caption=\"\" data-medium-file=\"https:\/\/i0.wp.com\/guidelaval.fr\/eva\/wp-content\/uploads\/2016\/10\/affiche-loto-15-10-2016-lhuisserieopti-basse-def.jpg?fit=183%2C300&amp;ssl=1\" data-large-file=\"https:\/\/i0.wp.com\/guidelaval.fr\/eva\/wp-content\/uploads\/2016\/10\/affiche-loto-15-10-2016-lhuisserieopti-basse-def.jpg?fit=625%2C1024&amp;ssl=1\" decoding=\"async\" loading=\"lazy\" src=\"http:\/\/i2.wp.com\/guidelaval.fr\/eva\/wp-content\/uploads\/2016\/10\/affiche-loto-15-10-2016-lhuisserieopti-basse-def.jpg?fit=183%2C300\" alt=\"\" width=\"183px\" height=\"300px\" class=\"alignnone size-medium wp-image-1190\" srcset=\"https:\/\/i0.wp.com\/guidelaval.fr\/eva\/wp-content\/uploads\/2016\/10\/affiche-loto-15-10-2016-lhuisserieopti-basse-def.jpg?w=2349&amp;ssl=1 2349w, https:\/\/i0.wp.com\/guidelaval.fr\/eva\/wp-content\/uploads\/2016\/10\/affiche-loto-15-10-2016-lhuisserieopti-basse-def.jpg?resize=183%2C300&amp;ssl=1 183w, https:\/\/i0.wp.com\/guidelaval.fr\/eva\/wp-content\/uploads\/2016\/10\/affiche-loto-15-10-2016-lhuisserieopti-basse-def.jpg?resize=768%2C1258&amp;ssl=1 768w, https:\/\/i0.wp.com\/guidelaval.fr\/eva\/wp-content\/uploads\/2016\/10\/affiche-loto-15-10-2016-lhuisserieopti-basse-def.jpg?resize=625%2C1024&amp;ssl=1 625w, https:\/\/i0.wp.com\/guidelaval.fr\/eva\/wp-content\/uploads\/2016\/10\/affiche-loto-15-10-2016-lhuisserieopti-basse-def.jpg?resize=600%2C983&amp;ssl=1 600w, https:\/\/i0.wp.com\/guidelaval.fr\/eva\/wp-content\/uploads\/2016\/10\/affiche-loto-15-10-2016-lhuisserieopti-basse-def.jpg?w=2280 2280w\" sizes=\"(max-width: 1140px) 100vw, 1140px\" \/><\/a><\/p>\n","protected":false},"excerpt":{"rendered":"<p>Contact : lecigne-brouxel creamannie@sfr.fr date-d\u00e9but : 15\/10\/2016 20h00 date-fin : 15\/10\/2016 23h30 SALLE POLYVALENTE DE L&#039;HUISSERIE Chemin du FougerayL&#039;HUISSERIE 53970 &Eacute;v&egrave;nement positionn&eacute; le : 28\/05\/2016 19h 17mn&lt;\/br&gt;Par le Club : Lions Club Guy Corps du message : Chers Amies et &hellip; <a href=\"https:\/\/guidelaval.fr\/eva\/mega-loto\/\">Lire la suite\u00ad\u00ad<\/a><\/p>\n","protected":false},"author":6,"featured_media":0,"parent":0,"menu_order":0,"comment_status":"closed","ping_status":"closed","template":"","meta":{"kt_blocks_editor_width":"","jetpack_post_was_ever_published":false},"jetpack_sharing_enabled":true,"jetpack_shortlink":"https:\/\/wp.me\/P7cFdd-jb","jetpack-related-posts":[{"id":1194,"url":"https:\/\/guidelaval.fr\/eva\/recital-les-annees-piaf\/","url_meta":{"origin":1189,"position":0},"title":"RECITAL  LES ANNEES PIAF","date":"5 novembre 2016","format":false,"excerpt":"Contact : Houdbine houdbine.felix@orange.fr date-d\u00e9but : 26\/11\/2016 21h00 date-fin : 26\/11\/2016 23h00 SALLE DE L'AVANT-SCENE 33, all\u00e9e du Vieux Saint LouisLAVAL 53000 \u00c9v\u00e8nement positionn\u00e9 le : 11\/05\/2016 10h 47mn<\/br>Par le Club : Lions Club Guy Corps du message : Chers Amies et Amis, Au nom du LIONS CLUB \u00abGUY DE\u2026","rel":"","context":"Dans &quot;Non class\u00e9&quot;","img":{"alt_text":"","src":"http:\/\/i0.wp.com\/guidelaval.fr\/eva\/wp-content\/uploads\/2016\/11\/recital-piaf.jpg?resize=350%2C200","width":350,"height":200},"classes":[]},{"id":1213,"url":"https:\/\/guidelaval.fr\/eva\/dans-ma-rue-2eme-representation\/","url_meta":{"origin":1189,"position":1},"title":"DANS MA RUE (2\u00e8me repr\u00e9sentation)","date":"4 d\u00e9cembre 2016","format":false,"excerpt":"Contact : Houdbine houdbine.felix@orange.fr date-d\u00e9but : 07\/01\/2017 16h date-fin : 07\/01\/2017 23h THEATRE DE LAVAL 34 rue de la paixLAVAL 53000 \u00c9v\u00e8nement positionn\u00e9 le : 30\/11\/2016 18h 58mn<\/br>Par le Club : Lions Club Guy Corps du message : Chers Amies et Amis, Le LIONS CLUB \u00abGUY DE LAVAL\u00bb organise 2\u2026","rel":"","context":"Dans &quot;Non class\u00e9&quot;","img":{"alt_text":"","src":"http:\/\/i1.wp.com\/guidelaval.fr\/eva\/wp-content\/uploads\/2016\/12\/dans-ma-rue-cdc-theCC81aCC82tre-laval-2017-01-07.jpg?resize=350%2C200","width":350,"height":200},"classes":[]},{"id":1200,"url":"https:\/\/guidelaval.fr\/eva\/soiree-beaujolais\/","url_meta":{"origin":1189,"position":2},"title":"Soir\u00e9e Beaujolais","date":"7 novembre 2016","format":false,"excerpt":"Contact : BENARD elisabeth.benard@wanadoo.fr date-d\u00e9but : 17\/11\/2016 20h00 date-fin : 17\/11\/2016 23h00 salle polyvalente Place de Herc\u00e953000 LAVAL 53000 \u00c9v\u00e8nement positionn\u00e9 le : 07\/11\/2016 20h 21mn<\/br>Par le Club : Rotary Club de Corps du message : Soir\u00e9e Beaujolais Comme chaque ann\u00e9e, le Rotary Club de Laval vous convie \u00e0 son\u2026","rel":"","context":"Dans &quot;Non class\u00e9&quot;","img":{"alt_text":"","src":"","width":0,"height":0},"classes":[]},{"id":1315,"url":"https:\/\/guidelaval.fr\/eva\/soiree-de-gala\/","url_meta":{"origin":1189,"position":3},"title":"Soir\u00e9e de Gala","date":"8 ao\u00fbt 2018","format":false,"excerpt":"Contact : le grand legrand.jt@orange.fr date-d\u00e9but : 08\/09\/2018 19h30 date-fin : 08\/09\/2018 23h Salle LA FABRIQUE 10 Rue de la Chambrouill\u00e8reBonchamp 53960 \u00c9v\u00e8nement positionn\u00e9 le : 08\/08\/2018 12h 41mn<\/br>Par le Club : Lions Club Guy Corps du message : Soir\u00e9e de Gala Le Lions Club Guy de Laval f\u00eate ses\u2026","rel":"","context":"Dans &quot;Non class\u00e9&quot;","img":{"alt_text":"","src":"","width":0,"height":0},"classes":[]},{"id":1278,"url":"https:\/\/guidelaval.fr\/eva\/grand-diner-spectacle-big-band-et-trompes-de-chasse-3\/","url_meta":{"origin":1189,"position":4},"title":"Grand Diner Spectacle Big Band et Trompes de Chasse","date":"24 mars 2017","format":false,"excerpt":"Contact : MARGOGNE lmargogne@orange.fr date-d\u00e9but : 22\/04\/2017 19h30 date-fin : 22\/04\/2017 23h00 Salle Polyvalente de Laval Place de HERCELAVAL 53000 \u00c9v\u00e8nement positionn\u00e9 le : 23\/03\/2017 15h 39mn<\/br>Par le Club : Rotary Ambroise Corps du message : Grand diner spectacle organis\u00e9 par le Rotary Laval Ambroise PARE Le 22 Avril 2017\u2026","rel":"","context":"Dans &quot;Non class\u00e9&quot;","img":{"alt_text":"","src":"","width":0,"height":0},"classes":[]},{"id":1272,"url":"https:\/\/guidelaval.fr\/eva\/grand-diner-spectacle-big-band-et-trompes-de-chasse\/","url_meta":{"origin":1189,"position":5},"title":"Grand Diner Spectacle Big Band et Trompes de Chasse","date":"24 mars 2017","format":false,"excerpt":"Contact : MARGOGNE lmargogne@orange.fr date-d\u00e9but : 22\/04\/2017 19h30 date-fin : 22\/04\/2017 23h00 Salle Polyvalente de Laval Place de HERCELAVAL 53000 \u00c9v\u00e8nement positionn\u00e9 le : 23\/03\/2017 15h 39mn<\/br>Par le Club : Rotary Ambroise Corps du message : Grand Diner Spectacle Big Band et Trompes de Chasse \u00c9v\u00e8nement Modifi\u00e9 le : 24\/03\/2017\u2026","rel":"","context":"Dans &quot;Non class\u00e9&quot;","img":{"alt_text":"","src":"","width":0,"height":0},"classes":[]}],"_links":{"self":[{"href":"https:\/\/guidelaval.fr\/eva\/wp-json\/wp\/v2\/pages\/1189"}],"collection":[{"href":"https:\/\/guidelaval.fr\/eva\/wp-json\/wp\/v2\/pages"}],"about":[{"href":"https:\/\/guidelaval.fr\/eva\/wp-json\/wp\/v2\/types\/page"}],"author":[{"embeddable":true,"href":"https:\/\/guidelaval.fr\/eva\/wp-json\/wp\/v2\/users\/6"}],"replies":[{"embeddable":true,"href":"https:\/\/guidelaval.fr\/eva\/wp-json\/wp\/v2\/comments?post=1189"}],"version-history":[{"count":1,"href":"https:\/\/guidelaval.fr\/eva\/wp-json\/wp\/v2\/pages\/1189\/revisions"}],"predecessor-version":[{"id":1191,"href":"https:\/\/guidelaval.fr\/eva\/wp-json\/wp\/v2\/pages\/1189\/revisions\/1191"}],"wp:attachment":[{"href":"https:\/\/guidelaval.fr\/eva\/wp-json\/wp\/v2\/media?parent=1189"}],"curies":[{"name":"wp","href":"https:\/\/api.w.org\/{rel}","templated":true}]}}