{"id":1229,"date":"2017-01-10T11:09:14","date_gmt":"2017-01-10T09:09:14","guid":{"rendered":"http:\/\/guidelaval.fr\/?p=1229"},"modified":"2017-01-10T10:11:45","modified_gmt":"2017-01-10T09:11:45","slug":"nocturne-des-bonnets-roses-53-3","status":"publish","type":"page","link":"https:\/\/guidelaval.fr\/eva\/nocturne-des-bonnets-roses-53-3\/","title":{"rendered":"Nocturne des Bonnets Roses 53"},"content":{"rendered":"<p>Contact : margogne<br \/> <a href=\"mailto:lmargogne@orange.fr\">lmargogne@orange.fr<\/a><\/br><br \/> date-d\u00e9but : 22\/01\/2017 17h30<br \/> date-fin : 22\/01\/2017 19h30<br \/> Piscine Saint Nicolas \u00e0 Laval<br \/> Boulevard Jourdan<br \/>LAVAL 53000<br \/> &Eacute;v&egrave;nement positionn&eacute; le : 06\/01\/2017 18h 33mn&lt;\/br&gt;Par le Club : Rotary Ambroise<br \/> <b>Corps du message :<\/b><br \/> Nocturne des Bonnets Roses 53<\/p>\n<p>Moment de d\u00e9tente \u00e0 la piscine Saint Nicolas de Laval ( Zen et rose) organis\u00e9 par le Rotary Laval A PARE au profit des Ateliers de Myriam, structure apportant des soins (gratuits) supports aux malades sous traitement anticanc\u00e9reux.<br \/> Participation de 10 euros et remise d&#039;un bonnet rose \u00e0 l&#039;entr\u00e9e.<br \/> Inscription en ligne possible (lien sur invitation ou Google ou Facebook en tapant Nocturne des bonnets Roses 53) Venez nombreux !!<\/p>\n<p>     <a href=\"http:\/\/guidelaval.fr\/?attachment_id=1230\"><img data-attachment-id=\"1230\" data-permalink=\"https:\/\/guidelaval.fr\/eva\/nocturne-des-bonnets-roses-53-3\/affiche-2\/\" data-orig-file=\"https:\/\/i0.wp.com\/guidelaval.fr\/eva\/wp-content\/uploads\/2017\/01\/affiche-2.jpg?fit=1240%2C1754&amp;ssl=1\" data-orig-size=\"1240,1754\" data-comments-opened=\"0\" data-image-meta=\"{&quot;aperture&quot;:&quot;0&quot;,&quot;credit&quot;:&quot;&quot;,&quot;camera&quot;:&quot;&quot;,&quot;caption&quot;:&quot;&quot;,&quot;created_timestamp&quot;:&quot;0&quot;,&quot;copyright&quot;:&quot;&quot;,&quot;focal_length&quot;:&quot;0&quot;,&quot;iso&quot;:&quot;0&quot;,&quot;shutter_speed&quot;:&quot;0&quot;,&quot;title&quot;:&quot;&quot;,&quot;orientation&quot;:&quot;1&quot;}\" data-image-title=\"affiche-2\" data-image-description=\"\" data-image-caption=\"\" data-medium-file=\"https:\/\/i0.wp.com\/guidelaval.fr\/eva\/wp-content\/uploads\/2017\/01\/affiche-2.jpg?fit=212%2C300&amp;ssl=1\" data-large-file=\"https:\/\/i0.wp.com\/guidelaval.fr\/eva\/wp-content\/uploads\/2017\/01\/affiche-2.jpg?fit=724%2C1024&amp;ssl=1\" decoding=\"async\" loading=\"lazy\" src=\"http:\/\/i0.wp.com\/guidelaval.fr\/eva\/wp-content\/uploads\/2017\/01\/affiche-2.jpg?fit=212%2C300\" alt=\"\" width=\"212px\" height=\"300px\" class=\"alignnone size-medium wp-image-1230\" srcset=\"https:\/\/i0.wp.com\/guidelaval.fr\/eva\/wp-content\/uploads\/2017\/01\/affiche-2.jpg?w=1240&amp;ssl=1 1240w, https:\/\/i0.wp.com\/guidelaval.fr\/eva\/wp-content\/uploads\/2017\/01\/affiche-2.jpg?resize=212%2C300&amp;ssl=1 212w, https:\/\/i0.wp.com\/guidelaval.fr\/eva\/wp-content\/uploads\/2017\/01\/affiche-2.jpg?resize=768%2C1086&amp;ssl=1 768w, https:\/\/i0.wp.com\/guidelaval.fr\/eva\/wp-content\/uploads\/2017\/01\/affiche-2.jpg?resize=724%2C1024&amp;ssl=1 724w, https:\/\/i0.wp.com\/guidelaval.fr\/eva\/wp-content\/uploads\/2017\/01\/affiche-2.jpg?resize=600%2C849&amp;ssl=1 600w\" sizes=\"(max-width: 1140px) 100vw, 1140px\" \/><\/a><br \/><a href=\"http:\/\/guidelaval.fr\/eva\/wp-content\/uploads\/2017\/01\/bonnets-1-2.pdf\"><img src='https:\/\/i0.wp.com\/guidelaval.fr\/eva\/wp-content\/plugins\/postie\/icons\/silver\/pdf-32.png?w=1140' alt='pdf icon' data-recalc-dims=\"1\" \/> bonnets-.pdf<\/a><\/p>\n","protected":false},"excerpt":{"rendered":"<p>Contact : margogne lmargogne@orange.fr date-d\u00e9but : 22\/01\/2017 17h30 date-fin : 22\/01\/2017 19h30 Piscine Saint Nicolas \u00e0 Laval Boulevard JourdanLAVAL 53000 &Eacute;v&egrave;nement positionn&eacute; le : 06\/01\/2017 18h 33mn&lt;\/br&gt;Par le Club : Rotary Ambroise Corps du message : Nocturne des Bonnets Roses &hellip; <a href=\"https:\/\/guidelaval.fr\/eva\/nocturne-des-bonnets-roses-53-3\/\">Lire la suite\u00ad\u00ad<\/a><\/p>\n","protected":false},"author":6,"featured_media":0,"parent":0,"menu_order":0,"comment_status":"closed","ping_status":"closed","template":"","meta":{"kt_blocks_editor_width":"","jetpack_post_was_ever_published":false},"jetpack_sharing_enabled":true,"jetpack_shortlink":"https:\/\/wp.me\/P7cFdd-jP","jetpack-related-posts":[{"id":1221,"url":"https:\/\/guidelaval.fr\/eva\/nocturne-des-bonnets-roses-53\/","url_meta":{"origin":1229,"position":0},"title":"Nocturne des Bonnets Roses 53","date":"10 janvier 2017","format":false,"excerpt":"Contact : margogne lmargogne@orange.fr date-d\u00e9but : 22\/01\/2017 17h30 date-fin : 22\/01\/2017 19h30 Piscine Saint Nicolas \u00e0 Laval Boulevard JourdanLAVAL 53000 \u00c9v\u00e8nement positionn\u00e9 le : 06\/01\/2017 18h 33mn<\/br>Par le Club : Rotary Ambroise Corps du message : Nocturne des Bonnets Roses 53 Moment de d\u00e9tente \u00e0 la piscine Saint Nicolas de\u2026","rel":"","context":"Dans &quot;Non class\u00e9&quot;","img":{"alt_text":"","src":"http:\/\/i1.wp.com\/guidelaval.fr\/eva\/wp-content\/uploads\/2017\/01\/affiche.jpg?resize=350%2C200","width":350,"height":200},"classes":[]},{"id":1225,"url":"https:\/\/guidelaval.fr\/eva\/nocturne-des-bonnets-roses-53-2\/","url_meta":{"origin":1229,"position":1},"title":"Nocturne des Bonnets Roses 53","date":"10 janvier 2017","format":false,"excerpt":"Contact : margogne lmargogne@orange.fr date-d\u00e9but : 22\/01\/2017 17h30 date-fin : 22\/01\/2017 19h30 Piscine Saint Nicolas \u00e0 Laval Boulevard JourdanLAVAL 53000 \u00c9v\u00e8nement positionn\u00e9 le : 06\/01\/2017 18h 33mn<\/br>Par le Club : Rotary Ambroise Corps du message : Nocturne des Bonnets Roses 53 Moment de d\u00e9tente \u00e0 la piscine Saint Nicolas de\u2026","rel":"","context":"Dans &quot;Non class\u00e9&quot;","img":{"alt_text":"","src":"http:\/\/i2.wp.com\/guidelaval.fr\/eva\/wp-content\/uploads\/2017\/01\/affiche-1.jpg?resize=350%2C200","width":350,"height":200},"classes":[]},{"id":1233,"url":"https:\/\/guidelaval.fr\/eva\/nocturne-des-bonnets-roses-53-4\/","url_meta":{"origin":1229,"position":2},"title":"Nocturne des Bonnets Roses 53","date":"10 janvier 2017","format":false,"excerpt":"Contact : margogne lmargogne@orange.fr date-d\u00e9but : 22\/01\/2017 17h30 date-fin : 22\/01\/2017 19h30 Piscine Saint Nicolas \u00e0 Laval Boulevard JourdanLAVAL 53000 \u00c9v\u00e8nement positionn\u00e9 le : 06\/01\/2017 18h 33mn<\/br>Par le Club : Rotary Ambroise Corps du message : Nocturne des Bonnets Roses 53 Moment de d\u00e9tente \u00e0 la piscine Saint Nicolas de\u2026","rel":"","context":"Dans &quot;Non class\u00e9&quot;","img":{"alt_text":"","src":"http:\/\/i2.wp.com\/guidelaval.fr\/eva\/wp-content\/uploads\/2017\/01\/affiche-3.jpg?resize=350%2C200","width":350,"height":200},"classes":[]},{"id":1237,"url":"https:\/\/guidelaval.fr\/eva\/nocturne-des-bonnets-roses-53-5\/","url_meta":{"origin":1229,"position":3},"title":"Nocturne des Bonnets Roses 53","date":"11 janvier 2017","format":false,"excerpt":"Contact : margogne lmargogne@orange.fr date-d\u00e9but : 22\/01\/2017 17h30 date-fin : 22\/01\/2017 19h30 Piscine Saint Nicolas \u00e0 Laval Boulevard JourdanLAVAL 53000 \u00c9v\u00e8nement positionn\u00e9 le : 06\/01\/2017 18h 33mn<\/br>Par le Club : Rotary Ambroise Corps du message : Nocturne des Bonnets Roses 53 Moment de d\u00e9tente \u00e0 la piscine Saint Nicolas de\u2026","rel":"","context":"Dans &quot;Non class\u00e9&quot;","img":{"alt_text":"","src":"http:\/\/i0.wp.com\/guidelaval.fr\/eva\/wp-content\/uploads\/2017\/01\/affiche-petite.jpg?resize=350%2C200","width":350,"height":200},"classes":[]},{"id":1197,"url":"https:\/\/guidelaval.fr\/eva\/il-y-a-un-probleme-2\/","url_meta":{"origin":1229,"position":4},"title":"il y a un probl\u00e8me","date":"6 novembre 2016","format":false,"excerpt":"Contact : BENARD elisabeth.benard@wanadoo.fr date-d\u00e9but : 17\/11\/2016 20h00 date-fin : 17\/11\/2016 23h00 Salle Polyvalente place de Herc\u00e953000 LAVAL coucou Corps du message : Bonjour \u00e0 tous et \u00e0 toutes Comme chaque ann\u00e9e, le Rotary Club de Laval organise son d\u00eener concert. Venez nombreux go\u00fbter le nouveau beaujolais dans une ambiance\u2026","rel":"","context":"Dans &quot;Non class\u00e9&quot;","img":{"alt_text":"","src":"","width":0,"height":0},"classes":[]},{"id":1272,"url":"https:\/\/guidelaval.fr\/eva\/grand-diner-spectacle-big-band-et-trompes-de-chasse\/","url_meta":{"origin":1229,"position":5},"title":"Grand Diner Spectacle Big Band et Trompes de Chasse","date":"24 mars 2017","format":false,"excerpt":"Contact : MARGOGNE lmargogne@orange.fr date-d\u00e9but : 22\/04\/2017 19h30 date-fin : 22\/04\/2017 23h00 Salle Polyvalente de Laval Place de HERCELAVAL 53000 \u00c9v\u00e8nement positionn\u00e9 le : 23\/03\/2017 15h 39mn<\/br>Par le Club : Rotary Ambroise Corps du message : Grand Diner Spectacle Big Band et Trompes de Chasse \u00c9v\u00e8nement Modifi\u00e9 le : 24\/03\/2017\u2026","rel":"","context":"Dans &quot;Non class\u00e9&quot;","img":{"alt_text":"","src":"","width":0,"height":0},"classes":[]}],"_links":{"self":[{"href":"https:\/\/guidelaval.fr\/eva\/wp-json\/wp\/v2\/pages\/1229"}],"collection":[{"href":"https:\/\/guidelaval.fr\/eva\/wp-json\/wp\/v2\/pages"}],"about":[{"href":"https:\/\/guidelaval.fr\/eva\/wp-json\/wp\/v2\/types\/page"}],"author":[{"embeddable":true,"href":"https:\/\/guidelaval.fr\/eva\/wp-json\/wp\/v2\/users\/6"}],"replies":[{"embeddable":true,"href":"https:\/\/guidelaval.fr\/eva\/wp-json\/wp\/v2\/comments?post=1229"}],"version-history":[{"count":1,"href":"https:\/\/guidelaval.fr\/eva\/wp-json\/wp\/v2\/pages\/1229\/revisions"}],"predecessor-version":[{"id":1232,"href":"https:\/\/guidelaval.fr\/eva\/wp-json\/wp\/v2\/pages\/1229\/revisions\/1232"}],"wp:attachment":[{"href":"https:\/\/guidelaval.fr\/eva\/wp-json\/wp\/v2\/media?parent=1229"}],"curies":[{"name":"wp","href":"https:\/\/api.w.org\/{rel}","templated":true}]}}