{"id":1278,"date":"2017-03-24T11:00:38","date_gmt":"2017-03-24T09:00:38","guid":{"rendered":"http:\/\/guidelaval.fr\/?p=1278"},"modified":"2017-03-24T10:01:42","modified_gmt":"2017-03-24T09:01:42","slug":"grand-diner-spectacle-big-band-et-trompes-de-chasse-3","status":"publish","type":"page","link":"https:\/\/guidelaval.fr\/eva\/grand-diner-spectacle-big-band-et-trompes-de-chasse-3\/","title":{"rendered":"Grand Diner Spectacle Big Band et Trompes de Chasse"},"content":{"rendered":"<p>Contact : MARGOGNE<br \/> <a href=\"mailto:lmargogne@orange.fr\">lmargogne@orange.fr<\/a><\/br><br \/> date-d\u00e9but : 22\/04\/2017 19h30<br \/> date-fin : 22\/04\/2017 23h00<br \/> Salle Polyvalente de Laval<br \/> Place de HERCE<br \/>LAVAL 53000<br \/> &Eacute;v&egrave;nement positionn&eacute; le : 23\/03\/2017 15h 39mn&lt;\/br&gt;Par le Club : Rotary Ambroise<br \/> <b>Corps du message :<\/b><br \/> Grand diner spectacle organis\u00e9 par le Rotary Laval Ambroise PARE<br \/> Le 22 Avril 2017 \u00e0 la Salle Polyvalente de LAVAL<br \/>  au profit de l&#039;association COCCI&#039;BLEUE<br \/> Cette association oeuvre en faveur des enfants atteints d&#039;autisme en proposant aux familles l&#039;aide de sp\u00e9cialistes.<br \/> Cette soir\u00e9e permettra de financer l&#039;achat de petits robots LEKA permettant une interaction douce et constante aupr\u00e8s des enfants.<br \/> Deux groupes musicaux sur sc\u00e8ne :<br \/> les ECHOS du BAS MAINE et Johann LEFEVRE quartet<br \/> Accompagn\u00e9s de la chanteuse Camille MAC MADO<br \/> vous proposeront une soir\u00e9e atypique et tonique de jazz et trompes de chasse.<\/p>\n<p>Inscription de groupe possible (pour \u00eatre \u00e0 la m\u00eame table):<br \/> Lister le groupe que vous voulez inscrire \/nom,pr\u00e9nom<\/p>\n<p>Envoyez le mail \u00e0 :    <a href=\"mailto:rotary22avril@gmail.com\">rotary22avril@gmail.com<\/a><\/p>\n<p>Merci de nous aider \u00e0 soutenir COCCI&#039;BLEUE<\/p>\n<p>     <a href=\"http:\/\/guidelaval.fr\/eva\/wp-content\/uploads\/2017\/03\/affiche-trompe-jazz-2.pdf\"><img src='https:\/\/i0.wp.com\/guidelaval.fr\/eva\/wp-content\/plugins\/postie\/icons\/silver\/pdf-32.png?w=1140' alt='pdf icon' data-recalc-dims=\"1\" \/> affiche-trompe-jazz.pdf<\/a><\/p>\n","protected":false},"excerpt":{"rendered":"<p>Contact : MARGOGNE lmargogne@orange.fr date-d\u00e9but : 22\/04\/2017 19h30 date-fin : 22\/04\/2017 23h00 Salle Polyvalente de Laval Place de HERCELAVAL 53000 &Eacute;v&egrave;nement positionn&eacute; le : 23\/03\/2017 15h 39mn&lt;\/br&gt;Par le Club : Rotary Ambroise Corps du message : Grand diner spectacle organis\u00e9 &hellip; <a href=\"https:\/\/guidelaval.fr\/eva\/grand-diner-spectacle-big-band-et-trompes-de-chasse-3\/\">Lire la suite\u00ad\u00ad<\/a><\/p>\n","protected":false},"author":6,"featured_media":0,"parent":0,"menu_order":0,"comment_status":"closed","ping_status":"closed","template":"","meta":{"kt_blocks_editor_width":"","jetpack_post_was_ever_published":false},"jetpack_sharing_enabled":true,"jetpack_shortlink":"https:\/\/wp.me\/P7cFdd-kC","jetpack-related-posts":[{"id":1272,"url":"https:\/\/guidelaval.fr\/eva\/grand-diner-spectacle-big-band-et-trompes-de-chasse\/","url_meta":{"origin":1278,"position":0},"title":"Grand Diner Spectacle Big Band et Trompes de Chasse","date":"24 mars 2017","format":false,"excerpt":"Contact : MARGOGNE lmargogne@orange.fr date-d\u00e9but : 22\/04\/2017 19h30 date-fin : 22\/04\/2017 23h00 Salle Polyvalente de Laval Place de HERCELAVAL 53000 \u00c9v\u00e8nement positionn\u00e9 le : 23\/03\/2017 15h 39mn<\/br>Par le Club : Rotary Ambroise Corps du message : Grand Diner Spectacle Big Band et Trompes de Chasse \u00c9v\u00e8nement Modifi\u00e9 le : 24\/03\/2017\u2026","rel":"","context":"Dans &quot;Non class\u00e9&quot;","img":{"alt_text":"","src":"","width":0,"height":0},"classes":[]},{"id":1275,"url":"https:\/\/guidelaval.fr\/eva\/grand-diner-spectacle-big-band-et-trompes-de-chasse-2\/","url_meta":{"origin":1278,"position":1},"title":"Grand Diner Spectacle Big Band et Trompes de Chasse","date":"24 mars 2017","format":false,"excerpt":"Contact : MARGOGNE lmargogne@orange.fr date-d\u00e9but : 22\/04\/2017 19h30 date-fin : 22\/04\/2017 23h00 Salle Polyvalente de Laval Place de HERCELAVAL 53000 \u00c9v\u00e8nement positionn\u00e9 le : 23\/03\/2017 15h 39mn<\/br>Par le Club : Rotary Ambroise Corps du message : Grand Diner Spectacle Big Band et Trompes de Chasse \u00c9v\u00e8nement Modifi\u00e9 le : 24\/03\/2017\u2026","rel":"","context":"Dans &quot;Non class\u00e9&quot;","img":{"alt_text":"","src":"","width":0,"height":0},"classes":[]},{"id":1197,"url":"https:\/\/guidelaval.fr\/eva\/il-y-a-un-probleme-2\/","url_meta":{"origin":1278,"position":2},"title":"il y a un probl\u00e8me","date":"6 novembre 2016","format":false,"excerpt":"Contact : BENARD elisabeth.benard@wanadoo.fr date-d\u00e9but : 17\/11\/2016 20h00 date-fin : 17\/11\/2016 23h00 Salle Polyvalente place de Herc\u00e953000 LAVAL coucou Corps du message : Bonjour \u00e0 tous et \u00e0 toutes Comme chaque ann\u00e9e, le Rotary Club de Laval organise son d\u00eener concert. Venez nombreux go\u00fbter le nouveau beaujolais dans une ambiance\u2026","rel":"","context":"Dans &quot;Non class\u00e9&quot;","img":{"alt_text":"","src":"","width":0,"height":0},"classes":[]},{"id":1200,"url":"https:\/\/guidelaval.fr\/eva\/soiree-beaujolais\/","url_meta":{"origin":1278,"position":3},"title":"Soir\u00e9e Beaujolais","date":"7 novembre 2016","format":false,"excerpt":"Contact : BENARD elisabeth.benard@wanadoo.fr date-d\u00e9but : 17\/11\/2016 20h00 date-fin : 17\/11\/2016 23h00 salle polyvalente Place de Herc\u00e953000 LAVAL 53000 \u00c9v\u00e8nement positionn\u00e9 le : 07\/11\/2016 20h 21mn<\/br>Par le Club : Rotary Club de Corps du message : Soir\u00e9e Beaujolais Comme chaque ann\u00e9e, le Rotary Club de Laval vous convie \u00e0 son\u2026","rel":"","context":"Dans &quot;Non class\u00e9&quot;","img":{"alt_text":"","src":"","width":0,"height":0},"classes":[]},{"id":1221,"url":"https:\/\/guidelaval.fr\/eva\/nocturne-des-bonnets-roses-53\/","url_meta":{"origin":1278,"position":4},"title":"Nocturne des Bonnets Roses 53","date":"10 janvier 2017","format":false,"excerpt":"Contact : margogne lmargogne@orange.fr date-d\u00e9but : 22\/01\/2017 17h30 date-fin : 22\/01\/2017 19h30 Piscine Saint Nicolas \u00e0 Laval Boulevard JourdanLAVAL 53000 \u00c9v\u00e8nement positionn\u00e9 le : 06\/01\/2017 18h 33mn<\/br>Par le Club : Rotary Ambroise Corps du message : Nocturne des Bonnets Roses 53 Moment de d\u00e9tente \u00e0 la piscine Saint Nicolas de\u2026","rel":"","context":"Dans &quot;Non class\u00e9&quot;","img":{"alt_text":"","src":"http:\/\/i1.wp.com\/guidelaval.fr\/eva\/wp-content\/uploads\/2017\/01\/affiche.jpg?resize=350%2C200","width":350,"height":200},"classes":[]},{"id":1225,"url":"https:\/\/guidelaval.fr\/eva\/nocturne-des-bonnets-roses-53-2\/","url_meta":{"origin":1278,"position":5},"title":"Nocturne des Bonnets Roses 53","date":"10 janvier 2017","format":false,"excerpt":"Contact : margogne lmargogne@orange.fr date-d\u00e9but : 22\/01\/2017 17h30 date-fin : 22\/01\/2017 19h30 Piscine Saint Nicolas \u00e0 Laval Boulevard JourdanLAVAL 53000 \u00c9v\u00e8nement positionn\u00e9 le : 06\/01\/2017 18h 33mn<\/br>Par le Club : Rotary Ambroise Corps du message : Nocturne des Bonnets Roses 53 Moment de d\u00e9tente \u00e0 la piscine Saint Nicolas de\u2026","rel":"","context":"Dans &quot;Non class\u00e9&quot;","img":{"alt_text":"","src":"http:\/\/i2.wp.com\/guidelaval.fr\/eva\/wp-content\/uploads\/2017\/01\/affiche-1.jpg?resize=350%2C200","width":350,"height":200},"classes":[]}],"_links":{"self":[{"href":"https:\/\/guidelaval.fr\/eva\/wp-json\/wp\/v2\/pages\/1278"}],"collection":[{"href":"https:\/\/guidelaval.fr\/eva\/wp-json\/wp\/v2\/pages"}],"about":[{"href":"https:\/\/guidelaval.fr\/eva\/wp-json\/wp\/v2\/types\/page"}],"author":[{"embeddable":true,"href":"https:\/\/guidelaval.fr\/eva\/wp-json\/wp\/v2\/users\/6"}],"replies":[{"embeddable":true,"href":"https:\/\/guidelaval.fr\/eva\/wp-json\/wp\/v2\/comments?post=1278"}],"version-history":[{"count":1,"href":"https:\/\/guidelaval.fr\/eva\/wp-json\/wp\/v2\/pages\/1278\/revisions"}],"predecessor-version":[{"id":1280,"href":"https:\/\/guidelaval.fr\/eva\/wp-json\/wp\/v2\/pages\/1278\/revisions\/1280"}],"wp:attachment":[{"href":"https:\/\/guidelaval.fr\/eva\/wp-json\/wp\/v2\/media?parent=1278"}],"curies":[{"name":"wp","href":"https:\/\/api.w.org\/{rel}","templated":true}]}}