{"id":1283,"date":"2017-04-22T15:49:13","date_gmt":"2017-04-22T13:49:13","guid":{"rendered":"http:\/\/guidelaval.fr\/?p=1283"},"modified":"2017-04-22T16:02:09","modified_gmt":"2017-04-22T14:02:09","slug":"un-choeur-de-coeurs","status":"publish","type":"page","link":"https:\/\/guidelaval.fr\/eva\/un-choeur-de-coeurs\/","title":{"rendered":"UN CHOEUR DE COEURS"},"content":{"rendered":"<p>Contact : gatignol<br \/> <a href=\"mailto:lydiegatignol@gmail.com\">lydiegatignol@gmail.com<\/a><\/br><br \/> date-d\u00e9but : 29\/04\/2017 20h30<br \/> date-fin : 29\/04\/2017 23h30<br \/> Th\u00e9\u00e2tre des Ursulines<br \/> 4 bis, rue Horeau<br \/>chateau gontier 53200<br \/> &Eacute;v&egrave;nement positionn&eacute; le : 28\/03\/2017 12h 37mn&lt;\/br&gt;Par le Club : Rotary Chateau-<br \/> <b>Corps du message :<\/b><br \/> UN CHOEUR DE COEURS<\/p>\n<p>Rencontre de Chorale autour du th\u00e8me Un voyage de c(h)oeurs \u00e0 travers les si\u00e8cles et les mondes, avec en t\u00eate d&#039;affiche LA MAITRISE DES PAYS DE LA LOIRE. Concert organis\u00e9e au profit de M\u00e9c\u00e8nat Chirurgie Cardiaque.<\/p>\n","protected":false},"excerpt":{"rendered":"<p>Contact : gatignol lydiegatignol@gmail.com date-d\u00e9but : 29\/04\/2017 20h30 date-fin : 29\/04\/2017 23h30 Th\u00e9\u00e2tre des Ursulines 4 bis, rue Horeauchateau gontier 53200 &Eacute;v&egrave;nement positionn&eacute; le : 28\/03\/2017 12h 37mn&lt;\/br&gt;Par le Club : Rotary Chateau- Corps du message : UN CHOEUR DE &hellip; <a href=\"https:\/\/guidelaval.fr\/eva\/un-choeur-de-coeurs\/\">Lire la suite\u00ad\u00ad<\/a><\/p>\n","protected":false},"author":6,"featured_media":0,"parent":0,"menu_order":0,"comment_status":"closed","ping_status":"closed","template":"","meta":{"kt_blocks_editor_width":"","jetpack_post_was_ever_published":false},"jetpack_sharing_enabled":true,"jetpack_shortlink":"https:\/\/wp.me\/P7cFdd-kH","jetpack-related-posts":[{"id":1213,"url":"https:\/\/guidelaval.fr\/eva\/dans-ma-rue-2eme-representation\/","url_meta":{"origin":1283,"position":0},"title":"DANS MA RUE (2\u00e8me repr\u00e9sentation)","date":"4 d\u00e9cembre 2016","format":false,"excerpt":"Contact : Houdbine houdbine.felix@orange.fr date-d\u00e9but : 07\/01\/2017 16h date-fin : 07\/01\/2017 23h THEATRE DE LAVAL 34 rue de la paixLAVAL 53000 \u00c9v\u00e8nement positionn\u00e9 le : 30\/11\/2016 18h 58mn<\/br>Par le Club : Lions Club Guy Corps du message : Chers Amies et Amis, Le LIONS CLUB \u00abGUY DE LAVAL\u00bb organise 2\u2026","rel":"","context":"Dans &quot;Non class\u00e9&quot;","img":{"alt_text":"","src":"http:\/\/i1.wp.com\/guidelaval.fr\/eva\/wp-content\/uploads\/2016\/12\/dans-ma-rue-cdc-theCC81aCC82tre-laval-2017-01-07.jpg?resize=350%2C200","width":350,"height":200},"classes":[]},{"id":1194,"url":"https:\/\/guidelaval.fr\/eva\/recital-les-annees-piaf\/","url_meta":{"origin":1283,"position":1},"title":"RECITAL  LES ANNEES PIAF","date":"5 novembre 2016","format":false,"excerpt":"Contact : Houdbine houdbine.felix@orange.fr date-d\u00e9but : 26\/11\/2016 21h00 date-fin : 26\/11\/2016 23h00 SALLE DE L'AVANT-SCENE 33, all\u00e9e du Vieux Saint LouisLAVAL 53000 \u00c9v\u00e8nement positionn\u00e9 le : 11\/05\/2016 10h 47mn<\/br>Par le Club : Lions Club Guy Corps du message : Chers Amies et Amis, Au nom du LIONS CLUB \u00abGUY DE\u2026","rel":"","context":"Dans &quot;Non class\u00e9&quot;","img":{"alt_text":"","src":"http:\/\/i0.wp.com\/guidelaval.fr\/eva\/wp-content\/uploads\/2016\/11\/recital-piaf.jpg?resize=350%2C200","width":350,"height":200},"classes":[]},{"id":1294,"url":"https:\/\/guidelaval.fr\/eva\/recital-de-chansons-les-annees-piaf\/","url_meta":{"origin":1283,"position":2},"title":"R\u00e9cital de chansons :\u00a0\u00bbLes ann\u00e9es PIAF","date":"23 septembre 2017","format":false,"excerpt":"Contact : le grand legrand.jt@orange.fr date-d\u00e9but : 15\/10\/2017 16h00 date-fin : 15\/10\/2017 19h00 Th\u00e9\u00e2tre municipal de Mayenne Place JuhelMayenne 53100 \u00c9v\u00e8nement positionn\u00e9 le : 23\/09\/2017 15h 36mn<\/br>Par le Club : Lions Club Guy Corps du message : R\u00e9cital de chansons :\"Les ann\u00e9es PIAF Ch\u00e8r(e)s Ami(e)s, Les LIONS CLUB associ\u00e9s de\u2026","rel":"","context":"Dans &quot;Non class\u00e9&quot;","img":{"alt_text":"","src":"http:\/\/i0.wp.com\/guidelaval.fr\/eva\/wp-content\/uploads\/2017\/09\/affiche-les-annees-piaf-2017-10-15300.jpg?resize=350%2C200","width":350,"height":200},"classes":[]},{"id":1189,"url":"https:\/\/guidelaval.fr\/eva\/mega-loto\/","url_meta":{"origin":1283,"position":3},"title":"MEGA LOTO","date":"3 octobre 2016","format":false,"excerpt":"Contact : lecigne-brouxel creamannie@sfr.fr date-d\u00e9but : 15\/10\/2016 20h00 date-fin : 15\/10\/2016 23h30 SALLE POLYVALENTE DE L'HUISSERIE Chemin du FougerayL'HUISSERIE 53970 \u00c9v\u00e8nement positionn\u00e9 le : 28\/05\/2016 19h 17mn<\/br>Par le Club : Lions Club Guy Corps du message : Chers Amies et Amis, Le Lions Club \u00abGUY DE LAVAL\u00bb vous convie \u00e0\u2026","rel":"","context":"Dans &quot;Non class\u00e9&quot;","img":{"alt_text":"","src":"","width":0,"height":0},"classes":[]},{"id":1243,"url":"https:\/\/guidelaval.fr\/eva\/recital-de-piano\/","url_meta":{"origin":1283,"position":4},"title":"R\u00e9cital de piano","date":"26 janvier 2017","format":false,"excerpt":"Contact : Callerot laurencecallerot@gmail.com date-d\u00e9but : 11\/03\/2017 20h date-fin : 11\/03\/2017 23h00 Th\u00e9\u00e2tre de Laval 34 rue de la paixlaval 53000 \u00c9v\u00e8nement positionn\u00e9 le : 18\/01\/2017 11h 26mn<\/br>Par le Club : Richelieu B\ufffdatr Corps du message : R\u00e9cital de piano Ne manquez pas ce r\u00e9cital de piano, par Fr\u00e9d\u00e9ric Rivault.\u2026","rel":"","context":"Dans &quot;Non class\u00e9&quot;","img":{"alt_text":"","src":"http:\/\/i1.wp.com\/guidelaval.fr\/eva\/wp-content\/uploads\/2017\/01\/m.-rivault-affiche.jpg?resize=350%2C200","width":350,"height":200},"classes":[]},{"id":1262,"url":"https:\/\/guidelaval.fr\/eva\/recital-de-piano-2\/","url_meta":{"origin":1283,"position":5},"title":"R\u00e9cital de piano","date":"1 mars 2017","format":false,"excerpt":"Contact : Callerot laurencecallerot@gmail.com date-d\u00e9but : 11\/03\/2017 20h date-fin : 11\/03\/2017 23h00 Th\u00e9\u00e2tre de Laval 34 rue de la paixlaval 53000 \u00c9v\u00e8nement positionn\u00e9 le : 18\/01\/2017 11h 26mn<\/br>Par le Club : Richelieu B\ufffdatr Corps du message : R\u00e9cital de piano Ne manquez pas ce r\u00e9cital de piano, par Fr\u00e9d\u00e9ric Rivault.\u2026","rel":"","context":"Dans &quot;Non class\u00e9&quot;","img":{"alt_text":"","src":"http:\/\/i0.wp.com\/guidelaval.fr\/eva\/wp-content\/uploads\/2017\/03\/m.-rivault-affiche.jpg?resize=350%2C200","width":350,"height":200},"classes":[]}],"_links":{"self":[{"href":"https:\/\/guidelaval.fr\/eva\/wp-json\/wp\/v2\/pages\/1283"}],"collection":[{"href":"https:\/\/guidelaval.fr\/eva\/wp-json\/wp\/v2\/pages"}],"about":[{"href":"https:\/\/guidelaval.fr\/eva\/wp-json\/wp\/v2\/types\/page"}],"author":[{"embeddable":true,"href":"https:\/\/guidelaval.fr\/eva\/wp-json\/wp\/v2\/users\/6"}],"replies":[{"embeddable":true,"href":"https:\/\/guidelaval.fr\/eva\/wp-json\/wp\/v2\/comments?post=1283"}],"version-history":[{"count":1,"href":"https:\/\/guidelaval.fr\/eva\/wp-json\/wp\/v2\/pages\/1283\/revisions"}],"predecessor-version":[{"id":1284,"href":"https:\/\/guidelaval.fr\/eva\/wp-json\/wp\/v2\/pages\/1283\/revisions\/1284"}],"wp:attachment":[{"href":"https:\/\/guidelaval.fr\/eva\/wp-json\/wp\/v2\/media?parent=1283"}],"curies":[{"name":"wp","href":"https:\/\/api.w.org\/{rel}","templated":true}]}}