{"id":2,"date":"2015-10-25T11:27:55","date_gmt":"2015-10-25T10:27:55","guid":{"rendered":"http:\/\/guidelaval.fr\/eva\/?page_id=2"},"modified":"2015-11-17T10:22:39","modified_gmt":"2015-11-17T09:22:39","slug":"page-d-exemple","status":"publish","type":"page","link":"https:\/\/guidelaval.fr\/eva\/page-d-exemple\/","title":{"rendered":"Page-calendrier"},"content":{"rendered":"","protected":false},"excerpt":{"rendered":"","protected":false},"author":1,"featured_media":0,"parent":0,"menu_order":0,"comment_status":"closed","ping_status":"open","template":"","meta":{"kt_blocks_editor_width":"","jetpack_post_was_ever_published":false},"jetpack_sharing_enabled":true,"jetpack_shortlink":"https:\/\/wp.me\/P7cFdd-2","jetpack-related-posts":[{"id":508,"url":"https:\/\/guidelaval.fr\/eva\/page-d-exemple\/page-voir-calendrier\/","url_meta":{"origin":2,"position":0},"title":"Page-voir-calendrier","date":"17 novembre 2015","format":false,"excerpt":"[calendar ]","rel":"","context":"Article similaire","img":{"alt_text":"","src":"","width":0,"height":0},"classes":[]},{"id":979,"url":"https:\/\/guidelaval.fr\/eva\/modifier-supprimer-un-evenement\/","url_meta":{"origin":2,"position":1},"title":"Modifier Supprimer un \u00e9v\u00e8nement","date":"20 avril 2016","format":false,"excerpt":"Vous pouvez modifier ou supprimer un \u00e9v\u00e8nement positionn\u00e9 sur le calendrier par un membre de votre association [contact-form-7 id=\"984\" title=\"Modifie-supprime \u00e9v\u00e8nement\"]","rel":"","context":"Article similaire","img":{"alt_text":"","src":"","width":0,"height":0},"classes":[]},{"id":1106,"url":"https:\/\/guidelaval.fr\/eva\/separation-infos\/","url_meta":{"origin":2,"position":2},"title":"s\u00e9paration infos","date":"4 mai 2016","format":false,"excerpt":"Invitation envoy\u00e9e par : lE GRAND legrand.jt@orange.fr date-d\u00e9but:06\/05\/2016 date-fin :06\/05\/2016 Inscrit dans le calendrier : coucou Corps du message : s\u00e9paration infos pour faire plaisir, s\u00e9paration de la date de cr\u00e9ation modification ey de la description de l'\u00e9v\u00e8nement Invitation envoy\u00e9e le mercredi 4 mai 2016 \u00e0 22h40","rel":"","context":"Dans &quot;Non class\u00e9&quot;","img":{"alt_text":"","src":"https:\/\/i0.wp.com\/guidelaval.fr\/eva\/wp-content\/uploads\/2016\/05\/festiguide53.jpg?resize=350%2C200","width":350,"height":200},"classes":[]},{"id":1118,"url":"https:\/\/guidelaval.fr\/eva\/separation-infos-4\/","url_meta":{"origin":2,"position":3},"title":"s\u00e9paration infos","date":"5 mai 2016","format":false,"excerpt":"Invitation envoy\u00e9e par : lE GRAND legrand.jt@orange.fr date-d\u00e9but:06\/05\/2016 date-fin :06\/05\/2016 Lieu :maisonn\u00e9e Adresse :247 Avenue des Fran\u00e7ais Libres\u00a0laval53000 Inscrit dans le calendrier : \u00c9v\u00e8nement positionn\u00e9 le : 04\/05\/2016 22h 21mn<\/br>Par le Club : Lions Club Guy Corps du message : s\u00e9paration infos pour faire plaisir, s\u00e9paration de la date de\u2026","rel":"","context":"Dans &quot;Non class\u00e9&quot;","img":{"alt_text":"","src":"","width":0,"height":0},"classes":[]},{"id":1110,"url":"https:\/\/guidelaval.fr\/eva\/separation-infos-2\/","url_meta":{"origin":2,"position":4},"title":"s\u00e9paration infos","date":"5 mai 2016","format":false,"excerpt":"Invitation envoy\u00e9e par : lE GRAND legrand.jt@orange.fr date-d\u00e9but:06\/05\/2016 date-fin :06\/05\/2016 Inscrit dans le calendrier : coucou Corps du message : s\u00e9paration infos pour faire plaisir, s\u00e9paration de la date de cr\u00e9ation modification et de la description de l'\u00e9v\u00e8nement. Nous sommes jeudi il est 9h35 j'ai remis NO dans Automatically insert\u2026","rel":"","context":"Dans &quot;Non class\u00e9&quot;","img":{"alt_text":"","src":"","width":0,"height":0},"classes":[]},{"id":1114,"url":"https:\/\/guidelaval.fr\/eva\/separation-infos-3\/","url_meta":{"origin":2,"position":5},"title":"s\u00e9paration infos","date":"5 mai 2016","format":false,"excerpt":"Invitation envoy\u00e9e par : lE GRAND legrand.jt@orange.fr date-d\u00e9but:06\/05\/2016 date-fin :06\/05\/2016 Lieu :mai Adresse :247 Avenue des Fran\u00e7ais Libres\u00a0laval53000 Inscrit dans le calendrier : \u00c9v\u00e8nement positionn\u00e9 le : 04\/05\/2016 22h 21mn<\/br>Par le Club : Lions Club Guy Corps du message : s\u00e9paration infos pour faire plaisir, s\u00e9paration de la date de\u2026","rel":"","context":"Dans &quot;Non class\u00e9&quot;","img":{"alt_text":"","src":"","width":0,"height":0},"classes":[]}],"_links":{"self":[{"href":"https:\/\/guidelaval.fr\/eva\/wp-json\/wp\/v2\/pages\/2"}],"collection":[{"href":"https:\/\/guidelaval.fr\/eva\/wp-json\/wp\/v2\/pages"}],"about":[{"href":"https:\/\/guidelaval.fr\/eva\/wp-json\/wp\/v2\/types\/page"}],"author":[{"embeddable":true,"href":"https:\/\/guidelaval.fr\/eva\/wp-json\/wp\/v2\/users\/1"}],"replies":[{"embeddable":true,"href":"https:\/\/guidelaval.fr\/eva\/wp-json\/wp\/v2\/comments?post=2"}],"version-history":[{"count":8,"href":"https:\/\/guidelaval.fr\/eva\/wp-json\/wp\/v2\/pages\/2\/revisions"}],"predecessor-version":[{"id":511,"href":"https:\/\/guidelaval.fr\/eva\/wp-json\/wp\/v2\/pages\/2\/revisions\/511"}],"wp:attachment":[{"href":"https:\/\/guidelaval.fr\/eva\/wp-json\/wp\/v2\/media?parent=2"}],"curies":[{"name":"wp","href":"https:\/\/api.w.org\/{rel}","templated":true}]}}