{"id":979,"date":"2016-04-20T10:29:52","date_gmt":"2016-04-20T08:29:52","guid":{"rendered":"http:\/\/guidelaval.fr\/eva\/?page_id=979"},"modified":"2016-04-23T16:38:26","modified_gmt":"2016-04-23T14:38:26","slug":"modifier-supprimer-un-evenement","status":"publish","type":"page","link":"https:\/\/guidelaval.fr\/eva\/modifier-supprimer-un-evenement\/","title":{"rendered":"Modifier Supprimer un \u00e9v\u00e8nement"},"content":{"rendered":"<p id='jerome-modsup'>Vous pouvez modifier ou supprimer un \u00e9v\u00e8nement positionn\u00e9 sur le calendrier par un membre de votre association<\/p>\n[contact-form-7 id=\u00a0\u00bb984&Prime; title=\u00a0\u00bbModifie-supprime \u00e9v\u00e8nement\u00a0\u00bb]\n","protected":false},"excerpt":{"rendered":"<p>Vous pouvez modifier ou supprimer un \u00e9v\u00e8nement positionn\u00e9 sur le calendrier par un membre de votre association [contact-form-7 id=\u00a0\u00bb984&Prime; title=\u00a0\u00bbModifie-supprime \u00e9v\u00e8nement\u00a0\u00bb]<\/p>\n","protected":false},"author":1,"featured_media":0,"parent":0,"menu_order":0,"comment_status":"closed","ping_status":"closed","template":"","meta":{"kt_blocks_editor_width":"","jetpack_post_was_ever_published":false},"jetpack_sharing_enabled":true,"jetpack_shortlink":"https:\/\/wp.me\/P7cFdd-fN","jetpack-related-posts":[{"id":1014,"url":"https:\/\/guidelaval.fr\/eva\/essai-creation-evenement\/","url_meta":{"origin":979,"position":0},"title":"essai cr\u00e9ation-\u00e9v\u00e8nement","date":"25 avril 2016","format":false,"excerpt":"[contact-form-7 id=\"1013\" title=\"Contact-cr\u00e9ation-evenement\"]","rel":"","context":"Article similaire","img":{"alt_text":"","src":"","width":0,"height":0},"classes":[]},{"id":140,"url":"https:\/\/guidelaval.fr\/eva\/page-contact\/","url_meta":{"origin":979,"position":1},"title":"page-cr\u00e9ation-\u00e9v\u00e8nement","date":"27 octobre 2015","format":false,"excerpt":"Formulaire de d\u00e9claration d'un \u00e9v\u00e8nement organis\u00e9 par un club membre de Festiguide53 [contact-form-7 id=\"1013\" title=\"Contact-cr\u00e9ation-evenement\"]","rel":"","context":"Article similaire","img":{"alt_text":"","src":"","width":0,"height":0},"classes":[]},{"id":1102,"url":"https:\/\/guidelaval.fr\/eva\/soiree-pas-folle-3\/","url_meta":{"origin":979,"position":2},"title":"soir\u00e9e pas folle","date":"4 mai 2016","format":false,"excerpt":"Invitation envoy\u00e9e par : lE GRAND legrand.jt@orange.fr date-d\u00e9but:02\/04\/2016 date-fin :02\/04\/2016 Corps du message : soir\u00e9e pas folle \u00c9v\u00e8nement Modifi\u00e9 le : 23\/04\/2016 18h 44mn par le grand du Club : Lions Club Guy de Laval soir\u00e9e pas folle du tout \u00c9v\u00e8nement positionn\u00e9 le : 23\/04\/2016 18h 42mn Par le Club\u2026","rel":"","context":"Dans &quot;Non class\u00e9&quot;","img":{"alt_text":"","src":"https:\/\/i0.wp.com\/guidelaval.fr\/eva\/wp-content\/uploads\/2016\/05\/festiguide53-ovale-10.jpg?resize=350%2C200","width":350,"height":200},"classes":[]},{"id":1064,"url":"https:\/\/guidelaval.fr\/eva\/soiree-pas-folle-2\/","url_meta":{"origin":979,"position":3},"title":"soir\u00e9e pas folle","date":"2 mai 2016","format":false,"excerpt":"De : lE GRAND Nom de l'\u00e9v\u00e8nement : soir\u00e9e pas folle date-d\u00e9but:02\/04\/2016 date-fin :02\/04\/2016 Corps du message : soir\u00e9e pas folle \u00c9v\u00e8nement Modifi\u00e9 le : 23\/04\/2016 18h 44mn par le grand du Club : Lions Club Guy de Laval soir\u00e9e pas folle du tout \u00c9v\u00e8nement positionn\u00e9 le : 23\/04\/2016 18h\u2026","rel":"","context":"Dans &quot;Non class\u00e9&quot;","img":{"alt_text":"","src":"","width":0,"height":0},"classes":[]},{"id":1074,"url":"https:\/\/guidelaval.fr\/eva\/concert-de-chant-choral-3\/","url_meta":{"origin":979,"position":4},"title":"Concert de chant choral","date":"2 mai 2016","format":false,"excerpt":"Invitation envoy\u00e9e par : lE GRAND legrand.jt@orange.fr date-d\u00e9but:07\/01\/2017 date-fin :07\/01\/2017 Corps du message : Concert de chant choral \u00c9v\u00e8nement Modifi\u00e9 le : 23\/04\/2016 17h 27mn par lE GRAND du Club : Lions Club Guy de Laval Concert de chant choral \u00c9v\u00e8nement positionn\u00e9 le : 23\/04\/2016 17h 25mn Par le Club\u2026","rel":"","context":"Dans &quot;Non class\u00e9&quot;","img":{"alt_text":"","src":"","width":0,"height":0},"classes":[]},{"id":1090,"url":"https:\/\/guidelaval.fr\/eva\/concert-de-chant-choral-6\/","url_meta":{"origin":979,"position":5},"title":"Concert de chant choral","date":"3 mai 2016","format":false,"excerpt":"Invitation envoy\u00e9e par : Houdbine houdbine.felix@orange.fr date-d\u00e9but:07\/01\/2017 date-fin :07\/01\/2017 Corps du message : Concert de chant choral \u00c9v\u00e8nement Modifi\u00e9 le : 23\/04\/2016 17h 27mn par lE GRAND du Club : Lions Club Guy de Laval Concert de chant choral \u00c9v\u00e8nement positionn\u00e9 le : 23\/04\/2016 17h 25mn Par le Club :\u2026","rel":"","context":"Dans &quot;Non class\u00e9&quot;","img":{"alt_text":"","src":"","width":0,"height":0},"classes":[]}],"_links":{"self":[{"href":"https:\/\/guidelaval.fr\/eva\/wp-json\/wp\/v2\/pages\/979"}],"collection":[{"href":"https:\/\/guidelaval.fr\/eva\/wp-json\/wp\/v2\/pages"}],"about":[{"href":"https:\/\/guidelaval.fr\/eva\/wp-json\/wp\/v2\/types\/page"}],"author":[{"embeddable":true,"href":"https:\/\/guidelaval.fr\/eva\/wp-json\/wp\/v2\/users\/1"}],"replies":[{"embeddable":true,"href":"https:\/\/guidelaval.fr\/eva\/wp-json\/wp\/v2\/comments?post=979"}],"version-history":[{"count":9,"href":"https:\/\/guidelaval.fr\/eva\/wp-json\/wp\/v2\/pages\/979\/revisions"}],"predecessor-version":[{"id":1008,"href":"https:\/\/guidelaval.fr\/eva\/wp-json\/wp\/v2\/pages\/979\/revisions\/1008"}],"wp:attachment":[{"href":"https:\/\/guidelaval.fr\/eva\/wp-json\/wp\/v2\/media?parent=979"}],"curies":[{"name":"wp","href":"https:\/\/api.w.org\/{rel}","templated":true}]}}